{"id":914,"date":"2018-09-29T00:18:24","date_gmt":"2018-09-28T22:18:24","guid":{"rendered":"http:\/\/test.homeinnovations.ch\/wp\/?post_type=product&#038;p=914"},"modified":"2018-10-17T11:02:32","modified_gmt":"2018-10-17T09:02:32","slug":"alibaba","status":"publish","type":"product","link":"https:\/\/www.homeinnovations.ch\/wp\/?product=alibaba","title":{"rendered":"Alibaba"},"content":{"rendered":"","protected":false},"excerpt":{"rendered":"<h3><strong>ALIBABA<br \/>\n<\/strong><\/h3>\n<p>Alibaba ist eine freistehende Badewanne von besonders originellem Design. Sie erinnert an die klassische Dormeuse und ist zudem mit weichen, wasserabweisenden Nackenrollen ausgestattet. Werden die Rollen abgenommen, so entstehen neue Ablagefl\u00e4chen. Die Innenkanten dieser Wanne aus Corian\u00ae sind gerundet, die Armaturen werden am Boden fixiert. Alibaba steht f\u00fcr Gem\u00fctlichkeit und Extravaganz.<\/p>\n<p><a href=\"http:\/\/test.homeinnovations.ch\/wp\/?attachment_id=915\" rel=\"attachment wp-att-915\">Technisches Datenblatt ALIBABA<\/a><\/p>\n<p>Ma\u00dfanfertigung<\/p>\n<p>Preis auf Anfrage<\/p>\n","protected":false},"featured_media":916,"comment_status":"closed","ping_status":"closed","template":"","meta":[],"product_cat":[28],"product_tag":[],"yoast_head":"<!-- This site is optimized with the Yoast SEO Premium plugin v22.1 (Yoast SEO v22.5) - https:\/\/yoast.com\/wordpress\/plugins\/seo\/ -->\n<title>Alibaba - Homeinnovations<\/title>\n<meta name=\"robots\" content=\"index, follow, max-snippet:-1, max-image-preview:large, max-video-preview:-1\" \/>\n<link rel=\"canonical\" href=\"https:\/\/www.homeinnovations.ch\/wp\/?product=alibaba\" \/>\n<meta property=\"og:locale\" content=\"de_DE\" \/>\n<meta property=\"og:type\" content=\"article\" \/>\n<meta property=\"og:title\" content=\"Alibaba\" \/>\n<meta property=\"og:description\" content=\"ALIBABA  Alibaba ist eine freistehende Badewanne von besonders originellem Design. Sie erinnert an die klassische Dormeuse und ist zudem mit weichen, wasserabweisenden Nackenrollen ausgestattet. Werden die Rollen abgenommen, so entstehen neue Ablagefl\u00e4chen. Die Innenkanten dieser Wanne aus Corian\u00ae sind gerundet, die Armaturen werden am Boden fixiert. Alibaba steht f\u00fcr Gem\u00fctlichkeit und Extravaganz.  Technisches Datenblatt ALIBABA  Ma\u00dfanfertigung  Preis auf Anfrage\" \/>\n<meta property=\"og:url\" content=\"https:\/\/www.homeinnovations.ch\/wp\/?product=alibaba\" \/>\n<meta property=\"og:site_name\" content=\"Homeinnovations\" \/>\n<meta property=\"article:modified_time\" content=\"2018-10-17T09:02:32+00:00\" \/>\n<meta property=\"og:image\" content=\"https:\/\/www.homeinnovations.ch\/wp\/wp-content\/uploads\/alibaba-01.jpg\" \/>\n\t<meta property=\"og:image:width\" content=\"824\" \/>\n\t<meta property=\"og:image:height\" content=\"416\" \/>\n\t<meta property=\"og:image:type\" content=\"image\/jpeg\" \/>\n<meta name=\"twitter:card\" content=\"summary_large_image\" \/>\n<meta name=\"twitter:label1\" content=\"Price\" \/>\n\t<meta name=\"twitter:data1\" content=\"\" \/>\n\t<meta name=\"twitter:label2\" content=\"Availability\" \/>\n\t<meta name=\"twitter:data2\" content=\"In stock\" \/>\n<script type=\"application\/ld+json\" class=\"yoast-schema-graph\">{\"@context\":\"https:\/\/schema.org\",\"@graph\":[{\"@type\":\"WebPage\",\"@id\":\"https:\/\/www.homeinnovations.ch\/wp\/?product=alibaba\",\"url\":\"https:\/\/www.homeinnovations.ch\/wp\/?product=alibaba\",\"name\":\"Alibaba - Homeinnovations\",\"isPartOf\":{\"@id\":\"https:\/\/www.homeinnovations.ch\/wp\/#website\"},\"primaryImageOfPage\":{\"@id\":\"https:\/\/www.homeinnovations.ch\/wp\/?product=alibaba#primaryimage\"},\"image\":{\"@id\":\"https:\/\/www.homeinnovations.ch\/wp\/?product=alibaba#primaryimage\"},\"thumbnailUrl\":\"https:\/\/www.homeinnovations.ch\/wp\/wp-content\/uploads\/alibaba-01.jpg\",\"datePublished\":\"2018-09-28T22:18:24+00:00\",\"dateModified\":\"2018-10-17T09:02:32+00:00\",\"breadcrumb\":{\"@id\":\"https:\/\/www.homeinnovations.ch\/wp\/?product=alibaba#breadcrumb\"},\"inLanguage\":\"de-CH\",\"potentialAction\":[{\"@type\":\"ReadAction\",\"target\":[\"https:\/\/www.homeinnovations.ch\/wp\/?product=alibaba\"]}]},{\"@type\":\"ImageObject\",\"inLanguage\":\"de-CH\",\"@id\":\"https:\/\/www.homeinnovations.ch\/wp\/?product=alibaba#primaryimage\",\"url\":\"https:\/\/www.homeinnovations.ch\/wp\/wp-content\/uploads\/alibaba-01.jpg\",\"contentUrl\":\"https:\/\/www.homeinnovations.ch\/wp\/wp-content\/uploads\/alibaba-01.jpg\",\"width\":824,\"height\":416},{\"@type\":\"BreadcrumbList\",\"@id\":\"https:\/\/www.homeinnovations.ch\/wp\/?product=alibaba#breadcrumb\",\"itemListElement\":[{\"@type\":\"ListItem\",\"position\":1,\"name\":\"Home\",\"item\":\"https:\/\/www.homeinnovations.ch\/wp\/\"},{\"@type\":\"ListItem\",\"position\":2,\"name\":\"Shop\",\"item\":\"https:\/\/www.homeinnovations.ch\/wp\/?page_id=4\"},{\"@type\":\"ListItem\",\"position\":3,\"name\":\"Alibaba\"}]},{\"@type\":\"WebSite\",\"@id\":\"https:\/\/www.homeinnovations.ch\/wp\/#website\",\"url\":\"https:\/\/www.homeinnovations.ch\/wp\/\",\"name\":\"Homeinnovations.ch\",\"description\":\"innovative technik f\u00fcr ihr zuhause\",\"publisher\":{\"@id\":\"https:\/\/www.homeinnovations.ch\/wp\/#organization\"},\"potentialAction\":[{\"@type\":\"SearchAction\",\"target\":{\"@type\":\"EntryPoint\",\"urlTemplate\":\"https:\/\/www.homeinnovations.ch\/wp\/?s={search_term_string}\"},\"query-input\":\"required name=search_term_string\"}],\"inLanguage\":\"de-CH\"},{\"@type\":\"Organization\",\"@id\":\"https:\/\/www.homeinnovations.ch\/wp\/#organization\",\"name\":\"Homeinnovations GmbH\",\"url\":\"https:\/\/www.homeinnovations.ch\/wp\/\",\"logo\":{\"@type\":\"ImageObject\",\"inLanguage\":\"de-CH\",\"@id\":\"https:\/\/www.homeinnovations.ch\/wp\/#\/schema\/logo\/image\/\",\"url\":\"https:\/\/www.homeinnovations.ch\/wp\/wp-content\/uploads\/home-innovations-4f.png\",\"contentUrl\":\"https:\/\/www.homeinnovations.ch\/wp\/wp-content\/uploads\/home-innovations-4f.png\",\"width\":567,\"height\":227,\"caption\":\"Homeinnovations GmbH\"},\"image\":{\"@id\":\"https:\/\/www.homeinnovations.ch\/wp\/#\/schema\/logo\/image\/\"}}]}<\/script>\n<meta property=\"product:brand\" content=\"Corian Aufsatzbecken\" \/>\n<meta property=\"product:price:amount\" content=\"0.00\" \/>\n<meta property=\"product:price:currency\" content=\"CHF\" \/>\n<meta property=\"og:availability\" content=\"instock\" \/>\n<meta property=\"product:availability\" content=\"instock\" \/>\n<meta property=\"product:condition\" content=\"new\" \/>\n<!-- \/ Yoast SEO Premium plugin. -->","yoast_head_json":{"title":"Alibaba - Homeinnovations","robots":{"index":"index","follow":"follow","max-snippet":"max-snippet:-1","max-image-preview":"max-image-preview:large","max-video-preview":"max-video-preview:-1"},"canonical":"https:\/\/www.homeinnovations.ch\/wp\/?product=alibaba","og_locale":"de_DE","og_type":"article","og_title":"Alibaba","og_description":"ALIBABA  Alibaba ist eine freistehende Badewanne von besonders originellem Design. Sie erinnert an die klassische Dormeuse und ist zudem mit weichen, wasserabweisenden Nackenrollen ausgestattet. Werden die Rollen abgenommen, so entstehen neue Ablagefl\u00e4chen. Die Innenkanten dieser Wanne aus Corian\u00ae sind gerundet, die Armaturen werden am Boden fixiert. Alibaba steht f\u00fcr Gem\u00fctlichkeit und Extravaganz.  Technisches Datenblatt ALIBABA  Ma\u00dfanfertigung  Preis auf Anfrage","og_url":"https:\/\/www.homeinnovations.ch\/wp\/?product=alibaba","og_site_name":"Homeinnovations","article_modified_time":"2018-10-17T09:02:32+00:00","og_image":[{"width":824,"height":416,"url":"https:\/\/www.homeinnovations.ch\/wp\/wp-content\/uploads\/alibaba-01.jpg","type":"image\/jpeg"}],"twitter_card":"summary_large_image","twitter_misc":{"Price":"","Availability":"In stock"},"schema":{"@context":"https:\/\/schema.org","@graph":[{"@type":"WebPage","@id":"https:\/\/www.homeinnovations.ch\/wp\/?product=alibaba","url":"https:\/\/www.homeinnovations.ch\/wp\/?product=alibaba","name":"Alibaba - Homeinnovations","isPartOf":{"@id":"https:\/\/www.homeinnovations.ch\/wp\/#website"},"primaryImageOfPage":{"@id":"https:\/\/www.homeinnovations.ch\/wp\/?product=alibaba#primaryimage"},"image":{"@id":"https:\/\/www.homeinnovations.ch\/wp\/?product=alibaba#primaryimage"},"thumbnailUrl":"https:\/\/www.homeinnovations.ch\/wp\/wp-content\/uploads\/alibaba-01.jpg","datePublished":"2018-09-28T22:18:24+00:00","dateModified":"2018-10-17T09:02:32+00:00","breadcrumb":{"@id":"https:\/\/www.homeinnovations.ch\/wp\/?product=alibaba#breadcrumb"},"inLanguage":"de-CH","potentialAction":[{"@type":"ReadAction","target":["https:\/\/www.homeinnovations.ch\/wp\/?product=alibaba"]}]},{"@type":"ImageObject","inLanguage":"de-CH","@id":"https:\/\/www.homeinnovations.ch\/wp\/?product=alibaba#primaryimage","url":"https:\/\/www.homeinnovations.ch\/wp\/wp-content\/uploads\/alibaba-01.jpg","contentUrl":"https:\/\/www.homeinnovations.ch\/wp\/wp-content\/uploads\/alibaba-01.jpg","width":824,"height":416},{"@type":"BreadcrumbList","@id":"https:\/\/www.homeinnovations.ch\/wp\/?product=alibaba#breadcrumb","itemListElement":[{"@type":"ListItem","position":1,"name":"Home","item":"https:\/\/www.homeinnovations.ch\/wp\/"},{"@type":"ListItem","position":2,"name":"Shop","item":"https:\/\/www.homeinnovations.ch\/wp\/?page_id=4"},{"@type":"ListItem","position":3,"name":"Alibaba"}]},{"@type":"WebSite","@id":"https:\/\/www.homeinnovations.ch\/wp\/#website","url":"https:\/\/www.homeinnovations.ch\/wp\/","name":"Homeinnovations.ch","description":"innovative technik f\u00fcr ihr zuhause","publisher":{"@id":"https:\/\/www.homeinnovations.ch\/wp\/#organization"},"potentialAction":[{"@type":"SearchAction","target":{"@type":"EntryPoint","urlTemplate":"https:\/\/www.homeinnovations.ch\/wp\/?s={search_term_string}"},"query-input":"required name=search_term_string"}],"inLanguage":"de-CH"},{"@type":"Organization","@id":"https:\/\/www.homeinnovations.ch\/wp\/#organization","name":"Homeinnovations GmbH","url":"https:\/\/www.homeinnovations.ch\/wp\/","logo":{"@type":"ImageObject","inLanguage":"de-CH","@id":"https:\/\/www.homeinnovations.ch\/wp\/#\/schema\/logo\/image\/","url":"https:\/\/www.homeinnovations.ch\/wp\/wp-content\/uploads\/home-innovations-4f.png","contentUrl":"https:\/\/www.homeinnovations.ch\/wp\/wp-content\/uploads\/home-innovations-4f.png","width":567,"height":227,"caption":"Homeinnovations GmbH"},"image":{"@id":"https:\/\/www.homeinnovations.ch\/wp\/#\/schema\/logo\/image\/"}}]},"product_brand":"Corian Aufsatzbecken","product_price_amount":"0.00","product_price_currency":"CHF","og_availability":"instock","product_availability":"instock","product_condition":"new"},"_links":{"self":[{"href":"https:\/\/www.homeinnovations.ch\/wp\/index.php?rest_route=\/wp\/v2\/product\/914"}],"collection":[{"href":"https:\/\/www.homeinnovations.ch\/wp\/index.php?rest_route=\/wp\/v2\/product"}],"about":[{"href":"https:\/\/www.homeinnovations.ch\/wp\/index.php?rest_route=\/wp\/v2\/types\/product"}],"replies":[{"embeddable":true,"href":"https:\/\/www.homeinnovations.ch\/wp\/index.php?rest_route=%2Fwp%2Fv2%2Fcomments&post=914"}],"wp:featuredmedia":[{"embeddable":true,"href":"https:\/\/www.homeinnovations.ch\/wp\/index.php?rest_route=\/wp\/v2\/media\/916"}],"wp:attachment":[{"href":"https:\/\/www.homeinnovations.ch\/wp\/index.php?rest_route=%2Fwp%2Fv2%2Fmedia&parent=914"}],"wp:term":[{"taxonomy":"product_cat","embeddable":true,"href":"https:\/\/www.homeinnovations.ch\/wp\/index.php?rest_route=%2Fwp%2Fv2%2Fproduct_cat&post=914"},{"taxonomy":"product_tag","embeddable":true,"href":"https:\/\/www.homeinnovations.ch\/wp\/index.php?rest_route=%2Fwp%2Fv2%2Fproduct_tag&post=914"}],"curies":[{"name":"wp","href":"https:\/\/api.w.org\/{rel}","templated":true}]}}