{"id":880,"date":"2018-09-28T23:09:49","date_gmt":"2018-09-28T21:09:49","guid":{"rendered":"http:\/\/test.homeinnovations.ch\/wp\/?post_type=product&#038;p=880"},"modified":"2023-09-16T11:26:46","modified_gmt":"2023-09-16T09:26:46","slug":"infinity-20-21","status":"publish","type":"product","link":"https:\/\/www.homeinnovations.ch\/wp\/?product=infinity-20-21","title":{"rendered":"Infinity 20-21"},"content":{"rendered":"","protected":false},"excerpt":{"rendered":"<h3><strong>INFINITY 20-21<br \/>\n<\/strong><\/h3>\n<p>Infinity 20 und Infinity 21 sind Wandm\u00f6bel f\u00fcr das Badezimmer, g\u00e4nzlich aus Corian\u00ae Glacier White oder mit T\u00fcren in diversen Holzfarben f\u00fcr einen Kontrasteffekt, erh\u00e4ltlich. Diese modernen Wandschr\u00e4nke in linearem und kompaktem Design erm\u00f6glichen eine optimale Raumnutzung. Die beiden Modellen unterscheiden sich nur in ihren Ma\u00dfen: Infinity 20 im kompakteren Format, Infinity 21 ist gr\u00f6\u00dfer. Alternierend und versetzt montiert ergibt sich somit eine beeindruckend lebhafte Komposition.<\/p>\n<p><a href=\"http:\/\/test.homeinnovations.ch\/wp\/?attachment_id=881\" rel=\"attachment wp-att-881\">Technisches Datenblatt INFINITI 20-21<\/a><\/p>\n<p>Ma\u00dfanfertigung<\/p>\n<p>Preis und Lieferzeit auf Anfrage<\/p>\n","protected":false},"featured_media":882,"comment_status":"closed","ping_status":"closed","template":"","meta":[],"product_cat":[32],"product_tag":[],"yoast_head":"<!-- This site is optimized with the Yoast SEO Premium plugin v22.1 (Yoast SEO v22.5) - https:\/\/yoast.com\/wordpress\/plugins\/seo\/ -->\n<title>Infinity 20-21 - Homeinnovations<\/title>\n<meta name=\"robots\" content=\"index, follow, max-snippet:-1, max-image-preview:large, max-video-preview:-1\" \/>\n<link rel=\"canonical\" href=\"https:\/\/www.homeinnovations.ch\/wp\/?product=infinity-20-21\" \/>\n<meta property=\"og:locale\" content=\"de_DE\" \/>\n<meta property=\"og:type\" content=\"article\" \/>\n<meta property=\"og:title\" content=\"Infinity 20-21\" \/>\n<meta property=\"og:description\" content=\"INFINITY 20-21  Infinity 20 und Infinity 21 sind Wandm\u00f6bel f\u00fcr das Badezimmer, g\u00e4nzlich aus Corian\u00ae Glacier White oder mit T\u00fcren in diversen Holzfarben f\u00fcr einen Kontrasteffekt, erh\u00e4ltlich. Diese modernen Wandschr\u00e4nke in linearem und kompaktem Design erm\u00f6glichen eine optimale Raumnutzung. Die beiden Modellen unterscheiden sich nur in ihren Ma\u00dfen: Infinity 20 im kompakteren Format, Infinity 21 ist gr\u00f6\u00dfer. Alternierend und versetzt montiert ergibt sich somit eine beeindruckend lebhafte Komposition.  Technisches Datenblatt INFINITI 20-21  Ma\u00dfanfertigung  Preis und Lieferzeit auf Anfrage\" \/>\n<meta property=\"og:url\" content=\"https:\/\/www.homeinnovations.ch\/wp\/?product=infinity-20-21\" \/>\n<meta property=\"og:site_name\" content=\"Homeinnovations\" \/>\n<meta property=\"article:modified_time\" content=\"2023-09-16T09:26:46+00:00\" \/>\n<meta property=\"og:image\" content=\"https:\/\/www.homeinnovations.ch\/wp\/wp-content\/uploads\/infinity-20-21.jpg\" \/>\n\t<meta property=\"og:image:width\" content=\"824\" \/>\n\t<meta property=\"og:image:height\" content=\"416\" \/>\n\t<meta property=\"og:image:type\" content=\"image\/jpeg\" \/>\n<meta name=\"twitter:card\" content=\"summary_large_image\" \/>\n<meta name=\"twitter:label1\" content=\"Price\" \/>\n\t<meta name=\"twitter:data1\" content=\"\" \/>\n\t<meta name=\"twitter:label2\" content=\"Availability\" \/>\n\t<meta name=\"twitter:data2\" content=\"In stock\" \/>\n<script type=\"application\/ld+json\" class=\"yoast-schema-graph\">{\"@context\":\"https:\/\/schema.org\",\"@graph\":[{\"@type\":\"WebPage\",\"@id\":\"https:\/\/www.homeinnovations.ch\/wp\/?product=infinity-20-21\",\"url\":\"https:\/\/www.homeinnovations.ch\/wp\/?product=infinity-20-21\",\"name\":\"Infinity 20-21 - Homeinnovations\",\"isPartOf\":{\"@id\":\"https:\/\/www.homeinnovations.ch\/wp\/#website\"},\"primaryImageOfPage\":{\"@id\":\"https:\/\/www.homeinnovations.ch\/wp\/?product=infinity-20-21#primaryimage\"},\"image\":{\"@id\":\"https:\/\/www.homeinnovations.ch\/wp\/?product=infinity-20-21#primaryimage\"},\"thumbnailUrl\":\"https:\/\/www.homeinnovations.ch\/wp\/wp-content\/uploads\/infinity-20-21.jpg\",\"datePublished\":\"2018-09-28T21:09:49+00:00\",\"dateModified\":\"2023-09-16T09:26:46+00:00\",\"breadcrumb\":{\"@id\":\"https:\/\/www.homeinnovations.ch\/wp\/?product=infinity-20-21#breadcrumb\"},\"inLanguage\":\"de-CH\",\"potentialAction\":[{\"@type\":\"ReadAction\",\"target\":[\"https:\/\/www.homeinnovations.ch\/wp\/?product=infinity-20-21\"]}]},{\"@type\":\"ImageObject\",\"inLanguage\":\"de-CH\",\"@id\":\"https:\/\/www.homeinnovations.ch\/wp\/?product=infinity-20-21#primaryimage\",\"url\":\"https:\/\/www.homeinnovations.ch\/wp\/wp-content\/uploads\/infinity-20-21.jpg\",\"contentUrl\":\"https:\/\/www.homeinnovations.ch\/wp\/wp-content\/uploads\/infinity-20-21.jpg\",\"width\":824,\"height\":416},{\"@type\":\"BreadcrumbList\",\"@id\":\"https:\/\/www.homeinnovations.ch\/wp\/?product=infinity-20-21#breadcrumb\",\"itemListElement\":[{\"@type\":\"ListItem\",\"position\":1,\"name\":\"Home\",\"item\":\"https:\/\/www.homeinnovations.ch\/wp\/\"},{\"@type\":\"ListItem\",\"position\":2,\"name\":\"Shop\",\"item\":\"https:\/\/www.homeinnovations.ch\/wp\/?page_id=4\"},{\"@type\":\"ListItem\",\"position\":3,\"name\":\"Infinity 20-21\"}]},{\"@type\":\"WebSite\",\"@id\":\"https:\/\/www.homeinnovations.ch\/wp\/#website\",\"url\":\"https:\/\/www.homeinnovations.ch\/wp\/\",\"name\":\"Homeinnovations.ch\",\"description\":\"innovative technik f\u00fcr ihr zuhause\",\"publisher\":{\"@id\":\"https:\/\/www.homeinnovations.ch\/wp\/#organization\"},\"potentialAction\":[{\"@type\":\"SearchAction\",\"target\":{\"@type\":\"EntryPoint\",\"urlTemplate\":\"https:\/\/www.homeinnovations.ch\/wp\/?s={search_term_string}\"},\"query-input\":\"required name=search_term_string\"}],\"inLanguage\":\"de-CH\"},{\"@type\":\"Organization\",\"@id\":\"https:\/\/www.homeinnovations.ch\/wp\/#organization\",\"name\":\"Homeinnovations GmbH\",\"url\":\"https:\/\/www.homeinnovations.ch\/wp\/\",\"logo\":{\"@type\":\"ImageObject\",\"inLanguage\":\"de-CH\",\"@id\":\"https:\/\/www.homeinnovations.ch\/wp\/#\/schema\/logo\/image\/\",\"url\":\"https:\/\/www.homeinnovations.ch\/wp\/wp-content\/uploads\/home-innovations-4f.png\",\"contentUrl\":\"https:\/\/www.homeinnovations.ch\/wp\/wp-content\/uploads\/home-innovations-4f.png\",\"width\":567,\"height\":227,\"caption\":\"Homeinnovations GmbH\"},\"image\":{\"@id\":\"https:\/\/www.homeinnovations.ch\/wp\/#\/schema\/logo\/image\/\"}}]}<\/script>\n<meta property=\"product:brand\" content=\"Corian M\u00f6bel\" \/>\n<meta property=\"product:price:amount\" content=\"0.00\" \/>\n<meta property=\"product:price:currency\" content=\"CHF\" \/>\n<meta property=\"og:availability\" content=\"instock\" \/>\n<meta property=\"product:availability\" content=\"instock\" \/>\n<meta property=\"product:condition\" content=\"new\" \/>\n<!-- \/ Yoast SEO Premium plugin. -->","yoast_head_json":{"title":"Infinity 20-21 - Homeinnovations","robots":{"index":"index","follow":"follow","max-snippet":"max-snippet:-1","max-image-preview":"max-image-preview:large","max-video-preview":"max-video-preview:-1"},"canonical":"https:\/\/www.homeinnovations.ch\/wp\/?product=infinity-20-21","og_locale":"de_DE","og_type":"article","og_title":"Infinity 20-21","og_description":"INFINITY 20-21  Infinity 20 und Infinity 21 sind Wandm\u00f6bel f\u00fcr das Badezimmer, g\u00e4nzlich aus Corian\u00ae Glacier White oder mit T\u00fcren in diversen Holzfarben f\u00fcr einen Kontrasteffekt, erh\u00e4ltlich. Diese modernen Wandschr\u00e4nke in linearem und kompaktem Design erm\u00f6glichen eine optimale Raumnutzung. Die beiden Modellen unterscheiden sich nur in ihren Ma\u00dfen: Infinity 20 im kompakteren Format, Infinity 21 ist gr\u00f6\u00dfer. Alternierend und versetzt montiert ergibt sich somit eine beeindruckend lebhafte Komposition.  Technisches Datenblatt INFINITI 20-21  Ma\u00dfanfertigung  Preis und Lieferzeit auf Anfrage","og_url":"https:\/\/www.homeinnovations.ch\/wp\/?product=infinity-20-21","og_site_name":"Homeinnovations","article_modified_time":"2023-09-16T09:26:46+00:00","og_image":[{"width":824,"height":416,"url":"https:\/\/www.homeinnovations.ch\/wp\/wp-content\/uploads\/infinity-20-21.jpg","type":"image\/jpeg"}],"twitter_card":"summary_large_image","twitter_misc":{"Price":"","Availability":"In stock"},"schema":{"@context":"https:\/\/schema.org","@graph":[{"@type":"WebPage","@id":"https:\/\/www.homeinnovations.ch\/wp\/?product=infinity-20-21","url":"https:\/\/www.homeinnovations.ch\/wp\/?product=infinity-20-21","name":"Infinity 20-21 - Homeinnovations","isPartOf":{"@id":"https:\/\/www.homeinnovations.ch\/wp\/#website"},"primaryImageOfPage":{"@id":"https:\/\/www.homeinnovations.ch\/wp\/?product=infinity-20-21#primaryimage"},"image":{"@id":"https:\/\/www.homeinnovations.ch\/wp\/?product=infinity-20-21#primaryimage"},"thumbnailUrl":"https:\/\/www.homeinnovations.ch\/wp\/wp-content\/uploads\/infinity-20-21.jpg","datePublished":"2018-09-28T21:09:49+00:00","dateModified":"2023-09-16T09:26:46+00:00","breadcrumb":{"@id":"https:\/\/www.homeinnovations.ch\/wp\/?product=infinity-20-21#breadcrumb"},"inLanguage":"de-CH","potentialAction":[{"@type":"ReadAction","target":["https:\/\/www.homeinnovations.ch\/wp\/?product=infinity-20-21"]}]},{"@type":"ImageObject","inLanguage":"de-CH","@id":"https:\/\/www.homeinnovations.ch\/wp\/?product=infinity-20-21#primaryimage","url":"https:\/\/www.homeinnovations.ch\/wp\/wp-content\/uploads\/infinity-20-21.jpg","contentUrl":"https:\/\/www.homeinnovations.ch\/wp\/wp-content\/uploads\/infinity-20-21.jpg","width":824,"height":416},{"@type":"BreadcrumbList","@id":"https:\/\/www.homeinnovations.ch\/wp\/?product=infinity-20-21#breadcrumb","itemListElement":[{"@type":"ListItem","position":1,"name":"Home","item":"https:\/\/www.homeinnovations.ch\/wp\/"},{"@type":"ListItem","position":2,"name":"Shop","item":"https:\/\/www.homeinnovations.ch\/wp\/?page_id=4"},{"@type":"ListItem","position":3,"name":"Infinity 20-21"}]},{"@type":"WebSite","@id":"https:\/\/www.homeinnovations.ch\/wp\/#website","url":"https:\/\/www.homeinnovations.ch\/wp\/","name":"Homeinnovations.ch","description":"innovative technik f\u00fcr ihr zuhause","publisher":{"@id":"https:\/\/www.homeinnovations.ch\/wp\/#organization"},"potentialAction":[{"@type":"SearchAction","target":{"@type":"EntryPoint","urlTemplate":"https:\/\/www.homeinnovations.ch\/wp\/?s={search_term_string}"},"query-input":"required name=search_term_string"}],"inLanguage":"de-CH"},{"@type":"Organization","@id":"https:\/\/www.homeinnovations.ch\/wp\/#organization","name":"Homeinnovations GmbH","url":"https:\/\/www.homeinnovations.ch\/wp\/","logo":{"@type":"ImageObject","inLanguage":"de-CH","@id":"https:\/\/www.homeinnovations.ch\/wp\/#\/schema\/logo\/image\/","url":"https:\/\/www.homeinnovations.ch\/wp\/wp-content\/uploads\/home-innovations-4f.png","contentUrl":"https:\/\/www.homeinnovations.ch\/wp\/wp-content\/uploads\/home-innovations-4f.png","width":567,"height":227,"caption":"Homeinnovations GmbH"},"image":{"@id":"https:\/\/www.homeinnovations.ch\/wp\/#\/schema\/logo\/image\/"}}]},"product_brand":"Corian M\u00f6bel","product_price_amount":"0.00","product_price_currency":"CHF","og_availability":"instock","product_availability":"instock","product_condition":"new"},"_links":{"self":[{"href":"https:\/\/www.homeinnovations.ch\/wp\/index.php?rest_route=\/wp\/v2\/product\/880"}],"collection":[{"href":"https:\/\/www.homeinnovations.ch\/wp\/index.php?rest_route=\/wp\/v2\/product"}],"about":[{"href":"https:\/\/www.homeinnovations.ch\/wp\/index.php?rest_route=\/wp\/v2\/types\/product"}],"replies":[{"embeddable":true,"href":"https:\/\/www.homeinnovations.ch\/wp\/index.php?rest_route=%2Fwp%2Fv2%2Fcomments&post=880"}],"wp:featuredmedia":[{"embeddable":true,"href":"https:\/\/www.homeinnovations.ch\/wp\/index.php?rest_route=\/wp\/v2\/media\/882"}],"wp:attachment":[{"href":"https:\/\/www.homeinnovations.ch\/wp\/index.php?rest_route=%2Fwp%2Fv2%2Fmedia&parent=880"}],"wp:term":[{"taxonomy":"product_cat","embeddable":true,"href":"https:\/\/www.homeinnovations.ch\/wp\/index.php?rest_route=%2Fwp%2Fv2%2Fproduct_cat&post=880"},{"taxonomy":"product_tag","embeddable":true,"href":"https:\/\/www.homeinnovations.ch\/wp\/index.php?rest_route=%2Fwp%2Fv2%2Fproduct_tag&post=880"}],"curies":[{"name":"wp","href":"https:\/\/api.w.org\/{rel}","templated":true}]}}