{"id":841,"date":"2018-09-28T22:05:01","date_gmt":"2018-09-28T20:05:01","guid":{"rendered":"http:\/\/test.homeinnovations.ch\/wp\/?post_type=product&#038;p=841"},"modified":"2018-10-17T11:13:35","modified_gmt":"2018-10-17T09:13:35","slug":"linea","status":"publish","type":"product","link":"https:\/\/www.homeinnovations.ch\/wp\/?product=linea","title":{"rendered":"Linea"},"content":{"rendered":"","protected":false},"excerpt":{"rendered":"<h3><strong>LINEA<br \/>\n<\/strong><\/h3>\n<p>Duschwanne mit thermogeformtem Becken aus rutschfestem Corian\u00ae mit Ablaufabdeckung, die zur gr\u00fcndlichen Reinigung abgenommen werden kann. Linea kann fl\u00e4chenb\u00fcndig eingebaut werden und wird auf Anfrage mit Einfr\u00e4sungen f\u00fcr die Glasw\u00e4nde geliefert. Linea kann komplett individuell angepasst werden: Breite und Tiefe der Wanne sowie die Position der Trittfl\u00e4che sind frei w\u00e4hlbar.<\/p>\n<p><a href=\"http:\/\/test.homeinnovations.ch\/wp\/?attachment_id=842\" rel=\"attachment wp-att-842\">Technisches Datenblatt LINEA<\/a><\/p>\n<p>Ma\u00dfanfertigung<\/p>\n<p>Preis auf Anfrage<\/p>\n","protected":false},"featured_media":843,"comment_status":"closed","ping_status":"closed","template":"","meta":[],"product_cat":[28],"product_tag":[],"yoast_head":"<!-- This site is optimized with the Yoast SEO Premium plugin v22.1 (Yoast SEO v22.5) - https:\/\/yoast.com\/wordpress\/plugins\/seo\/ -->\n<title>Linea - Homeinnovations<\/title>\n<meta name=\"robots\" content=\"index, follow, max-snippet:-1, max-image-preview:large, max-video-preview:-1\" \/>\n<link rel=\"canonical\" href=\"https:\/\/www.homeinnovations.ch\/wp\/?product=linea\" \/>\n<meta property=\"og:locale\" content=\"de_DE\" \/>\n<meta property=\"og:type\" content=\"article\" \/>\n<meta property=\"og:title\" content=\"Linea\" \/>\n<meta property=\"og:description\" content=\"LINEA  Duschwanne mit thermogeformtem Becken aus rutschfestem Corian\u00ae mit Ablaufabdeckung, die zur gr\u00fcndlichen Reinigung abgenommen werden kann. Linea kann fl\u00e4chenb\u00fcndig eingebaut werden und wird auf Anfrage mit Einfr\u00e4sungen f\u00fcr die Glasw\u00e4nde geliefert. Linea kann komplett individuell angepasst werden: Breite und Tiefe der Wanne sowie die Position der Trittfl\u00e4che sind frei w\u00e4hlbar.  Technisches Datenblatt LINEA  Ma\u00dfanfertigung  Preis auf Anfrage\" \/>\n<meta property=\"og:url\" content=\"https:\/\/www.homeinnovations.ch\/wp\/?product=linea\" \/>\n<meta property=\"og:site_name\" content=\"Homeinnovations\" \/>\n<meta property=\"article:modified_time\" content=\"2018-10-17T09:13:35+00:00\" \/>\n<meta property=\"og:image\" content=\"https:\/\/www.homeinnovations.ch\/wp\/wp-content\/uploads\/linea-01.jpg\" \/>\n\t<meta property=\"og:image:width\" content=\"824\" \/>\n\t<meta property=\"og:image:height\" content=\"416\" \/>\n\t<meta property=\"og:image:type\" content=\"image\/jpeg\" \/>\n<meta name=\"twitter:card\" content=\"summary_large_image\" \/>\n<meta name=\"twitter:label1\" content=\"Price\" \/>\n\t<meta name=\"twitter:data1\" content=\"\" \/>\n\t<meta name=\"twitter:label2\" content=\"Availability\" \/>\n\t<meta name=\"twitter:data2\" content=\"In stock\" \/>\n<script type=\"application\/ld+json\" class=\"yoast-schema-graph\">{\"@context\":\"https:\/\/schema.org\",\"@graph\":[{\"@type\":\"WebPage\",\"@id\":\"https:\/\/www.homeinnovations.ch\/wp\/?product=linea\",\"url\":\"https:\/\/www.homeinnovations.ch\/wp\/?product=linea\",\"name\":\"Linea - Homeinnovations\",\"isPartOf\":{\"@id\":\"https:\/\/www.homeinnovations.ch\/wp\/#website\"},\"primaryImageOfPage\":{\"@id\":\"https:\/\/www.homeinnovations.ch\/wp\/?product=linea#primaryimage\"},\"image\":{\"@id\":\"https:\/\/www.homeinnovations.ch\/wp\/?product=linea#primaryimage\"},\"thumbnailUrl\":\"https:\/\/www.homeinnovations.ch\/wp\/wp-content\/uploads\/linea-01.jpg\",\"datePublished\":\"2018-09-28T20:05:01+00:00\",\"dateModified\":\"2018-10-17T09:13:35+00:00\",\"breadcrumb\":{\"@id\":\"https:\/\/www.homeinnovations.ch\/wp\/?product=linea#breadcrumb\"},\"inLanguage\":\"de-CH\",\"potentialAction\":[{\"@type\":\"ReadAction\",\"target\":[\"https:\/\/www.homeinnovations.ch\/wp\/?product=linea\"]}]},{\"@type\":\"ImageObject\",\"inLanguage\":\"de-CH\",\"@id\":\"https:\/\/www.homeinnovations.ch\/wp\/?product=linea#primaryimage\",\"url\":\"https:\/\/www.homeinnovations.ch\/wp\/wp-content\/uploads\/linea-01.jpg\",\"contentUrl\":\"https:\/\/www.homeinnovations.ch\/wp\/wp-content\/uploads\/linea-01.jpg\",\"width\":824,\"height\":416},{\"@type\":\"BreadcrumbList\",\"@id\":\"https:\/\/www.homeinnovations.ch\/wp\/?product=linea#breadcrumb\",\"itemListElement\":[{\"@type\":\"ListItem\",\"position\":1,\"name\":\"Home\",\"item\":\"https:\/\/www.homeinnovations.ch\/wp\/\"},{\"@type\":\"ListItem\",\"position\":2,\"name\":\"Shop\",\"item\":\"https:\/\/www.homeinnovations.ch\/wp\/?page_id=4\"},{\"@type\":\"ListItem\",\"position\":3,\"name\":\"Linea\"}]},{\"@type\":\"WebSite\",\"@id\":\"https:\/\/www.homeinnovations.ch\/wp\/#website\",\"url\":\"https:\/\/www.homeinnovations.ch\/wp\/\",\"name\":\"Homeinnovations.ch\",\"description\":\"innovative technik f\u00fcr ihr zuhause\",\"publisher\":{\"@id\":\"https:\/\/www.homeinnovations.ch\/wp\/#organization\"},\"potentialAction\":[{\"@type\":\"SearchAction\",\"target\":{\"@type\":\"EntryPoint\",\"urlTemplate\":\"https:\/\/www.homeinnovations.ch\/wp\/?s={search_term_string}\"},\"query-input\":\"required name=search_term_string\"}],\"inLanguage\":\"de-CH\"},{\"@type\":\"Organization\",\"@id\":\"https:\/\/www.homeinnovations.ch\/wp\/#organization\",\"name\":\"Homeinnovations GmbH\",\"url\":\"https:\/\/www.homeinnovations.ch\/wp\/\",\"logo\":{\"@type\":\"ImageObject\",\"inLanguage\":\"de-CH\",\"@id\":\"https:\/\/www.homeinnovations.ch\/wp\/#\/schema\/logo\/image\/\",\"url\":\"https:\/\/www.homeinnovations.ch\/wp\/wp-content\/uploads\/home-innovations-4f.png\",\"contentUrl\":\"https:\/\/www.homeinnovations.ch\/wp\/wp-content\/uploads\/home-innovations-4f.png\",\"width\":567,\"height\":227,\"caption\":\"Homeinnovations GmbH\"},\"image\":{\"@id\":\"https:\/\/www.homeinnovations.ch\/wp\/#\/schema\/logo\/image\/\"}}]}<\/script>\n<meta property=\"product:brand\" content=\"Corian Aufsatzbecken\" \/>\n<meta property=\"product:price:amount\" content=\"0.00\" \/>\n<meta property=\"product:price:currency\" content=\"CHF\" \/>\n<meta property=\"og:availability\" content=\"instock\" \/>\n<meta property=\"product:availability\" content=\"instock\" \/>\n<meta property=\"product:condition\" content=\"new\" \/>\n<!-- \/ Yoast SEO Premium plugin. -->","yoast_head_json":{"title":"Linea - Homeinnovations","robots":{"index":"index","follow":"follow","max-snippet":"max-snippet:-1","max-image-preview":"max-image-preview:large","max-video-preview":"max-video-preview:-1"},"canonical":"https:\/\/www.homeinnovations.ch\/wp\/?product=linea","og_locale":"de_DE","og_type":"article","og_title":"Linea","og_description":"LINEA  Duschwanne mit thermogeformtem Becken aus rutschfestem Corian\u00ae mit Ablaufabdeckung, die zur gr\u00fcndlichen Reinigung abgenommen werden kann. Linea kann fl\u00e4chenb\u00fcndig eingebaut werden und wird auf Anfrage mit Einfr\u00e4sungen f\u00fcr die Glasw\u00e4nde geliefert. Linea kann komplett individuell angepasst werden: Breite und Tiefe der Wanne sowie die Position der Trittfl\u00e4che sind frei w\u00e4hlbar.  Technisches Datenblatt LINEA  Ma\u00dfanfertigung  Preis auf Anfrage","og_url":"https:\/\/www.homeinnovations.ch\/wp\/?product=linea","og_site_name":"Homeinnovations","article_modified_time":"2018-10-17T09:13:35+00:00","og_image":[{"width":824,"height":416,"url":"https:\/\/www.homeinnovations.ch\/wp\/wp-content\/uploads\/linea-01.jpg","type":"image\/jpeg"}],"twitter_card":"summary_large_image","twitter_misc":{"Price":"","Availability":"In stock"},"schema":{"@context":"https:\/\/schema.org","@graph":[{"@type":"WebPage","@id":"https:\/\/www.homeinnovations.ch\/wp\/?product=linea","url":"https:\/\/www.homeinnovations.ch\/wp\/?product=linea","name":"Linea - Homeinnovations","isPartOf":{"@id":"https:\/\/www.homeinnovations.ch\/wp\/#website"},"primaryImageOfPage":{"@id":"https:\/\/www.homeinnovations.ch\/wp\/?product=linea#primaryimage"},"image":{"@id":"https:\/\/www.homeinnovations.ch\/wp\/?product=linea#primaryimage"},"thumbnailUrl":"https:\/\/www.homeinnovations.ch\/wp\/wp-content\/uploads\/linea-01.jpg","datePublished":"2018-09-28T20:05:01+00:00","dateModified":"2018-10-17T09:13:35+00:00","breadcrumb":{"@id":"https:\/\/www.homeinnovations.ch\/wp\/?product=linea#breadcrumb"},"inLanguage":"de-CH","potentialAction":[{"@type":"ReadAction","target":["https:\/\/www.homeinnovations.ch\/wp\/?product=linea"]}]},{"@type":"ImageObject","inLanguage":"de-CH","@id":"https:\/\/www.homeinnovations.ch\/wp\/?product=linea#primaryimage","url":"https:\/\/www.homeinnovations.ch\/wp\/wp-content\/uploads\/linea-01.jpg","contentUrl":"https:\/\/www.homeinnovations.ch\/wp\/wp-content\/uploads\/linea-01.jpg","width":824,"height":416},{"@type":"BreadcrumbList","@id":"https:\/\/www.homeinnovations.ch\/wp\/?product=linea#breadcrumb","itemListElement":[{"@type":"ListItem","position":1,"name":"Home","item":"https:\/\/www.homeinnovations.ch\/wp\/"},{"@type":"ListItem","position":2,"name":"Shop","item":"https:\/\/www.homeinnovations.ch\/wp\/?page_id=4"},{"@type":"ListItem","position":3,"name":"Linea"}]},{"@type":"WebSite","@id":"https:\/\/www.homeinnovations.ch\/wp\/#website","url":"https:\/\/www.homeinnovations.ch\/wp\/","name":"Homeinnovations.ch","description":"innovative technik f\u00fcr ihr zuhause","publisher":{"@id":"https:\/\/www.homeinnovations.ch\/wp\/#organization"},"potentialAction":[{"@type":"SearchAction","target":{"@type":"EntryPoint","urlTemplate":"https:\/\/www.homeinnovations.ch\/wp\/?s={search_term_string}"},"query-input":"required name=search_term_string"}],"inLanguage":"de-CH"},{"@type":"Organization","@id":"https:\/\/www.homeinnovations.ch\/wp\/#organization","name":"Homeinnovations GmbH","url":"https:\/\/www.homeinnovations.ch\/wp\/","logo":{"@type":"ImageObject","inLanguage":"de-CH","@id":"https:\/\/www.homeinnovations.ch\/wp\/#\/schema\/logo\/image\/","url":"https:\/\/www.homeinnovations.ch\/wp\/wp-content\/uploads\/home-innovations-4f.png","contentUrl":"https:\/\/www.homeinnovations.ch\/wp\/wp-content\/uploads\/home-innovations-4f.png","width":567,"height":227,"caption":"Homeinnovations GmbH"},"image":{"@id":"https:\/\/www.homeinnovations.ch\/wp\/#\/schema\/logo\/image\/"}}]},"product_brand":"Corian Aufsatzbecken","product_price_amount":"0.00","product_price_currency":"CHF","og_availability":"instock","product_availability":"instock","product_condition":"new"},"_links":{"self":[{"href":"https:\/\/www.homeinnovations.ch\/wp\/index.php?rest_route=\/wp\/v2\/product\/841"}],"collection":[{"href":"https:\/\/www.homeinnovations.ch\/wp\/index.php?rest_route=\/wp\/v2\/product"}],"about":[{"href":"https:\/\/www.homeinnovations.ch\/wp\/index.php?rest_route=\/wp\/v2\/types\/product"}],"replies":[{"embeddable":true,"href":"https:\/\/www.homeinnovations.ch\/wp\/index.php?rest_route=%2Fwp%2Fv2%2Fcomments&post=841"}],"wp:featuredmedia":[{"embeddable":true,"href":"https:\/\/www.homeinnovations.ch\/wp\/index.php?rest_route=\/wp\/v2\/media\/843"}],"wp:attachment":[{"href":"https:\/\/www.homeinnovations.ch\/wp\/index.php?rest_route=%2Fwp%2Fv2%2Fmedia&parent=841"}],"wp:term":[{"taxonomy":"product_cat","embeddable":true,"href":"https:\/\/www.homeinnovations.ch\/wp\/index.php?rest_route=%2Fwp%2Fv2%2Fproduct_cat&post=841"},{"taxonomy":"product_tag","embeddable":true,"href":"https:\/\/www.homeinnovations.ch\/wp\/index.php?rest_route=%2Fwp%2Fv2%2Fproduct_tag&post=841"}],"curies":[{"name":"wp","href":"https:\/\/api.w.org\/{rel}","templated":true}]}}