{"id":8,"date":"2017-03-25T17:14:15","date_gmt":"2017-03-25T16:14:15","guid":{"rendered":"http:\/\/test.homeinnovations.ch\/wp\/?post_type=product&#038;p=8"},"modified":"2020-05-04T09:28:17","modified_gmt":"2020-05-04T07:28:17","slug":"badetuchwaermer-elemento","status":"publish","type":"product","link":"https:\/\/www.homeinnovations.ch\/wp\/?product=badetuchwaermer-elemento","title":{"rendered":"Badtuchw\u00e4rmer Elemento"},"content":{"rendered":"<p>ELEMENTO Badtuchw\u00e4rmer sind blitzschnell warm und verwandeln Ihre Badet\u00fccher in eine kuschelwarme Umarmung.<\/p>\n<p>Sp\u00fcren Sie die wohlige Ber\u00fchrung auf Ihrer nassen Haut und die angenehme Kachelofenw\u00e4rme im Raum.<\/p>\n<p>Alle Produkte mit integriertem Ablauftimer und Zeitschaltuhr.<\/p>\n<p>Die Badtuchstangenauswahl finden Sie unter ELEMENTO Zubeh\u00f6r.<\/p>\n<p>Alle Preise exkl. MwSt. und Transport<\/p>\n<p>Prospekt: <a href=\"https:\/\/www.homeinnovations.ch\/wp\/wp\/?attachment_id=953\" rel=\"attachment wp-att-953\">Elemento<\/a><\/p>\n","protected":false},"excerpt":{"rendered":"<p>ELEMENTO Badtuchw\u00e4rmer sind blitzschnell warm und verwandeln Ihre Badet\u00fccher in eine kuschelwarme Umarmung. Sp\u00fcren Sie die wohlige Ber\u00fchrung auf Ihrer nassen Haut und die angenehme Kachelofenw\u00e4rme im Raum. Alle Produkte mit integriertem Ablauftimer und Zeitschaltuhr. Die Badtuchstangenauswahl finden Sie unter ELEMENTO Zubeh\u00f6r. Alle Preise exkl. MwSt. und Transport Prospekt: Elemento<\/p>\n","protected":false},"featured_media":1047,"comment_status":"closed","ping_status":"closed","template":"","meta":[],"product_cat":[33],"product_tag":[],"yoast_head":"<!-- This site is optimized with the Yoast SEO Premium plugin v22.1 (Yoast SEO v22.5) - https:\/\/yoast.com\/wordpress\/plugins\/seo\/ -->\n<title>Badtuchw\u00e4rmer Elemento - Homeinnovations<\/title>\n<meta name=\"description\" content=\"Handtuchw\u00e4rmer,elektrsch, stromsparend, energieeffizient, modern, innovativ\" \/>\n<meta name=\"robots\" content=\"index, follow, max-snippet:-1, max-image-preview:large, max-video-preview:-1\" \/>\n<link rel=\"canonical\" href=\"https:\/\/www.homeinnovations.ch\/wp\/?product=badetuchwaermer-elemento\" \/>\n<meta property=\"og:locale\" content=\"de_DE\" \/>\n<meta property=\"og:type\" content=\"article\" \/>\n<meta property=\"og:title\" content=\"Badtuchw\u00e4rmer Elemento\" \/>\n<meta property=\"og:description\" content=\"Handtuchw\u00e4rmer,elektrsch, stromsparend, energieeffizient, modern, innovativ\" \/>\n<meta property=\"og:url\" content=\"https:\/\/www.homeinnovations.ch\/wp\/?product=badetuchwaermer-elemento\" \/>\n<meta property=\"og:site_name\" content=\"Homeinnovations\" \/>\n<meta property=\"article:modified_time\" content=\"2020-05-04T07:28:17+00:00\" \/>\n<meta property=\"og:image\" content=\"https:\/\/www.homeinnovations.ch\/wp\/wp-content\/uploads\/elemento_weiss_ohne.jpg\" \/>\n\t<meta property=\"og:image:width\" content=\"2950\" \/>\n\t<meta property=\"og:image:height\" content=\"1659\" \/>\n\t<meta property=\"og:image:type\" content=\"image\/jpeg\" \/>\n<meta name=\"twitter:card\" content=\"summary_large_image\" \/>\n<meta name=\"twitter:label1\" content=\"Availability\" \/>\n\t<meta name=\"twitter:data1\" content=\"In stock\" \/>\n<script type=\"application\/ld+json\" class=\"yoast-schema-graph\">{\"@context\":\"https:\/\/schema.org\",\"@graph\":[{\"@type\":\"WebPage\",\"@id\":\"https:\/\/www.homeinnovations.ch\/wp\/?product=badetuchwaermer-elemento\",\"url\":\"https:\/\/www.homeinnovations.ch\/wp\/?product=badetuchwaermer-elemento\",\"name\":\"Badtuchw\u00e4rmer Elemento - Homeinnovations\",\"isPartOf\":{\"@id\":\"https:\/\/www.homeinnovations.ch\/wp\/#website\"},\"primaryImageOfPage\":{\"@id\":\"https:\/\/www.homeinnovations.ch\/wp\/?product=badetuchwaermer-elemento#primaryimage\"},\"image\":{\"@id\":\"https:\/\/www.homeinnovations.ch\/wp\/?product=badetuchwaermer-elemento#primaryimage\"},\"thumbnailUrl\":\"https:\/\/www.homeinnovations.ch\/wp\/wp-content\/uploads\/elemento_weiss_ohne.jpg\",\"datePublished\":\"2017-03-25T16:14:15+00:00\",\"dateModified\":\"2020-05-04T07:28:17+00:00\",\"description\":\"Handtuchw\u00e4rmer,elektrsch, stromsparend, energieeffizient, modern, innovativ\",\"breadcrumb\":{\"@id\":\"https:\/\/www.homeinnovations.ch\/wp\/?product=badetuchwaermer-elemento#breadcrumb\"},\"inLanguage\":\"de-CH\",\"potentialAction\":[{\"@type\":\"ReadAction\",\"target\":[\"https:\/\/www.homeinnovations.ch\/wp\/?product=badetuchwaermer-elemento\"]}]},{\"@type\":\"ImageObject\",\"inLanguage\":\"de-CH\",\"@id\":\"https:\/\/www.homeinnovations.ch\/wp\/?product=badetuchwaermer-elemento#primaryimage\",\"url\":\"https:\/\/www.homeinnovations.ch\/wp\/wp-content\/uploads\/elemento_weiss_ohne.jpg\",\"contentUrl\":\"https:\/\/www.homeinnovations.ch\/wp\/wp-content\/uploads\/elemento_weiss_ohne.jpg\",\"width\":2950,\"height\":1659},{\"@type\":\"BreadcrumbList\",\"@id\":\"https:\/\/www.homeinnovations.ch\/wp\/?product=badetuchwaermer-elemento#breadcrumb\",\"itemListElement\":[{\"@type\":\"ListItem\",\"position\":1,\"name\":\"Home\",\"item\":\"https:\/\/www.homeinnovations.ch\/wp\/\"},{\"@type\":\"ListItem\",\"position\":2,\"name\":\"Shop\",\"item\":\"https:\/\/www.homeinnovations.ch\/wp\/?page_id=4\"},{\"@type\":\"ListItem\",\"position\":3,\"name\":\"Badtuchw\u00e4rmer Elemento\"}]},{\"@type\":\"WebSite\",\"@id\":\"https:\/\/www.homeinnovations.ch\/wp\/#website\",\"url\":\"https:\/\/www.homeinnovations.ch\/wp\/\",\"name\":\"Homeinnovations.ch\",\"description\":\"innovative technik f\u00fcr ihr zuhause\",\"publisher\":{\"@id\":\"https:\/\/www.homeinnovations.ch\/wp\/#organization\"},\"potentialAction\":[{\"@type\":\"SearchAction\",\"target\":{\"@type\":\"EntryPoint\",\"urlTemplate\":\"https:\/\/www.homeinnovations.ch\/wp\/?s={search_term_string}\"},\"query-input\":\"required name=search_term_string\"}],\"inLanguage\":\"de-CH\"},{\"@type\":\"Organization\",\"@id\":\"https:\/\/www.homeinnovations.ch\/wp\/#organization\",\"name\":\"Homeinnovations GmbH\",\"url\":\"https:\/\/www.homeinnovations.ch\/wp\/\",\"logo\":{\"@type\":\"ImageObject\",\"inLanguage\":\"de-CH\",\"@id\":\"https:\/\/www.homeinnovations.ch\/wp\/#\/schema\/logo\/image\/\",\"url\":\"https:\/\/www.homeinnovations.ch\/wp\/wp-content\/uploads\/home-innovations-4f.png\",\"contentUrl\":\"https:\/\/www.homeinnovations.ch\/wp\/wp-content\/uploads\/home-innovations-4f.png\",\"width\":567,\"height\":227,\"caption\":\"Homeinnovations GmbH\"},\"image\":{\"@id\":\"https:\/\/www.homeinnovations.ch\/wp\/#\/schema\/logo\/image\/\"}}]}<\/script>\n<meta property=\"product:brand\" content=\"Badtuchw\u00e4rmer Elemento\" \/>\n<meta property=\"og:availability\" content=\"instock\" \/>\n<meta property=\"product:availability\" content=\"instock\" \/>\n<meta property=\"product:condition\" content=\"new\" \/>\n<!-- \/ Yoast SEO Premium plugin. -->","yoast_head_json":{"title":"Badtuchw\u00e4rmer Elemento - Homeinnovations","description":"Handtuchw\u00e4rmer,elektrsch, stromsparend, energieeffizient, modern, innovativ","robots":{"index":"index","follow":"follow","max-snippet":"max-snippet:-1","max-image-preview":"max-image-preview:large","max-video-preview":"max-video-preview:-1"},"canonical":"https:\/\/www.homeinnovations.ch\/wp\/?product=badetuchwaermer-elemento","og_locale":"de_DE","og_type":"article","og_title":"Badtuchw\u00e4rmer Elemento","og_description":"Handtuchw\u00e4rmer,elektrsch, stromsparend, energieeffizient, modern, innovativ","og_url":"https:\/\/www.homeinnovations.ch\/wp\/?product=badetuchwaermer-elemento","og_site_name":"Homeinnovations","article_modified_time":"2020-05-04T07:28:17+00:00","og_image":[{"width":2950,"height":1659,"url":"https:\/\/www.homeinnovations.ch\/wp\/wp-content\/uploads\/elemento_weiss_ohne.jpg","type":"image\/jpeg"}],"twitter_card":"summary_large_image","twitter_misc":{"Availability":"In stock"},"schema":{"@context":"https:\/\/schema.org","@graph":[{"@type":"WebPage","@id":"https:\/\/www.homeinnovations.ch\/wp\/?product=badetuchwaermer-elemento","url":"https:\/\/www.homeinnovations.ch\/wp\/?product=badetuchwaermer-elemento","name":"Badtuchw\u00e4rmer Elemento - Homeinnovations","isPartOf":{"@id":"https:\/\/www.homeinnovations.ch\/wp\/#website"},"primaryImageOfPage":{"@id":"https:\/\/www.homeinnovations.ch\/wp\/?product=badetuchwaermer-elemento#primaryimage"},"image":{"@id":"https:\/\/www.homeinnovations.ch\/wp\/?product=badetuchwaermer-elemento#primaryimage"},"thumbnailUrl":"https:\/\/www.homeinnovations.ch\/wp\/wp-content\/uploads\/elemento_weiss_ohne.jpg","datePublished":"2017-03-25T16:14:15+00:00","dateModified":"2020-05-04T07:28:17+00:00","description":"Handtuchw\u00e4rmer,elektrsch, stromsparend, energieeffizient, modern, innovativ","breadcrumb":{"@id":"https:\/\/www.homeinnovations.ch\/wp\/?product=badetuchwaermer-elemento#breadcrumb"},"inLanguage":"de-CH","potentialAction":[{"@type":"ReadAction","target":["https:\/\/www.homeinnovations.ch\/wp\/?product=badetuchwaermer-elemento"]}]},{"@type":"ImageObject","inLanguage":"de-CH","@id":"https:\/\/www.homeinnovations.ch\/wp\/?product=badetuchwaermer-elemento#primaryimage","url":"https:\/\/www.homeinnovations.ch\/wp\/wp-content\/uploads\/elemento_weiss_ohne.jpg","contentUrl":"https:\/\/www.homeinnovations.ch\/wp\/wp-content\/uploads\/elemento_weiss_ohne.jpg","width":2950,"height":1659},{"@type":"BreadcrumbList","@id":"https:\/\/www.homeinnovations.ch\/wp\/?product=badetuchwaermer-elemento#breadcrumb","itemListElement":[{"@type":"ListItem","position":1,"name":"Home","item":"https:\/\/www.homeinnovations.ch\/wp\/"},{"@type":"ListItem","position":2,"name":"Shop","item":"https:\/\/www.homeinnovations.ch\/wp\/?page_id=4"},{"@type":"ListItem","position":3,"name":"Badtuchw\u00e4rmer Elemento"}]},{"@type":"WebSite","@id":"https:\/\/www.homeinnovations.ch\/wp\/#website","url":"https:\/\/www.homeinnovations.ch\/wp\/","name":"Homeinnovations.ch","description":"innovative technik f\u00fcr ihr zuhause","publisher":{"@id":"https:\/\/www.homeinnovations.ch\/wp\/#organization"},"potentialAction":[{"@type":"SearchAction","target":{"@type":"EntryPoint","urlTemplate":"https:\/\/www.homeinnovations.ch\/wp\/?s={search_term_string}"},"query-input":"required name=search_term_string"}],"inLanguage":"de-CH"},{"@type":"Organization","@id":"https:\/\/www.homeinnovations.ch\/wp\/#organization","name":"Homeinnovations GmbH","url":"https:\/\/www.homeinnovations.ch\/wp\/","logo":{"@type":"ImageObject","inLanguage":"de-CH","@id":"https:\/\/www.homeinnovations.ch\/wp\/#\/schema\/logo\/image\/","url":"https:\/\/www.homeinnovations.ch\/wp\/wp-content\/uploads\/home-innovations-4f.png","contentUrl":"https:\/\/www.homeinnovations.ch\/wp\/wp-content\/uploads\/home-innovations-4f.png","width":567,"height":227,"caption":"Homeinnovations GmbH"},"image":{"@id":"https:\/\/www.homeinnovations.ch\/wp\/#\/schema\/logo\/image\/"}}]},"product_brand":"Badtuchw\u00e4rmer Elemento","og_availability":"instock","product_availability":"instock","product_condition":"new"},"_links":{"self":[{"href":"https:\/\/www.homeinnovations.ch\/wp\/index.php?rest_route=\/wp\/v2\/product\/8"}],"collection":[{"href":"https:\/\/www.homeinnovations.ch\/wp\/index.php?rest_route=\/wp\/v2\/product"}],"about":[{"href":"https:\/\/www.homeinnovations.ch\/wp\/index.php?rest_route=\/wp\/v2\/types\/product"}],"replies":[{"embeddable":true,"href":"https:\/\/www.homeinnovations.ch\/wp\/index.php?rest_route=%2Fwp%2Fv2%2Fcomments&post=8"}],"wp:featuredmedia":[{"embeddable":true,"href":"https:\/\/www.homeinnovations.ch\/wp\/index.php?rest_route=\/wp\/v2\/media\/1047"}],"wp:attachment":[{"href":"https:\/\/www.homeinnovations.ch\/wp\/index.php?rest_route=%2Fwp%2Fv2%2Fmedia&parent=8"}],"wp:term":[{"taxonomy":"product_cat","embeddable":true,"href":"https:\/\/www.homeinnovations.ch\/wp\/index.php?rest_route=%2Fwp%2Fv2%2Fproduct_cat&post=8"},{"taxonomy":"product_tag","embeddable":true,"href":"https:\/\/www.homeinnovations.ch\/wp\/index.php?rest_route=%2Fwp%2Fv2%2Fproduct_tag&post=8"}],"curies":[{"name":"wp","href":"https:\/\/api.w.org\/{rel}","templated":true}]}}