{"id":773,"date":"2018-09-27T21:59:10","date_gmt":"2018-09-27T19:59:10","guid":{"rendered":"http:\/\/test.homeinnovations.ch\/wp\/?post_type=product&#038;p=773"},"modified":"2023-09-16T11:30:17","modified_gmt":"2023-09-16T09:30:17","slug":"drop","status":"publish","type":"product","link":"https:\/\/www.homeinnovations.ch\/wp\/?product=drop","title":{"rendered":"Drop"},"content":{"rendered":"","protected":false},"excerpt":{"rendered":"<h3><strong>DROP<\/strong><\/h3>\n<p>Drop ist unter den konfigurierbaren Becken aus Corian\u00ae eines der Flexibelsten. Es kann B\u00e4der unterschiedlichster Gr\u00f6\u00dfe optimal ausstatten. L\u00e4nge und Breite sind frei w\u00e4hlbar, daher kann Drop ganz klein und raumsparend sein oder sich ger\u00e4umigen B\u00e4dern in bequemer Version anpassen. Die frei konfigurierbare Badplatte kann entweder mit integriertem Becken in Wandmontage oder als Aufsatz auf ein Badm\u00f6bel ausgef\u00fchrt werden.<\/p>\n<p><a href=\"http:\/\/test.homeinnovations.ch\/wp\/?attachment_id=774\" rel=\"attachment wp-att-774\">Technisches Datenblatt DROP<\/a><\/p>\n<p>Ma\u00dfanfertigung<\/p>\n<p>Preis und Lieferzeit auf Anfrage<\/p>\n","protected":false},"featured_media":775,"comment_status":"closed","ping_status":"closed","template":"","meta":[],"product_cat":[27],"product_tag":[],"yoast_head":"<!-- This site is optimized with the Yoast SEO Premium plugin v22.1 (Yoast SEO v22.5) - https:\/\/yoast.com\/wordpress\/plugins\/seo\/ -->\n<title>Drop - Homeinnovations<\/title>\n<meta name=\"robots\" content=\"index, follow, max-snippet:-1, max-image-preview:large, max-video-preview:-1\" \/>\n<link rel=\"canonical\" href=\"https:\/\/www.homeinnovations.ch\/wp\/?product=drop\" \/>\n<meta property=\"og:locale\" content=\"de_DE\" \/>\n<meta property=\"og:type\" content=\"article\" \/>\n<meta property=\"og:title\" content=\"Drop\" \/>\n<meta property=\"og:description\" content=\"DROP Drop ist unter den konfigurierbaren Becken aus Corian\u00ae eines der Flexibelsten. Es kann B\u00e4der unterschiedlichster Gr\u00f6\u00dfe optimal ausstatten. L\u00e4nge und Breite sind frei w\u00e4hlbar, daher kann Drop ganz klein und raumsparend sein oder sich ger\u00e4umigen B\u00e4dern in bequemer Version anpassen. Die frei konfigurierbare Badplatte kann entweder mit integriertem Becken in Wandmontage oder als Aufsatz auf ein Badm\u00f6bel ausgef\u00fchrt werden.  Technisches Datenblatt DROP  Ma\u00dfanfertigung  Preis und Lieferzeit auf Anfrage\" \/>\n<meta property=\"og:url\" content=\"https:\/\/www.homeinnovations.ch\/wp\/?product=drop\" \/>\n<meta property=\"og:site_name\" content=\"Homeinnovations\" \/>\n<meta property=\"article:modified_time\" content=\"2023-09-16T09:30:17+00:00\" \/>\n<meta property=\"og:image\" content=\"https:\/\/www.homeinnovations.ch\/wp\/wp-content\/uploads\/drop-01.jpg\" \/>\n\t<meta property=\"og:image:width\" content=\"600\" \/>\n\t<meta property=\"og:image:height\" content=\"404\" \/>\n\t<meta property=\"og:image:type\" content=\"image\/jpeg\" \/>\n<meta name=\"twitter:card\" content=\"summary_large_image\" \/>\n<meta name=\"twitter:label1\" content=\"Price\" \/>\n\t<meta name=\"twitter:data1\" content=\"\" \/>\n\t<meta name=\"twitter:label2\" content=\"Availability\" \/>\n\t<meta name=\"twitter:data2\" content=\"In stock\" \/>\n<script type=\"application\/ld+json\" class=\"yoast-schema-graph\">{\"@context\":\"https:\/\/schema.org\",\"@graph\":[{\"@type\":\"WebPage\",\"@id\":\"https:\/\/www.homeinnovations.ch\/wp\/?product=drop\",\"url\":\"https:\/\/www.homeinnovations.ch\/wp\/?product=drop\",\"name\":\"Drop - Homeinnovations\",\"isPartOf\":{\"@id\":\"https:\/\/www.homeinnovations.ch\/wp\/#website\"},\"primaryImageOfPage\":{\"@id\":\"https:\/\/www.homeinnovations.ch\/wp\/?product=drop#primaryimage\"},\"image\":{\"@id\":\"https:\/\/www.homeinnovations.ch\/wp\/?product=drop#primaryimage\"},\"thumbnailUrl\":\"https:\/\/www.homeinnovations.ch\/wp\/wp-content\/uploads\/drop-01.jpg\",\"datePublished\":\"2018-09-27T19:59:10+00:00\",\"dateModified\":\"2023-09-16T09:30:17+00:00\",\"breadcrumb\":{\"@id\":\"https:\/\/www.homeinnovations.ch\/wp\/?product=drop#breadcrumb\"},\"inLanguage\":\"de-CH\",\"potentialAction\":[{\"@type\":\"ReadAction\",\"target\":[\"https:\/\/www.homeinnovations.ch\/wp\/?product=drop\"]}]},{\"@type\":\"ImageObject\",\"inLanguage\":\"de-CH\",\"@id\":\"https:\/\/www.homeinnovations.ch\/wp\/?product=drop#primaryimage\",\"url\":\"https:\/\/www.homeinnovations.ch\/wp\/wp-content\/uploads\/drop-01.jpg\",\"contentUrl\":\"https:\/\/www.homeinnovations.ch\/wp\/wp-content\/uploads\/drop-01.jpg\",\"width\":600,\"height\":404},{\"@type\":\"BreadcrumbList\",\"@id\":\"https:\/\/www.homeinnovations.ch\/wp\/?product=drop#breadcrumb\",\"itemListElement\":[{\"@type\":\"ListItem\",\"position\":1,\"name\":\"Home\",\"item\":\"https:\/\/www.homeinnovations.ch\/wp\/\"},{\"@type\":\"ListItem\",\"position\":2,\"name\":\"Shop\",\"item\":\"https:\/\/www.homeinnovations.ch\/wp\/?page_id=4\"},{\"@type\":\"ListItem\",\"position\":3,\"name\":\"Drop\"}]},{\"@type\":\"WebSite\",\"@id\":\"https:\/\/www.homeinnovations.ch\/wp\/#website\",\"url\":\"https:\/\/www.homeinnovations.ch\/wp\/\",\"name\":\"Homeinnovations.ch\",\"description\":\"innovative technik f\u00fcr ihr zuhause\",\"publisher\":{\"@id\":\"https:\/\/www.homeinnovations.ch\/wp\/#organization\"},\"potentialAction\":[{\"@type\":\"SearchAction\",\"target\":{\"@type\":\"EntryPoint\",\"urlTemplate\":\"https:\/\/www.homeinnovations.ch\/wp\/?s={search_term_string}\"},\"query-input\":\"required name=search_term_string\"}],\"inLanguage\":\"de-CH\"},{\"@type\":\"Organization\",\"@id\":\"https:\/\/www.homeinnovations.ch\/wp\/#organization\",\"name\":\"Homeinnovations GmbH\",\"url\":\"https:\/\/www.homeinnovations.ch\/wp\/\",\"logo\":{\"@type\":\"ImageObject\",\"inLanguage\":\"de-CH\",\"@id\":\"https:\/\/www.homeinnovations.ch\/wp\/#\/schema\/logo\/image\/\",\"url\":\"https:\/\/www.homeinnovations.ch\/wp\/wp-content\/uploads\/home-innovations-4f.png\",\"contentUrl\":\"https:\/\/www.homeinnovations.ch\/wp\/wp-content\/uploads\/home-innovations-4f.png\",\"width\":567,\"height\":227,\"caption\":\"Homeinnovations GmbH\"},\"image\":{\"@id\":\"https:\/\/www.homeinnovations.ch\/wp\/#\/schema\/logo\/image\/\"}}]}<\/script>\n<meta property=\"product:brand\" content=\"Corian Waschtische\" \/>\n<meta property=\"product:price:amount\" content=\"0.00\" \/>\n<meta property=\"product:price:currency\" content=\"CHF\" \/>\n<meta property=\"og:availability\" content=\"instock\" \/>\n<meta property=\"product:availability\" content=\"instock\" \/>\n<meta property=\"product:condition\" content=\"new\" \/>\n<!-- \/ Yoast SEO Premium plugin. -->","yoast_head_json":{"title":"Drop - Homeinnovations","robots":{"index":"index","follow":"follow","max-snippet":"max-snippet:-1","max-image-preview":"max-image-preview:large","max-video-preview":"max-video-preview:-1"},"canonical":"https:\/\/www.homeinnovations.ch\/wp\/?product=drop","og_locale":"de_DE","og_type":"article","og_title":"Drop","og_description":"DROP Drop ist unter den konfigurierbaren Becken aus Corian\u00ae eines der Flexibelsten. Es kann B\u00e4der unterschiedlichster Gr\u00f6\u00dfe optimal ausstatten. L\u00e4nge und Breite sind frei w\u00e4hlbar, daher kann Drop ganz klein und raumsparend sein oder sich ger\u00e4umigen B\u00e4dern in bequemer Version anpassen. Die frei konfigurierbare Badplatte kann entweder mit integriertem Becken in Wandmontage oder als Aufsatz auf ein Badm\u00f6bel ausgef\u00fchrt werden.  Technisches Datenblatt DROP  Ma\u00dfanfertigung  Preis und Lieferzeit auf Anfrage","og_url":"https:\/\/www.homeinnovations.ch\/wp\/?product=drop","og_site_name":"Homeinnovations","article_modified_time":"2023-09-16T09:30:17+00:00","og_image":[{"width":600,"height":404,"url":"https:\/\/www.homeinnovations.ch\/wp\/wp-content\/uploads\/drop-01.jpg","type":"image\/jpeg"}],"twitter_card":"summary_large_image","twitter_misc":{"Price":"","Availability":"In stock"},"schema":{"@context":"https:\/\/schema.org","@graph":[{"@type":"WebPage","@id":"https:\/\/www.homeinnovations.ch\/wp\/?product=drop","url":"https:\/\/www.homeinnovations.ch\/wp\/?product=drop","name":"Drop - Homeinnovations","isPartOf":{"@id":"https:\/\/www.homeinnovations.ch\/wp\/#website"},"primaryImageOfPage":{"@id":"https:\/\/www.homeinnovations.ch\/wp\/?product=drop#primaryimage"},"image":{"@id":"https:\/\/www.homeinnovations.ch\/wp\/?product=drop#primaryimage"},"thumbnailUrl":"https:\/\/www.homeinnovations.ch\/wp\/wp-content\/uploads\/drop-01.jpg","datePublished":"2018-09-27T19:59:10+00:00","dateModified":"2023-09-16T09:30:17+00:00","breadcrumb":{"@id":"https:\/\/www.homeinnovations.ch\/wp\/?product=drop#breadcrumb"},"inLanguage":"de-CH","potentialAction":[{"@type":"ReadAction","target":["https:\/\/www.homeinnovations.ch\/wp\/?product=drop"]}]},{"@type":"ImageObject","inLanguage":"de-CH","@id":"https:\/\/www.homeinnovations.ch\/wp\/?product=drop#primaryimage","url":"https:\/\/www.homeinnovations.ch\/wp\/wp-content\/uploads\/drop-01.jpg","contentUrl":"https:\/\/www.homeinnovations.ch\/wp\/wp-content\/uploads\/drop-01.jpg","width":600,"height":404},{"@type":"BreadcrumbList","@id":"https:\/\/www.homeinnovations.ch\/wp\/?product=drop#breadcrumb","itemListElement":[{"@type":"ListItem","position":1,"name":"Home","item":"https:\/\/www.homeinnovations.ch\/wp\/"},{"@type":"ListItem","position":2,"name":"Shop","item":"https:\/\/www.homeinnovations.ch\/wp\/?page_id=4"},{"@type":"ListItem","position":3,"name":"Drop"}]},{"@type":"WebSite","@id":"https:\/\/www.homeinnovations.ch\/wp\/#website","url":"https:\/\/www.homeinnovations.ch\/wp\/","name":"Homeinnovations.ch","description":"innovative technik f\u00fcr ihr zuhause","publisher":{"@id":"https:\/\/www.homeinnovations.ch\/wp\/#organization"},"potentialAction":[{"@type":"SearchAction","target":{"@type":"EntryPoint","urlTemplate":"https:\/\/www.homeinnovations.ch\/wp\/?s={search_term_string}"},"query-input":"required name=search_term_string"}],"inLanguage":"de-CH"},{"@type":"Organization","@id":"https:\/\/www.homeinnovations.ch\/wp\/#organization","name":"Homeinnovations GmbH","url":"https:\/\/www.homeinnovations.ch\/wp\/","logo":{"@type":"ImageObject","inLanguage":"de-CH","@id":"https:\/\/www.homeinnovations.ch\/wp\/#\/schema\/logo\/image\/","url":"https:\/\/www.homeinnovations.ch\/wp\/wp-content\/uploads\/home-innovations-4f.png","contentUrl":"https:\/\/www.homeinnovations.ch\/wp\/wp-content\/uploads\/home-innovations-4f.png","width":567,"height":227,"caption":"Homeinnovations GmbH"},"image":{"@id":"https:\/\/www.homeinnovations.ch\/wp\/#\/schema\/logo\/image\/"}}]},"product_brand":"Corian Waschtische","product_price_amount":"0.00","product_price_currency":"CHF","og_availability":"instock","product_availability":"instock","product_condition":"new"},"_links":{"self":[{"href":"https:\/\/www.homeinnovations.ch\/wp\/index.php?rest_route=\/wp\/v2\/product\/773"}],"collection":[{"href":"https:\/\/www.homeinnovations.ch\/wp\/index.php?rest_route=\/wp\/v2\/product"}],"about":[{"href":"https:\/\/www.homeinnovations.ch\/wp\/index.php?rest_route=\/wp\/v2\/types\/product"}],"replies":[{"embeddable":true,"href":"https:\/\/www.homeinnovations.ch\/wp\/index.php?rest_route=%2Fwp%2Fv2%2Fcomments&post=773"}],"wp:featuredmedia":[{"embeddable":true,"href":"https:\/\/www.homeinnovations.ch\/wp\/index.php?rest_route=\/wp\/v2\/media\/775"}],"wp:attachment":[{"href":"https:\/\/www.homeinnovations.ch\/wp\/index.php?rest_route=%2Fwp%2Fv2%2Fmedia&parent=773"}],"wp:term":[{"taxonomy":"product_cat","embeddable":true,"href":"https:\/\/www.homeinnovations.ch\/wp\/index.php?rest_route=%2Fwp%2Fv2%2Fproduct_cat&post=773"},{"taxonomy":"product_tag","embeddable":true,"href":"https:\/\/www.homeinnovations.ch\/wp\/index.php?rest_route=%2Fwp%2Fv2%2Fproduct_tag&post=773"}],"curies":[{"name":"wp","href":"https:\/\/api.w.org\/{rel}","templated":true}]}}