{"id":686,"date":"2018-09-23T22:54:17","date_gmt":"2018-09-23T20:54:17","guid":{"rendered":"http:\/\/test.homeinnovations.ch\/wp\/?post_type=product&#038;p=686"},"modified":"2024-03-31T11:31:27","modified_gmt":"2024-03-31T09:31:27","slug":"eco-airscrew","status":"publish","type":"product","link":"https:\/\/www.homeinnovations.ch\/wp\/?product=eco-airscrew","title":{"rendered":"Deckenventilator Eco Airscrew \u00d8 152"},"content":{"rendered":"<table class=\"product--properties-table\">\n<tbody>\n<tr class=\"product--properties-row\">\n<td class=\"product--properties-label is--bold\">Gr\u00f6\u00dfe \u00d8 (cm):<\/td>\n<td class=\"product--properties-value\">152<\/td>\n<\/tr>\n<tr class=\"product--properties-row\">\n<td class=\"product--properties-label is--bold\">Geh\u00e4usefarbe:<\/td>\n<td class=\"product--properties-value\">Lack matt schwarz<\/td>\n<\/tr>\n<tr class=\"product--properties-row\">\n<td class=\"product--properties-label is--bold\">Fl\u00fcgeldekor:<\/td>\n<td class=\"product--properties-value\">Greywashed Holz gealtert<\/td>\n<\/tr>\n<tr class=\"product--properties-row\">\n<td class=\"product--properties-label is--bold\">Fl\u00fcgel Anzahl:<\/td>\n<td class=\"product--properties-value\">3<\/td>\n<\/tr>\n<tr class=\"product--properties-row\">\n<td class=\"product--properties-label is--bold\">Anzahl Stufen:<\/td>\n<td class=\"product--properties-value\">6 Stufen mit Fernbedienung<\/td>\n<\/tr>\n<tr class=\"product--properties-row\">\n<td class=\"product--properties-label is--bold\">Beleuchtung:<\/td>\n<td class=\"product--properties-value\">Leuchtenanbau nicht m\u00f6glich<\/td>\n<\/tr>\n<tr class=\"product--properties-row\">\n<td class=\"product--properties-label is--bold\">Steuerung:<\/td>\n<td class=\"product--properties-value\">Fernbedienung inkl., Vor-\/R\u00fcckw\u00e4rtslauf<\/td>\n<\/tr>\n<tr class=\"product--properties-row\">\n<td class=\"product--properties-label is--bold\">Leistung Motor min. (W):<\/td>\n<td class=\"product--properties-value\">3<\/td>\n<\/tr>\n<tr class=\"product--properties-row\">\n<td class=\"product--properties-label is--bold\">Leistung Motor max. (W):<\/td>\n<td class=\"product--properties-value\">16<\/td>\n<\/tr>\n<tr class=\"product--properties-row\">\n<td class=\"product--properties-label is--bold\">Drehzahl max. (U\/min):<\/td>\n<td class=\"product--properties-value\">149<\/td>\n<\/tr>\n<tr class=\"product--properties-row\">\n<td class=\"product--properties-label is--bold\">Spannung (V\/Hz):<\/td>\n<td class=\"product--properties-value\">230~50<\/td>\n<\/tr>\n<tr class=\"product--properties-row\">\n<td class=\"product--properties-label is--bold\">Besonderheiten:<\/td>\n<td class=\"product--properties-value\">energiesparend, l\u00e4ngere Deckenstange m\u00f6glich, f\u00fcr Schr\u00e4gen geeignet<\/td>\n<\/tr>\n<tr class=\"product--properties-row\">\n<td class=\"product--properties-label is--bold\">Stil:<\/td>\n<td class=\"product--properties-value\">modern<\/td>\n<\/tr>\n<\/tbody>\n<\/table>\n","protected":false},"excerpt":{"rendered":"<h4>Eco Airscrew mit Fernbedienung<\/h4>\n<p>Airscrew Eco 152 MS-GW, Energiespar-Deckenventilator, \u00d8 152 cm, Geh\u00e4use matt schwarz, 3 Fl\u00fcgel gefr\u00e4st aus schichtgeleimtem Massivholz, grey washed gealtert gebeizt, inkl. Funk-Fernbedienung (Motor 6 Stufen, Vor-\/R\u00fcckw\u00e4rtslauf) mit Wandhalter, Montage an Deckenschr\u00e4gen bis 16\u00b0, EC\/DC-Motor nur max. 14 Watt , 230 V ~ 50 Hz, mit kurzer Deckenstange, Abstand Decke &#8211; Fl\u00fcgel 300 mm, Drehzahl max. 149 U\/min, l\u00e4ngere Deckenstangen f\u00fcr hohe R\u00e4ume erh\u00e4ltlich, nicht f\u00fcr Leuchtenanbau geeignet.<\/p>\n<p><a href=\"http:\/\/test.homeinnovations.ch\/wp\/?attachment_id=732\" rel=\"attachment wp-att-732\"><img loading=\"lazy\" decoding=\"async\" class=\"alignnone size-full wp-image-732\" src=\"http:\/\/test.homeinnovations.ch\/wp\/wp-content\/uploads\/15_jahre_garantie.jpg\" alt=\"\" width=\"140\" height=\"90\" \/><\/a><\/p>\n<p>&nbsp;<\/p>\n","protected":false},"featured_media":725,"comment_status":"closed","ping_status":"closed","template":"","meta":[],"product_cat":[14],"product_tag":[],"yoast_head":"<!-- This site is optimized with the Yoast SEO Premium plugin v22.1 (Yoast SEO v22.5) - https:\/\/yoast.com\/wordpress\/plugins\/seo\/ -->\n<title>Deckenventilator Eco Airscrew \u00d8 152 - Homeinnovations<\/title>\n<meta name=\"robots\" content=\"index, follow, max-snippet:-1, max-image-preview:large, max-video-preview:-1\" \/>\n<link rel=\"canonical\" href=\"https:\/\/www.homeinnovations.ch\/wp\/?product=eco-airscrew\" \/>\n<meta property=\"og:locale\" content=\"de_DE\" \/>\n<meta property=\"og:type\" content=\"article\" \/>\n<meta property=\"og:title\" content=\"Deckenventilator Eco Airscrew \u00d8 152\" \/>\n<meta property=\"og:description\" content=\"Eco Airscrew mit Fernbedienung Airscrew Eco 152 MS-GW, Energiespar-Deckenventilator, \u00d8 152 cm, Geh\u00e4use matt schwarz, 3 Fl\u00fcgel gefr\u00e4st aus schichtgeleimtem Massivholz, grey washed gealtert gebeizt, inkl. Funk-Fernbedienung (Motor 6 Stufen, Vor-\/R\u00fcckw\u00e4rtslauf) mit Wandhalter, Montage an Deckenschr\u00e4gen bis 16\u00b0, EC\/DC-Motor nur max. 14 Watt , 230 V ~ 50 Hz, mit kurzer Deckenstange, Abstand Decke - Fl\u00fcgel 300 mm, Drehzahl max. 149 U\/min, l\u00e4ngere Deckenstangen f\u00fcr hohe R\u00e4ume erh\u00e4ltlich, nicht f\u00fcr Leuchtenanbau geeignet.    &nbsp;\" \/>\n<meta property=\"og:url\" content=\"https:\/\/www.homeinnovations.ch\/wp\/?product=eco-airscrew\" \/>\n<meta property=\"og:site_name\" content=\"Homeinnovations\" \/>\n<meta property=\"article:modified_time\" content=\"2024-03-31T09:31:27+00:00\" \/>\n<meta property=\"og:image\" content=\"https:\/\/www.homeinnovations.ch\/wp\/wp-content\/uploads\/315220_CASAFAN_ECO_AIRSCREW_BN_152_GW_FLUEGEL_GREYWASHED_EICHE_GEALTERT_200x200.jpg\" \/>\n\t<meta property=\"og:image:width\" content=\"200\" \/>\n\t<meta property=\"og:image:height\" content=\"101\" \/>\n\t<meta property=\"og:image:type\" content=\"image\/jpeg\" \/>\n<meta name=\"twitter:card\" content=\"summary_large_image\" \/>\n<meta name=\"twitter:label1\" content=\"Availability\" \/>\n\t<meta name=\"twitter:data1\" content=\"In stock\" \/>\n<script type=\"application\/ld+json\" class=\"yoast-schema-graph\">{\"@context\":\"https:\/\/schema.org\",\"@graph\":[{\"@type\":\"WebPage\",\"@id\":\"https:\/\/www.homeinnovations.ch\/wp\/?product=eco-airscrew\",\"url\":\"https:\/\/www.homeinnovations.ch\/wp\/?product=eco-airscrew\",\"name\":\"Deckenventilator Eco Airscrew \u00d8 152 - Homeinnovations\",\"isPartOf\":{\"@id\":\"https:\/\/www.homeinnovations.ch\/wp\/#website\"},\"primaryImageOfPage\":{\"@id\":\"https:\/\/www.homeinnovations.ch\/wp\/?product=eco-airscrew#primaryimage\"},\"image\":{\"@id\":\"https:\/\/www.homeinnovations.ch\/wp\/?product=eco-airscrew#primaryimage\"},\"thumbnailUrl\":\"https:\/\/www.homeinnovations.ch\/wp\/wp-content\/uploads\/315220_CASAFAN_ECO_AIRSCREW_BN_152_GW_FLUEGEL_GREYWASHED_EICHE_GEALTERT_200x200.jpg\",\"datePublished\":\"2018-09-23T20:54:17+00:00\",\"dateModified\":\"2024-03-31T09:31:27+00:00\",\"breadcrumb\":{\"@id\":\"https:\/\/www.homeinnovations.ch\/wp\/?product=eco-airscrew#breadcrumb\"},\"inLanguage\":\"de-CH\",\"potentialAction\":[{\"@type\":\"ReadAction\",\"target\":[\"https:\/\/www.homeinnovations.ch\/wp\/?product=eco-airscrew\"]}]},{\"@type\":\"ImageObject\",\"inLanguage\":\"de-CH\",\"@id\":\"https:\/\/www.homeinnovations.ch\/wp\/?product=eco-airscrew#primaryimage\",\"url\":\"https:\/\/www.homeinnovations.ch\/wp\/wp-content\/uploads\/315220_CASAFAN_ECO_AIRSCREW_BN_152_GW_FLUEGEL_GREYWASHED_EICHE_GEALTERT_200x200.jpg\",\"contentUrl\":\"https:\/\/www.homeinnovations.ch\/wp\/wp-content\/uploads\/315220_CASAFAN_ECO_AIRSCREW_BN_152_GW_FLUEGEL_GREYWASHED_EICHE_GEALTERT_200x200.jpg\",\"width\":200,\"height\":101},{\"@type\":\"BreadcrumbList\",\"@id\":\"https:\/\/www.homeinnovations.ch\/wp\/?product=eco-airscrew#breadcrumb\",\"itemListElement\":[{\"@type\":\"ListItem\",\"position\":1,\"name\":\"Home\",\"item\":\"https:\/\/www.homeinnovations.ch\/wp\/\"},{\"@type\":\"ListItem\",\"position\":2,\"name\":\"Shop\",\"item\":\"https:\/\/www.homeinnovations.ch\/wp\/?page_id=4\"},{\"@type\":\"ListItem\",\"position\":3,\"name\":\"Deckenventilator Eco Airscrew \u00d8 152\"}]},{\"@type\":\"WebSite\",\"@id\":\"https:\/\/www.homeinnovations.ch\/wp\/#website\",\"url\":\"https:\/\/www.homeinnovations.ch\/wp\/\",\"name\":\"Homeinnovations.ch\",\"description\":\"innovative technik f\u00fcr ihr zuhause\",\"publisher\":{\"@id\":\"https:\/\/www.homeinnovations.ch\/wp\/#organization\"},\"potentialAction\":[{\"@type\":\"SearchAction\",\"target\":{\"@type\":\"EntryPoint\",\"urlTemplate\":\"https:\/\/www.homeinnovations.ch\/wp\/?s={search_term_string}\"},\"query-input\":\"required name=search_term_string\"}],\"inLanguage\":\"de-CH\"},{\"@type\":\"Organization\",\"@id\":\"https:\/\/www.homeinnovations.ch\/wp\/#organization\",\"name\":\"Homeinnovations GmbH\",\"url\":\"https:\/\/www.homeinnovations.ch\/wp\/\",\"logo\":{\"@type\":\"ImageObject\",\"inLanguage\":\"de-CH\",\"@id\":\"https:\/\/www.homeinnovations.ch\/wp\/#\/schema\/logo\/image\/\",\"url\":\"https:\/\/www.homeinnovations.ch\/wp\/wp-content\/uploads\/home-innovations-4f.png\",\"contentUrl\":\"https:\/\/www.homeinnovations.ch\/wp\/wp-content\/uploads\/home-innovations-4f.png\",\"width\":567,\"height\":227,\"caption\":\"Homeinnovations GmbH\"},\"image\":{\"@id\":\"https:\/\/www.homeinnovations.ch\/wp\/#\/schema\/logo\/image\/\"}}]}<\/script>\n<meta property=\"product:brand\" content=\"Deckenventilator\" \/>\n<meta property=\"og:availability\" content=\"instock\" \/>\n<meta property=\"product:availability\" content=\"instock\" \/>\n<meta property=\"product:condition\" content=\"new\" \/>\n<!-- \/ Yoast SEO Premium plugin. -->","yoast_head_json":{"title":"Deckenventilator Eco Airscrew \u00d8 152 - Homeinnovations","robots":{"index":"index","follow":"follow","max-snippet":"max-snippet:-1","max-image-preview":"max-image-preview:large","max-video-preview":"max-video-preview:-1"},"canonical":"https:\/\/www.homeinnovations.ch\/wp\/?product=eco-airscrew","og_locale":"de_DE","og_type":"article","og_title":"Deckenventilator Eco Airscrew \u00d8 152","og_description":"Eco Airscrew mit Fernbedienung Airscrew Eco 152 MS-GW, Energiespar-Deckenventilator, \u00d8 152 cm, Geh\u00e4use matt schwarz, 3 Fl\u00fcgel gefr\u00e4st aus schichtgeleimtem Massivholz, grey washed gealtert gebeizt, inkl. Funk-Fernbedienung (Motor 6 Stufen, Vor-\/R\u00fcckw\u00e4rtslauf) mit Wandhalter, Montage an Deckenschr\u00e4gen bis 16\u00b0, EC\/DC-Motor nur max. 14 Watt , 230 V ~ 50 Hz, mit kurzer Deckenstange, Abstand Decke - Fl\u00fcgel 300 mm, Drehzahl max. 149 U\/min, l\u00e4ngere Deckenstangen f\u00fcr hohe R\u00e4ume erh\u00e4ltlich, nicht f\u00fcr Leuchtenanbau geeignet.    &nbsp;","og_url":"https:\/\/www.homeinnovations.ch\/wp\/?product=eco-airscrew","og_site_name":"Homeinnovations","article_modified_time":"2024-03-31T09:31:27+00:00","og_image":[{"width":200,"height":101,"url":"https:\/\/www.homeinnovations.ch\/wp\/wp-content\/uploads\/315220_CASAFAN_ECO_AIRSCREW_BN_152_GW_FLUEGEL_GREYWASHED_EICHE_GEALTERT_200x200.jpg","type":"image\/jpeg"}],"twitter_card":"summary_large_image","twitter_misc":{"Availability":"In stock"},"schema":{"@context":"https:\/\/schema.org","@graph":[{"@type":"WebPage","@id":"https:\/\/www.homeinnovations.ch\/wp\/?product=eco-airscrew","url":"https:\/\/www.homeinnovations.ch\/wp\/?product=eco-airscrew","name":"Deckenventilator Eco Airscrew \u00d8 152 - Homeinnovations","isPartOf":{"@id":"https:\/\/www.homeinnovations.ch\/wp\/#website"},"primaryImageOfPage":{"@id":"https:\/\/www.homeinnovations.ch\/wp\/?product=eco-airscrew#primaryimage"},"image":{"@id":"https:\/\/www.homeinnovations.ch\/wp\/?product=eco-airscrew#primaryimage"},"thumbnailUrl":"https:\/\/www.homeinnovations.ch\/wp\/wp-content\/uploads\/315220_CASAFAN_ECO_AIRSCREW_BN_152_GW_FLUEGEL_GREYWASHED_EICHE_GEALTERT_200x200.jpg","datePublished":"2018-09-23T20:54:17+00:00","dateModified":"2024-03-31T09:31:27+00:00","breadcrumb":{"@id":"https:\/\/www.homeinnovations.ch\/wp\/?product=eco-airscrew#breadcrumb"},"inLanguage":"de-CH","potentialAction":[{"@type":"ReadAction","target":["https:\/\/www.homeinnovations.ch\/wp\/?product=eco-airscrew"]}]},{"@type":"ImageObject","inLanguage":"de-CH","@id":"https:\/\/www.homeinnovations.ch\/wp\/?product=eco-airscrew#primaryimage","url":"https:\/\/www.homeinnovations.ch\/wp\/wp-content\/uploads\/315220_CASAFAN_ECO_AIRSCREW_BN_152_GW_FLUEGEL_GREYWASHED_EICHE_GEALTERT_200x200.jpg","contentUrl":"https:\/\/www.homeinnovations.ch\/wp\/wp-content\/uploads\/315220_CASAFAN_ECO_AIRSCREW_BN_152_GW_FLUEGEL_GREYWASHED_EICHE_GEALTERT_200x200.jpg","width":200,"height":101},{"@type":"BreadcrumbList","@id":"https:\/\/www.homeinnovations.ch\/wp\/?product=eco-airscrew#breadcrumb","itemListElement":[{"@type":"ListItem","position":1,"name":"Home","item":"https:\/\/www.homeinnovations.ch\/wp\/"},{"@type":"ListItem","position":2,"name":"Shop","item":"https:\/\/www.homeinnovations.ch\/wp\/?page_id=4"},{"@type":"ListItem","position":3,"name":"Deckenventilator Eco Airscrew \u00d8 152"}]},{"@type":"WebSite","@id":"https:\/\/www.homeinnovations.ch\/wp\/#website","url":"https:\/\/www.homeinnovations.ch\/wp\/","name":"Homeinnovations.ch","description":"innovative technik f\u00fcr ihr zuhause","publisher":{"@id":"https:\/\/www.homeinnovations.ch\/wp\/#organization"},"potentialAction":[{"@type":"SearchAction","target":{"@type":"EntryPoint","urlTemplate":"https:\/\/www.homeinnovations.ch\/wp\/?s={search_term_string}"},"query-input":"required name=search_term_string"}],"inLanguage":"de-CH"},{"@type":"Organization","@id":"https:\/\/www.homeinnovations.ch\/wp\/#organization","name":"Homeinnovations GmbH","url":"https:\/\/www.homeinnovations.ch\/wp\/","logo":{"@type":"ImageObject","inLanguage":"de-CH","@id":"https:\/\/www.homeinnovations.ch\/wp\/#\/schema\/logo\/image\/","url":"https:\/\/www.homeinnovations.ch\/wp\/wp-content\/uploads\/home-innovations-4f.png","contentUrl":"https:\/\/www.homeinnovations.ch\/wp\/wp-content\/uploads\/home-innovations-4f.png","width":567,"height":227,"caption":"Homeinnovations GmbH"},"image":{"@id":"https:\/\/www.homeinnovations.ch\/wp\/#\/schema\/logo\/image\/"}}]},"product_brand":"Deckenventilator","og_availability":"instock","product_availability":"instock","product_condition":"new"},"_links":{"self":[{"href":"https:\/\/www.homeinnovations.ch\/wp\/index.php?rest_route=\/wp\/v2\/product\/686"}],"collection":[{"href":"https:\/\/www.homeinnovations.ch\/wp\/index.php?rest_route=\/wp\/v2\/product"}],"about":[{"href":"https:\/\/www.homeinnovations.ch\/wp\/index.php?rest_route=\/wp\/v2\/types\/product"}],"replies":[{"embeddable":true,"href":"https:\/\/www.homeinnovations.ch\/wp\/index.php?rest_route=%2Fwp%2Fv2%2Fcomments&post=686"}],"wp:featuredmedia":[{"embeddable":true,"href":"https:\/\/www.homeinnovations.ch\/wp\/index.php?rest_route=\/wp\/v2\/media\/725"}],"wp:attachment":[{"href":"https:\/\/www.homeinnovations.ch\/wp\/index.php?rest_route=%2Fwp%2Fv2%2Fmedia&parent=686"}],"wp:term":[{"taxonomy":"product_cat","embeddable":true,"href":"https:\/\/www.homeinnovations.ch\/wp\/index.php?rest_route=%2Fwp%2Fv2%2Fproduct_cat&post=686"},{"taxonomy":"product_tag","embeddable":true,"href":"https:\/\/www.homeinnovations.ch\/wp\/index.php?rest_route=%2Fwp%2Fv2%2Fproduct_tag&post=686"}],"curies":[{"name":"wp","href":"https:\/\/api.w.org\/{rel}","templated":true}]}}