{"id":437,"date":"2018-05-14T15:59:54","date_gmt":"2018-05-14T13:59:54","guid":{"rendered":"http:\/\/test.homeinnovations.ch\/wp\/?post_type=product&#038;p=437"},"modified":"2018-11-18T23:03:28","modified_gmt":"2018-11-18T22:03:28","slug":"air-deco-wandgeraet","status":"publish","type":"product","link":"https:\/\/www.homeinnovations.ch\/wp\/?product=air-deco-wandgeraet","title":{"rendered":"Wandger\u00e4t bis 120 m3"},"content":{"rendered":"<div id=\"c48\" class=\"csc-default\">\n<div class=\"csc-textpic csc-textpic-intext-right-nowrap\">\n<div class=\"csc-textpic-text\">\n<div class=\"csc-textpicHeader csc-textpicHeader-25\">\n<h2>Ausstattung \/ Besonderheiten:<\/h2>\n<\/div>\n<ul>\n<li>sensorgesteuert \/ manueller Modus<\/li>\n<li>integrierter Intensit\u00e4tsregler<\/li>\n<li>zur festen Wandmontage<\/li>\n<li>vierstufiger Ventilator<\/li>\n<li>Integrierte Leuchtmittel (optional)<\/li>\n<li>Ma\u00dfe: ca. 380 x 370 x 95 mm<\/li>\n<li>Leistungsaufnahme max. 35 W (inkl.Leuchtmittel, sonst 23 W)<\/li>\n<li>Netzanschluss: 115 oder 230V, 50\/60Hz<\/li>\n<li>je nach Belastung ausreichend f\u00fcr bis zu 120 m\u00b3<\/li>\n<\/ul>\n<\/div>\n<\/div>\n<\/div>\n<div id=\"c49\" class=\"csc-default\">\n<div class=\"csc-header csc-header-n4\">\n<h4>Geeignet f\u00fcr:<\/h4>\n<\/div>\n<p class=\"bodytext\">Wohnungen, Wohnh\u00e4user, Hunde- und Katzenhalter, Allergiker, Raucher, Patienten mit Atemwegserkrankungen, B\u00fcros, Hotels, Gastronomie<\/p>\n<\/div>\n","protected":false},"excerpt":{"rendered":"<h1 class=\"csc-firstHeader\">Wandger\u00e4t bis 120 m3<\/h1>\n<h4 class=\"csc-firstHeader\"><strong>Design vereint mit effizienter Technik<\/strong><\/h4>\n<p class=\"bodytext\">Ein treffendes Beispiel, wie sich gutes Design mit perfekter Technik verbindet, ist das AirDeco Wandger\u00e4t. Die quadratische Front aus geb\u00fcrstetem Edelstahl wird nur von den Luftaustritts- und Lufteintrittsschlitzen unterbrochen, ein kleines rot-gelb-gr\u00fcnes Display zeigt die aktuelle Raumluftqualit\u00e4t an.\u00a0Die optional integrierbaren Leuchtmittel oben und unten machen es zus\u00e4tzlich zu einer Wandleuchte mit indirektem Lichtausfall.<\/p>\n<p class=\"bodytext\">Aber nat\u00fcrlich ist das Produktdesign nur eine Facette des Luftionisierungsger\u00e4t AirDeco Wandger\u00e4t. Keime und Geruchsmolek\u00fcle werden durch Oxidation mittels \u201eaktiviertem Sauerstoff\u201c inaktiviert. So wird die Luftqualit\u00e4t der Innenr\u00e4ume entscheidend verbessert, Schimmelpilze und Bakterien stark reduziert, Ger\u00fcche neutralisiert sowie die Luft mit einer nat\u00fcrlichen Ionenkonzentration angereichert.<\/p>\n","protected":false},"featured_media":946,"comment_status":"closed","ping_status":"closed","template":"","meta":[],"product_cat":[25],"product_tag":[],"yoast_head":"<!-- This site is optimized with the Yoast SEO Premium plugin v22.1 (Yoast SEO v22.5) - https:\/\/yoast.com\/wordpress\/plugins\/seo\/ -->\n<title>Wandger\u00e4t bis 120 m3 - Homeinnovations<\/title>\n<meta name=\"robots\" content=\"index, follow, max-snippet:-1, max-image-preview:large, max-video-preview:-1\" \/>\n<link rel=\"canonical\" href=\"https:\/\/www.homeinnovations.ch\/wp\/?product=air-deco-wandgeraet\" \/>\n<meta property=\"og:locale\" content=\"de_DE\" \/>\n<meta property=\"og:type\" content=\"article\" \/>\n<meta property=\"og:title\" content=\"Wandger\u00e4t bis 120 m3\" \/>\n<meta property=\"og:description\" content=\"Wandger\u00e4t bis 120 m3 Design vereint mit effizienter Technik Ein treffendes Beispiel, wie sich gutes Design mit perfekter Technik verbindet, ist das AirDeco Wandger\u00e4t. Die quadratische Front aus geb\u00fcrstetem Edelstahl wird nur von den Luftaustritts- und Lufteintrittsschlitzen unterbrochen, ein kleines rot-gelb-gr\u00fcnes Display zeigt die aktuelle Raumluftqualit\u00e4t an.\u00a0Die optional integrierbaren Leuchtmittel oben und unten machen es zus\u00e4tzlich zu einer Wandleuchte mit indirektem Lichtausfall. Aber nat\u00fcrlich ist das Produktdesign nur eine Facette des Luftionisierungsger\u00e4t AirDeco Wandger\u00e4t. Keime und Geruchsmolek\u00fcle werden durch Oxidation mittels \u201eaktiviertem Sauerstoff\u201c inaktiviert. So wird die Luftqualit\u00e4t der Innenr\u00e4ume entscheidend verbessert, Schimmelpilze und Bakterien stark reduziert, Ger\u00fcche neutralisiert sowie die Luft mit einer nat\u00fcrlichen Ionenkonzentration angereichert.\" \/>\n<meta property=\"og:url\" content=\"https:\/\/www.homeinnovations.ch\/wp\/?product=air-deco-wandgeraet\" \/>\n<meta property=\"og:site_name\" content=\"Homeinnovations\" \/>\n<meta property=\"article:modified_time\" content=\"2018-11-18T22:03:28+00:00\" \/>\n<meta property=\"og:image\" content=\"https:\/\/www.homeinnovations.ch\/wp\/wp-content\/uploads\/Wandger\u00e4t-mit-Licht-1.jpg\" \/>\n\t<meta property=\"og:image:width\" content=\"254\" \/>\n\t<meta property=\"og:image:height\" content=\"143\" \/>\n\t<meta property=\"og:image:type\" content=\"image\/jpeg\" \/>\n<meta name=\"twitter:card\" content=\"summary_large_image\" \/>\n<meta name=\"twitter:label1\" content=\"Price\" \/>\n\t<meta name=\"twitter:data1\" content=\"1'549.00&nbsp;&#67;&#72;&#70;\" \/>\n\t<meta name=\"twitter:label2\" content=\"Availability\" \/>\n\t<meta name=\"twitter:data2\" content=\"In stock\" \/>\n<script type=\"application\/ld+json\" class=\"yoast-schema-graph\">{\"@context\":\"https:\/\/schema.org\",\"@graph\":[{\"@type\":\"WebPage\",\"@id\":\"https:\/\/www.homeinnovations.ch\/wp\/?product=air-deco-wandgeraet\",\"url\":\"https:\/\/www.homeinnovations.ch\/wp\/?product=air-deco-wandgeraet\",\"name\":\"Wandger\u00e4t bis 120 m3 - Homeinnovations\",\"isPartOf\":{\"@id\":\"https:\/\/www.homeinnovations.ch\/wp\/#website\"},\"primaryImageOfPage\":{\"@id\":\"https:\/\/www.homeinnovations.ch\/wp\/?product=air-deco-wandgeraet#primaryimage\"},\"image\":{\"@id\":\"https:\/\/www.homeinnovations.ch\/wp\/?product=air-deco-wandgeraet#primaryimage\"},\"thumbnailUrl\":\"https:\/\/www.homeinnovations.ch\/wp\/wp-content\/uploads\/Wandger\u00e4t-mit-Licht-1.jpg\",\"datePublished\":\"2018-05-14T13:59:54+00:00\",\"dateModified\":\"2018-11-18T22:03:28+00:00\",\"breadcrumb\":{\"@id\":\"https:\/\/www.homeinnovations.ch\/wp\/?product=air-deco-wandgeraet#breadcrumb\"},\"inLanguage\":\"de-CH\",\"potentialAction\":[{\"@type\":\"ReadAction\",\"target\":[\"https:\/\/www.homeinnovations.ch\/wp\/?product=air-deco-wandgeraet\"]}]},{\"@type\":\"ImageObject\",\"inLanguage\":\"de-CH\",\"@id\":\"https:\/\/www.homeinnovations.ch\/wp\/?product=air-deco-wandgeraet#primaryimage\",\"url\":\"https:\/\/www.homeinnovations.ch\/wp\/wp-content\/uploads\/Wandger\u00e4t-mit-Licht-1.jpg\",\"contentUrl\":\"https:\/\/www.homeinnovations.ch\/wp\/wp-content\/uploads\/Wandger\u00e4t-mit-Licht-1.jpg\",\"width\":254,\"height\":143},{\"@type\":\"BreadcrumbList\",\"@id\":\"https:\/\/www.homeinnovations.ch\/wp\/?product=air-deco-wandgeraet#breadcrumb\",\"itemListElement\":[{\"@type\":\"ListItem\",\"position\":1,\"name\":\"Home\",\"item\":\"https:\/\/www.homeinnovations.ch\/wp\/\"},{\"@type\":\"ListItem\",\"position\":2,\"name\":\"Shop\",\"item\":\"https:\/\/www.homeinnovations.ch\/wp\/?page_id=4\"},{\"@type\":\"ListItem\",\"position\":3,\"name\":\"Wandger\u00e4t bis 120 m3\"}]},{\"@type\":\"WebSite\",\"@id\":\"https:\/\/www.homeinnovations.ch\/wp\/#website\",\"url\":\"https:\/\/www.homeinnovations.ch\/wp\/\",\"name\":\"Homeinnovations.ch\",\"description\":\"innovative technik f\u00fcr ihr zuhause\",\"publisher\":{\"@id\":\"https:\/\/www.homeinnovations.ch\/wp\/#organization\"},\"potentialAction\":[{\"@type\":\"SearchAction\",\"target\":{\"@type\":\"EntryPoint\",\"urlTemplate\":\"https:\/\/www.homeinnovations.ch\/wp\/?s={search_term_string}\"},\"query-input\":\"required name=search_term_string\"}],\"inLanguage\":\"de-CH\"},{\"@type\":\"Organization\",\"@id\":\"https:\/\/www.homeinnovations.ch\/wp\/#organization\",\"name\":\"Homeinnovations GmbH\",\"url\":\"https:\/\/www.homeinnovations.ch\/wp\/\",\"logo\":{\"@type\":\"ImageObject\",\"inLanguage\":\"de-CH\",\"@id\":\"https:\/\/www.homeinnovations.ch\/wp\/#\/schema\/logo\/image\/\",\"url\":\"https:\/\/www.homeinnovations.ch\/wp\/wp-content\/uploads\/home-innovations-4f.png\",\"contentUrl\":\"https:\/\/www.homeinnovations.ch\/wp\/wp-content\/uploads\/home-innovations-4f.png\",\"width\":567,\"height\":227,\"caption\":\"Homeinnovations GmbH\"},\"image\":{\"@id\":\"https:\/\/www.homeinnovations.ch\/wp\/#\/schema\/logo\/image\/\"}}]}<\/script>\n<meta property=\"product:brand\" content=\"Luftreinigung durch Ionisation\" \/>\n<meta property=\"product:price:amount\" content=\"1549.00\" \/>\n<meta property=\"product:price:currency\" content=\"CHF\" \/>\n<meta property=\"og:availability\" content=\"instock\" \/>\n<meta property=\"product:availability\" content=\"instock\" \/>\n<meta property=\"product:retailer_item_id\" content=\"212.43.73.21\" \/>\n<meta property=\"product:condition\" content=\"new\" \/>\n<!-- \/ Yoast SEO Premium plugin. -->","yoast_head_json":{"title":"Wandger\u00e4t bis 120 m3 - Homeinnovations","robots":{"index":"index","follow":"follow","max-snippet":"max-snippet:-1","max-image-preview":"max-image-preview:large","max-video-preview":"max-video-preview:-1"},"canonical":"https:\/\/www.homeinnovations.ch\/wp\/?product=air-deco-wandgeraet","og_locale":"de_DE","og_type":"article","og_title":"Wandger\u00e4t bis 120 m3","og_description":"Wandger\u00e4t bis 120 m3 Design vereint mit effizienter Technik Ein treffendes Beispiel, wie sich gutes Design mit perfekter Technik verbindet, ist das AirDeco Wandger\u00e4t. Die quadratische Front aus geb\u00fcrstetem Edelstahl wird nur von den Luftaustritts- und Lufteintrittsschlitzen unterbrochen, ein kleines rot-gelb-gr\u00fcnes Display zeigt die aktuelle Raumluftqualit\u00e4t an.\u00a0Die optional integrierbaren Leuchtmittel oben und unten machen es zus\u00e4tzlich zu einer Wandleuchte mit indirektem Lichtausfall. Aber nat\u00fcrlich ist das Produktdesign nur eine Facette des Luftionisierungsger\u00e4t AirDeco Wandger\u00e4t. Keime und Geruchsmolek\u00fcle werden durch Oxidation mittels \u201eaktiviertem Sauerstoff\u201c inaktiviert. So wird die Luftqualit\u00e4t der Innenr\u00e4ume entscheidend verbessert, Schimmelpilze und Bakterien stark reduziert, Ger\u00fcche neutralisiert sowie die Luft mit einer nat\u00fcrlichen Ionenkonzentration angereichert.","og_url":"https:\/\/www.homeinnovations.ch\/wp\/?product=air-deco-wandgeraet","og_site_name":"Homeinnovations","article_modified_time":"2018-11-18T22:03:28+00:00","og_image":[{"width":254,"height":143,"url":"https:\/\/www.homeinnovations.ch\/wp\/wp-content\/uploads\/Wandger\u00e4t-mit-Licht-1.jpg","type":"image\/jpeg"}],"twitter_card":"summary_large_image","twitter_misc":{"Price":"1'549.00&nbsp;&#67;&#72;&#70;","Availability":"In stock"},"schema":{"@context":"https:\/\/schema.org","@graph":[{"@type":"WebPage","@id":"https:\/\/www.homeinnovations.ch\/wp\/?product=air-deco-wandgeraet","url":"https:\/\/www.homeinnovations.ch\/wp\/?product=air-deco-wandgeraet","name":"Wandger\u00e4t bis 120 m3 - Homeinnovations","isPartOf":{"@id":"https:\/\/www.homeinnovations.ch\/wp\/#website"},"primaryImageOfPage":{"@id":"https:\/\/www.homeinnovations.ch\/wp\/?product=air-deco-wandgeraet#primaryimage"},"image":{"@id":"https:\/\/www.homeinnovations.ch\/wp\/?product=air-deco-wandgeraet#primaryimage"},"thumbnailUrl":"https:\/\/www.homeinnovations.ch\/wp\/wp-content\/uploads\/Wandger\u00e4t-mit-Licht-1.jpg","datePublished":"2018-05-14T13:59:54+00:00","dateModified":"2018-11-18T22:03:28+00:00","breadcrumb":{"@id":"https:\/\/www.homeinnovations.ch\/wp\/?product=air-deco-wandgeraet#breadcrumb"},"inLanguage":"de-CH","potentialAction":[{"@type":"ReadAction","target":["https:\/\/www.homeinnovations.ch\/wp\/?product=air-deco-wandgeraet"]}]},{"@type":"ImageObject","inLanguage":"de-CH","@id":"https:\/\/www.homeinnovations.ch\/wp\/?product=air-deco-wandgeraet#primaryimage","url":"https:\/\/www.homeinnovations.ch\/wp\/wp-content\/uploads\/Wandger\u00e4t-mit-Licht-1.jpg","contentUrl":"https:\/\/www.homeinnovations.ch\/wp\/wp-content\/uploads\/Wandger\u00e4t-mit-Licht-1.jpg","width":254,"height":143},{"@type":"BreadcrumbList","@id":"https:\/\/www.homeinnovations.ch\/wp\/?product=air-deco-wandgeraet#breadcrumb","itemListElement":[{"@type":"ListItem","position":1,"name":"Home","item":"https:\/\/www.homeinnovations.ch\/wp\/"},{"@type":"ListItem","position":2,"name":"Shop","item":"https:\/\/www.homeinnovations.ch\/wp\/?page_id=4"},{"@type":"ListItem","position":3,"name":"Wandger\u00e4t bis 120 m3"}]},{"@type":"WebSite","@id":"https:\/\/www.homeinnovations.ch\/wp\/#website","url":"https:\/\/www.homeinnovations.ch\/wp\/","name":"Homeinnovations.ch","description":"innovative technik f\u00fcr ihr zuhause","publisher":{"@id":"https:\/\/www.homeinnovations.ch\/wp\/#organization"},"potentialAction":[{"@type":"SearchAction","target":{"@type":"EntryPoint","urlTemplate":"https:\/\/www.homeinnovations.ch\/wp\/?s={search_term_string}"},"query-input":"required name=search_term_string"}],"inLanguage":"de-CH"},{"@type":"Organization","@id":"https:\/\/www.homeinnovations.ch\/wp\/#organization","name":"Homeinnovations GmbH","url":"https:\/\/www.homeinnovations.ch\/wp\/","logo":{"@type":"ImageObject","inLanguage":"de-CH","@id":"https:\/\/www.homeinnovations.ch\/wp\/#\/schema\/logo\/image\/","url":"https:\/\/www.homeinnovations.ch\/wp\/wp-content\/uploads\/home-innovations-4f.png","contentUrl":"https:\/\/www.homeinnovations.ch\/wp\/wp-content\/uploads\/home-innovations-4f.png","width":567,"height":227,"caption":"Homeinnovations GmbH"},"image":{"@id":"https:\/\/www.homeinnovations.ch\/wp\/#\/schema\/logo\/image\/"}}]},"product_brand":"Luftreinigung durch Ionisation","product_price_amount":"1549.00","product_price_currency":"CHF","og_availability":"instock","product_availability":"instock","product_retailer_item_id":"212.43.73.21","product_condition":"new"},"_links":{"self":[{"href":"https:\/\/www.homeinnovations.ch\/wp\/index.php?rest_route=\/wp\/v2\/product\/437"}],"collection":[{"href":"https:\/\/www.homeinnovations.ch\/wp\/index.php?rest_route=\/wp\/v2\/product"}],"about":[{"href":"https:\/\/www.homeinnovations.ch\/wp\/index.php?rest_route=\/wp\/v2\/types\/product"}],"replies":[{"embeddable":true,"href":"https:\/\/www.homeinnovations.ch\/wp\/index.php?rest_route=%2Fwp%2Fv2%2Fcomments&post=437"}],"wp:featuredmedia":[{"embeddable":true,"href":"https:\/\/www.homeinnovations.ch\/wp\/index.php?rest_route=\/wp\/v2\/media\/946"}],"wp:attachment":[{"href":"https:\/\/www.homeinnovations.ch\/wp\/index.php?rest_route=%2Fwp%2Fv2%2Fmedia&parent=437"}],"wp:term":[{"taxonomy":"product_cat","embeddable":true,"href":"https:\/\/www.homeinnovations.ch\/wp\/index.php?rest_route=%2Fwp%2Fv2%2Fproduct_cat&post=437"},{"taxonomy":"product_tag","embeddable":true,"href":"https:\/\/www.homeinnovations.ch\/wp\/index.php?rest_route=%2Fwp%2Fv2%2Fproduct_tag&post=437"}],"curies":[{"name":"wp","href":"https:\/\/api.w.org\/{rel}","templated":true}]}}