{"id":433,"date":"2018-05-14T15:48:01","date_gmt":"2018-05-14T13:48:01","guid":{"rendered":"http:\/\/test.homeinnovations.ch\/wp\/?post_type=product&#038;p=433"},"modified":"2018-10-09T14:25:25","modified_gmt":"2018-10-09T12:25:25","slug":"air-deco-pyramide","status":"publish","type":"product","link":"https:\/\/www.homeinnovations.ch\/wp\/?product=air-deco-pyramide","title":{"rendered":"Pyramide bis 80 m3"},"content":{"rendered":"<div id=\"c36\" class=\"csc-default\">\n<div class=\"csc-textpic csc-textpic-intext-right-nowrap\">\n<div class=\"csc-textpic-text\">\n<div class=\"csc-textpicHeader csc-textpicHeader-25\">\n<h2>Ausstattung \/ Besonderheiten:<\/h2>\n<\/div>\n<ul>\n<li>sensorgesteuert\/manueller Modus<\/li>\n<li>integrierter Intensit\u00e4tsregler<\/li>\n<li>leistungsstarkes Kleinger\u00e4t<\/li>\n<li>flexibel einsetzbar<\/li>\n<li>Ma\u00dfe: ca. 160 x 160 x 160 mm<\/li>\n<li>Netzteil 100 \u2013 240V<\/li>\n<li>je nach Belastung ausreichend f\u00fcr bis zu 80 m\u00b3<\/li>\n<li>Leistungsaufnahme max. 7 W<\/li>\n<li>Farben: schwarz \/ wei\u00df \/ silber \/ dunkelperlgrau<\/li>\n<li>internationale Adapter optional lieferbar<\/li>\n<\/ul>\n<\/div>\n<\/div>\n<\/div>\n<div id=\"c37\" class=\"csc-default\">\n<div class=\"csc-header csc-header-n4\">\n<h4>Geeignet f\u00fcr:<\/h4>\n<\/div>\n<p class=\"bodytext\">Wohnungen, Wohnh\u00e4user, Hunde- und Katzenhalter, Allergiker, Raucher, Patienten mit Atemwegserkrankungen<\/p>\n<\/div>\n","protected":false},"excerpt":{"rendered":"<h1 class=\"csc-firstHeader\">Pyramide bis 80 m3<\/h1>\n<h4 class=\"csc-firstHeader\"><strong>F\u00fcr gesunde Raumluft in Ihrem Zuhause<\/strong><\/h4>\n<p class=\"bodytext\">Die Pyramide nimmt in der Geometrie eine Sonderstellung ein. Seit Jahrtausenden sind Menschen von dem Ebenma\u00df dieses K\u00f6rpers fasziniert. Hier verschmelzen Praktikabilit\u00e4t und moderne Gestaltung zu einem wundersch\u00f6nen Blickfang.<\/p>\n<p class=\"bodytext\">Sie k\u00f6nnen die AirDeco Pyramide sowohl im Dauereinsatz als auch kurzfristig \u2013 etwa zur Beseitigung starker Ger\u00fcche \u2013 in einem bis zu 80m\u00b3 gro\u00dfen Raum einsetzen. Platzieren Sie das trotz seiner geringen Gr\u00f6\u00dfe leistungsstarke Luftionisationsger\u00e4t in der N\u00e4he der Emissionsquelle. Die Pyramide neutralisiert Ger\u00fcche aller Art, dazu Pollen, Keime wie Bakterien und Schimmelpilze: Sicher, sauber, wirksam.<\/p>\n","protected":false},"featured_media":944,"comment_status":"closed","ping_status":"closed","template":"","meta":[],"product_cat":[25],"product_tag":[],"yoast_head":"<!-- This site is optimized with the Yoast SEO Premium plugin v22.1 (Yoast SEO v22.5) - https:\/\/yoast.com\/wordpress\/plugins\/seo\/ -->\n<title>Pyramide bis 80 m3 - Homeinnovations<\/title>\n<meta name=\"robots\" content=\"index, follow, max-snippet:-1, max-image-preview:large, max-video-preview:-1\" \/>\n<link rel=\"canonical\" href=\"https:\/\/www.homeinnovations.ch\/wp\/?product=air-deco-pyramide\" \/>\n<meta property=\"og:locale\" content=\"de_DE\" \/>\n<meta property=\"og:type\" content=\"article\" \/>\n<meta property=\"og:title\" content=\"Pyramide bis 80 m3\" \/>\n<meta property=\"og:description\" content=\"Pyramide bis 80 m3 F\u00fcr gesunde Raumluft in Ihrem Zuhause Die Pyramide nimmt in der Geometrie eine Sonderstellung ein. Seit Jahrtausenden sind Menschen von dem Ebenma\u00df dieses K\u00f6rpers fasziniert. Hier verschmelzen Praktikabilit\u00e4t und moderne Gestaltung zu einem wundersch\u00f6nen Blickfang. Sie k\u00f6nnen die AirDeco Pyramide sowohl im Dauereinsatz als auch kurzfristig \u2013 etwa zur Beseitigung starker Ger\u00fcche \u2013 in einem bis zu 80m\u00b3 gro\u00dfen Raum einsetzen. Platzieren Sie das trotz seiner geringen Gr\u00f6\u00dfe leistungsstarke Luftionisationsger\u00e4t in der N\u00e4he der Emissionsquelle. Die Pyramide neutralisiert Ger\u00fcche aller Art, dazu Pollen, Keime wie Bakterien und Schimmelpilze: Sicher, sauber, wirksam.\" \/>\n<meta property=\"og:url\" content=\"https:\/\/www.homeinnovations.ch\/wp\/?product=air-deco-pyramide\" \/>\n<meta property=\"og:site_name\" content=\"Homeinnovations\" \/>\n<meta property=\"article:modified_time\" content=\"2018-10-09T12:25:25+00:00\" \/>\n<meta property=\"og:image\" content=\"https:\/\/www.homeinnovations.ch\/wp\/wp-content\/uploads\/pyramide_web-348x229-1-324x213-1.jpg\" \/>\n\t<meta property=\"og:image:width\" content=\"324\" \/>\n\t<meta property=\"og:image:height\" content=\"182\" \/>\n\t<meta property=\"og:image:type\" content=\"image\/jpeg\" \/>\n<meta name=\"twitter:card\" content=\"summary_large_image\" \/>\n<meta name=\"twitter:label1\" content=\"Availability\" \/>\n\t<meta name=\"twitter:data1\" content=\"In stock\" \/>\n<script type=\"application\/ld+json\" class=\"yoast-schema-graph\">{\"@context\":\"https:\/\/schema.org\",\"@graph\":[{\"@type\":\"WebPage\",\"@id\":\"https:\/\/www.homeinnovations.ch\/wp\/?product=air-deco-pyramide\",\"url\":\"https:\/\/www.homeinnovations.ch\/wp\/?product=air-deco-pyramide\",\"name\":\"Pyramide bis 80 m3 - Homeinnovations\",\"isPartOf\":{\"@id\":\"https:\/\/www.homeinnovations.ch\/wp\/#website\"},\"primaryImageOfPage\":{\"@id\":\"https:\/\/www.homeinnovations.ch\/wp\/?product=air-deco-pyramide#primaryimage\"},\"image\":{\"@id\":\"https:\/\/www.homeinnovations.ch\/wp\/?product=air-deco-pyramide#primaryimage\"},\"thumbnailUrl\":\"https:\/\/www.homeinnovations.ch\/wp\/wp-content\/uploads\/pyramide_web-348x229-1-324x213-1.jpg\",\"datePublished\":\"2018-05-14T13:48:01+00:00\",\"dateModified\":\"2018-10-09T12:25:25+00:00\",\"breadcrumb\":{\"@id\":\"https:\/\/www.homeinnovations.ch\/wp\/?product=air-deco-pyramide#breadcrumb\"},\"inLanguage\":\"de-CH\",\"potentialAction\":[{\"@type\":\"ReadAction\",\"target\":[\"https:\/\/www.homeinnovations.ch\/wp\/?product=air-deco-pyramide\"]}]},{\"@type\":\"ImageObject\",\"inLanguage\":\"de-CH\",\"@id\":\"https:\/\/www.homeinnovations.ch\/wp\/?product=air-deco-pyramide#primaryimage\",\"url\":\"https:\/\/www.homeinnovations.ch\/wp\/wp-content\/uploads\/pyramide_web-348x229-1-324x213-1.jpg\",\"contentUrl\":\"https:\/\/www.homeinnovations.ch\/wp\/wp-content\/uploads\/pyramide_web-348x229-1-324x213-1.jpg\",\"width\":324,\"height\":182},{\"@type\":\"BreadcrumbList\",\"@id\":\"https:\/\/www.homeinnovations.ch\/wp\/?product=air-deco-pyramide#breadcrumb\",\"itemListElement\":[{\"@type\":\"ListItem\",\"position\":1,\"name\":\"Home\",\"item\":\"https:\/\/www.homeinnovations.ch\/wp\/\"},{\"@type\":\"ListItem\",\"position\":2,\"name\":\"Shop\",\"item\":\"https:\/\/www.homeinnovations.ch\/wp\/?page_id=4\"},{\"@type\":\"ListItem\",\"position\":3,\"name\":\"Pyramide bis 80 m3\"}]},{\"@type\":\"WebSite\",\"@id\":\"https:\/\/www.homeinnovations.ch\/wp\/#website\",\"url\":\"https:\/\/www.homeinnovations.ch\/wp\/\",\"name\":\"Homeinnovations.ch\",\"description\":\"innovative technik f\u00fcr ihr zuhause\",\"publisher\":{\"@id\":\"https:\/\/www.homeinnovations.ch\/wp\/#organization\"},\"potentialAction\":[{\"@type\":\"SearchAction\",\"target\":{\"@type\":\"EntryPoint\",\"urlTemplate\":\"https:\/\/www.homeinnovations.ch\/wp\/?s={search_term_string}\"},\"query-input\":\"required name=search_term_string\"}],\"inLanguage\":\"de-CH\"},{\"@type\":\"Organization\",\"@id\":\"https:\/\/www.homeinnovations.ch\/wp\/#organization\",\"name\":\"Homeinnovations GmbH\",\"url\":\"https:\/\/www.homeinnovations.ch\/wp\/\",\"logo\":{\"@type\":\"ImageObject\",\"inLanguage\":\"de-CH\",\"@id\":\"https:\/\/www.homeinnovations.ch\/wp\/#\/schema\/logo\/image\/\",\"url\":\"https:\/\/www.homeinnovations.ch\/wp\/wp-content\/uploads\/home-innovations-4f.png\",\"contentUrl\":\"https:\/\/www.homeinnovations.ch\/wp\/wp-content\/uploads\/home-innovations-4f.png\",\"width\":567,\"height\":227,\"caption\":\"Homeinnovations GmbH\"},\"image\":{\"@id\":\"https:\/\/www.homeinnovations.ch\/wp\/#\/schema\/logo\/image\/\"}}]}<\/script>\n<meta property=\"product:brand\" content=\"Luftreinigung durch Ionisation\" \/>\n<meta property=\"og:availability\" content=\"instock\" \/>\n<meta property=\"product:availability\" content=\"instock\" \/>\n<meta property=\"product:condition\" content=\"new\" \/>\n<!-- \/ Yoast SEO Premium plugin. -->","yoast_head_json":{"title":"Pyramide bis 80 m3 - Homeinnovations","robots":{"index":"index","follow":"follow","max-snippet":"max-snippet:-1","max-image-preview":"max-image-preview:large","max-video-preview":"max-video-preview:-1"},"canonical":"https:\/\/www.homeinnovations.ch\/wp\/?product=air-deco-pyramide","og_locale":"de_DE","og_type":"article","og_title":"Pyramide bis 80 m3","og_description":"Pyramide bis 80 m3 F\u00fcr gesunde Raumluft in Ihrem Zuhause Die Pyramide nimmt in der Geometrie eine Sonderstellung ein. Seit Jahrtausenden sind Menschen von dem Ebenma\u00df dieses K\u00f6rpers fasziniert. Hier verschmelzen Praktikabilit\u00e4t und moderne Gestaltung zu einem wundersch\u00f6nen Blickfang. Sie k\u00f6nnen die AirDeco Pyramide sowohl im Dauereinsatz als auch kurzfristig \u2013 etwa zur Beseitigung starker Ger\u00fcche \u2013 in einem bis zu 80m\u00b3 gro\u00dfen Raum einsetzen. Platzieren Sie das trotz seiner geringen Gr\u00f6\u00dfe leistungsstarke Luftionisationsger\u00e4t in der N\u00e4he der Emissionsquelle. Die Pyramide neutralisiert Ger\u00fcche aller Art, dazu Pollen, Keime wie Bakterien und Schimmelpilze: Sicher, sauber, wirksam.","og_url":"https:\/\/www.homeinnovations.ch\/wp\/?product=air-deco-pyramide","og_site_name":"Homeinnovations","article_modified_time":"2018-10-09T12:25:25+00:00","og_image":[{"width":324,"height":182,"url":"https:\/\/www.homeinnovations.ch\/wp\/wp-content\/uploads\/pyramide_web-348x229-1-324x213-1.jpg","type":"image\/jpeg"}],"twitter_card":"summary_large_image","twitter_misc":{"Availability":"In stock"},"schema":{"@context":"https:\/\/schema.org","@graph":[{"@type":"WebPage","@id":"https:\/\/www.homeinnovations.ch\/wp\/?product=air-deco-pyramide","url":"https:\/\/www.homeinnovations.ch\/wp\/?product=air-deco-pyramide","name":"Pyramide bis 80 m3 - Homeinnovations","isPartOf":{"@id":"https:\/\/www.homeinnovations.ch\/wp\/#website"},"primaryImageOfPage":{"@id":"https:\/\/www.homeinnovations.ch\/wp\/?product=air-deco-pyramide#primaryimage"},"image":{"@id":"https:\/\/www.homeinnovations.ch\/wp\/?product=air-deco-pyramide#primaryimage"},"thumbnailUrl":"https:\/\/www.homeinnovations.ch\/wp\/wp-content\/uploads\/pyramide_web-348x229-1-324x213-1.jpg","datePublished":"2018-05-14T13:48:01+00:00","dateModified":"2018-10-09T12:25:25+00:00","breadcrumb":{"@id":"https:\/\/www.homeinnovations.ch\/wp\/?product=air-deco-pyramide#breadcrumb"},"inLanguage":"de-CH","potentialAction":[{"@type":"ReadAction","target":["https:\/\/www.homeinnovations.ch\/wp\/?product=air-deco-pyramide"]}]},{"@type":"ImageObject","inLanguage":"de-CH","@id":"https:\/\/www.homeinnovations.ch\/wp\/?product=air-deco-pyramide#primaryimage","url":"https:\/\/www.homeinnovations.ch\/wp\/wp-content\/uploads\/pyramide_web-348x229-1-324x213-1.jpg","contentUrl":"https:\/\/www.homeinnovations.ch\/wp\/wp-content\/uploads\/pyramide_web-348x229-1-324x213-1.jpg","width":324,"height":182},{"@type":"BreadcrumbList","@id":"https:\/\/www.homeinnovations.ch\/wp\/?product=air-deco-pyramide#breadcrumb","itemListElement":[{"@type":"ListItem","position":1,"name":"Home","item":"https:\/\/www.homeinnovations.ch\/wp\/"},{"@type":"ListItem","position":2,"name":"Shop","item":"https:\/\/www.homeinnovations.ch\/wp\/?page_id=4"},{"@type":"ListItem","position":3,"name":"Pyramide bis 80 m3"}]},{"@type":"WebSite","@id":"https:\/\/www.homeinnovations.ch\/wp\/#website","url":"https:\/\/www.homeinnovations.ch\/wp\/","name":"Homeinnovations.ch","description":"innovative technik f\u00fcr ihr zuhause","publisher":{"@id":"https:\/\/www.homeinnovations.ch\/wp\/#organization"},"potentialAction":[{"@type":"SearchAction","target":{"@type":"EntryPoint","urlTemplate":"https:\/\/www.homeinnovations.ch\/wp\/?s={search_term_string}"},"query-input":"required name=search_term_string"}],"inLanguage":"de-CH"},{"@type":"Organization","@id":"https:\/\/www.homeinnovations.ch\/wp\/#organization","name":"Homeinnovations GmbH","url":"https:\/\/www.homeinnovations.ch\/wp\/","logo":{"@type":"ImageObject","inLanguage":"de-CH","@id":"https:\/\/www.homeinnovations.ch\/wp\/#\/schema\/logo\/image\/","url":"https:\/\/www.homeinnovations.ch\/wp\/wp-content\/uploads\/home-innovations-4f.png","contentUrl":"https:\/\/www.homeinnovations.ch\/wp\/wp-content\/uploads\/home-innovations-4f.png","width":567,"height":227,"caption":"Homeinnovations GmbH"},"image":{"@id":"https:\/\/www.homeinnovations.ch\/wp\/#\/schema\/logo\/image\/"}}]},"product_brand":"Luftreinigung durch Ionisation","og_availability":"instock","product_availability":"instock","product_condition":"new"},"_links":{"self":[{"href":"https:\/\/www.homeinnovations.ch\/wp\/index.php?rest_route=\/wp\/v2\/product\/433"}],"collection":[{"href":"https:\/\/www.homeinnovations.ch\/wp\/index.php?rest_route=\/wp\/v2\/product"}],"about":[{"href":"https:\/\/www.homeinnovations.ch\/wp\/index.php?rest_route=\/wp\/v2\/types\/product"}],"replies":[{"embeddable":true,"href":"https:\/\/www.homeinnovations.ch\/wp\/index.php?rest_route=%2Fwp%2Fv2%2Fcomments&post=433"}],"wp:featuredmedia":[{"embeddable":true,"href":"https:\/\/www.homeinnovations.ch\/wp\/index.php?rest_route=\/wp\/v2\/media\/944"}],"wp:attachment":[{"href":"https:\/\/www.homeinnovations.ch\/wp\/index.php?rest_route=%2Fwp%2Fv2%2Fmedia&parent=433"}],"wp:term":[{"taxonomy":"product_cat","embeddable":true,"href":"https:\/\/www.homeinnovations.ch\/wp\/index.php?rest_route=%2Fwp%2Fv2%2Fproduct_cat&post=433"},{"taxonomy":"product_tag","embeddable":true,"href":"https:\/\/www.homeinnovations.ch\/wp\/index.php?rest_route=%2Fwp%2Fv2%2Fproduct_tag&post=433"}],"curies":[{"name":"wp","href":"https:\/\/api.w.org\/{rel}","templated":true}]}}