{"id":432,"date":"2018-05-14T15:43:32","date_gmt":"2018-05-14T13:43:32","guid":{"rendered":"http:\/\/test.homeinnovations.ch\/wp\/?post_type=product&#038;p=432"},"modified":"2018-10-02T01:49:37","modified_gmt":"2018-10-01T23:49:37","slug":"air-deco-reisen","status":"publish","type":"product","link":"https:\/\/www.homeinnovations.ch\/wp\/?product=air-deco-reisen","title":{"rendered":"Reisen bis 40 m3"},"content":{"rendered":"<div id=\"c243\" class=\"csc-default\">\n<div class=\"csc-textpic csc-textpic-intext-right-nowrap\">\n<div class=\"csc-textpic-text\">\n<div class=\"csc-textpicHeader csc-textpicHeader-25\">\n<h2>Ausstattung \/ Besonderheiten<\/h2>\n<\/div>\n<ul>\n<li>Universelles Kleinger\u00e4t f\u00fcr gute Raumluft<\/li>\n<li>Ma\u00dfe: ca. 140 x 60 x 95 mm<\/li>\n<li>Je nach Belastung ausreichend bis zu 40 m\u00b3<\/li>\n<li>Netzteil 100 \u2013 240V<\/li>\n<li>Leistungsaufnahme max. 7 W<\/li>\n<li>inkl. 14V PKW Bordnetzanschlusskabel<\/li>\n<li>inkl. 3 Internationale Netzadapter<\/li>\n<li>inkl. 2 Saugn\u00e4pfe f\u00fcr sicheren Halt<\/li>\n<\/ul>\n<\/div>\n<\/div>\n<\/div>\n<div id=\"c245\" class=\"csc-default\">\n<div class=\"csc-header csc-header-n4\">\n<h4>Geeignet f\u00fcr:<\/h4>\n<\/div>\n<p class=\"bodytext\">Wohnungen, Wohnh\u00e4user, Hunde- und Katzenhalter, Allergiker, Raucher, Hotelzimmer, Patienten mit Atemwegserkrankungen<\/p>\n<\/div>\n","protected":false},"excerpt":{"rendered":"<h1 class=\"csc-firstHeader\">Reisen bis 40 m3<\/h1>\n<h4 class=\"csc-firstHeader\"><strong>Zuverl\u00e4ssige Luftreinigung f\u00fcr Unterwegs<\/strong><\/h4>\n<p class=\"bodytext\">Sie befinden sich auf einer Gesch\u00e4ftsreise und Ihr Hotelzimmer ist nicht perfekt gel\u00fcftet. Verschiedene Ger\u00fcche liegen in der Luft und auch schnelles Sto\u00dfl\u00fcften schafft keine Abhilfe, zumal Sie die Raumluft gerne von Keimen und Bakterien befreit h\u00e4tten. Dann sollten Sie auf die Reinigungskraft des aircleaner setzen.<\/p>\n<p class=\"bodytext\">Das mobile Luftionisationsger\u00e4t reinigt nicht nur durch aktivierten Sauerstoff und deaktiviert zuverl\u00e4ssig diverse Bakterienst\u00e4mme und Schimmelpilze, es ist auch f\u00fcr Allergiker bestens geeignet. Denn auch Pollen werden durch das nat\u00fcrliche Prinzip der Luftionisation inaktiviert. Im Urlaub, zu Hause oder unterwegs: Der aircleaner s ist der ideale Begleiter f\u00fcr alle, die ihre Umgebung von Ger\u00fcchen und den verschiedensten Mikroorganismen reinigen m\u00f6chten.<\/p>\n","protected":false},"featured_media":945,"comment_status":"closed","ping_status":"closed","template":"","meta":[],"product_cat":[25],"product_tag":[],"yoast_head":"<!-- This site is optimized with the Yoast SEO Premium plugin v22.1 (Yoast SEO v22.5) - https:\/\/yoast.com\/wordpress\/plugins\/seo\/ -->\n<title>Reisen bis 40 m3 - Homeinnovations<\/title>\n<meta name=\"robots\" content=\"index, follow, max-snippet:-1, max-image-preview:large, max-video-preview:-1\" \/>\n<link rel=\"canonical\" href=\"https:\/\/www.homeinnovations.ch\/wp\/?product=air-deco-reisen\" \/>\n<meta property=\"og:locale\" content=\"de_DE\" \/>\n<meta property=\"og:type\" content=\"article\" \/>\n<meta property=\"og:title\" content=\"Reisen bis 40 m3\" \/>\n<meta property=\"og:description\" content=\"Reisen bis 40 m3 Zuverl\u00e4ssige Luftreinigung f\u00fcr Unterwegs Sie befinden sich auf einer Gesch\u00e4ftsreise und Ihr Hotelzimmer ist nicht perfekt gel\u00fcftet. Verschiedene Ger\u00fcche liegen in der Luft und auch schnelles Sto\u00dfl\u00fcften schafft keine Abhilfe, zumal Sie die Raumluft gerne von Keimen und Bakterien befreit h\u00e4tten. Dann sollten Sie auf die Reinigungskraft des aircleaner setzen. Das mobile Luftionisationsger\u00e4t reinigt nicht nur durch aktivierten Sauerstoff und deaktiviert zuverl\u00e4ssig diverse Bakterienst\u00e4mme und Schimmelpilze, es ist auch f\u00fcr Allergiker bestens geeignet. Denn auch Pollen werden durch das nat\u00fcrliche Prinzip der Luftionisation inaktiviert. Im Urlaub, zu Hause oder unterwegs: Der aircleaner s ist der ideale Begleiter f\u00fcr alle, die ihre Umgebung von Ger\u00fcchen und den verschiedensten Mikroorganismen reinigen m\u00f6chten.\" \/>\n<meta property=\"og:url\" content=\"https:\/\/www.homeinnovations.ch\/wp\/?product=air-deco-reisen\" \/>\n<meta property=\"og:site_name\" content=\"Homeinnovations\" \/>\n<meta property=\"article:modified_time\" content=\"2018-10-01T23:49:37+00:00\" \/>\n<meta property=\"og:image\" content=\"https:\/\/www.homeinnovations.ch\/wp\/wp-content\/uploads\/Reisen-1.jpg\" \/>\n\t<meta property=\"og:image:width\" content=\"254\" \/>\n\t<meta property=\"og:image:height\" content=\"143\" \/>\n\t<meta property=\"og:image:type\" content=\"image\/jpeg\" \/>\n<meta name=\"twitter:card\" content=\"summary_large_image\" \/>\n<meta name=\"twitter:label1\" content=\"Price\" \/>\n\t<meta name=\"twitter:data1\" content=\"349.00&nbsp;&#67;&#72;&#70;\" \/>\n\t<meta name=\"twitter:label2\" content=\"Availability\" \/>\n\t<meta name=\"twitter:data2\" content=\"In stock\" \/>\n<script type=\"application\/ld+json\" class=\"yoast-schema-graph\">{\"@context\":\"https:\/\/schema.org\",\"@graph\":[{\"@type\":\"WebPage\",\"@id\":\"https:\/\/www.homeinnovations.ch\/wp\/?product=air-deco-reisen\",\"url\":\"https:\/\/www.homeinnovations.ch\/wp\/?product=air-deco-reisen\",\"name\":\"Reisen bis 40 m3 - Homeinnovations\",\"isPartOf\":{\"@id\":\"https:\/\/www.homeinnovations.ch\/wp\/#website\"},\"primaryImageOfPage\":{\"@id\":\"https:\/\/www.homeinnovations.ch\/wp\/?product=air-deco-reisen#primaryimage\"},\"image\":{\"@id\":\"https:\/\/www.homeinnovations.ch\/wp\/?product=air-deco-reisen#primaryimage\"},\"thumbnailUrl\":\"https:\/\/www.homeinnovations.ch\/wp\/wp-content\/uploads\/Reisen-1.jpg\",\"datePublished\":\"2018-05-14T13:43:32+00:00\",\"dateModified\":\"2018-10-01T23:49:37+00:00\",\"breadcrumb\":{\"@id\":\"https:\/\/www.homeinnovations.ch\/wp\/?product=air-deco-reisen#breadcrumb\"},\"inLanguage\":\"de-CH\",\"potentialAction\":[{\"@type\":\"ReadAction\",\"target\":[\"https:\/\/www.homeinnovations.ch\/wp\/?product=air-deco-reisen\"]}]},{\"@type\":\"ImageObject\",\"inLanguage\":\"de-CH\",\"@id\":\"https:\/\/www.homeinnovations.ch\/wp\/?product=air-deco-reisen#primaryimage\",\"url\":\"https:\/\/www.homeinnovations.ch\/wp\/wp-content\/uploads\/Reisen-1.jpg\",\"contentUrl\":\"https:\/\/www.homeinnovations.ch\/wp\/wp-content\/uploads\/Reisen-1.jpg\",\"width\":254,\"height\":143},{\"@type\":\"BreadcrumbList\",\"@id\":\"https:\/\/www.homeinnovations.ch\/wp\/?product=air-deco-reisen#breadcrumb\",\"itemListElement\":[{\"@type\":\"ListItem\",\"position\":1,\"name\":\"Home\",\"item\":\"https:\/\/www.homeinnovations.ch\/wp\/\"},{\"@type\":\"ListItem\",\"position\":2,\"name\":\"Shop\",\"item\":\"https:\/\/www.homeinnovations.ch\/wp\/?page_id=4\"},{\"@type\":\"ListItem\",\"position\":3,\"name\":\"Reisen bis 40 m3\"}]},{\"@type\":\"WebSite\",\"@id\":\"https:\/\/www.homeinnovations.ch\/wp\/#website\",\"url\":\"https:\/\/www.homeinnovations.ch\/wp\/\",\"name\":\"Homeinnovations.ch\",\"description\":\"innovative technik f\u00fcr ihr zuhause\",\"publisher\":{\"@id\":\"https:\/\/www.homeinnovations.ch\/wp\/#organization\"},\"potentialAction\":[{\"@type\":\"SearchAction\",\"target\":{\"@type\":\"EntryPoint\",\"urlTemplate\":\"https:\/\/www.homeinnovations.ch\/wp\/?s={search_term_string}\"},\"query-input\":\"required name=search_term_string\"}],\"inLanguage\":\"de-CH\"},{\"@type\":\"Organization\",\"@id\":\"https:\/\/www.homeinnovations.ch\/wp\/#organization\",\"name\":\"Homeinnovations GmbH\",\"url\":\"https:\/\/www.homeinnovations.ch\/wp\/\",\"logo\":{\"@type\":\"ImageObject\",\"inLanguage\":\"de-CH\",\"@id\":\"https:\/\/www.homeinnovations.ch\/wp\/#\/schema\/logo\/image\/\",\"url\":\"https:\/\/www.homeinnovations.ch\/wp\/wp-content\/uploads\/home-innovations-4f.png\",\"contentUrl\":\"https:\/\/www.homeinnovations.ch\/wp\/wp-content\/uploads\/home-innovations-4f.png\",\"width\":567,\"height\":227,\"caption\":\"Homeinnovations GmbH\"},\"image\":{\"@id\":\"https:\/\/www.homeinnovations.ch\/wp\/#\/schema\/logo\/image\/\"}}]}<\/script>\n<meta property=\"product:brand\" content=\"Luftreinigung durch Ionisation\" \/>\n<meta property=\"product:price:amount\" content=\"349.00\" \/>\n<meta property=\"product:price:currency\" content=\"CHF\" \/>\n<meta property=\"og:availability\" content=\"instock\" \/>\n<meta property=\"product:availability\" content=\"instock\" \/>\n<meta property=\"product:retailer_item_id\" content=\"212.45.03.61\" \/>\n<meta property=\"product:condition\" content=\"new\" \/>\n<!-- \/ Yoast SEO Premium plugin. -->","yoast_head_json":{"title":"Reisen bis 40 m3 - Homeinnovations","robots":{"index":"index","follow":"follow","max-snippet":"max-snippet:-1","max-image-preview":"max-image-preview:large","max-video-preview":"max-video-preview:-1"},"canonical":"https:\/\/www.homeinnovations.ch\/wp\/?product=air-deco-reisen","og_locale":"de_DE","og_type":"article","og_title":"Reisen bis 40 m3","og_description":"Reisen bis 40 m3 Zuverl\u00e4ssige Luftreinigung f\u00fcr Unterwegs Sie befinden sich auf einer Gesch\u00e4ftsreise und Ihr Hotelzimmer ist nicht perfekt gel\u00fcftet. Verschiedene Ger\u00fcche liegen in der Luft und auch schnelles Sto\u00dfl\u00fcften schafft keine Abhilfe, zumal Sie die Raumluft gerne von Keimen und Bakterien befreit h\u00e4tten. Dann sollten Sie auf die Reinigungskraft des aircleaner setzen. Das mobile Luftionisationsger\u00e4t reinigt nicht nur durch aktivierten Sauerstoff und deaktiviert zuverl\u00e4ssig diverse Bakterienst\u00e4mme und Schimmelpilze, es ist auch f\u00fcr Allergiker bestens geeignet. Denn auch Pollen werden durch das nat\u00fcrliche Prinzip der Luftionisation inaktiviert. Im Urlaub, zu Hause oder unterwegs: Der aircleaner s ist der ideale Begleiter f\u00fcr alle, die ihre Umgebung von Ger\u00fcchen und den verschiedensten Mikroorganismen reinigen m\u00f6chten.","og_url":"https:\/\/www.homeinnovations.ch\/wp\/?product=air-deco-reisen","og_site_name":"Homeinnovations","article_modified_time":"2018-10-01T23:49:37+00:00","og_image":[{"width":254,"height":143,"url":"https:\/\/www.homeinnovations.ch\/wp\/wp-content\/uploads\/Reisen-1.jpg","type":"image\/jpeg"}],"twitter_card":"summary_large_image","twitter_misc":{"Price":"349.00&nbsp;&#67;&#72;&#70;","Availability":"In stock"},"schema":{"@context":"https:\/\/schema.org","@graph":[{"@type":"WebPage","@id":"https:\/\/www.homeinnovations.ch\/wp\/?product=air-deco-reisen","url":"https:\/\/www.homeinnovations.ch\/wp\/?product=air-deco-reisen","name":"Reisen bis 40 m3 - Homeinnovations","isPartOf":{"@id":"https:\/\/www.homeinnovations.ch\/wp\/#website"},"primaryImageOfPage":{"@id":"https:\/\/www.homeinnovations.ch\/wp\/?product=air-deco-reisen#primaryimage"},"image":{"@id":"https:\/\/www.homeinnovations.ch\/wp\/?product=air-deco-reisen#primaryimage"},"thumbnailUrl":"https:\/\/www.homeinnovations.ch\/wp\/wp-content\/uploads\/Reisen-1.jpg","datePublished":"2018-05-14T13:43:32+00:00","dateModified":"2018-10-01T23:49:37+00:00","breadcrumb":{"@id":"https:\/\/www.homeinnovations.ch\/wp\/?product=air-deco-reisen#breadcrumb"},"inLanguage":"de-CH","potentialAction":[{"@type":"ReadAction","target":["https:\/\/www.homeinnovations.ch\/wp\/?product=air-deco-reisen"]}]},{"@type":"ImageObject","inLanguage":"de-CH","@id":"https:\/\/www.homeinnovations.ch\/wp\/?product=air-deco-reisen#primaryimage","url":"https:\/\/www.homeinnovations.ch\/wp\/wp-content\/uploads\/Reisen-1.jpg","contentUrl":"https:\/\/www.homeinnovations.ch\/wp\/wp-content\/uploads\/Reisen-1.jpg","width":254,"height":143},{"@type":"BreadcrumbList","@id":"https:\/\/www.homeinnovations.ch\/wp\/?product=air-deco-reisen#breadcrumb","itemListElement":[{"@type":"ListItem","position":1,"name":"Home","item":"https:\/\/www.homeinnovations.ch\/wp\/"},{"@type":"ListItem","position":2,"name":"Shop","item":"https:\/\/www.homeinnovations.ch\/wp\/?page_id=4"},{"@type":"ListItem","position":3,"name":"Reisen bis 40 m3"}]},{"@type":"WebSite","@id":"https:\/\/www.homeinnovations.ch\/wp\/#website","url":"https:\/\/www.homeinnovations.ch\/wp\/","name":"Homeinnovations.ch","description":"innovative technik f\u00fcr ihr zuhause","publisher":{"@id":"https:\/\/www.homeinnovations.ch\/wp\/#organization"},"potentialAction":[{"@type":"SearchAction","target":{"@type":"EntryPoint","urlTemplate":"https:\/\/www.homeinnovations.ch\/wp\/?s={search_term_string}"},"query-input":"required name=search_term_string"}],"inLanguage":"de-CH"},{"@type":"Organization","@id":"https:\/\/www.homeinnovations.ch\/wp\/#organization","name":"Homeinnovations GmbH","url":"https:\/\/www.homeinnovations.ch\/wp\/","logo":{"@type":"ImageObject","inLanguage":"de-CH","@id":"https:\/\/www.homeinnovations.ch\/wp\/#\/schema\/logo\/image\/","url":"https:\/\/www.homeinnovations.ch\/wp\/wp-content\/uploads\/home-innovations-4f.png","contentUrl":"https:\/\/www.homeinnovations.ch\/wp\/wp-content\/uploads\/home-innovations-4f.png","width":567,"height":227,"caption":"Homeinnovations GmbH"},"image":{"@id":"https:\/\/www.homeinnovations.ch\/wp\/#\/schema\/logo\/image\/"}}]},"product_brand":"Luftreinigung durch Ionisation","product_price_amount":"349.00","product_price_currency":"CHF","og_availability":"instock","product_availability":"instock","product_retailer_item_id":"212.45.03.61","product_condition":"new"},"_links":{"self":[{"href":"https:\/\/www.homeinnovations.ch\/wp\/index.php?rest_route=\/wp\/v2\/product\/432"}],"collection":[{"href":"https:\/\/www.homeinnovations.ch\/wp\/index.php?rest_route=\/wp\/v2\/product"}],"about":[{"href":"https:\/\/www.homeinnovations.ch\/wp\/index.php?rest_route=\/wp\/v2\/types\/product"}],"replies":[{"embeddable":true,"href":"https:\/\/www.homeinnovations.ch\/wp\/index.php?rest_route=%2Fwp%2Fv2%2Fcomments&post=432"}],"wp:featuredmedia":[{"embeddable":true,"href":"https:\/\/www.homeinnovations.ch\/wp\/index.php?rest_route=\/wp\/v2\/media\/945"}],"wp:attachment":[{"href":"https:\/\/www.homeinnovations.ch\/wp\/index.php?rest_route=%2Fwp%2Fv2%2Fmedia&parent=432"}],"wp:term":[{"taxonomy":"product_cat","embeddable":true,"href":"https:\/\/www.homeinnovations.ch\/wp\/index.php?rest_route=%2Fwp%2Fv2%2Fproduct_cat&post=432"},{"taxonomy":"product_tag","embeddable":true,"href":"https:\/\/www.homeinnovations.ch\/wp\/index.php?rest_route=%2Fwp%2Fv2%2Fproduct_tag&post=432"}],"curies":[{"name":"wp","href":"https:\/\/api.w.org\/{rel}","templated":true}]}}