{"id":428,"date":"2018-05-14T14:41:16","date_gmt":"2018-05-14T12:41:16","guid":{"rendered":"http:\/\/test.homeinnovations.ch\/wp\/?post_type=product&#038;p=428"},"modified":"2018-10-10T01:42:59","modified_gmt":"2018-10-09T23:42:59","slug":"auto-luftreiniger","status":"publish","type":"product","link":"https:\/\/www.homeinnovations.ch\/wp\/?product=auto-luftreiniger","title":{"rendered":"Auto Luftreiniger"},"content":{"rendered":"<div id=\"c33\" class=\"csc-default\">\n<div class=\"csc-textpic csc-textpic-intext-right-nowrap\">\n<div class=\"csc-textpic-text\">\n<div class=\"csc-textpicHeader csc-textpicHeader-25\">\n<h2>Ausstattung \/ Besonderheiten:<\/h2>\n<\/div>\n<ul>\n<li>F\u00fcr Allergiker geeignet<\/li>\n<li>ohne Chemie \u2013 ohne zus\u00e4tzliche Duftstoffe<\/li>\n<li>ohne Filter, also kein Filterwechsel erforderlich<\/li>\n<li>bipolare Ionisation<\/li>\n<li>minimaler Energieverbrauch<\/li>\n<li>Dank seines schwenk- und drehbaren Anschlusses in allen Fahrzeugen positionier- und einsetzbar<\/li>\n<li>Ma\u00dfe: 42 x 36 x 155 mm<\/li>\n<li>Leistungsaufnahme: 3 Watt<\/li>\n<li>Netzanschluss 12V<\/li>\n<\/ul>\n<\/div>\n<\/div>\n<\/div>\n<div id=\"c34\" class=\"csc-default\">\n<div class=\"csc-header csc-header-n4\">\n<h4>Geeignet f\u00fcr:<\/h4>\n<\/div>\n<p class=\"bodytext\">Caravans \/ Wohnwagen, Pkws, Vans, Lkws<\/p>\n<\/div>\n","protected":false},"excerpt":{"rendered":"<h1 class=\"csc-firstHeader\">Auto Luftreiniger<\/h1>\n<h4 class=\"csc-firstHeader\"><strong>Das kleinste Gewitter der Welt<\/strong><\/h4>\n<p class=\"bodytext\">Autos riechen herrlich &#8211; wenn sie neu sind. Aber nach ein paar Jahren machen sich andere Ger\u00fcche breit als jene von Leder und frischen Textilien. Jeder wei\u00df, dass bei l\u00e4ngeren Autofahrten mit mehreren Personen, die Luftqualit\u00e4t negativ beeinflusst wird. Besonders Hundehalter k\u00f6nnen dieses best\u00e4tigen, wenn sie ihre vierbeinigen Lieblinge nach einem kr\u00e4ftigen Regen in den Wagen bringen.<b><br \/>\n<\/b><\/p>\n<p class=\"bodytext\">Hier kommt der car air cleaner ins Spiel. Kompakt und f\u00fcr seine geringe Gr\u00f6\u00dfe ungeheuer leistungsstark, reduziert er \u00fcble Ger\u00fcche und Keime. Das kleinste Ionisationsger\u00e4t von <i><b>bio<\/b><\/i>climatic stecken Sie einfach zum Betrieb in den Zigarettenanz\u00fcnder. Das ist alles und schon versieht das kleinste Gewitter seinen Dienst.<\/p>\n","protected":false},"featured_media":942,"comment_status":"closed","ping_status":"closed","template":"","meta":[],"product_cat":[25],"product_tag":[],"yoast_head":"<!-- This site is optimized with the Yoast SEO Premium plugin v22.1 (Yoast SEO v22.5) - https:\/\/yoast.com\/wordpress\/plugins\/seo\/ -->\n<title>Auto Luftreiniger - Homeinnovations<\/title>\n<meta name=\"robots\" content=\"index, follow, max-snippet:-1, max-image-preview:large, max-video-preview:-1\" \/>\n<link rel=\"canonical\" href=\"https:\/\/www.homeinnovations.ch\/wp\/?product=auto-luftreiniger\" \/>\n<meta property=\"og:locale\" content=\"de_DE\" \/>\n<meta property=\"og:type\" content=\"article\" \/>\n<meta property=\"og:title\" content=\"Auto Luftreiniger\" \/>\n<meta property=\"og:description\" content=\"Auto Luftreiniger Das kleinste Gewitter der Welt Autos riechen herrlich - wenn sie neu sind. Aber nach ein paar Jahren machen sich andere Ger\u00fcche breit als jene von Leder und frischen Textilien. Jeder wei\u00df, dass bei l\u00e4ngeren Autofahrten mit mehreren Personen, die Luftqualit\u00e4t negativ beeinflusst wird. Besonders Hundehalter k\u00f6nnen dieses best\u00e4tigen, wenn sie ihre vierbeinigen Lieblinge nach einem kr\u00e4ftigen Regen in den Wagen bringen.  Hier kommt der car air cleaner ins Spiel. Kompakt und f\u00fcr seine geringe Gr\u00f6\u00dfe ungeheuer leistungsstark, reduziert er \u00fcble Ger\u00fcche und Keime. Das kleinste Ionisationsger\u00e4t von bioclimatic stecken Sie einfach zum Betrieb in den Zigarettenanz\u00fcnder. Das ist alles und schon versieht das kleinste Gewitter seinen Dienst.\" \/>\n<meta property=\"og:url\" content=\"https:\/\/www.homeinnovations.ch\/wp\/?product=auto-luftreiniger\" \/>\n<meta property=\"og:site_name\" content=\"Homeinnovations\" \/>\n<meta property=\"article:modified_time\" content=\"2018-10-09T23:42:59+00:00\" \/>\n<meta property=\"og:image\" content=\"https:\/\/www.homeinnovations.ch\/wp\/wp-content\/uploads\/Auto-Luftreiniger-1.jpg\" \/>\n\t<meta property=\"og:image:width\" content=\"254\" \/>\n\t<meta property=\"og:image:height\" content=\"142\" \/>\n\t<meta property=\"og:image:type\" content=\"image\/jpeg\" \/>\n<meta name=\"twitter:card\" content=\"summary_large_image\" \/>\n<meta name=\"twitter:label1\" content=\"Price\" \/>\n\t<meta name=\"twitter:data1\" content=\"139.00&nbsp;&#67;&#72;&#70;\" \/>\n\t<meta name=\"twitter:label2\" content=\"Availability\" \/>\n\t<meta name=\"twitter:data2\" content=\"In stock\" \/>\n<script type=\"application\/ld+json\" class=\"yoast-schema-graph\">{\"@context\":\"https:\/\/schema.org\",\"@graph\":[{\"@type\":\"WebPage\",\"@id\":\"https:\/\/www.homeinnovations.ch\/wp\/?product=auto-luftreiniger\",\"url\":\"https:\/\/www.homeinnovations.ch\/wp\/?product=auto-luftreiniger\",\"name\":\"Auto Luftreiniger - Homeinnovations\",\"isPartOf\":{\"@id\":\"https:\/\/www.homeinnovations.ch\/wp\/#website\"},\"primaryImageOfPage\":{\"@id\":\"https:\/\/www.homeinnovations.ch\/wp\/?product=auto-luftreiniger#primaryimage\"},\"image\":{\"@id\":\"https:\/\/www.homeinnovations.ch\/wp\/?product=auto-luftreiniger#primaryimage\"},\"thumbnailUrl\":\"https:\/\/www.homeinnovations.ch\/wp\/wp-content\/uploads\/Auto-Luftreiniger-1.jpg\",\"datePublished\":\"2018-05-14T12:41:16+00:00\",\"dateModified\":\"2018-10-09T23:42:59+00:00\",\"breadcrumb\":{\"@id\":\"https:\/\/www.homeinnovations.ch\/wp\/?product=auto-luftreiniger#breadcrumb\"},\"inLanguage\":\"de-CH\",\"potentialAction\":[{\"@type\":\"ReadAction\",\"target\":[\"https:\/\/www.homeinnovations.ch\/wp\/?product=auto-luftreiniger\"]}]},{\"@type\":\"ImageObject\",\"inLanguage\":\"de-CH\",\"@id\":\"https:\/\/www.homeinnovations.ch\/wp\/?product=auto-luftreiniger#primaryimage\",\"url\":\"https:\/\/www.homeinnovations.ch\/wp\/wp-content\/uploads\/Auto-Luftreiniger-1.jpg\",\"contentUrl\":\"https:\/\/www.homeinnovations.ch\/wp\/wp-content\/uploads\/Auto-Luftreiniger-1.jpg\",\"width\":254,\"height\":142},{\"@type\":\"BreadcrumbList\",\"@id\":\"https:\/\/www.homeinnovations.ch\/wp\/?product=auto-luftreiniger#breadcrumb\",\"itemListElement\":[{\"@type\":\"ListItem\",\"position\":1,\"name\":\"Home\",\"item\":\"https:\/\/www.homeinnovations.ch\/wp\/\"},{\"@type\":\"ListItem\",\"position\":2,\"name\":\"Shop\",\"item\":\"https:\/\/www.homeinnovations.ch\/wp\/?page_id=4\"},{\"@type\":\"ListItem\",\"position\":3,\"name\":\"Auto Luftreiniger\"}]},{\"@type\":\"WebSite\",\"@id\":\"https:\/\/www.homeinnovations.ch\/wp\/#website\",\"url\":\"https:\/\/www.homeinnovations.ch\/wp\/\",\"name\":\"Homeinnovations.ch\",\"description\":\"innovative technik f\u00fcr ihr zuhause\",\"publisher\":{\"@id\":\"https:\/\/www.homeinnovations.ch\/wp\/#organization\"},\"potentialAction\":[{\"@type\":\"SearchAction\",\"target\":{\"@type\":\"EntryPoint\",\"urlTemplate\":\"https:\/\/www.homeinnovations.ch\/wp\/?s={search_term_string}\"},\"query-input\":\"required name=search_term_string\"}],\"inLanguage\":\"de-CH\"},{\"@type\":\"Organization\",\"@id\":\"https:\/\/www.homeinnovations.ch\/wp\/#organization\",\"name\":\"Homeinnovations GmbH\",\"url\":\"https:\/\/www.homeinnovations.ch\/wp\/\",\"logo\":{\"@type\":\"ImageObject\",\"inLanguage\":\"de-CH\",\"@id\":\"https:\/\/www.homeinnovations.ch\/wp\/#\/schema\/logo\/image\/\",\"url\":\"https:\/\/www.homeinnovations.ch\/wp\/wp-content\/uploads\/home-innovations-4f.png\",\"contentUrl\":\"https:\/\/www.homeinnovations.ch\/wp\/wp-content\/uploads\/home-innovations-4f.png\",\"width\":567,\"height\":227,\"caption\":\"Homeinnovations GmbH\"},\"image\":{\"@id\":\"https:\/\/www.homeinnovations.ch\/wp\/#\/schema\/logo\/image\/\"}}]}<\/script>\n<meta property=\"product:brand\" content=\"Luftreinigung durch Ionisation\" \/>\n<meta property=\"product:price:amount\" content=\"139.00\" \/>\n<meta property=\"product:price:currency\" content=\"CHF\" \/>\n<meta property=\"og:availability\" content=\"instock\" \/>\n<meta property=\"product:availability\" content=\"instock\" \/>\n<meta property=\"product:retailer_item_id\" content=\"212.45.00.71\" \/>\n<meta property=\"product:condition\" content=\"new\" \/>\n<!-- \/ Yoast SEO Premium plugin. -->","yoast_head_json":{"title":"Auto Luftreiniger - Homeinnovations","robots":{"index":"index","follow":"follow","max-snippet":"max-snippet:-1","max-image-preview":"max-image-preview:large","max-video-preview":"max-video-preview:-1"},"canonical":"https:\/\/www.homeinnovations.ch\/wp\/?product=auto-luftreiniger","og_locale":"de_DE","og_type":"article","og_title":"Auto Luftreiniger","og_description":"Auto Luftreiniger Das kleinste Gewitter der Welt Autos riechen herrlich - wenn sie neu sind. Aber nach ein paar Jahren machen sich andere Ger\u00fcche breit als jene von Leder und frischen Textilien. Jeder wei\u00df, dass bei l\u00e4ngeren Autofahrten mit mehreren Personen, die Luftqualit\u00e4t negativ beeinflusst wird. Besonders Hundehalter k\u00f6nnen dieses best\u00e4tigen, wenn sie ihre vierbeinigen Lieblinge nach einem kr\u00e4ftigen Regen in den Wagen bringen.  Hier kommt der car air cleaner ins Spiel. Kompakt und f\u00fcr seine geringe Gr\u00f6\u00dfe ungeheuer leistungsstark, reduziert er \u00fcble Ger\u00fcche und Keime. Das kleinste Ionisationsger\u00e4t von bioclimatic stecken Sie einfach zum Betrieb in den Zigarettenanz\u00fcnder. Das ist alles und schon versieht das kleinste Gewitter seinen Dienst.","og_url":"https:\/\/www.homeinnovations.ch\/wp\/?product=auto-luftreiniger","og_site_name":"Homeinnovations","article_modified_time":"2018-10-09T23:42:59+00:00","og_image":[{"width":254,"height":142,"url":"https:\/\/www.homeinnovations.ch\/wp\/wp-content\/uploads\/Auto-Luftreiniger-1.jpg","type":"image\/jpeg"}],"twitter_card":"summary_large_image","twitter_misc":{"Price":"139.00&nbsp;&#67;&#72;&#70;","Availability":"In stock"},"schema":{"@context":"https:\/\/schema.org","@graph":[{"@type":"WebPage","@id":"https:\/\/www.homeinnovations.ch\/wp\/?product=auto-luftreiniger","url":"https:\/\/www.homeinnovations.ch\/wp\/?product=auto-luftreiniger","name":"Auto Luftreiniger - Homeinnovations","isPartOf":{"@id":"https:\/\/www.homeinnovations.ch\/wp\/#website"},"primaryImageOfPage":{"@id":"https:\/\/www.homeinnovations.ch\/wp\/?product=auto-luftreiniger#primaryimage"},"image":{"@id":"https:\/\/www.homeinnovations.ch\/wp\/?product=auto-luftreiniger#primaryimage"},"thumbnailUrl":"https:\/\/www.homeinnovations.ch\/wp\/wp-content\/uploads\/Auto-Luftreiniger-1.jpg","datePublished":"2018-05-14T12:41:16+00:00","dateModified":"2018-10-09T23:42:59+00:00","breadcrumb":{"@id":"https:\/\/www.homeinnovations.ch\/wp\/?product=auto-luftreiniger#breadcrumb"},"inLanguage":"de-CH","potentialAction":[{"@type":"ReadAction","target":["https:\/\/www.homeinnovations.ch\/wp\/?product=auto-luftreiniger"]}]},{"@type":"ImageObject","inLanguage":"de-CH","@id":"https:\/\/www.homeinnovations.ch\/wp\/?product=auto-luftreiniger#primaryimage","url":"https:\/\/www.homeinnovations.ch\/wp\/wp-content\/uploads\/Auto-Luftreiniger-1.jpg","contentUrl":"https:\/\/www.homeinnovations.ch\/wp\/wp-content\/uploads\/Auto-Luftreiniger-1.jpg","width":254,"height":142},{"@type":"BreadcrumbList","@id":"https:\/\/www.homeinnovations.ch\/wp\/?product=auto-luftreiniger#breadcrumb","itemListElement":[{"@type":"ListItem","position":1,"name":"Home","item":"https:\/\/www.homeinnovations.ch\/wp\/"},{"@type":"ListItem","position":2,"name":"Shop","item":"https:\/\/www.homeinnovations.ch\/wp\/?page_id=4"},{"@type":"ListItem","position":3,"name":"Auto Luftreiniger"}]},{"@type":"WebSite","@id":"https:\/\/www.homeinnovations.ch\/wp\/#website","url":"https:\/\/www.homeinnovations.ch\/wp\/","name":"Homeinnovations.ch","description":"innovative technik f\u00fcr ihr zuhause","publisher":{"@id":"https:\/\/www.homeinnovations.ch\/wp\/#organization"},"potentialAction":[{"@type":"SearchAction","target":{"@type":"EntryPoint","urlTemplate":"https:\/\/www.homeinnovations.ch\/wp\/?s={search_term_string}"},"query-input":"required name=search_term_string"}],"inLanguage":"de-CH"},{"@type":"Organization","@id":"https:\/\/www.homeinnovations.ch\/wp\/#organization","name":"Homeinnovations GmbH","url":"https:\/\/www.homeinnovations.ch\/wp\/","logo":{"@type":"ImageObject","inLanguage":"de-CH","@id":"https:\/\/www.homeinnovations.ch\/wp\/#\/schema\/logo\/image\/","url":"https:\/\/www.homeinnovations.ch\/wp\/wp-content\/uploads\/home-innovations-4f.png","contentUrl":"https:\/\/www.homeinnovations.ch\/wp\/wp-content\/uploads\/home-innovations-4f.png","width":567,"height":227,"caption":"Homeinnovations GmbH"},"image":{"@id":"https:\/\/www.homeinnovations.ch\/wp\/#\/schema\/logo\/image\/"}}]},"product_brand":"Luftreinigung durch Ionisation","product_price_amount":"139.00","product_price_currency":"CHF","og_availability":"instock","product_availability":"instock","product_retailer_item_id":"212.45.00.71","product_condition":"new"},"_links":{"self":[{"href":"https:\/\/www.homeinnovations.ch\/wp\/index.php?rest_route=\/wp\/v2\/product\/428"}],"collection":[{"href":"https:\/\/www.homeinnovations.ch\/wp\/index.php?rest_route=\/wp\/v2\/product"}],"about":[{"href":"https:\/\/www.homeinnovations.ch\/wp\/index.php?rest_route=\/wp\/v2\/types\/product"}],"replies":[{"embeddable":true,"href":"https:\/\/www.homeinnovations.ch\/wp\/index.php?rest_route=%2Fwp%2Fv2%2Fcomments&post=428"}],"wp:featuredmedia":[{"embeddable":true,"href":"https:\/\/www.homeinnovations.ch\/wp\/index.php?rest_route=\/wp\/v2\/media\/942"}],"wp:attachment":[{"href":"https:\/\/www.homeinnovations.ch\/wp\/index.php?rest_route=%2Fwp%2Fv2%2Fmedia&parent=428"}],"wp:term":[{"taxonomy":"product_cat","embeddable":true,"href":"https:\/\/www.homeinnovations.ch\/wp\/index.php?rest_route=%2Fwp%2Fv2%2Fproduct_cat&post=428"},{"taxonomy":"product_tag","embeddable":true,"href":"https:\/\/www.homeinnovations.ch\/wp\/index.php?rest_route=%2Fwp%2Fv2%2Fproduct_tag&post=428"}],"curies":[{"name":"wp","href":"https:\/\/api.w.org\/{rel}","templated":true}]}}