{"id":407,"date":"2018-05-14T11:01:04","date_gmt":"2018-05-14T09:01:04","guid":{"rendered":"http:\/\/test.homeinnovations.ch\/wp\/?post_type=product&#038;p=407"},"modified":"2018-05-14T11:37:12","modified_gmt":"2018-05-14T09:37:12","slug":"rauchwarnmelder","status":"publish","type":"product","link":"https:\/\/www.homeinnovations.ch\/wp\/?product=rauchwarnmelder","title":{"rendered":"Rauchwarnmelder"},"content":{"rendered":"<h2>Technische Daten<\/h2>\n<table class=\"technical-data\">\n<tbody>\n<tr>\n<td class=\"key\">Betriebsspannung<\/td>\n<td class=\"value\">9 V<\/td>\n<\/tr>\n<tr>\n<td class=\"key\">Schutzart<\/td>\n<td class=\"value\">IP 40<\/td>\n<\/tr>\n<tr>\n<td class=\"key\">Gewicht<\/td>\n<td class=\"value\">300 g<\/td>\n<\/tr>\n<tr>\n<td class=\"key\">Geh\u00e4usematerial<\/td>\n<td class=\"value\">ABS<\/td>\n<\/tr>\n<tr>\n<td class=\"key\">\u00dcberwachungsfl\u00e4che<\/td>\n<td class=\"value\">60 m2 bei 6 m Montageh\u00f6he<\/td>\n<\/tr>\n<tr>\n<td class=\"key\">Lautst\u00e4rke<\/td>\n<td class=\"value\">>85 dB (in 3m Abstand)<\/td>\n<\/tr>\n<tr>\n<td class=\"key\">Betriebstemperatur<\/td>\n<td class=\"value\">-10 ~ +60 \u00b0C<\/td>\n<\/tr>\n<tr>\n<td class=\"key\">Feuchtigkeit<\/td>\n<td class=\"value\">93% RH +\/- 2% RH<\/td>\n<\/tr>\n<tr>\n<td class=\"key\">Abmessungen (\u00d8 x H)<\/td>\n<td class=\"value\">113 x 50 mm<\/td>\n<\/tr>\n<tr>\n<td class=\"key\">Batterie<\/td>\n<td class=\"value\">Lithium.<br \/>\nAnerkannte Batterietypen:<br \/>\nFDK CP-V9J,<br \/>\nUltralife U9 VL-J \/ -P,<br \/>\nPanasonic Power Alkaline 9V,<br \/>\nVarta 4022 Alkaline 9V,<br \/>\nAlkaline Xtreme 6LR61 9V.<\/td>\n<\/tr>\n<tr>\n<td class=\"key\">Batterielebensdauer<\/td>\n<td class=\"value\">ca. 10 Jahre als Stand-alone Melder unter normalen Temperaturbedingungen zwischen +15\u00b0C und +25\u00b0C.<br \/>\nDer Einsatz des Relaismoduls oder des Funkmoduls verringert die Lebensdauer der Batterie auf ca. 3 Jahre.<\/td>\n<\/tr>\n<tr>\n<td class=\"key\">Zulassung<\/td>\n<td class=\"value\">EN 14604:2005<\/td>\n<\/tr>\n<\/tbody>\n<\/table>\n","protected":false},"excerpt":{"rendered":"<h2>Rauchwarnmelder<\/h2>\n<p>Der HDv3007OS ist ein batteriebetriebener stand-alone Rauchwarnmelder f\u00fcr die Anwendung in privaten Bereichen oder in der Wohnungswirtschaft nach EN14604. Einsatzgebiete von Rauchwarnmeldern sind Bereiche mit sauberen Umgebungsbedingungen und geringen St\u00f6rfaktoren wie z.B. Schlafzimmer oder Flure. Der Rauchwarnmelder HDv3007OS ist nicht geeignet f\u00fcr R\u00e4ume mit umgebungsbedingten St\u00f6rgr\u00f6\u00dfen (z.B. K\u00fcchen, Badezimmer, staubige R\u00e4ume etc.). Der Melder kann nicht als Ersatz eines professionellen Brandmeldesystems verwendet werden.<\/p>\n<p>Der Rauchwarnmelder kann optional mit einem SiWay Funkmodul OPZ-W1-RFM6 ausger\u00fcstet werden um die Rauchwarnmelder an Einbruchmeldezentralen mit SiWay Funk-Gateways, wie die SPC und Sintony Serie, anzubinden.<\/p>\n","protected":false},"featured_media":415,"comment_status":"open","ping_status":"closed","template":"","meta":[],"product_cat":[12],"product_tag":[],"yoast_head":"<!-- This site is optimized with the Yoast SEO Premium plugin v22.1 (Yoast SEO v22.5) - https:\/\/yoast.com\/wordpress\/plugins\/seo\/ -->\n<title>Rauchwarnmelder - Homeinnovations<\/title>\n<meta name=\"robots\" content=\"index, follow, max-snippet:-1, max-image-preview:large, max-video-preview:-1\" \/>\n<link rel=\"canonical\" href=\"https:\/\/www.homeinnovations.ch\/wp\/?product=rauchwarnmelder\" \/>\n<meta property=\"og:locale\" content=\"de_DE\" \/>\n<meta property=\"og:type\" content=\"article\" \/>\n<meta property=\"og:title\" content=\"Rauchwarnmelder\" \/>\n<meta property=\"og:description\" content=\"Rauchwarnmelder Der HDv3007OS ist ein batteriebetriebener stand-alone Rauchwarnmelder f\u00fcr die Anwendung in privaten Bereichen oder in der Wohnungswirtschaft nach EN14604. Einsatzgebiete von Rauchwarnmeldern sind Bereiche mit sauberen Umgebungsbedingungen und geringen St\u00f6rfaktoren wie z.B. Schlafzimmer oder Flure. Der Rauchwarnmelder HDv3007OS ist nicht geeignet f\u00fcr R\u00e4ume mit umgebungsbedingten St\u00f6rgr\u00f6\u00dfen (z.B. K\u00fcchen, Badezimmer, staubige R\u00e4ume etc.). Der Melder kann nicht als Ersatz eines professionellen Brandmeldesystems verwendet werden.  Der Rauchwarnmelder kann optional mit einem SiWay Funkmodul OPZ-W1-RFM6 ausger\u00fcstet werden um die Rauchwarnmelder an Einbruchmeldezentralen mit SiWay Funk-Gateways, wie die SPC und Sintony Serie, anzubinden.\" \/>\n<meta property=\"og:url\" content=\"https:\/\/www.homeinnovations.ch\/wp\/?product=rauchwarnmelder\" \/>\n<meta property=\"og:site_name\" content=\"Homeinnovations\" \/>\n<meta property=\"article:modified_time\" content=\"2018-05-14T09:37:12+00:00\" \/>\n<meta property=\"og:image\" content=\"https:\/\/www.homeinnovations.ch\/wp\/wp-content\/uploads\/Brandmelder-HDv3007OS.jpg\" \/>\n\t<meta property=\"og:image:width\" content=\"400\" \/>\n\t<meta property=\"og:image:height\" content=\"400\" \/>\n\t<meta property=\"og:image:type\" content=\"image\/jpeg\" \/>\n<meta name=\"twitter:card\" content=\"summary_large_image\" \/>\n<meta name=\"twitter:label1\" content=\"Price\" \/>\n\t<meta name=\"twitter:data1\" content=\"\" \/>\n\t<meta name=\"twitter:label2\" content=\"Availability\" \/>\n\t<meta name=\"twitter:data2\" content=\"In stock\" \/>\n<script type=\"application\/ld+json\" class=\"yoast-schema-graph\">{\"@context\":\"https:\/\/schema.org\",\"@graph\":[{\"@type\":\"WebPage\",\"@id\":\"https:\/\/www.homeinnovations.ch\/wp\/?product=rauchwarnmelder\",\"url\":\"https:\/\/www.homeinnovations.ch\/wp\/?product=rauchwarnmelder\",\"name\":\"Rauchwarnmelder - Homeinnovations\",\"isPartOf\":{\"@id\":\"https:\/\/www.homeinnovations.ch\/wp\/#website\"},\"primaryImageOfPage\":{\"@id\":\"https:\/\/www.homeinnovations.ch\/wp\/?product=rauchwarnmelder#primaryimage\"},\"image\":{\"@id\":\"https:\/\/www.homeinnovations.ch\/wp\/?product=rauchwarnmelder#primaryimage\"},\"thumbnailUrl\":\"https:\/\/www.homeinnovations.ch\/wp\/wp-content\/uploads\/Brandmelder-HDv3007OS.jpg\",\"datePublished\":\"2018-05-14T09:01:04+00:00\",\"dateModified\":\"2018-05-14T09:37:12+00:00\",\"breadcrumb\":{\"@id\":\"https:\/\/www.homeinnovations.ch\/wp\/?product=rauchwarnmelder#breadcrumb\"},\"inLanguage\":\"de-CH\",\"potentialAction\":[{\"@type\":\"ReadAction\",\"target\":[\"https:\/\/www.homeinnovations.ch\/wp\/?product=rauchwarnmelder\"]}]},{\"@type\":\"ImageObject\",\"inLanguage\":\"de-CH\",\"@id\":\"https:\/\/www.homeinnovations.ch\/wp\/?product=rauchwarnmelder#primaryimage\",\"url\":\"https:\/\/www.homeinnovations.ch\/wp\/wp-content\/uploads\/Brandmelder-HDv3007OS.jpg\",\"contentUrl\":\"https:\/\/www.homeinnovations.ch\/wp\/wp-content\/uploads\/Brandmelder-HDv3007OS.jpg\",\"width\":400,\"height\":400},{\"@type\":\"BreadcrumbList\",\"@id\":\"https:\/\/www.homeinnovations.ch\/wp\/?product=rauchwarnmelder#breadcrumb\",\"itemListElement\":[{\"@type\":\"ListItem\",\"position\":1,\"name\":\"Home\",\"item\":\"https:\/\/www.homeinnovations.ch\/wp\/\"},{\"@type\":\"ListItem\",\"position\":2,\"name\":\"Shop\",\"item\":\"https:\/\/www.homeinnovations.ch\/wp\/?page_id=4\"},{\"@type\":\"ListItem\",\"position\":3,\"name\":\"Rauchwarnmelder\"}]},{\"@type\":\"WebSite\",\"@id\":\"https:\/\/www.homeinnovations.ch\/wp\/#website\",\"url\":\"https:\/\/www.homeinnovations.ch\/wp\/\",\"name\":\"Homeinnovations.ch\",\"description\":\"innovative technik f\u00fcr ihr zuhause\",\"publisher\":{\"@id\":\"https:\/\/www.homeinnovations.ch\/wp\/#organization\"},\"potentialAction\":[{\"@type\":\"SearchAction\",\"target\":{\"@type\":\"EntryPoint\",\"urlTemplate\":\"https:\/\/www.homeinnovations.ch\/wp\/?s={search_term_string}\"},\"query-input\":\"required name=search_term_string\"}],\"inLanguage\":\"de-CH\"},{\"@type\":\"Organization\",\"@id\":\"https:\/\/www.homeinnovations.ch\/wp\/#organization\",\"name\":\"Homeinnovations GmbH\",\"url\":\"https:\/\/www.homeinnovations.ch\/wp\/\",\"logo\":{\"@type\":\"ImageObject\",\"inLanguage\":\"de-CH\",\"@id\":\"https:\/\/www.homeinnovations.ch\/wp\/#\/schema\/logo\/image\/\",\"url\":\"https:\/\/www.homeinnovations.ch\/wp\/wp-content\/uploads\/home-innovations-4f.png\",\"contentUrl\":\"https:\/\/www.homeinnovations.ch\/wp\/wp-content\/uploads\/home-innovations-4f.png\",\"width\":567,\"height\":227,\"caption\":\"Homeinnovations GmbH\"},\"image\":{\"@id\":\"https:\/\/www.homeinnovations.ch\/wp\/#\/schema\/logo\/image\/\"}}]}<\/script>\n<meta property=\"product:brand\" content=\"Funk-Alarmanlage\" \/>\n<meta property=\"product:price:amount\" content=\"0.00\" \/>\n<meta property=\"product:price:currency\" content=\"CHF\" \/>\n<meta property=\"og:availability\" content=\"instock\" \/>\n<meta property=\"product:availability\" content=\"instock\" \/>\n<meta property=\"product:retailer_item_id\" content=\"HDv3007OS\" \/>\n<meta property=\"product:condition\" content=\"new\" \/>\n<!-- \/ Yoast SEO Premium plugin. -->","yoast_head_json":{"title":"Rauchwarnmelder - Homeinnovations","robots":{"index":"index","follow":"follow","max-snippet":"max-snippet:-1","max-image-preview":"max-image-preview:large","max-video-preview":"max-video-preview:-1"},"canonical":"https:\/\/www.homeinnovations.ch\/wp\/?product=rauchwarnmelder","og_locale":"de_DE","og_type":"article","og_title":"Rauchwarnmelder","og_description":"Rauchwarnmelder Der HDv3007OS ist ein batteriebetriebener stand-alone Rauchwarnmelder f\u00fcr die Anwendung in privaten Bereichen oder in der Wohnungswirtschaft nach EN14604. Einsatzgebiete von Rauchwarnmeldern sind Bereiche mit sauberen Umgebungsbedingungen und geringen St\u00f6rfaktoren wie z.B. Schlafzimmer oder Flure. Der Rauchwarnmelder HDv3007OS ist nicht geeignet f\u00fcr R\u00e4ume mit umgebungsbedingten St\u00f6rgr\u00f6\u00dfen (z.B. K\u00fcchen, Badezimmer, staubige R\u00e4ume etc.). Der Melder kann nicht als Ersatz eines professionellen Brandmeldesystems verwendet werden.  Der Rauchwarnmelder kann optional mit einem SiWay Funkmodul OPZ-W1-RFM6 ausger\u00fcstet werden um die Rauchwarnmelder an Einbruchmeldezentralen mit SiWay Funk-Gateways, wie die SPC und Sintony Serie, anzubinden.","og_url":"https:\/\/www.homeinnovations.ch\/wp\/?product=rauchwarnmelder","og_site_name":"Homeinnovations","article_modified_time":"2018-05-14T09:37:12+00:00","og_image":[{"width":400,"height":400,"url":"https:\/\/www.homeinnovations.ch\/wp\/wp-content\/uploads\/Brandmelder-HDv3007OS.jpg","type":"image\/jpeg"}],"twitter_card":"summary_large_image","twitter_misc":{"Price":"","Availability":"In stock"},"schema":{"@context":"https:\/\/schema.org","@graph":[{"@type":"WebPage","@id":"https:\/\/www.homeinnovations.ch\/wp\/?product=rauchwarnmelder","url":"https:\/\/www.homeinnovations.ch\/wp\/?product=rauchwarnmelder","name":"Rauchwarnmelder - Homeinnovations","isPartOf":{"@id":"https:\/\/www.homeinnovations.ch\/wp\/#website"},"primaryImageOfPage":{"@id":"https:\/\/www.homeinnovations.ch\/wp\/?product=rauchwarnmelder#primaryimage"},"image":{"@id":"https:\/\/www.homeinnovations.ch\/wp\/?product=rauchwarnmelder#primaryimage"},"thumbnailUrl":"https:\/\/www.homeinnovations.ch\/wp\/wp-content\/uploads\/Brandmelder-HDv3007OS.jpg","datePublished":"2018-05-14T09:01:04+00:00","dateModified":"2018-05-14T09:37:12+00:00","breadcrumb":{"@id":"https:\/\/www.homeinnovations.ch\/wp\/?product=rauchwarnmelder#breadcrumb"},"inLanguage":"de-CH","potentialAction":[{"@type":"ReadAction","target":["https:\/\/www.homeinnovations.ch\/wp\/?product=rauchwarnmelder"]}]},{"@type":"ImageObject","inLanguage":"de-CH","@id":"https:\/\/www.homeinnovations.ch\/wp\/?product=rauchwarnmelder#primaryimage","url":"https:\/\/www.homeinnovations.ch\/wp\/wp-content\/uploads\/Brandmelder-HDv3007OS.jpg","contentUrl":"https:\/\/www.homeinnovations.ch\/wp\/wp-content\/uploads\/Brandmelder-HDv3007OS.jpg","width":400,"height":400},{"@type":"BreadcrumbList","@id":"https:\/\/www.homeinnovations.ch\/wp\/?product=rauchwarnmelder#breadcrumb","itemListElement":[{"@type":"ListItem","position":1,"name":"Home","item":"https:\/\/www.homeinnovations.ch\/wp\/"},{"@type":"ListItem","position":2,"name":"Shop","item":"https:\/\/www.homeinnovations.ch\/wp\/?page_id=4"},{"@type":"ListItem","position":3,"name":"Rauchwarnmelder"}]},{"@type":"WebSite","@id":"https:\/\/www.homeinnovations.ch\/wp\/#website","url":"https:\/\/www.homeinnovations.ch\/wp\/","name":"Homeinnovations.ch","description":"innovative technik f\u00fcr ihr zuhause","publisher":{"@id":"https:\/\/www.homeinnovations.ch\/wp\/#organization"},"potentialAction":[{"@type":"SearchAction","target":{"@type":"EntryPoint","urlTemplate":"https:\/\/www.homeinnovations.ch\/wp\/?s={search_term_string}"},"query-input":"required name=search_term_string"}],"inLanguage":"de-CH"},{"@type":"Organization","@id":"https:\/\/www.homeinnovations.ch\/wp\/#organization","name":"Homeinnovations GmbH","url":"https:\/\/www.homeinnovations.ch\/wp\/","logo":{"@type":"ImageObject","inLanguage":"de-CH","@id":"https:\/\/www.homeinnovations.ch\/wp\/#\/schema\/logo\/image\/","url":"https:\/\/www.homeinnovations.ch\/wp\/wp-content\/uploads\/home-innovations-4f.png","contentUrl":"https:\/\/www.homeinnovations.ch\/wp\/wp-content\/uploads\/home-innovations-4f.png","width":567,"height":227,"caption":"Homeinnovations GmbH"},"image":{"@id":"https:\/\/www.homeinnovations.ch\/wp\/#\/schema\/logo\/image\/"}}]},"product_brand":"Funk-Alarmanlage","product_price_amount":"0.00","product_price_currency":"CHF","og_availability":"instock","product_availability":"instock","product_retailer_item_id":"HDv3007OS","product_condition":"new"},"_links":{"self":[{"href":"https:\/\/www.homeinnovations.ch\/wp\/index.php?rest_route=\/wp\/v2\/product\/407"}],"collection":[{"href":"https:\/\/www.homeinnovations.ch\/wp\/index.php?rest_route=\/wp\/v2\/product"}],"about":[{"href":"https:\/\/www.homeinnovations.ch\/wp\/index.php?rest_route=\/wp\/v2\/types\/product"}],"replies":[{"embeddable":true,"href":"https:\/\/www.homeinnovations.ch\/wp\/index.php?rest_route=%2Fwp%2Fv2%2Fcomments&post=407"}],"wp:featuredmedia":[{"embeddable":true,"href":"https:\/\/www.homeinnovations.ch\/wp\/index.php?rest_route=\/wp\/v2\/media\/415"}],"wp:attachment":[{"href":"https:\/\/www.homeinnovations.ch\/wp\/index.php?rest_route=%2Fwp%2Fv2%2Fmedia&parent=407"}],"wp:term":[{"taxonomy":"product_cat","embeddable":true,"href":"https:\/\/www.homeinnovations.ch\/wp\/index.php?rest_route=%2Fwp%2Fv2%2Fproduct_cat&post=407"},{"taxonomy":"product_tag","embeddable":true,"href":"https:\/\/www.homeinnovations.ch\/wp\/index.php?rest_route=%2Fwp%2Fv2%2Fproduct_tag&post=407"}],"curies":[{"name":"wp","href":"https:\/\/api.w.org\/{rel}","templated":true}]}}