{"id":404,"date":"2018-05-14T10:35:27","date_gmt":"2018-05-14T08:35:27","guid":{"rendered":"http:\/\/test.homeinnovations.ch\/wp\/?post_type=product&#038;p=404"},"modified":"2018-05-14T12:03:32","modified_gmt":"2018-05-14T10:03:32","slug":"lcd-komfort-bedienteil-mit-grafischem-display-incl-audiofunktion-und-ausweisleser","status":"publish","type":"product","link":"https:\/\/www.homeinnovations.ch\/wp\/?product=lcd-komfort-bedienteil-mit-grafischem-display-incl-audiofunktion-und-ausweisleser","title":{"rendered":"LCD Komfort-Bedienteil"},"content":{"rendered":"<h2>Technische Daten<\/h2>\n<table class=\"technical-data\">\n<tbody>\n<tr>\n<td class=\"key\">LCD Anzeige<\/td>\n<td class=\"value\">128 x 64 Grafische Darstellung<\/td>\n<\/tr>\n<tr>\n<td class=\"key\">Sondertasten<\/td>\n<td class=\"value\">4 plus multifunktionale Navigationstasten<\/td>\n<\/tr>\n<tr>\n<td class=\"key\">LED-Anzeigen<\/td>\n<td class=\"value\">5<\/td>\n<\/tr>\n<tr>\n<td class=\"key\">Ausweisleser<\/td>\n<td class=\"value\">Integriert (125kHz, EM 4102)<\/td>\n<\/tr>\n<tr>\n<td class=\"key\">Audio<\/td>\n<td class=\"value\">Unterst\u00fctz durch integriertes Mikrofon und integriertem Lautsprechen<\/td>\n<\/tr>\n<tr>\n<td class=\"key\">Schnittstellen<\/td>\n<td class=\"value\">X-BUS (Ein- \/Ausgang)<\/td>\n<\/tr>\n<tr>\n<td class=\"key\">Sabotagekontakt<\/td>\n<td class=\"value\">Deckelkontakt<br \/>\nAbreisskontakt<\/td>\n<\/tr>\n<tr>\n<td class=\"key\">Betriebsspannung<\/td>\n<td class=\"value\">9.5 ~ 14 VDC<\/td>\n<\/tr>\n<tr>\n<td class=\"key\">Arbeitsstrom<\/td>\n<td class=\"value\">Max. 230 mA bei 12 VDC (Displaybeleuchtung, LEDs, Summer aktiv)<\/td>\n<\/tr>\n<tr>\n<td class=\"key\">Ruhestrom<\/td>\n<td class=\"value\">Max. 110 mA bei 12 VDC<\/td>\n<\/tr>\n<tr>\n<td class=\"key\">Betriebstemperatur<\/td>\n<td class=\"value\">5 ~ +40 \u00b0C<\/td>\n<\/tr>\n<tr>\n<td class=\"key\">Farbe<\/td>\n<td class=\"value\">RAL 9003 (Signalweiss)<\/td>\n<\/tr>\n<tr>\n<td class=\"key\">Gewicht<\/td>\n<td class=\"value\">0.380 kg<\/td>\n<\/tr>\n<tr>\n<td class=\"key\">Abmessungen (B x H x T)<\/td>\n<td class=\"value\">112 x 185 x 28 mm<\/td>\n<\/tr>\n<tr>\n<td class=\"key\">Geh\u00e4use<\/td>\n<td class=\"value\">Kunststoffgeh\u00e4use (ABS)<\/td>\n<\/tr>\n<tr>\n<td class=\"key\">Zulassung<\/td>\n<td class=\"value\">DE: VdS G112128, Klasse C<br \/>\nAT: W 130923\/10 E, Klasse WS<br \/>\nCH: SES EN CH Grade 3<\/td>\n<\/tr>\n<\/tbody>\n<\/table>\n","protected":false},"excerpt":{"rendered":"<h2>LCD Komfort-Bedienteil mit grafischem Display incl. Audiofunktion und Ausweisleser<\/h2>\n<p>Mit dem Komfort-Bedienteil SPCK623.100 lassen sich Anwendungen mit einem oder mehreren Bereichen benutzerfreundlich bedienen. Die 4 Softkeys und die mehrdimensionale Navigationstaste erm\u00f6glichen eine einfache Bedienung mit nur wenigen Bedienungsschritten. Statusinformationen und eventuelle weitere Bedienungsschritte sind auf dem gro\u00dfen grafischen LCD Display deutlich zu erkennen. Im Ruhezustand k\u00f6nnen Kunden-Logo, Notfall- oder Schnelleinstellfunktionen angezeigt werden.<\/p>\n<p>\u00dcber den integrierten Ausweisleser lassen sich Bereiche mit einer Proximity-Ausweiskarte mit oder auch ohne Benutzer-PIN schnell scharf bzw. unscharf schalten. Das Bedienteil unterst\u00fctzt au\u00dferdem Sprachansage f\u00fcr eine sichere und intuitive Bedienung des Systems. Der Benutzer wird zus\u00e4tzlich beim Scharf-\/Unscharfschalten oder im Fall einer St\u00f6rung durch Ansagen unterst\u00fctzt.<\/p>\n<p>Die Funktionalit\u00e4ten lassen sich erheblich erweitern mit dem Schl\u00fcsselschalter-Erweiterungsmodul SPCE110 und \/ oder der Anzeigeerweiterung SPCE120.<\/p>\n","protected":false},"featured_media":414,"comment_status":"open","ping_status":"closed","template":"","meta":[],"product_cat":[12],"product_tag":[],"yoast_head":"<!-- This site is optimized with the Yoast SEO Premium plugin v22.1 (Yoast SEO v22.5) - https:\/\/yoast.com\/wordpress\/plugins\/seo\/ -->\n<title>LCD Komfort-Bedienteil - Homeinnovations<\/title>\n<meta name=\"robots\" content=\"index, follow, max-snippet:-1, max-image-preview:large, max-video-preview:-1\" \/>\n<link rel=\"canonical\" href=\"https:\/\/www.homeinnovations.ch\/wp\/?product=lcd-komfort-bedienteil-mit-grafischem-display-incl-audiofunktion-und-ausweisleser\" \/>\n<meta property=\"og:locale\" content=\"de_DE\" \/>\n<meta property=\"og:type\" content=\"article\" \/>\n<meta property=\"og:title\" content=\"LCD Komfort-Bedienteil\" \/>\n<meta property=\"og:description\" content=\"LCD Komfort-Bedienteil mit grafischem Display incl. Audiofunktion und Ausweisleser Mit dem Komfort-Bedienteil SPCK623.100 lassen sich Anwendungen mit einem oder mehreren Bereichen benutzerfreundlich bedienen. Die 4 Softkeys und die mehrdimensionale Navigationstaste erm\u00f6glichen eine einfache Bedienung mit nur wenigen Bedienungsschritten. Statusinformationen und eventuelle weitere Bedienungsschritte sind auf dem gro\u00dfen grafischen LCD Display deutlich zu erkennen. Im Ruhezustand k\u00f6nnen Kunden-Logo, Notfall- oder Schnelleinstellfunktionen angezeigt werden.  \u00dcber den integrierten Ausweisleser lassen sich Bereiche mit einer Proximity-Ausweiskarte mit oder auch ohne Benutzer-PIN schnell scharf bzw. unscharf schalten. Das Bedienteil unterst\u00fctzt au\u00dferdem Sprachansage f\u00fcr eine sichere und intuitive Bedienung des Systems. Der Benutzer wird zus\u00e4tzlich beim Scharf-\/Unscharfschalten oder im Fall einer St\u00f6rung durch Ansagen unterst\u00fctzt.  Die Funktionalit\u00e4ten lassen sich erheblich erweitern mit dem Schl\u00fcsselschalter-Erweiterungsmodul SPCE110 und \/ oder der Anzeigeerweiterung SPCE120.\" \/>\n<meta property=\"og:url\" content=\"https:\/\/www.homeinnovations.ch\/wp\/?product=lcd-komfort-bedienteil-mit-grafischem-display-incl-audiofunktion-und-ausweisleser\" \/>\n<meta property=\"og:site_name\" content=\"Homeinnovations\" \/>\n<meta property=\"article:modified_time\" content=\"2018-05-14T10:03:32+00:00\" \/>\n<meta property=\"og:image\" content=\"https:\/\/www.homeinnovations.ch\/wp\/wp-content\/uploads\/Bedienteil-SPCK620.100.jpg\" \/>\n\t<meta property=\"og:image:width\" content=\"400\" \/>\n\t<meta property=\"og:image:height\" content=\"400\" \/>\n\t<meta property=\"og:image:type\" content=\"image\/jpeg\" \/>\n<meta name=\"twitter:card\" content=\"summary_large_image\" \/>\n<meta name=\"twitter:label1\" content=\"Price\" \/>\n\t<meta name=\"twitter:data1\" content=\"\" \/>\n\t<meta name=\"twitter:label2\" content=\"Availability\" \/>\n\t<meta name=\"twitter:data2\" content=\"In stock\" \/>\n<script type=\"application\/ld+json\" class=\"yoast-schema-graph\">{\"@context\":\"https:\/\/schema.org\",\"@graph\":[{\"@type\":\"WebPage\",\"@id\":\"https:\/\/www.homeinnovations.ch\/wp\/?product=lcd-komfort-bedienteil-mit-grafischem-display-incl-audiofunktion-und-ausweisleser\",\"url\":\"https:\/\/www.homeinnovations.ch\/wp\/?product=lcd-komfort-bedienteil-mit-grafischem-display-incl-audiofunktion-und-ausweisleser\",\"name\":\"LCD Komfort-Bedienteil - Homeinnovations\",\"isPartOf\":{\"@id\":\"https:\/\/www.homeinnovations.ch\/wp\/#website\"},\"primaryImageOfPage\":{\"@id\":\"https:\/\/www.homeinnovations.ch\/wp\/?product=lcd-komfort-bedienteil-mit-grafischem-display-incl-audiofunktion-und-ausweisleser#primaryimage\"},\"image\":{\"@id\":\"https:\/\/www.homeinnovations.ch\/wp\/?product=lcd-komfort-bedienteil-mit-grafischem-display-incl-audiofunktion-und-ausweisleser#primaryimage\"},\"thumbnailUrl\":\"https:\/\/www.homeinnovations.ch\/wp\/wp-content\/uploads\/Bedienteil-SPCK620.100.jpg\",\"datePublished\":\"2018-05-14T08:35:27+00:00\",\"dateModified\":\"2018-05-14T10:03:32+00:00\",\"breadcrumb\":{\"@id\":\"https:\/\/www.homeinnovations.ch\/wp\/?product=lcd-komfort-bedienteil-mit-grafischem-display-incl-audiofunktion-und-ausweisleser#breadcrumb\"},\"inLanguage\":\"de-CH\",\"potentialAction\":[{\"@type\":\"ReadAction\",\"target\":[\"https:\/\/www.homeinnovations.ch\/wp\/?product=lcd-komfort-bedienteil-mit-grafischem-display-incl-audiofunktion-und-ausweisleser\"]}]},{\"@type\":\"ImageObject\",\"inLanguage\":\"de-CH\",\"@id\":\"https:\/\/www.homeinnovations.ch\/wp\/?product=lcd-komfort-bedienteil-mit-grafischem-display-incl-audiofunktion-und-ausweisleser#primaryimage\",\"url\":\"https:\/\/www.homeinnovations.ch\/wp\/wp-content\/uploads\/Bedienteil-SPCK620.100.jpg\",\"contentUrl\":\"https:\/\/www.homeinnovations.ch\/wp\/wp-content\/uploads\/Bedienteil-SPCK620.100.jpg\",\"width\":400,\"height\":400,\"caption\":\"034\"},{\"@type\":\"BreadcrumbList\",\"@id\":\"https:\/\/www.homeinnovations.ch\/wp\/?product=lcd-komfort-bedienteil-mit-grafischem-display-incl-audiofunktion-und-ausweisleser#breadcrumb\",\"itemListElement\":[{\"@type\":\"ListItem\",\"position\":1,\"name\":\"Home\",\"item\":\"https:\/\/www.homeinnovations.ch\/wp\/\"},{\"@type\":\"ListItem\",\"position\":2,\"name\":\"Shop\",\"item\":\"https:\/\/www.homeinnovations.ch\/wp\/?page_id=4\"},{\"@type\":\"ListItem\",\"position\":3,\"name\":\"LCD Komfort-Bedienteil\"}]},{\"@type\":\"WebSite\",\"@id\":\"https:\/\/www.homeinnovations.ch\/wp\/#website\",\"url\":\"https:\/\/www.homeinnovations.ch\/wp\/\",\"name\":\"Homeinnovations.ch\",\"description\":\"innovative technik f\u00fcr ihr zuhause\",\"publisher\":{\"@id\":\"https:\/\/www.homeinnovations.ch\/wp\/#organization\"},\"potentialAction\":[{\"@type\":\"SearchAction\",\"target\":{\"@type\":\"EntryPoint\",\"urlTemplate\":\"https:\/\/www.homeinnovations.ch\/wp\/?s={search_term_string}\"},\"query-input\":\"required name=search_term_string\"}],\"inLanguage\":\"de-CH\"},{\"@type\":\"Organization\",\"@id\":\"https:\/\/www.homeinnovations.ch\/wp\/#organization\",\"name\":\"Homeinnovations GmbH\",\"url\":\"https:\/\/www.homeinnovations.ch\/wp\/\",\"logo\":{\"@type\":\"ImageObject\",\"inLanguage\":\"de-CH\",\"@id\":\"https:\/\/www.homeinnovations.ch\/wp\/#\/schema\/logo\/image\/\",\"url\":\"https:\/\/www.homeinnovations.ch\/wp\/wp-content\/uploads\/home-innovations-4f.png\",\"contentUrl\":\"https:\/\/www.homeinnovations.ch\/wp\/wp-content\/uploads\/home-innovations-4f.png\",\"width\":567,\"height\":227,\"caption\":\"Homeinnovations GmbH\"},\"image\":{\"@id\":\"https:\/\/www.homeinnovations.ch\/wp\/#\/schema\/logo\/image\/\"}}]}<\/script>\n<meta property=\"product:brand\" content=\"Funk-Alarmanlage\" \/>\n<meta property=\"product:price:amount\" content=\"0.00\" \/>\n<meta property=\"product:price:currency\" content=\"CHF\" \/>\n<meta property=\"og:availability\" content=\"instock\" \/>\n<meta property=\"product:availability\" content=\"instock\" \/>\n<meta property=\"product:retailer_item_id\" content=\"SPCK623.100\" \/>\n<meta property=\"product:condition\" content=\"new\" \/>\n<!-- \/ Yoast SEO Premium plugin. -->","yoast_head_json":{"title":"LCD Komfort-Bedienteil - Homeinnovations","robots":{"index":"index","follow":"follow","max-snippet":"max-snippet:-1","max-image-preview":"max-image-preview:large","max-video-preview":"max-video-preview:-1"},"canonical":"https:\/\/www.homeinnovations.ch\/wp\/?product=lcd-komfort-bedienteil-mit-grafischem-display-incl-audiofunktion-und-ausweisleser","og_locale":"de_DE","og_type":"article","og_title":"LCD Komfort-Bedienteil","og_description":"LCD Komfort-Bedienteil mit grafischem Display incl. Audiofunktion und Ausweisleser Mit dem Komfort-Bedienteil SPCK623.100 lassen sich Anwendungen mit einem oder mehreren Bereichen benutzerfreundlich bedienen. Die 4 Softkeys und die mehrdimensionale Navigationstaste erm\u00f6glichen eine einfache Bedienung mit nur wenigen Bedienungsschritten. Statusinformationen und eventuelle weitere Bedienungsschritte sind auf dem gro\u00dfen grafischen LCD Display deutlich zu erkennen. Im Ruhezustand k\u00f6nnen Kunden-Logo, Notfall- oder Schnelleinstellfunktionen angezeigt werden.  \u00dcber den integrierten Ausweisleser lassen sich Bereiche mit einer Proximity-Ausweiskarte mit oder auch ohne Benutzer-PIN schnell scharf bzw. unscharf schalten. Das Bedienteil unterst\u00fctzt au\u00dferdem Sprachansage f\u00fcr eine sichere und intuitive Bedienung des Systems. Der Benutzer wird zus\u00e4tzlich beim Scharf-\/Unscharfschalten oder im Fall einer St\u00f6rung durch Ansagen unterst\u00fctzt.  Die Funktionalit\u00e4ten lassen sich erheblich erweitern mit dem Schl\u00fcsselschalter-Erweiterungsmodul SPCE110 und \/ oder der Anzeigeerweiterung SPCE120.","og_url":"https:\/\/www.homeinnovations.ch\/wp\/?product=lcd-komfort-bedienteil-mit-grafischem-display-incl-audiofunktion-und-ausweisleser","og_site_name":"Homeinnovations","article_modified_time":"2018-05-14T10:03:32+00:00","og_image":[{"width":400,"height":400,"url":"https:\/\/www.homeinnovations.ch\/wp\/wp-content\/uploads\/Bedienteil-SPCK620.100.jpg","type":"image\/jpeg"}],"twitter_card":"summary_large_image","twitter_misc":{"Price":"","Availability":"In stock"},"schema":{"@context":"https:\/\/schema.org","@graph":[{"@type":"WebPage","@id":"https:\/\/www.homeinnovations.ch\/wp\/?product=lcd-komfort-bedienteil-mit-grafischem-display-incl-audiofunktion-und-ausweisleser","url":"https:\/\/www.homeinnovations.ch\/wp\/?product=lcd-komfort-bedienteil-mit-grafischem-display-incl-audiofunktion-und-ausweisleser","name":"LCD Komfort-Bedienteil - Homeinnovations","isPartOf":{"@id":"https:\/\/www.homeinnovations.ch\/wp\/#website"},"primaryImageOfPage":{"@id":"https:\/\/www.homeinnovations.ch\/wp\/?product=lcd-komfort-bedienteil-mit-grafischem-display-incl-audiofunktion-und-ausweisleser#primaryimage"},"image":{"@id":"https:\/\/www.homeinnovations.ch\/wp\/?product=lcd-komfort-bedienteil-mit-grafischem-display-incl-audiofunktion-und-ausweisleser#primaryimage"},"thumbnailUrl":"https:\/\/www.homeinnovations.ch\/wp\/wp-content\/uploads\/Bedienteil-SPCK620.100.jpg","datePublished":"2018-05-14T08:35:27+00:00","dateModified":"2018-05-14T10:03:32+00:00","breadcrumb":{"@id":"https:\/\/www.homeinnovations.ch\/wp\/?product=lcd-komfort-bedienteil-mit-grafischem-display-incl-audiofunktion-und-ausweisleser#breadcrumb"},"inLanguage":"de-CH","potentialAction":[{"@type":"ReadAction","target":["https:\/\/www.homeinnovations.ch\/wp\/?product=lcd-komfort-bedienteil-mit-grafischem-display-incl-audiofunktion-und-ausweisleser"]}]},{"@type":"ImageObject","inLanguage":"de-CH","@id":"https:\/\/www.homeinnovations.ch\/wp\/?product=lcd-komfort-bedienteil-mit-grafischem-display-incl-audiofunktion-und-ausweisleser#primaryimage","url":"https:\/\/www.homeinnovations.ch\/wp\/wp-content\/uploads\/Bedienteil-SPCK620.100.jpg","contentUrl":"https:\/\/www.homeinnovations.ch\/wp\/wp-content\/uploads\/Bedienteil-SPCK620.100.jpg","width":400,"height":400,"caption":"034"},{"@type":"BreadcrumbList","@id":"https:\/\/www.homeinnovations.ch\/wp\/?product=lcd-komfort-bedienteil-mit-grafischem-display-incl-audiofunktion-und-ausweisleser#breadcrumb","itemListElement":[{"@type":"ListItem","position":1,"name":"Home","item":"https:\/\/www.homeinnovations.ch\/wp\/"},{"@type":"ListItem","position":2,"name":"Shop","item":"https:\/\/www.homeinnovations.ch\/wp\/?page_id=4"},{"@type":"ListItem","position":3,"name":"LCD Komfort-Bedienteil"}]},{"@type":"WebSite","@id":"https:\/\/www.homeinnovations.ch\/wp\/#website","url":"https:\/\/www.homeinnovations.ch\/wp\/","name":"Homeinnovations.ch","description":"innovative technik f\u00fcr ihr zuhause","publisher":{"@id":"https:\/\/www.homeinnovations.ch\/wp\/#organization"},"potentialAction":[{"@type":"SearchAction","target":{"@type":"EntryPoint","urlTemplate":"https:\/\/www.homeinnovations.ch\/wp\/?s={search_term_string}"},"query-input":"required name=search_term_string"}],"inLanguage":"de-CH"},{"@type":"Organization","@id":"https:\/\/www.homeinnovations.ch\/wp\/#organization","name":"Homeinnovations GmbH","url":"https:\/\/www.homeinnovations.ch\/wp\/","logo":{"@type":"ImageObject","inLanguage":"de-CH","@id":"https:\/\/www.homeinnovations.ch\/wp\/#\/schema\/logo\/image\/","url":"https:\/\/www.homeinnovations.ch\/wp\/wp-content\/uploads\/home-innovations-4f.png","contentUrl":"https:\/\/www.homeinnovations.ch\/wp\/wp-content\/uploads\/home-innovations-4f.png","width":567,"height":227,"caption":"Homeinnovations GmbH"},"image":{"@id":"https:\/\/www.homeinnovations.ch\/wp\/#\/schema\/logo\/image\/"}}]},"product_brand":"Funk-Alarmanlage","product_price_amount":"0.00","product_price_currency":"CHF","og_availability":"instock","product_availability":"instock","product_retailer_item_id":"SPCK623.100","product_condition":"new"},"_links":{"self":[{"href":"https:\/\/www.homeinnovations.ch\/wp\/index.php?rest_route=\/wp\/v2\/product\/404"}],"collection":[{"href":"https:\/\/www.homeinnovations.ch\/wp\/index.php?rest_route=\/wp\/v2\/product"}],"about":[{"href":"https:\/\/www.homeinnovations.ch\/wp\/index.php?rest_route=\/wp\/v2\/types\/product"}],"replies":[{"embeddable":true,"href":"https:\/\/www.homeinnovations.ch\/wp\/index.php?rest_route=%2Fwp%2Fv2%2Fcomments&post=404"}],"wp:featuredmedia":[{"embeddable":true,"href":"https:\/\/www.homeinnovations.ch\/wp\/index.php?rest_route=\/wp\/v2\/media\/414"}],"wp:attachment":[{"href":"https:\/\/www.homeinnovations.ch\/wp\/index.php?rest_route=%2Fwp%2Fv2%2Fmedia&parent=404"}],"wp:term":[{"taxonomy":"product_cat","embeddable":true,"href":"https:\/\/www.homeinnovations.ch\/wp\/index.php?rest_route=%2Fwp%2Fv2%2Fproduct_cat&post=404"},{"taxonomy":"product_tag","embeddable":true,"href":"https:\/\/www.homeinnovations.ch\/wp\/index.php?rest_route=%2Fwp%2Fv2%2Fproduct_tag&post=404"}],"curies":[{"name":"wp","href":"https:\/\/api.w.org\/{rel}","templated":true}]}}