{"id":403,"date":"2018-05-14T10:30:02","date_gmt":"2018-05-14T08:30:02","guid":{"rendered":"http:\/\/test.homeinnovations.ch\/wp\/?post_type=product&#038;p=403"},"modified":"2018-05-14T12:02:52","modified_gmt":"2018-05-14T10:02:52","slug":"kompakt-lcd-smart-bedienteil-mit-kartenleser","status":"publish","type":"product","link":"https:\/\/www.homeinnovations.ch\/wp\/?product=kompakt-lcd-smart-bedienteil-mit-kartenleser","title":{"rendered":"LCD Smart Bedienteil"},"content":{"rendered":"<h2>Technische Daten<\/h2>\n<table class=\"technical-data\">\n<tbody>\n<tr>\n<td class=\"key\">LCD Anzeige<\/td>\n<td class=\"value\">128 x 64 Pixel (6\u00d720 Zeichen)<\/td>\n<\/tr>\n<tr>\n<td class=\"key\">Bedienteil<\/td>\n<td class=\"value\">Touch Key Technologie<\/td>\n<\/tr>\n<tr>\n<td class=\"key\">Sondertasten<\/td>\n<td class=\"value\">4 Soft Keys<\/td>\n<\/tr>\n<tr>\n<td class=\"key\">LED-Anzeigen<\/td>\n<td class=\"value\">5 Status LED\u2019s<\/td>\n<\/tr>\n<tr>\n<td class=\"key\">Audio<\/td>\n<td class=\"value\">Sprachausgabe \u00fcber internen Lautsprecher<\/td>\n<\/tr>\n<tr>\n<td class=\"key\">Schnittstellen<\/td>\n<td class=\"value\">X-Bus<\/td>\n<\/tr>\n<tr>\n<td class=\"key\">Sabotagekontakt<\/td>\n<td class=\"value\">Deckel- \/ Abreisskontakt<\/td>\n<\/tr>\n<tr>\n<td class=\"key\">Betriebsspannung<\/td>\n<td class=\"value\">9.5 ~ 14 VDC<\/td>\n<\/tr>\n<tr>\n<td class=\"key\">Arbeitsstrom<\/td>\n<td class=\"value\">Max. 210 mA bei 12V DC (Hintergrund-Beleuchtung, LED\u2019s und Kartenleser aktiv)<\/td>\n<\/tr>\n<tr>\n<td class=\"key\">Ruhestrom<\/td>\n<td class=\"value\">Max. 95 mA bei 12V DC<\/td>\n<\/tr>\n<tr>\n<td class=\"key\">Befestigung<\/td>\n<td class=\"value\">Wandmontage Aufputz oder Unterputzmontage mit SPCY520 \/ SPCY521 UP Rahmen<\/td>\n<\/tr>\n<tr>\n<td class=\"key\">Betriebstemperatur<\/td>\n<td class=\"value\">5 ~ +40 \u00b0C<\/td>\n<\/tr>\n<tr>\n<td class=\"key\">Farbe<\/td>\n<td class=\"value\">RAL 9003 (Signalweiss)<\/td>\n<\/tr>\n<tr>\n<td class=\"key\">Gewicht<\/td>\n<td class=\"value\">0.250 kg<\/td>\n<\/tr>\n<tr>\n<td class=\"key\">Abmessungen (B x H x T)<\/td>\n<td class=\"value\">110 x 150 x 17.5 mm<\/td>\n<\/tr>\n<tr>\n<td class=\"key\">Geh\u00e4use<\/td>\n<td class=\"value\">Kunststoffgeh\u00e4use (PMMA, PC ABS, ABS)<\/td>\n<\/tr>\n<tr>\n<td class=\"key\">Ausweislesertechnologie<\/td>\n<td class=\"value\">EM 4102 (125kHz) und Mifare (13.56 MHz)<\/td>\n<\/tr>\n<\/tbody>\n<\/table>\n","protected":false},"excerpt":{"rendered":"<h2>Kompakt LCD Smart Bedienteil mit Kartenleser<\/h2>\n<p>Das SPCK521.100 Kompakt LCD Smart Bedienteil mit Kartenleser, Touch Key-Technologie, 4 Softkeys und Navigationstasten erm\u00f6glichen eine einfache Bedienung mit einer minimalen Anzahl von Schritten.<br \/>\nStatusinformationen, Men\u00fcf\u00fchrung und eventuelle weitere Bedienungsschritte sind auf dem gro\u00dfen grafischen LCD Display deutlich zu erkennen. Im Ruhezustand k\u00f6nnen Kunden-Logo, Notfall- oder Schnelleinstellfunktionen angezeigt werden. Der integrierte Lautsprecher verbessert den Komfort durch Sprachansagen.<br \/>\nIntergrierte Leser f\u00fcr EM und Mifare Kartentechnologien erm\u00f6glichen eine schnelle Benutzerauthentifizierung.<br \/>\nVerschiedene Montagem\u00f6glichkeiten und Zubeh\u00f6r erm\u00f6glichen eine flexible Anwendung.<\/p>\n","protected":false},"featured_media":320,"comment_status":"open","ping_status":"closed","template":"","meta":[],"product_cat":[12],"product_tag":[],"yoast_head":"<!-- This site is optimized with the Yoast SEO Premium plugin v22.1 (Yoast SEO v22.5) - https:\/\/yoast.com\/wordpress\/plugins\/seo\/ -->\n<title>LCD Smart Bedienteil - Homeinnovations<\/title>\n<meta name=\"robots\" content=\"index, follow, max-snippet:-1, max-image-preview:large, max-video-preview:-1\" \/>\n<link rel=\"canonical\" href=\"https:\/\/www.homeinnovations.ch\/wp\/?product=kompakt-lcd-smart-bedienteil-mit-kartenleser\" \/>\n<meta property=\"og:locale\" content=\"de_DE\" \/>\n<meta property=\"og:type\" content=\"article\" \/>\n<meta property=\"og:title\" content=\"LCD Smart Bedienteil\" \/>\n<meta property=\"og:description\" content=\"Kompakt LCD Smart Bedienteil mit Kartenleser Das SPCK521.100 Kompakt LCD Smart Bedienteil mit Kartenleser, Touch Key-Technologie, 4 Softkeys und Navigationstasten erm\u00f6glichen eine einfache Bedienung mit einer minimalen Anzahl von Schritten. Statusinformationen, Men\u00fcf\u00fchrung und eventuelle weitere Bedienungsschritte sind auf dem gro\u00dfen grafischen LCD Display deutlich zu erkennen. Im Ruhezustand k\u00f6nnen Kunden-Logo, Notfall- oder Schnelleinstellfunktionen angezeigt werden. Der integrierte Lautsprecher verbessert den Komfort durch Sprachansagen. Intergrierte Leser f\u00fcr EM und Mifare Kartentechnologien erm\u00f6glichen eine schnelle Benutzerauthentifizierung. Verschiedene Montagem\u00f6glichkeiten und Zubeh\u00f6r erm\u00f6glichen eine flexible Anwendung.\" \/>\n<meta property=\"og:url\" content=\"https:\/\/www.homeinnovations.ch\/wp\/?product=kompakt-lcd-smart-bedienteil-mit-kartenleser\" \/>\n<meta property=\"og:site_name\" content=\"Homeinnovations\" \/>\n<meta property=\"article:modified_time\" content=\"2018-05-14T10:02:52+00:00\" \/>\n<meta property=\"og:image\" content=\"https:\/\/www.homeinnovations.ch\/wp\/wp-content\/uploads\/Bedienteil-Seite-1-973x1024.png\" \/>\n\t<meta property=\"og:image:width\" content=\"973\" \/>\n\t<meta property=\"og:image:height\" content=\"1024\" \/>\n\t<meta property=\"og:image:type\" content=\"image\/png\" \/>\n<meta name=\"twitter:card\" content=\"summary_large_image\" \/>\n<meta name=\"twitter:label1\" content=\"Price\" \/>\n\t<meta name=\"twitter:data1\" content=\"\" \/>\n\t<meta name=\"twitter:label2\" content=\"Availability\" \/>\n\t<meta name=\"twitter:data2\" content=\"In stock\" \/>\n<script type=\"application\/ld+json\" class=\"yoast-schema-graph\">{\"@context\":\"https:\/\/schema.org\",\"@graph\":[{\"@type\":\"WebPage\",\"@id\":\"https:\/\/www.homeinnovations.ch\/wp\/?product=kompakt-lcd-smart-bedienteil-mit-kartenleser\",\"url\":\"https:\/\/www.homeinnovations.ch\/wp\/?product=kompakt-lcd-smart-bedienteil-mit-kartenleser\",\"name\":\"LCD Smart Bedienteil - Homeinnovations\",\"isPartOf\":{\"@id\":\"https:\/\/www.homeinnovations.ch\/wp\/#website\"},\"primaryImageOfPage\":{\"@id\":\"https:\/\/www.homeinnovations.ch\/wp\/?product=kompakt-lcd-smart-bedienteil-mit-kartenleser#primaryimage\"},\"image\":{\"@id\":\"https:\/\/www.homeinnovations.ch\/wp\/?product=kompakt-lcd-smart-bedienteil-mit-kartenleser#primaryimage\"},\"thumbnailUrl\":\"https:\/\/www.homeinnovations.ch\/wp\/wp-content\/uploads\/Bedienteil-Seite-1.png\",\"datePublished\":\"2018-05-14T08:30:02+00:00\",\"dateModified\":\"2018-05-14T10:02:52+00:00\",\"breadcrumb\":{\"@id\":\"https:\/\/www.homeinnovations.ch\/wp\/?product=kompakt-lcd-smart-bedienteil-mit-kartenleser#breadcrumb\"},\"inLanguage\":\"de-CH\",\"potentialAction\":[{\"@type\":\"ReadAction\",\"target\":[\"https:\/\/www.homeinnovations.ch\/wp\/?product=kompakt-lcd-smart-bedienteil-mit-kartenleser\"]}]},{\"@type\":\"ImageObject\",\"inLanguage\":\"de-CH\",\"@id\":\"https:\/\/www.homeinnovations.ch\/wp\/?product=kompakt-lcd-smart-bedienteil-mit-kartenleser#primaryimage\",\"url\":\"https:\/\/www.homeinnovations.ch\/wp\/wp-content\/uploads\/Bedienteil-Seite-1.png\",\"contentUrl\":\"https:\/\/www.homeinnovations.ch\/wp\/wp-content\/uploads\/Bedienteil-Seite-1.png\",\"width\":2362,\"height\":2486},{\"@type\":\"BreadcrumbList\",\"@id\":\"https:\/\/www.homeinnovations.ch\/wp\/?product=kompakt-lcd-smart-bedienteil-mit-kartenleser#breadcrumb\",\"itemListElement\":[{\"@type\":\"ListItem\",\"position\":1,\"name\":\"Home\",\"item\":\"https:\/\/www.homeinnovations.ch\/wp\/\"},{\"@type\":\"ListItem\",\"position\":2,\"name\":\"Shop\",\"item\":\"https:\/\/www.homeinnovations.ch\/wp\/?page_id=4\"},{\"@type\":\"ListItem\",\"position\":3,\"name\":\"LCD Smart Bedienteil\"}]},{\"@type\":\"WebSite\",\"@id\":\"https:\/\/www.homeinnovations.ch\/wp\/#website\",\"url\":\"https:\/\/www.homeinnovations.ch\/wp\/\",\"name\":\"Homeinnovations.ch\",\"description\":\"innovative technik f\u00fcr ihr zuhause\",\"publisher\":{\"@id\":\"https:\/\/www.homeinnovations.ch\/wp\/#organization\"},\"potentialAction\":[{\"@type\":\"SearchAction\",\"target\":{\"@type\":\"EntryPoint\",\"urlTemplate\":\"https:\/\/www.homeinnovations.ch\/wp\/?s={search_term_string}\"},\"query-input\":\"required name=search_term_string\"}],\"inLanguage\":\"de-CH\"},{\"@type\":\"Organization\",\"@id\":\"https:\/\/www.homeinnovations.ch\/wp\/#organization\",\"name\":\"Homeinnovations GmbH\",\"url\":\"https:\/\/www.homeinnovations.ch\/wp\/\",\"logo\":{\"@type\":\"ImageObject\",\"inLanguage\":\"de-CH\",\"@id\":\"https:\/\/www.homeinnovations.ch\/wp\/#\/schema\/logo\/image\/\",\"url\":\"https:\/\/www.homeinnovations.ch\/wp\/wp-content\/uploads\/home-innovations-4f.png\",\"contentUrl\":\"https:\/\/www.homeinnovations.ch\/wp\/wp-content\/uploads\/home-innovations-4f.png\",\"width\":567,\"height\":227,\"caption\":\"Homeinnovations GmbH\"},\"image\":{\"@id\":\"https:\/\/www.homeinnovations.ch\/wp\/#\/schema\/logo\/image\/\"}}]}<\/script>\n<meta property=\"product:brand\" content=\"Funk-Alarmanlage\" \/>\n<meta property=\"product:price:amount\" content=\"0.00\" \/>\n<meta property=\"product:price:currency\" content=\"CHF\" \/>\n<meta property=\"og:availability\" content=\"instock\" \/>\n<meta property=\"product:availability\" content=\"instock\" \/>\n<meta property=\"product:retailer_item_id\" content=\"SPCK521.100-N\" \/>\n<meta property=\"product:condition\" content=\"new\" \/>\n<!-- \/ Yoast SEO Premium plugin. -->","yoast_head_json":{"title":"LCD Smart Bedienteil - Homeinnovations","robots":{"index":"index","follow":"follow","max-snippet":"max-snippet:-1","max-image-preview":"max-image-preview:large","max-video-preview":"max-video-preview:-1"},"canonical":"https:\/\/www.homeinnovations.ch\/wp\/?product=kompakt-lcd-smart-bedienteil-mit-kartenleser","og_locale":"de_DE","og_type":"article","og_title":"LCD Smart Bedienteil","og_description":"Kompakt LCD Smart Bedienteil mit Kartenleser Das SPCK521.100 Kompakt LCD Smart Bedienteil mit Kartenleser, Touch Key-Technologie, 4 Softkeys und Navigationstasten erm\u00f6glichen eine einfache Bedienung mit einer minimalen Anzahl von Schritten. Statusinformationen, Men\u00fcf\u00fchrung und eventuelle weitere Bedienungsschritte sind auf dem gro\u00dfen grafischen LCD Display deutlich zu erkennen. Im Ruhezustand k\u00f6nnen Kunden-Logo, Notfall- oder Schnelleinstellfunktionen angezeigt werden. Der integrierte Lautsprecher verbessert den Komfort durch Sprachansagen. Intergrierte Leser f\u00fcr EM und Mifare Kartentechnologien erm\u00f6glichen eine schnelle Benutzerauthentifizierung. Verschiedene Montagem\u00f6glichkeiten und Zubeh\u00f6r erm\u00f6glichen eine flexible Anwendung.","og_url":"https:\/\/www.homeinnovations.ch\/wp\/?product=kompakt-lcd-smart-bedienteil-mit-kartenleser","og_site_name":"Homeinnovations","article_modified_time":"2018-05-14T10:02:52+00:00","og_image":[{"width":973,"height":1024,"url":"https:\/\/www.homeinnovations.ch\/wp\/wp-content\/uploads\/Bedienteil-Seite-1-973x1024.png","type":"image\/png"}],"twitter_card":"summary_large_image","twitter_misc":{"Price":"","Availability":"In stock"},"schema":{"@context":"https:\/\/schema.org","@graph":[{"@type":"WebPage","@id":"https:\/\/www.homeinnovations.ch\/wp\/?product=kompakt-lcd-smart-bedienteil-mit-kartenleser","url":"https:\/\/www.homeinnovations.ch\/wp\/?product=kompakt-lcd-smart-bedienteil-mit-kartenleser","name":"LCD Smart Bedienteil - Homeinnovations","isPartOf":{"@id":"https:\/\/www.homeinnovations.ch\/wp\/#website"},"primaryImageOfPage":{"@id":"https:\/\/www.homeinnovations.ch\/wp\/?product=kompakt-lcd-smart-bedienteil-mit-kartenleser#primaryimage"},"image":{"@id":"https:\/\/www.homeinnovations.ch\/wp\/?product=kompakt-lcd-smart-bedienteil-mit-kartenleser#primaryimage"},"thumbnailUrl":"https:\/\/www.homeinnovations.ch\/wp\/wp-content\/uploads\/Bedienteil-Seite-1.png","datePublished":"2018-05-14T08:30:02+00:00","dateModified":"2018-05-14T10:02:52+00:00","breadcrumb":{"@id":"https:\/\/www.homeinnovations.ch\/wp\/?product=kompakt-lcd-smart-bedienteil-mit-kartenleser#breadcrumb"},"inLanguage":"de-CH","potentialAction":[{"@type":"ReadAction","target":["https:\/\/www.homeinnovations.ch\/wp\/?product=kompakt-lcd-smart-bedienteil-mit-kartenleser"]}]},{"@type":"ImageObject","inLanguage":"de-CH","@id":"https:\/\/www.homeinnovations.ch\/wp\/?product=kompakt-lcd-smart-bedienteil-mit-kartenleser#primaryimage","url":"https:\/\/www.homeinnovations.ch\/wp\/wp-content\/uploads\/Bedienteil-Seite-1.png","contentUrl":"https:\/\/www.homeinnovations.ch\/wp\/wp-content\/uploads\/Bedienteil-Seite-1.png","width":2362,"height":2486},{"@type":"BreadcrumbList","@id":"https:\/\/www.homeinnovations.ch\/wp\/?product=kompakt-lcd-smart-bedienteil-mit-kartenleser#breadcrumb","itemListElement":[{"@type":"ListItem","position":1,"name":"Home","item":"https:\/\/www.homeinnovations.ch\/wp\/"},{"@type":"ListItem","position":2,"name":"Shop","item":"https:\/\/www.homeinnovations.ch\/wp\/?page_id=4"},{"@type":"ListItem","position":3,"name":"LCD Smart Bedienteil"}]},{"@type":"WebSite","@id":"https:\/\/www.homeinnovations.ch\/wp\/#website","url":"https:\/\/www.homeinnovations.ch\/wp\/","name":"Homeinnovations.ch","description":"innovative technik f\u00fcr ihr zuhause","publisher":{"@id":"https:\/\/www.homeinnovations.ch\/wp\/#organization"},"potentialAction":[{"@type":"SearchAction","target":{"@type":"EntryPoint","urlTemplate":"https:\/\/www.homeinnovations.ch\/wp\/?s={search_term_string}"},"query-input":"required name=search_term_string"}],"inLanguage":"de-CH"},{"@type":"Organization","@id":"https:\/\/www.homeinnovations.ch\/wp\/#organization","name":"Homeinnovations GmbH","url":"https:\/\/www.homeinnovations.ch\/wp\/","logo":{"@type":"ImageObject","inLanguage":"de-CH","@id":"https:\/\/www.homeinnovations.ch\/wp\/#\/schema\/logo\/image\/","url":"https:\/\/www.homeinnovations.ch\/wp\/wp-content\/uploads\/home-innovations-4f.png","contentUrl":"https:\/\/www.homeinnovations.ch\/wp\/wp-content\/uploads\/home-innovations-4f.png","width":567,"height":227,"caption":"Homeinnovations GmbH"},"image":{"@id":"https:\/\/www.homeinnovations.ch\/wp\/#\/schema\/logo\/image\/"}}]},"product_brand":"Funk-Alarmanlage","product_price_amount":"0.00","product_price_currency":"CHF","og_availability":"instock","product_availability":"instock","product_retailer_item_id":"SPCK521.100-N","product_condition":"new"},"_links":{"self":[{"href":"https:\/\/www.homeinnovations.ch\/wp\/index.php?rest_route=\/wp\/v2\/product\/403"}],"collection":[{"href":"https:\/\/www.homeinnovations.ch\/wp\/index.php?rest_route=\/wp\/v2\/product"}],"about":[{"href":"https:\/\/www.homeinnovations.ch\/wp\/index.php?rest_route=\/wp\/v2\/types\/product"}],"replies":[{"embeddable":true,"href":"https:\/\/www.homeinnovations.ch\/wp\/index.php?rest_route=%2Fwp%2Fv2%2Fcomments&post=403"}],"wp:featuredmedia":[{"embeddable":true,"href":"https:\/\/www.homeinnovations.ch\/wp\/index.php?rest_route=\/wp\/v2\/media\/320"}],"wp:attachment":[{"href":"https:\/\/www.homeinnovations.ch\/wp\/index.php?rest_route=%2Fwp%2Fv2%2Fmedia&parent=403"}],"wp:term":[{"taxonomy":"product_cat","embeddable":true,"href":"https:\/\/www.homeinnovations.ch\/wp\/index.php?rest_route=%2Fwp%2Fv2%2Fproduct_cat&post=403"},{"taxonomy":"product_tag","embeddable":true,"href":"https:\/\/www.homeinnovations.ch\/wp\/index.php?rest_route=%2Fwp%2Fv2%2Fproduct_tag&post=403"}],"curies":[{"name":"wp","href":"https:\/\/api.w.org\/{rel}","templated":true}]}}