{"id":402,"date":"2018-05-14T10:20:47","date_gmt":"2018-05-14T08:20:47","guid":{"rendered":"http:\/\/test.homeinnovations.ch\/wp\/?post_type=product&#038;p=402"},"modified":"2018-05-14T12:04:22","modified_gmt":"2018-05-14T10:04:22","slug":"spc-4000-alarmzentrale-mit-ip-im-g2-metallgehaeuse","status":"publish","type":"product","link":"https:\/\/www.homeinnovations.ch\/wp\/?product=spc-4000-alarmzentrale-mit-ip-im-g2-metallgehaeuse","title":{"rendered":"SPC 4000 Alarmzentrale"},"content":{"rendered":"<h2>Technische Daten<\/h2>\n<table class=\"technical-data\">\n<tbody>\n<tr>\n<td class=\"key\">Firmware<\/td>\n<td class=\"value\">V3.x<\/td>\n<\/tr>\n<tr>\n<td class=\"key\">Programmierbare Bereiche<\/td>\n<td class=\"value\">4<\/td>\n<\/tr>\n<tr>\n<td class=\"key\">Max. Anzahl Benutzer<\/td>\n<td class=\"value\">100<\/td>\n<\/tr>\n<tr>\n<td class=\"key\">Panik Funkalarm<\/td>\n<td class=\"value\">max. 32<\/td>\n<\/tr>\n<tr>\n<td class=\"key\">Ereignisspeicher<\/td>\n<td class=\"value\">Intrusion 1\u2019000<br \/>\nZutritt 1\u2019000<\/td>\n<\/tr>\n<tr>\n<td class=\"key\">Anzahl integrierter Meldegruppen<\/td>\n<td class=\"value\">8<\/td>\n<\/tr>\n<tr>\n<td class=\"key\">Max. Anzahl drahtgebundener Meldegruppen<\/td>\n<td class=\"value\">32<\/td>\n<\/tr>\n<tr>\n<td class=\"key\">Max. Anzahl Funkmeldegruppen<\/td>\n<td class=\"value\">32<br \/>\nDurch eine Funkmeldergruppe entf\u00e4llt eine drahtgebundene Meldergruppe<br \/>\nEs sind optionale Funk-Empf\u00e4nger erforderlich.<\/td>\n<\/tr>\n<tr>\n<td class=\"key\">Abschlusswiderstand<\/td>\n<td class=\"value\">Dual-EOL 4K7 (Standard), andere Widerstandskombinationen parametrierbar<\/td>\n<\/tr>\n<tr>\n<td class=\"key\">Max. Anzahl Ausg\u00e4nge<\/td>\n<td class=\"value\">30<\/td>\n<\/tr>\n<tr>\n<td class=\"key\">Anzahl Relaisausg\u00e4nge auf Platine<\/td>\n<td class=\"value\">1 (30 VDC \/ 1 A)<br \/>\nfrei programmierbar (einpoliges Umschaltrelais)<\/td>\n<\/tr>\n<tr>\n<td class=\"key\">Anzahl offener Kollektorausg\u00e4nge auf Platine<\/td>\n<td class=\"value\">2 f\u00fcr Innen-\/Aussensirene (je max. 400 mA)<br \/>\n3 frei programmierbar (je max. 400 mA)<br \/>\n(Versorgung \u00fcber zus\u00e4tzlichen + 12 VDC Ausgang)<\/td>\n<\/tr>\n<tr>\n<td class=\"key\">T\u00fcrkapazit\u00e4t<\/td>\n<td class=\"value\">Max. 4 Eintritt oder 2 Ein-\/Austritt<\/td>\n<\/tr>\n<tr>\n<td class=\"key\">Anzahl Karten Leser<\/td>\n<td class=\"value\">Max. 4<\/td>\n<\/tr>\n<tr>\n<td class=\"key\">Funkmodul<\/td>\n<td class=\"value\">Optional (SPCW110 oder SPCW112)<\/td>\n<\/tr>\n<tr>\n<td class=\"key\">Verifikation<\/td>\n<td class=\"value\">4 Verifikationszonen mit max. 4 IP-Kameras und 4 Audiokomponenten<\/td>\n<\/tr>\n<tr>\n<td class=\"key\">Video<\/td>\n<td class=\"value\">Bis zu 16 Vor \/ 16 Nachalarmbildern( JPEG Aufl\u00f6sung 320 x 240, max. 1 Bild\/sek.)<\/td>\n<\/tr>\n<tr>\n<td class=\"key\">Audio<\/td>\n<td class=\"value\">Bis zu 60 Sek. Vor \/ 60 Sek. Nachalarm Aufzeichnung<\/td>\n<\/tr>\n<tr>\n<td class=\"key\">Zeit-Funktionen<\/td>\n<td class=\"value\">4 Kalender mit 53 Wochen anwendbar auf Benutzer, Bereiche, Zonen, Ausg\u00e4nge, Bedienteile, T\u00fcren<\/td>\n<\/tr>\n<tr>\n<td class=\"key\">Makrosprache<\/td>\n<td class=\"value\">Cause & Effect mit 8 Trigger \/ 4 logischen Ausg\u00e4ngen<\/td>\n<\/tr>\n<tr>\n<td class=\"key\">Anzahl Feldger\u00e4te<\/td>\n<td class=\"value\">Max. 11<br \/>\n(4 Bedienteile, 2 T\u00fcrerweiterungen, 5 Ein-\/Ausgangserweiterungen)<\/td>\n<\/tr>\n<tr>\n<td class=\"key\">Schnittstellen<\/td>\n<td class=\"value\">1 X-BUS (1 Stich)<br \/>\n1 RS232<br \/>\n1 USB (PC Verbindung)<br \/>\n1 Ethernet (RJ45)<br \/>\n1 SPC Fast Programmer<\/td>\n<\/tr>\n<tr>\n<td class=\"key\">Sabotagekontakt<\/td>\n<td class=\"value\">Deckelkontakt<br \/>\n2 Eing\u00e4nge f\u00fcr externe Sabotagekontakte<\/td>\n<\/tr>\n<tr>\n<td class=\"key\">Netzspannung<\/td>\n<td class=\"value\">230 VAC, + 10%\/ -15%, 50 Hz<\/td>\n<\/tr>\n<tr>\n<td class=\"key\">Arbeitsstrom<\/td>\n<td class=\"value\">Max. 200 mA bei 12 VDC<\/td>\n<\/tr>\n<tr>\n<td class=\"key\">Ruhestrom<\/td>\n<td class=\"value\">Max. 170 mA bei 12 VDC<\/td>\n<\/tr>\n<tr>\n<td class=\"key\">Ausgangsspannung<\/td>\n<td class=\"value\">11-14 VDC unter normalen Betriebsbedingungen<br \/>\n(230 VAC Versorgung anliegend und Akku voll aufgeladen)<\/td>\n<\/tr>\n<tr>\n<td class=\"key\">Ausgangsleistung<\/td>\n<td class=\"value\">Max. 750 mA bei 12 VDC<\/td>\n<\/tr>\n<tr>\n<td class=\"key\">Akkutyp<\/td>\n<td class=\"value\">12 VDC 7 Ah (nicht im Lieferumfang)<\/td>\n<\/tr>\n<tr>\n<td class=\"key\">Betriebstemperatur<\/td>\n<td class=\"value\">0 ~ +40 \u00b0C<\/td>\n<\/tr>\n<tr>\n<td class=\"key\">Farbe<\/td>\n<td class=\"value\">RAL 9003 (Signalweiss)<\/td>\n<\/tr>\n<tr>\n<td class=\"key\">Gewicht<\/td>\n<td class=\"value\">4.500 kg<\/td>\n<\/tr>\n<tr>\n<td class=\"key\">Abmessungen (B x H x T)<\/td>\n<td class=\"value\">264 x 357 x 81 mm<\/td>\n<\/tr>\n<tr>\n<td class=\"key\">Geh\u00e4use<\/td>\n<td class=\"value\">Metallgeh\u00e4use klein (1.2 mm Stahl)<\/td>\n<\/tr>\n<tr>\n<td class=\"key\">Zulassung<\/td>\n<td class=\"value\">EN50131-1 \/ EN50131-3 \/ EN50131-6, Grade 2, Class II<br \/>\nAT: VS\u00d6 P120611\/02E, Klasse PS<br \/>\nCH: SES EN CH Grade 2<br \/>\nFFIS A 11002 A \u2013 1 bis Kat. 1<br \/>\nAblauf der FFIS Genehmigung per 31.12.2014<\/td>\n<\/tr>\n<\/tbody>\n<\/table>\n","protected":false},"excerpt":{"rendered":"<h2>SPC 4000 Alarmzentrale mit IP im G2 Metallgeh\u00e4use<\/h2>\n<p>Die Konnektivit\u00e4t der Zentrale ist bei einem Sicherheitssystem ein wesentlicher Aspekt. Die SPC-Zentralen unterst\u00fctzen die \u00dcbertragung \u00fcber PSTN und GSM mit allen wesentlichen Kommunikationsformaten an Standardempf\u00e4nger sowie \u00fcber IP-Netze (Ethernet mit GPRS-Backup) an die SPC-Com-Alarm-Empfangssoftware, wobei Kommunikationskan\u00e4le, die auf einer vordefinierten Strategie basieren, priorisiert werden.<\/p>\n<p>Die SPC-Zentralen erm\u00f6glichen eine einfache und flexible Konfiguration. Durch Fernkonfiguration \u00fcber einen der Kommunikationskan\u00e4le mittels des integrierten Web-Servers oder einen PC mit SPC Pro-Programmiersoftware lassen sich die hohen Kosten f\u00fcr Engineering vor Ort auf ein Minimum reduzieren.<\/p>\n<p>Der High-Speed-Erweiterungsbus (X-BUS mit 307 kB\/s) ist ein schneller und zuverl\u00e4ssiger Backbone f\u00fcr alle Einrichtungen, bei denen die Entfernung zwischen den einzelnen Busger\u00e4ten bis zu<br \/>\n400 m betr\u00e4gt.<\/p>\n<p>Der optionale Ferndiagnoseserver SPCS320 garantiert hohe Qualit\u00e4t bei reduzierten Kosten. Die SPC-Zentrale sendet in regelm\u00e4ssigen Abst\u00e4nden automatisierte technische Systempr\u00fcfungen an einen Server, ohne dass ein Techniker etwas tun muss. Die Daten k\u00f6nnen automatisch ausgewertet und gedruckt werden. Dies stellt eine ideale Unterst\u00fctzung f\u00fcr bestehende oder neue Wartungsvertr\u00e4ge mit Kunden dar.<\/p>\n<p>Die Zentrale SPC4320.320 bietet Einbruchmelde- und Zutritts-funktionalit\u00e4ten optimal kombiniert in einem System und ist erweiterbar auf max. 32 Meldergruppen (8 integriert), 30 Ausg\u00e4nge (6 integriert), 4 Systembedienteile und 4 T\u00fcren. Jede Meldergruppe ist konfigurierbar f\u00fcr unterschiedliche Anforderungen an die Melder-gruppen\u00fcberwachung mit standardmssig 4K7-Widerst\u00e4nden. Dar\u00fcber hinaus werden jedoch auch andere Widerstandswerte unterst\u00fctzt. Die Zentrale unterst\u00fctzt 1 X-BUS-Port (1 Stichleitung), 4 Bereiche, 100 Benutzer mit unterschiedlichen Zutritts-Level, Speicherplatz f\u00fcr 1.000 Einbruchmelde und 1.000 Zutrittsereignissen, X-10-Schnittstelle, integrierten Web Server, 2 Anschl\u00fcsse f\u00fcr die steckbaren PSTN- und GSM-Kommunikationsoptionen, integrierte Ethernet-Schnittstelle. Das System ist mit Funkmodulen erweiterbar und unterst\u00fctzt max. 32 SiWay Funkmelder (in Kombination mit drahtgebundenen Meldergruppen) und 1 Fernbedienung pro Benutzer. Die Zentrale entspricht den Anforderungen von EN50131 Grad 2. Das sabotage\u00fcberwachte Metallgeh\u00e4use bietet Platz f\u00fcr einen 7,2 Ah-Akku und 1 zus\u00e4tzliches Erweiterungsmodul.<\/p>\n<p>Die Programmiersoftware SPC-Pro, sowie die gesamte Dokumentation liegt jeder Zentrale bei.<\/p>\n","protected":false},"featured_media":319,"comment_status":"open","ping_status":"closed","template":"","meta":[],"product_cat":[12],"product_tag":[],"yoast_head":"<!-- This site is optimized with the Yoast SEO Premium plugin v22.1 (Yoast SEO v22.5) - https:\/\/yoast.com\/wordpress\/plugins\/seo\/ -->\n<title>SPC 4000 Alarmzentrale - Homeinnovations<\/title>\n<meta name=\"robots\" content=\"index, follow, max-snippet:-1, max-image-preview:large, max-video-preview:-1\" \/>\n<link rel=\"canonical\" href=\"https:\/\/www.homeinnovations.ch\/wp\/?product=spc-4000-alarmzentrale-mit-ip-im-g2-metallgehaeuse\" \/>\n<meta property=\"og:locale\" content=\"de_DE\" \/>\n<meta property=\"og:type\" content=\"article\" \/>\n<meta property=\"og:title\" content=\"SPC 4000 Alarmzentrale\" \/>\n<meta property=\"og:description\" content=\"SPC 4000 Alarmzentrale mit IP im G2 Metallgeh\u00e4use Die Konnektivit\u00e4t der Zentrale ist bei einem Sicherheitssystem ein wesentlicher Aspekt. Die SPC-Zentralen unterst\u00fctzen die \u00dcbertragung \u00fcber PSTN und GSM mit allen wesentlichen Kommunikationsformaten an Standardempf\u00e4nger sowie \u00fcber IP-Netze (Ethernet mit GPRS-Backup) an die SPC-Com-Alarm-Empfangssoftware, wobei Kommunikationskan\u00e4le, die auf einer vordefinierten Strategie basieren, priorisiert werden.  Die SPC-Zentralen erm\u00f6glichen eine einfache und flexible Konfiguration. Durch Fernkonfiguration \u00fcber einen der Kommunikationskan\u00e4le mittels des integrierten Web-Servers oder einen PC mit SPC Pro-Programmiersoftware lassen sich die hohen Kosten f\u00fcr Engineering vor Ort auf ein Minimum reduzieren.  Der High-Speed-Erweiterungsbus (X-BUS mit 307 kB\/s) ist ein schneller und zuverl\u00e4ssiger Backbone f\u00fcr alle Einrichtungen, bei denen die Entfernung zwischen den einzelnen Busger\u00e4ten bis zu 400 m betr\u00e4gt.  Der optionale Ferndiagnoseserver SPCS320 garantiert hohe Qualit\u00e4t bei reduzierten Kosten. Die SPC-Zentrale sendet in regelm\u00e4ssigen Abst\u00e4nden automatisierte technische Systempr\u00fcfungen an einen Server, ohne dass ein Techniker etwas tun muss. Die Daten k\u00f6nnen automatisch ausgewertet und gedruckt werden. Dies stellt eine ideale Unterst\u00fctzung f\u00fcr bestehende oder neue Wartungsvertr\u00e4ge mit Kunden dar.  Die Zentrale SPC4320.320 bietet Einbruchmelde- und Zutritts-funktionalit\u00e4ten optimal kombiniert in einem System und ist erweiterbar auf max. 32 Meldergruppen (8 integriert), 30 Ausg\u00e4nge (6 integriert), 4 Systembedienteile und 4 T\u00fcren. Jede Meldergruppe ist konfigurierbar f\u00fcr unterschiedliche Anforderungen an die Melder-gruppen\u00fcberwachung mit standardmssig 4K7-Widerst\u00e4nden. Dar\u00fcber hinaus werden jedoch auch andere Widerstandswerte unterst\u00fctzt. Die Zentrale unterst\u00fctzt 1 X-BUS-Port (1 Stichleitung), 4 Bereiche, 100 Benutzer mit unterschiedlichen Zutritts-Level, Speicherplatz f\u00fcr 1.000 Einbruchmelde und 1.000 Zutrittsereignissen, X-10-Schnittstelle, integrierten Web Server, 2 Anschl\u00fcsse f\u00fcr die steckbaren PSTN- und GSM-Kommunikationsoptionen, integrierte Ethernet-Schnittstelle. Das System ist mit Funkmodulen erweiterbar und unterst\u00fctzt max. 32 SiWay Funkmelder (in Kombination mit drahtgebundenen Meldergruppen) und 1 Fernbedienung pro Benutzer. Die Zentrale entspricht den Anforderungen von EN50131 Grad 2. Das sabotage\u00fcberwachte Metallgeh\u00e4use bietet Platz f\u00fcr einen 7,2 Ah-Akku und 1 zus\u00e4tzliches Erweiterungsmodul.  Die Programmiersoftware SPC-Pro, sowie die gesamte Dokumentation liegt jeder Zentrale bei.\" \/>\n<meta property=\"og:url\" content=\"https:\/\/www.homeinnovations.ch\/wp\/?product=spc-4000-alarmzentrale-mit-ip-im-g2-metallgehaeuse\" \/>\n<meta property=\"og:site_name\" content=\"Homeinnovations\" \/>\n<meta property=\"article:modified_time\" content=\"2018-05-14T10:04:22+00:00\" \/>\n<meta property=\"og:image\" content=\"https:\/\/www.homeinnovations.ch\/wp\/wp-content\/uploads\/Einbruchmeldezentrale-1024x1024.png\" \/>\n\t<meta property=\"og:image:width\" content=\"1024\" \/>\n\t<meta property=\"og:image:height\" content=\"1024\" \/>\n\t<meta property=\"og:image:type\" content=\"image\/png\" \/>\n<meta name=\"twitter:card\" content=\"summary_large_image\" \/>\n<meta name=\"twitter:label1\" content=\"Price\" \/>\n\t<meta name=\"twitter:data1\" content=\"\" \/>\n\t<meta name=\"twitter:label2\" content=\"Availability\" \/>\n\t<meta name=\"twitter:data2\" content=\"In stock\" \/>\n<script type=\"application\/ld+json\" class=\"yoast-schema-graph\">{\"@context\":\"https:\/\/schema.org\",\"@graph\":[{\"@type\":\"WebPage\",\"@id\":\"https:\/\/www.homeinnovations.ch\/wp\/?product=spc-4000-alarmzentrale-mit-ip-im-g2-metallgehaeuse\",\"url\":\"https:\/\/www.homeinnovations.ch\/wp\/?product=spc-4000-alarmzentrale-mit-ip-im-g2-metallgehaeuse\",\"name\":\"SPC 4000 Alarmzentrale - Homeinnovations\",\"isPartOf\":{\"@id\":\"https:\/\/www.homeinnovations.ch\/wp\/#website\"},\"primaryImageOfPage\":{\"@id\":\"https:\/\/www.homeinnovations.ch\/wp\/?product=spc-4000-alarmzentrale-mit-ip-im-g2-metallgehaeuse#primaryimage\"},\"image\":{\"@id\":\"https:\/\/www.homeinnovations.ch\/wp\/?product=spc-4000-alarmzentrale-mit-ip-im-g2-metallgehaeuse#primaryimage\"},\"thumbnailUrl\":\"https:\/\/www.homeinnovations.ch\/wp\/wp-content\/uploads\/Einbruchmeldezentrale.png\",\"datePublished\":\"2018-05-14T08:20:47+00:00\",\"dateModified\":\"2018-05-14T10:04:22+00:00\",\"breadcrumb\":{\"@id\":\"https:\/\/www.homeinnovations.ch\/wp\/?product=spc-4000-alarmzentrale-mit-ip-im-g2-metallgehaeuse#breadcrumb\"},\"inLanguage\":\"de-CH\",\"potentialAction\":[{\"@type\":\"ReadAction\",\"target\":[\"https:\/\/www.homeinnovations.ch\/wp\/?product=spc-4000-alarmzentrale-mit-ip-im-g2-metallgehaeuse\"]}]},{\"@type\":\"ImageObject\",\"inLanguage\":\"de-CH\",\"@id\":\"https:\/\/www.homeinnovations.ch\/wp\/?product=spc-4000-alarmzentrale-mit-ip-im-g2-metallgehaeuse#primaryimage\",\"url\":\"https:\/\/www.homeinnovations.ch\/wp\/wp-content\/uploads\/Einbruchmeldezentrale.png\",\"contentUrl\":\"https:\/\/www.homeinnovations.ch\/wp\/wp-content\/uploads\/Einbruchmeldezentrale.png\",\"width\":2362,\"height\":2362},{\"@type\":\"BreadcrumbList\",\"@id\":\"https:\/\/www.homeinnovations.ch\/wp\/?product=spc-4000-alarmzentrale-mit-ip-im-g2-metallgehaeuse#breadcrumb\",\"itemListElement\":[{\"@type\":\"ListItem\",\"position\":1,\"name\":\"Home\",\"item\":\"https:\/\/www.homeinnovations.ch\/wp\/\"},{\"@type\":\"ListItem\",\"position\":2,\"name\":\"Shop\",\"item\":\"https:\/\/www.homeinnovations.ch\/wp\/?page_id=4\"},{\"@type\":\"ListItem\",\"position\":3,\"name\":\"SPC 4000 Alarmzentrale\"}]},{\"@type\":\"WebSite\",\"@id\":\"https:\/\/www.homeinnovations.ch\/wp\/#website\",\"url\":\"https:\/\/www.homeinnovations.ch\/wp\/\",\"name\":\"Homeinnovations.ch\",\"description\":\"innovative technik f\u00fcr ihr zuhause\",\"publisher\":{\"@id\":\"https:\/\/www.homeinnovations.ch\/wp\/#organization\"},\"potentialAction\":[{\"@type\":\"SearchAction\",\"target\":{\"@type\":\"EntryPoint\",\"urlTemplate\":\"https:\/\/www.homeinnovations.ch\/wp\/?s={search_term_string}\"},\"query-input\":\"required name=search_term_string\"}],\"inLanguage\":\"de-CH\"},{\"@type\":\"Organization\",\"@id\":\"https:\/\/www.homeinnovations.ch\/wp\/#organization\",\"name\":\"Homeinnovations GmbH\",\"url\":\"https:\/\/www.homeinnovations.ch\/wp\/\",\"logo\":{\"@type\":\"ImageObject\",\"inLanguage\":\"de-CH\",\"@id\":\"https:\/\/www.homeinnovations.ch\/wp\/#\/schema\/logo\/image\/\",\"url\":\"https:\/\/www.homeinnovations.ch\/wp\/wp-content\/uploads\/home-innovations-4f.png\",\"contentUrl\":\"https:\/\/www.homeinnovations.ch\/wp\/wp-content\/uploads\/home-innovations-4f.png\",\"width\":567,\"height\":227,\"caption\":\"Homeinnovations GmbH\"},\"image\":{\"@id\":\"https:\/\/www.homeinnovations.ch\/wp\/#\/schema\/logo\/image\/\"}}]}<\/script>\n<meta property=\"product:brand\" content=\"Funk-Alarmanlage\" \/>\n<meta property=\"product:price:amount\" content=\"0.00\" \/>\n<meta property=\"product:price:currency\" content=\"CHF\" \/>\n<meta property=\"og:availability\" content=\"instock\" \/>\n<meta property=\"product:availability\" content=\"instock\" \/>\n<meta property=\"product:retailer_item_id\" content=\"SPC4320.320-L1\" \/>\n<meta property=\"product:condition\" content=\"new\" \/>\n<!-- \/ Yoast SEO Premium plugin. -->","yoast_head_json":{"title":"SPC 4000 Alarmzentrale - Homeinnovations","robots":{"index":"index","follow":"follow","max-snippet":"max-snippet:-1","max-image-preview":"max-image-preview:large","max-video-preview":"max-video-preview:-1"},"canonical":"https:\/\/www.homeinnovations.ch\/wp\/?product=spc-4000-alarmzentrale-mit-ip-im-g2-metallgehaeuse","og_locale":"de_DE","og_type":"article","og_title":"SPC 4000 Alarmzentrale","og_description":"SPC 4000 Alarmzentrale mit IP im G2 Metallgeh\u00e4use Die Konnektivit\u00e4t der Zentrale ist bei einem Sicherheitssystem ein wesentlicher Aspekt. Die SPC-Zentralen unterst\u00fctzen die \u00dcbertragung \u00fcber PSTN und GSM mit allen wesentlichen Kommunikationsformaten an Standardempf\u00e4nger sowie \u00fcber IP-Netze (Ethernet mit GPRS-Backup) an die SPC-Com-Alarm-Empfangssoftware, wobei Kommunikationskan\u00e4le, die auf einer vordefinierten Strategie basieren, priorisiert werden.  Die SPC-Zentralen erm\u00f6glichen eine einfache und flexible Konfiguration. Durch Fernkonfiguration \u00fcber einen der Kommunikationskan\u00e4le mittels des integrierten Web-Servers oder einen PC mit SPC Pro-Programmiersoftware lassen sich die hohen Kosten f\u00fcr Engineering vor Ort auf ein Minimum reduzieren.  Der High-Speed-Erweiterungsbus (X-BUS mit 307 kB\/s) ist ein schneller und zuverl\u00e4ssiger Backbone f\u00fcr alle Einrichtungen, bei denen die Entfernung zwischen den einzelnen Busger\u00e4ten bis zu 400 m betr\u00e4gt.  Der optionale Ferndiagnoseserver SPCS320 garantiert hohe Qualit\u00e4t bei reduzierten Kosten. Die SPC-Zentrale sendet in regelm\u00e4ssigen Abst\u00e4nden automatisierte technische Systempr\u00fcfungen an einen Server, ohne dass ein Techniker etwas tun muss. Die Daten k\u00f6nnen automatisch ausgewertet und gedruckt werden. Dies stellt eine ideale Unterst\u00fctzung f\u00fcr bestehende oder neue Wartungsvertr\u00e4ge mit Kunden dar.  Die Zentrale SPC4320.320 bietet Einbruchmelde- und Zutritts-funktionalit\u00e4ten optimal kombiniert in einem System und ist erweiterbar auf max. 32 Meldergruppen (8 integriert), 30 Ausg\u00e4nge (6 integriert), 4 Systembedienteile und 4 T\u00fcren. Jede Meldergruppe ist konfigurierbar f\u00fcr unterschiedliche Anforderungen an die Melder-gruppen\u00fcberwachung mit standardmssig 4K7-Widerst\u00e4nden. Dar\u00fcber hinaus werden jedoch auch andere Widerstandswerte unterst\u00fctzt. Die Zentrale unterst\u00fctzt 1 X-BUS-Port (1 Stichleitung), 4 Bereiche, 100 Benutzer mit unterschiedlichen Zutritts-Level, Speicherplatz f\u00fcr 1.000 Einbruchmelde und 1.000 Zutrittsereignissen, X-10-Schnittstelle, integrierten Web Server, 2 Anschl\u00fcsse f\u00fcr die steckbaren PSTN- und GSM-Kommunikationsoptionen, integrierte Ethernet-Schnittstelle. Das System ist mit Funkmodulen erweiterbar und unterst\u00fctzt max. 32 SiWay Funkmelder (in Kombination mit drahtgebundenen Meldergruppen) und 1 Fernbedienung pro Benutzer. Die Zentrale entspricht den Anforderungen von EN50131 Grad 2. Das sabotage\u00fcberwachte Metallgeh\u00e4use bietet Platz f\u00fcr einen 7,2 Ah-Akku und 1 zus\u00e4tzliches Erweiterungsmodul.  Die Programmiersoftware SPC-Pro, sowie die gesamte Dokumentation liegt jeder Zentrale bei.","og_url":"https:\/\/www.homeinnovations.ch\/wp\/?product=spc-4000-alarmzentrale-mit-ip-im-g2-metallgehaeuse","og_site_name":"Homeinnovations","article_modified_time":"2018-05-14T10:04:22+00:00","og_image":[{"width":1024,"height":1024,"url":"https:\/\/www.homeinnovations.ch\/wp\/wp-content\/uploads\/Einbruchmeldezentrale-1024x1024.png","type":"image\/png"}],"twitter_card":"summary_large_image","twitter_misc":{"Price":"","Availability":"In stock"},"schema":{"@context":"https:\/\/schema.org","@graph":[{"@type":"WebPage","@id":"https:\/\/www.homeinnovations.ch\/wp\/?product=spc-4000-alarmzentrale-mit-ip-im-g2-metallgehaeuse","url":"https:\/\/www.homeinnovations.ch\/wp\/?product=spc-4000-alarmzentrale-mit-ip-im-g2-metallgehaeuse","name":"SPC 4000 Alarmzentrale - Homeinnovations","isPartOf":{"@id":"https:\/\/www.homeinnovations.ch\/wp\/#website"},"primaryImageOfPage":{"@id":"https:\/\/www.homeinnovations.ch\/wp\/?product=spc-4000-alarmzentrale-mit-ip-im-g2-metallgehaeuse#primaryimage"},"image":{"@id":"https:\/\/www.homeinnovations.ch\/wp\/?product=spc-4000-alarmzentrale-mit-ip-im-g2-metallgehaeuse#primaryimage"},"thumbnailUrl":"https:\/\/www.homeinnovations.ch\/wp\/wp-content\/uploads\/Einbruchmeldezentrale.png","datePublished":"2018-05-14T08:20:47+00:00","dateModified":"2018-05-14T10:04:22+00:00","breadcrumb":{"@id":"https:\/\/www.homeinnovations.ch\/wp\/?product=spc-4000-alarmzentrale-mit-ip-im-g2-metallgehaeuse#breadcrumb"},"inLanguage":"de-CH","potentialAction":[{"@type":"ReadAction","target":["https:\/\/www.homeinnovations.ch\/wp\/?product=spc-4000-alarmzentrale-mit-ip-im-g2-metallgehaeuse"]}]},{"@type":"ImageObject","inLanguage":"de-CH","@id":"https:\/\/www.homeinnovations.ch\/wp\/?product=spc-4000-alarmzentrale-mit-ip-im-g2-metallgehaeuse#primaryimage","url":"https:\/\/www.homeinnovations.ch\/wp\/wp-content\/uploads\/Einbruchmeldezentrale.png","contentUrl":"https:\/\/www.homeinnovations.ch\/wp\/wp-content\/uploads\/Einbruchmeldezentrale.png","width":2362,"height":2362},{"@type":"BreadcrumbList","@id":"https:\/\/www.homeinnovations.ch\/wp\/?product=spc-4000-alarmzentrale-mit-ip-im-g2-metallgehaeuse#breadcrumb","itemListElement":[{"@type":"ListItem","position":1,"name":"Home","item":"https:\/\/www.homeinnovations.ch\/wp\/"},{"@type":"ListItem","position":2,"name":"Shop","item":"https:\/\/www.homeinnovations.ch\/wp\/?page_id=4"},{"@type":"ListItem","position":3,"name":"SPC 4000 Alarmzentrale"}]},{"@type":"WebSite","@id":"https:\/\/www.homeinnovations.ch\/wp\/#website","url":"https:\/\/www.homeinnovations.ch\/wp\/","name":"Homeinnovations.ch","description":"innovative technik f\u00fcr ihr zuhause","publisher":{"@id":"https:\/\/www.homeinnovations.ch\/wp\/#organization"},"potentialAction":[{"@type":"SearchAction","target":{"@type":"EntryPoint","urlTemplate":"https:\/\/www.homeinnovations.ch\/wp\/?s={search_term_string}"},"query-input":"required name=search_term_string"}],"inLanguage":"de-CH"},{"@type":"Organization","@id":"https:\/\/www.homeinnovations.ch\/wp\/#organization","name":"Homeinnovations GmbH","url":"https:\/\/www.homeinnovations.ch\/wp\/","logo":{"@type":"ImageObject","inLanguage":"de-CH","@id":"https:\/\/www.homeinnovations.ch\/wp\/#\/schema\/logo\/image\/","url":"https:\/\/www.homeinnovations.ch\/wp\/wp-content\/uploads\/home-innovations-4f.png","contentUrl":"https:\/\/www.homeinnovations.ch\/wp\/wp-content\/uploads\/home-innovations-4f.png","width":567,"height":227,"caption":"Homeinnovations GmbH"},"image":{"@id":"https:\/\/www.homeinnovations.ch\/wp\/#\/schema\/logo\/image\/"}}]},"product_brand":"Funk-Alarmanlage","product_price_amount":"0.00","product_price_currency":"CHF","og_availability":"instock","product_availability":"instock","product_retailer_item_id":"SPC4320.320-L1","product_condition":"new"},"_links":{"self":[{"href":"https:\/\/www.homeinnovations.ch\/wp\/index.php?rest_route=\/wp\/v2\/product\/402"}],"collection":[{"href":"https:\/\/www.homeinnovations.ch\/wp\/index.php?rest_route=\/wp\/v2\/product"}],"about":[{"href":"https:\/\/www.homeinnovations.ch\/wp\/index.php?rest_route=\/wp\/v2\/types\/product"}],"replies":[{"embeddable":true,"href":"https:\/\/www.homeinnovations.ch\/wp\/index.php?rest_route=%2Fwp%2Fv2%2Fcomments&post=402"}],"wp:featuredmedia":[{"embeddable":true,"href":"https:\/\/www.homeinnovations.ch\/wp\/index.php?rest_route=\/wp\/v2\/media\/319"}],"wp:attachment":[{"href":"https:\/\/www.homeinnovations.ch\/wp\/index.php?rest_route=%2Fwp%2Fv2%2Fmedia&parent=402"}],"wp:term":[{"taxonomy":"product_cat","embeddable":true,"href":"https:\/\/www.homeinnovations.ch\/wp\/index.php?rest_route=%2Fwp%2Fv2%2Fproduct_cat&post=402"},{"taxonomy":"product_tag","embeddable":true,"href":"https:\/\/www.homeinnovations.ch\/wp\/index.php?rest_route=%2Fwp%2Fv2%2Fproduct_tag&post=402"}],"curies":[{"name":"wp","href":"https:\/\/api.w.org\/{rel}","templated":true}]}}