{"id":392,"date":"2018-05-13T21:19:23","date_gmt":"2018-05-13T19:19:23","guid":{"rendered":"http:\/\/test.homeinnovations.ch\/wp\/?post_type=product&#038;p=392"},"modified":"2024-01-30T19:29:15","modified_gmt":"2024-01-30T18:29:15","slug":"up-led-drehdimmer-4-200w","status":"publish","type":"product","link":"https:\/\/www.homeinnovations.ch\/wp\/?product=up-led-drehdimmer-4-200w","title":{"rendered":"LED-UP-Drehdimmer \/ 4-200W"},"content":{"rendered":"<ul>\n<li>Nennleistung: 4 \u2013 400 VA<\/li>\n<li>Breite x H\u00f6he x Tiefe: 77 x 77 x 29 mm<\/li>\n<li>Bedienungsart: Dreh-\/Druckknopf<\/li>\n<li>geeignet f\u00fcr Schutzart (IP): IP20<\/li>\n<li>Frequenz: 50 \u2013 60 Hz<\/li>\n<li>Steuerspannung: 207 \u2013 253 V<\/li>\n<li>Vervendung mit Feller EDIZIO due<\/li>\n<\/ul>\n","protected":false},"excerpt":{"rendered":"<p>Einsatz zu LED-Universal-Drehdimmer, beleuchtbar mit LED 230 V AC, f\u00fcr dimmbare LED-Lampen, f\u00fcr Gl\u00fch- und Niedervolthalogenlampen, f\u00fcr konventionelle und elektronische Transformatoren, Mischlastbetrieb von elektronischen und konventionellen Transformatoren nicht m\u00f6glich, minimale und maximale Helligkeit einstellbar, mit Schaltkontakt f\u00fcr Wechselschaltung<\/p>\n<p>&nbsp;<\/p>\n","protected":false},"featured_media":393,"comment_status":"closed","ping_status":"closed","template":"","meta":[],"product_cat":[11],"product_tag":[],"yoast_head":"<!-- This site is optimized with the Yoast SEO Premium plugin v22.1 (Yoast SEO v22.5) - https:\/\/yoast.com\/wordpress\/plugins\/seo\/ -->\n<title>LED-UP-Drehdimmer \/ 4-200W - Homeinnovations<\/title>\n<meta name=\"robots\" content=\"index, follow, max-snippet:-1, max-image-preview:large, max-video-preview:-1\" \/>\n<link rel=\"canonical\" href=\"https:\/\/www.homeinnovations.ch\/wp\/?product=up-led-drehdimmer-4-200w\" \/>\n<meta property=\"og:locale\" content=\"de_DE\" \/>\n<meta property=\"og:type\" content=\"article\" \/>\n<meta property=\"og:title\" content=\"LED-UP-Drehdimmer \/ 4-200W\" \/>\n<meta property=\"og:description\" content=\"Einsatz zu LED-Universal-Drehdimmer, beleuchtbar mit LED 230 V AC, f\u00fcr dimmbare LED-Lampen, f\u00fcr Gl\u00fch- und Niedervolthalogenlampen, f\u00fcr konventionelle und elektronische Transformatoren, Mischlastbetrieb von elektronischen und konventionellen Transformatoren nicht m\u00f6glich, minimale und maximale Helligkeit einstellbar, mit Schaltkontakt f\u00fcr Wechselschaltung  &nbsp;\" \/>\n<meta property=\"og:url\" content=\"https:\/\/www.homeinnovations.ch\/wp\/?product=up-led-drehdimmer-4-200w\" \/>\n<meta property=\"og:site_name\" content=\"Homeinnovations\" \/>\n<meta property=\"article:modified_time\" content=\"2024-01-30T18:29:15+00:00\" \/>\n<meta property=\"og:image\" content=\"https:\/\/www.homeinnovations.ch\/wp\/wp-content\/uploads\/DEV-WEB-0100-ELD-40200.LED_.jpg\" \/>\n\t<meta property=\"og:image:width\" content=\"515\" \/>\n\t<meta property=\"og:image:height\" content=\"515\" \/>\n\t<meta property=\"og:image:type\" content=\"image\/jpeg\" \/>\n<meta name=\"twitter:card\" content=\"summary_large_image\" \/>\n<meta name=\"twitter:label1\" content=\"Price\" \/>\n\t<meta name=\"twitter:data1\" content=\"150.20&nbsp;&#67;&#72;&#70;\" \/>\n\t<meta name=\"twitter:label2\" content=\"Availability\" \/>\n\t<meta name=\"twitter:data2\" content=\"In stock\" \/>\n<script type=\"application\/ld+json\" class=\"yoast-schema-graph\">{\"@context\":\"https:\/\/schema.org\",\"@graph\":[{\"@type\":\"WebPage\",\"@id\":\"https:\/\/www.homeinnovations.ch\/wp\/?product=up-led-drehdimmer-4-200w\",\"url\":\"https:\/\/www.homeinnovations.ch\/wp\/?product=up-led-drehdimmer-4-200w\",\"name\":\"LED-UP-Drehdimmer \/ 4-200W - Homeinnovations\",\"isPartOf\":{\"@id\":\"https:\/\/www.homeinnovations.ch\/wp\/#website\"},\"primaryImageOfPage\":{\"@id\":\"https:\/\/www.homeinnovations.ch\/wp\/?product=up-led-drehdimmer-4-200w#primaryimage\"},\"image\":{\"@id\":\"https:\/\/www.homeinnovations.ch\/wp\/?product=up-led-drehdimmer-4-200w#primaryimage\"},\"thumbnailUrl\":\"https:\/\/www.homeinnovations.ch\/wp\/wp-content\/uploads\/DEV-WEB-0100-ELD-40200.LED_.jpg\",\"datePublished\":\"2018-05-13T19:19:23+00:00\",\"dateModified\":\"2024-01-30T18:29:15+00:00\",\"breadcrumb\":{\"@id\":\"https:\/\/www.homeinnovations.ch\/wp\/?product=up-led-drehdimmer-4-200w#breadcrumb\"},\"inLanguage\":\"de-CH\",\"potentialAction\":[{\"@type\":\"ReadAction\",\"target\":[\"https:\/\/www.homeinnovations.ch\/wp\/?product=up-led-drehdimmer-4-200w\"]}]},{\"@type\":\"ImageObject\",\"inLanguage\":\"de-CH\",\"@id\":\"https:\/\/www.homeinnovations.ch\/wp\/?product=up-led-drehdimmer-4-200w#primaryimage\",\"url\":\"https:\/\/www.homeinnovations.ch\/wp\/wp-content\/uploads\/DEV-WEB-0100-ELD-40200.LED_.jpg\",\"contentUrl\":\"https:\/\/www.homeinnovations.ch\/wp\/wp-content\/uploads\/DEV-WEB-0100-ELD-40200.LED_.jpg\",\"width\":515,\"height\":515},{\"@type\":\"BreadcrumbList\",\"@id\":\"https:\/\/www.homeinnovations.ch\/wp\/?product=up-led-drehdimmer-4-200w#breadcrumb\",\"itemListElement\":[{\"@type\":\"ListItem\",\"position\":1,\"name\":\"Home\",\"item\":\"https:\/\/www.homeinnovations.ch\/wp\/\"},{\"@type\":\"ListItem\",\"position\":2,\"name\":\"Shop\",\"item\":\"https:\/\/www.homeinnovations.ch\/wp\/?page_id=4\"},{\"@type\":\"ListItem\",\"position\":3,\"name\":\"LED-UP-Drehdimmer \/ 4-200W\"}]},{\"@type\":\"WebSite\",\"@id\":\"https:\/\/www.homeinnovations.ch\/wp\/#website\",\"url\":\"https:\/\/www.homeinnovations.ch\/wp\/\",\"name\":\"Homeinnovations.ch\",\"description\":\"innovative technik f\u00fcr ihr zuhause\",\"publisher\":{\"@id\":\"https:\/\/www.homeinnovations.ch\/wp\/#organization\"},\"potentialAction\":[{\"@type\":\"SearchAction\",\"target\":{\"@type\":\"EntryPoint\",\"urlTemplate\":\"https:\/\/www.homeinnovations.ch\/wp\/?s={search_term_string}\"},\"query-input\":\"required name=search_term_string\"}],\"inLanguage\":\"de-CH\"},{\"@type\":\"Organization\",\"@id\":\"https:\/\/www.homeinnovations.ch\/wp\/#organization\",\"name\":\"Homeinnovations GmbH\",\"url\":\"https:\/\/www.homeinnovations.ch\/wp\/\",\"logo\":{\"@type\":\"ImageObject\",\"inLanguage\":\"de-CH\",\"@id\":\"https:\/\/www.homeinnovations.ch\/wp\/#\/schema\/logo\/image\/\",\"url\":\"https:\/\/www.homeinnovations.ch\/wp\/wp-content\/uploads\/home-innovations-4f.png\",\"contentUrl\":\"https:\/\/www.homeinnovations.ch\/wp\/wp-content\/uploads\/home-innovations-4f.png\",\"width\":567,\"height\":227,\"caption\":\"Homeinnovations GmbH\"},\"image\":{\"@id\":\"https:\/\/www.homeinnovations.ch\/wp\/#\/schema\/logo\/image\/\"}}]}<\/script>\n<meta property=\"product:brand\" content=\"LED Spot Lampen\" \/>\n<meta property=\"product:price:amount\" content=\"150.20\" \/>\n<meta property=\"product:price:currency\" content=\"CHF\" \/>\n<meta property=\"og:availability\" content=\"instock\" \/>\n<meta property=\"product:availability\" content=\"instock\" \/>\n<meta property=\"product:retailer_item_id\" content=\"548833790\" \/>\n<meta property=\"product:condition\" content=\"new\" \/>\n<!-- \/ Yoast SEO Premium plugin. -->","yoast_head_json":{"title":"LED-UP-Drehdimmer \/ 4-200W - Homeinnovations","robots":{"index":"index","follow":"follow","max-snippet":"max-snippet:-1","max-image-preview":"max-image-preview:large","max-video-preview":"max-video-preview:-1"},"canonical":"https:\/\/www.homeinnovations.ch\/wp\/?product=up-led-drehdimmer-4-200w","og_locale":"de_DE","og_type":"article","og_title":"LED-UP-Drehdimmer \/ 4-200W","og_description":"Einsatz zu LED-Universal-Drehdimmer, beleuchtbar mit LED 230 V AC, f\u00fcr dimmbare LED-Lampen, f\u00fcr Gl\u00fch- und Niedervolthalogenlampen, f\u00fcr konventionelle und elektronische Transformatoren, Mischlastbetrieb von elektronischen und konventionellen Transformatoren nicht m\u00f6glich, minimale und maximale Helligkeit einstellbar, mit Schaltkontakt f\u00fcr Wechselschaltung  &nbsp;","og_url":"https:\/\/www.homeinnovations.ch\/wp\/?product=up-led-drehdimmer-4-200w","og_site_name":"Homeinnovations","article_modified_time":"2024-01-30T18:29:15+00:00","og_image":[{"width":515,"height":515,"url":"https:\/\/www.homeinnovations.ch\/wp\/wp-content\/uploads\/DEV-WEB-0100-ELD-40200.LED_.jpg","type":"image\/jpeg"}],"twitter_card":"summary_large_image","twitter_misc":{"Price":"150.20&nbsp;&#67;&#72;&#70;","Availability":"In stock"},"schema":{"@context":"https:\/\/schema.org","@graph":[{"@type":"WebPage","@id":"https:\/\/www.homeinnovations.ch\/wp\/?product=up-led-drehdimmer-4-200w","url":"https:\/\/www.homeinnovations.ch\/wp\/?product=up-led-drehdimmer-4-200w","name":"LED-UP-Drehdimmer \/ 4-200W - Homeinnovations","isPartOf":{"@id":"https:\/\/www.homeinnovations.ch\/wp\/#website"},"primaryImageOfPage":{"@id":"https:\/\/www.homeinnovations.ch\/wp\/?product=up-led-drehdimmer-4-200w#primaryimage"},"image":{"@id":"https:\/\/www.homeinnovations.ch\/wp\/?product=up-led-drehdimmer-4-200w#primaryimage"},"thumbnailUrl":"https:\/\/www.homeinnovations.ch\/wp\/wp-content\/uploads\/DEV-WEB-0100-ELD-40200.LED_.jpg","datePublished":"2018-05-13T19:19:23+00:00","dateModified":"2024-01-30T18:29:15+00:00","breadcrumb":{"@id":"https:\/\/www.homeinnovations.ch\/wp\/?product=up-led-drehdimmer-4-200w#breadcrumb"},"inLanguage":"de-CH","potentialAction":[{"@type":"ReadAction","target":["https:\/\/www.homeinnovations.ch\/wp\/?product=up-led-drehdimmer-4-200w"]}]},{"@type":"ImageObject","inLanguage":"de-CH","@id":"https:\/\/www.homeinnovations.ch\/wp\/?product=up-led-drehdimmer-4-200w#primaryimage","url":"https:\/\/www.homeinnovations.ch\/wp\/wp-content\/uploads\/DEV-WEB-0100-ELD-40200.LED_.jpg","contentUrl":"https:\/\/www.homeinnovations.ch\/wp\/wp-content\/uploads\/DEV-WEB-0100-ELD-40200.LED_.jpg","width":515,"height":515},{"@type":"BreadcrumbList","@id":"https:\/\/www.homeinnovations.ch\/wp\/?product=up-led-drehdimmer-4-200w#breadcrumb","itemListElement":[{"@type":"ListItem","position":1,"name":"Home","item":"https:\/\/www.homeinnovations.ch\/wp\/"},{"@type":"ListItem","position":2,"name":"Shop","item":"https:\/\/www.homeinnovations.ch\/wp\/?page_id=4"},{"@type":"ListItem","position":3,"name":"LED-UP-Drehdimmer \/ 4-200W"}]},{"@type":"WebSite","@id":"https:\/\/www.homeinnovations.ch\/wp\/#website","url":"https:\/\/www.homeinnovations.ch\/wp\/","name":"Homeinnovations.ch","description":"innovative technik f\u00fcr ihr zuhause","publisher":{"@id":"https:\/\/www.homeinnovations.ch\/wp\/#organization"},"potentialAction":[{"@type":"SearchAction","target":{"@type":"EntryPoint","urlTemplate":"https:\/\/www.homeinnovations.ch\/wp\/?s={search_term_string}"},"query-input":"required name=search_term_string"}],"inLanguage":"de-CH"},{"@type":"Organization","@id":"https:\/\/www.homeinnovations.ch\/wp\/#organization","name":"Homeinnovations GmbH","url":"https:\/\/www.homeinnovations.ch\/wp\/","logo":{"@type":"ImageObject","inLanguage":"de-CH","@id":"https:\/\/www.homeinnovations.ch\/wp\/#\/schema\/logo\/image\/","url":"https:\/\/www.homeinnovations.ch\/wp\/wp-content\/uploads\/home-innovations-4f.png","contentUrl":"https:\/\/www.homeinnovations.ch\/wp\/wp-content\/uploads\/home-innovations-4f.png","width":567,"height":227,"caption":"Homeinnovations GmbH"},"image":{"@id":"https:\/\/www.homeinnovations.ch\/wp\/#\/schema\/logo\/image\/"}}]},"product_brand":"LED Spot Lampen","product_price_amount":"150.20","product_price_currency":"CHF","og_availability":"instock","product_availability":"instock","product_retailer_item_id":"548833790","product_condition":"new"},"_links":{"self":[{"href":"https:\/\/www.homeinnovations.ch\/wp\/index.php?rest_route=\/wp\/v2\/product\/392"}],"collection":[{"href":"https:\/\/www.homeinnovations.ch\/wp\/index.php?rest_route=\/wp\/v2\/product"}],"about":[{"href":"https:\/\/www.homeinnovations.ch\/wp\/index.php?rest_route=\/wp\/v2\/types\/product"}],"replies":[{"embeddable":true,"href":"https:\/\/www.homeinnovations.ch\/wp\/index.php?rest_route=%2Fwp%2Fv2%2Fcomments&post=392"}],"wp:featuredmedia":[{"embeddable":true,"href":"https:\/\/www.homeinnovations.ch\/wp\/index.php?rest_route=\/wp\/v2\/media\/393"}],"wp:attachment":[{"href":"https:\/\/www.homeinnovations.ch\/wp\/index.php?rest_route=%2Fwp%2Fv2%2Fmedia&parent=392"}],"wp:term":[{"taxonomy":"product_cat","embeddable":true,"href":"https:\/\/www.homeinnovations.ch\/wp\/index.php?rest_route=%2Fwp%2Fv2%2Fproduct_cat&post=392"},{"taxonomy":"product_tag","embeddable":true,"href":"https:\/\/www.homeinnovations.ch\/wp\/index.php?rest_route=%2Fwp%2Fv2%2Fproduct_tag&post=392"}],"curies":[{"name":"wp","href":"https:\/\/api.w.org\/{rel}","templated":true}]}}