{"id":284,"date":"2017-06-29T15:38:53","date_gmt":"2017-06-29T13:38:53","guid":{"rendered":"http:\/\/test.homeinnovations.ch\/wp\/?post_type=product&#038;p=284"},"modified":"2020-05-04T09:27:22","modified_gmt":"2020-05-04T07:27:22","slug":"decoro-360-42","status":"publish","type":"product","link":"https:\/\/www.homeinnovations.ch\/wp\/?product=decoro-360-42","title":{"rendered":"Badtuchw\u00e4rmer Decoro 42 x 120 cm"},"content":{"rendered":"<p><strong>Modell:\u00a0\u00a0\u00a0\u00a0\u00a0\u00a0\u00a0\u00a0\u00a0\u00a0\u00a0 <\/strong>Decoro 360-42<\/p>\n<p><strong>Abmessung:\u00a0\u00a0 <\/strong>B x H = 42 x 120 cm<\/p>\n<p><strong>Frontseite:<\/strong>\u00a0\u00a0\u00a0\u00a0\u00a0 ESG Glas \/ rund geschliffenen Kanten<\/p>\n<p><strong>R\u00fcckseite:<\/strong>\u00a0\u00a0\u00a0\u00a0\u00a0\u00a0 Stahlblech einbrennlackiert<\/p>\n<p><strong>Spannung: \u00a0 \u00a0\u00a0<\/strong> 240 VAC \/ 50 HZ<\/p>\n<p><strong>Leistung:<\/strong>\u00a0\u00a0\u00a0\u00a0\u00a0\u00a0\u00a0\u00a0 360 W \/ 1.58 A \/ IP 44<\/p>\n<p><strong>Anschluss:<\/strong>\u00a0\u00a0\u00a0\u00a0\u00a0 Typ 13 Winkelstecker \/ 1.6 m Kabel<\/p>\n<p><strong>Gewicht:<\/strong>\u00a0\u00a0\u00a0\u00a0\u00a0\u00a0\u00a0\u00a0\u00a0 16 kg inkl. 2 Badtuchstangen<\/p>\n","protected":false},"excerpt":{"rendered":"<h3><strong>Badtuchw\u00e4rmer Decoro 42 x 120 cm<br \/>\n<\/strong><\/h3>\n<p>Der Badtuchw\u00e4rmer mit zwei einarmigen Badtuchstangen verf\u00fcgt \u00fcber eine 3-Stufen-Temperatur-Regelung mit modernster F\u00fchlertechnik und kann mit einer integrierter Zeitsteuerung automatisch ausgeschaltet werden.<\/p>\n<p>Die stromsparende LED-Anzeige wird durch ber\u00fchrung aktiviert und bedient.<\/p>\n<p>Garantie 5 Jahre<\/p>\n<p><a href=\"http:\/\/test.homeinnovations.ch\/wp\/?attachment_id=358\" rel=\"attachment wp-att-358\">Technisches Datenblatt_Decoro 36042<\/a><\/p>\n<p><a href=\"http:\/\/test.homeinnovations.ch\/wp\/?attachment_id=368\" rel=\"attachment wp-att-368\">Betriebsanleitung Badetuchw\u00e4rmer Decoro 36042<\/a><\/p>\n","protected":false},"featured_media":584,"comment_status":"closed","ping_status":"closed","template":"","meta":[],"product_cat":[15],"product_tag":[],"yoast_head":"<!-- This site is optimized with the Yoast SEO Premium plugin v22.1 (Yoast SEO v22.5) - https:\/\/yoast.com\/wordpress\/plugins\/seo\/ -->\n<title>Badtuchw\u00e4rmer Decoro 42 x 120 cm - Homeinnovations<\/title>\n<meta name=\"description\" content=\"Handtuchw\u00e4rmer, elektrsch, stromsparend, energieeffizient, modern, innovativ\" \/>\n<meta name=\"robots\" content=\"index, follow, max-snippet:-1, max-image-preview:large, max-video-preview:-1\" \/>\n<link rel=\"canonical\" href=\"https:\/\/www.homeinnovations.ch\/wp\/?product=decoro-360-42\" \/>\n<meta property=\"og:locale\" content=\"de_DE\" \/>\n<meta property=\"og:type\" content=\"article\" \/>\n<meta property=\"og:title\" content=\"Badtuchw\u00e4rmer Decoro 42 x 120 cm\" \/>\n<meta property=\"og:description\" content=\"Handtuchw\u00e4rmer, elektrsch, stromsparend, energieeffizient, modern, innovativ\" \/>\n<meta property=\"og:url\" content=\"https:\/\/www.homeinnovations.ch\/wp\/?product=decoro-360-42\" \/>\n<meta property=\"og:site_name\" content=\"Homeinnovations\" \/>\n<meta property=\"article:modified_time\" content=\"2020-05-04T07:27:22+00:00\" \/>\n<meta property=\"og:image\" content=\"https:\/\/www.homeinnovations.ch\/wp\/wp-content\/uploads\/Decoro_52x160_weiss-12.jpg\" \/>\n\t<meta property=\"og:image:width\" content=\"99\" \/>\n\t<meta property=\"og:image:height\" content=\"281\" \/>\n\t<meta property=\"og:image:type\" content=\"image\/jpeg\" \/>\n<meta name=\"twitter:card\" content=\"summary_large_image\" \/>\n<meta name=\"twitter:label1\" content=\"Availability\" \/>\n\t<meta name=\"twitter:data1\" content=\"In stock\" \/>\n<script type=\"application\/ld+json\" class=\"yoast-schema-graph\">{\"@context\":\"https:\/\/schema.org\",\"@graph\":[{\"@type\":\"WebPage\",\"@id\":\"https:\/\/www.homeinnovations.ch\/wp\/?product=decoro-360-42\",\"url\":\"https:\/\/www.homeinnovations.ch\/wp\/?product=decoro-360-42\",\"name\":\"Badtuchw\u00e4rmer Decoro 42 x 120 cm - Homeinnovations\",\"isPartOf\":{\"@id\":\"https:\/\/www.homeinnovations.ch\/wp\/#website\"},\"primaryImageOfPage\":{\"@id\":\"https:\/\/www.homeinnovations.ch\/wp\/?product=decoro-360-42#primaryimage\"},\"image\":{\"@id\":\"https:\/\/www.homeinnovations.ch\/wp\/?product=decoro-360-42#primaryimage\"},\"thumbnailUrl\":\"https:\/\/www.homeinnovations.ch\/wp\/wp-content\/uploads\/Decoro_52x160_weiss-12.jpg\",\"datePublished\":\"2017-06-29T13:38:53+00:00\",\"dateModified\":\"2020-05-04T07:27:22+00:00\",\"description\":\"Handtuchw\u00e4rmer, elektrsch, stromsparend, energieeffizient, modern, innovativ\",\"breadcrumb\":{\"@id\":\"https:\/\/www.homeinnovations.ch\/wp\/?product=decoro-360-42#breadcrumb\"},\"inLanguage\":\"de-CH\",\"potentialAction\":[{\"@type\":\"ReadAction\",\"target\":[\"https:\/\/www.homeinnovations.ch\/wp\/?product=decoro-360-42\"]}]},{\"@type\":\"ImageObject\",\"inLanguage\":\"de-CH\",\"@id\":\"https:\/\/www.homeinnovations.ch\/wp\/?product=decoro-360-42#primaryimage\",\"url\":\"https:\/\/www.homeinnovations.ch\/wp\/wp-content\/uploads\/Decoro_52x160_weiss-12.jpg\",\"contentUrl\":\"https:\/\/www.homeinnovations.ch\/wp\/wp-content\/uploads\/Decoro_52x160_weiss-12.jpg\",\"width\":99,\"height\":281},{\"@type\":\"BreadcrumbList\",\"@id\":\"https:\/\/www.homeinnovations.ch\/wp\/?product=decoro-360-42#breadcrumb\",\"itemListElement\":[{\"@type\":\"ListItem\",\"position\":1,\"name\":\"Home\",\"item\":\"https:\/\/www.homeinnovations.ch\/wp\/\"},{\"@type\":\"ListItem\",\"position\":2,\"name\":\"Shop\",\"item\":\"https:\/\/www.homeinnovations.ch\/wp\/?page_id=4\"},{\"@type\":\"ListItem\",\"position\":3,\"name\":\"Badtuchw\u00e4rmer Decoro 42 x 120 cm\"}]},{\"@type\":\"WebSite\",\"@id\":\"https:\/\/www.homeinnovations.ch\/wp\/#website\",\"url\":\"https:\/\/www.homeinnovations.ch\/wp\/\",\"name\":\"Homeinnovations.ch\",\"description\":\"innovative technik f\u00fcr ihr zuhause\",\"publisher\":{\"@id\":\"https:\/\/www.homeinnovations.ch\/wp\/#organization\"},\"potentialAction\":[{\"@type\":\"SearchAction\",\"target\":{\"@type\":\"EntryPoint\",\"urlTemplate\":\"https:\/\/www.homeinnovations.ch\/wp\/?s={search_term_string}\"},\"query-input\":\"required name=search_term_string\"}],\"inLanguage\":\"de-CH\"},{\"@type\":\"Organization\",\"@id\":\"https:\/\/www.homeinnovations.ch\/wp\/#organization\",\"name\":\"Homeinnovations GmbH\",\"url\":\"https:\/\/www.homeinnovations.ch\/wp\/\",\"logo\":{\"@type\":\"ImageObject\",\"inLanguage\":\"de-CH\",\"@id\":\"https:\/\/www.homeinnovations.ch\/wp\/#\/schema\/logo\/image\/\",\"url\":\"https:\/\/www.homeinnovations.ch\/wp\/wp-content\/uploads\/home-innovations-4f.png\",\"contentUrl\":\"https:\/\/www.homeinnovations.ch\/wp\/wp-content\/uploads\/home-innovations-4f.png\",\"width\":567,\"height\":227,\"caption\":\"Homeinnovations GmbH\"},\"image\":{\"@id\":\"https:\/\/www.homeinnovations.ch\/wp\/#\/schema\/logo\/image\/\"}}]}<\/script>\n<meta property=\"product:brand\" content=\"Badtuchw\u00e4rmer Decoro\" \/>\n<meta property=\"og:availability\" content=\"instock\" \/>\n<meta property=\"product:availability\" content=\"instock\" \/>\n<meta property=\"product:condition\" content=\"new\" \/>\n<!-- \/ Yoast SEO Premium plugin. -->","yoast_head_json":{"title":"Badtuchw\u00e4rmer Decoro 42 x 120 cm - Homeinnovations","description":"Handtuchw\u00e4rmer, elektrsch, stromsparend, energieeffizient, modern, innovativ","robots":{"index":"index","follow":"follow","max-snippet":"max-snippet:-1","max-image-preview":"max-image-preview:large","max-video-preview":"max-video-preview:-1"},"canonical":"https:\/\/www.homeinnovations.ch\/wp\/?product=decoro-360-42","og_locale":"de_DE","og_type":"article","og_title":"Badtuchw\u00e4rmer Decoro 42 x 120 cm","og_description":"Handtuchw\u00e4rmer, elektrsch, stromsparend, energieeffizient, modern, innovativ","og_url":"https:\/\/www.homeinnovations.ch\/wp\/?product=decoro-360-42","og_site_name":"Homeinnovations","article_modified_time":"2020-05-04T07:27:22+00:00","og_image":[{"width":99,"height":281,"url":"https:\/\/www.homeinnovations.ch\/wp\/wp-content\/uploads\/Decoro_52x160_weiss-12.jpg","type":"image\/jpeg"}],"twitter_card":"summary_large_image","twitter_misc":{"Availability":"In stock"},"schema":{"@context":"https:\/\/schema.org","@graph":[{"@type":"WebPage","@id":"https:\/\/www.homeinnovations.ch\/wp\/?product=decoro-360-42","url":"https:\/\/www.homeinnovations.ch\/wp\/?product=decoro-360-42","name":"Badtuchw\u00e4rmer Decoro 42 x 120 cm - Homeinnovations","isPartOf":{"@id":"https:\/\/www.homeinnovations.ch\/wp\/#website"},"primaryImageOfPage":{"@id":"https:\/\/www.homeinnovations.ch\/wp\/?product=decoro-360-42#primaryimage"},"image":{"@id":"https:\/\/www.homeinnovations.ch\/wp\/?product=decoro-360-42#primaryimage"},"thumbnailUrl":"https:\/\/www.homeinnovations.ch\/wp\/wp-content\/uploads\/Decoro_52x160_weiss-12.jpg","datePublished":"2017-06-29T13:38:53+00:00","dateModified":"2020-05-04T07:27:22+00:00","description":"Handtuchw\u00e4rmer, elektrsch, stromsparend, energieeffizient, modern, innovativ","breadcrumb":{"@id":"https:\/\/www.homeinnovations.ch\/wp\/?product=decoro-360-42#breadcrumb"},"inLanguage":"de-CH","potentialAction":[{"@type":"ReadAction","target":["https:\/\/www.homeinnovations.ch\/wp\/?product=decoro-360-42"]}]},{"@type":"ImageObject","inLanguage":"de-CH","@id":"https:\/\/www.homeinnovations.ch\/wp\/?product=decoro-360-42#primaryimage","url":"https:\/\/www.homeinnovations.ch\/wp\/wp-content\/uploads\/Decoro_52x160_weiss-12.jpg","contentUrl":"https:\/\/www.homeinnovations.ch\/wp\/wp-content\/uploads\/Decoro_52x160_weiss-12.jpg","width":99,"height":281},{"@type":"BreadcrumbList","@id":"https:\/\/www.homeinnovations.ch\/wp\/?product=decoro-360-42#breadcrumb","itemListElement":[{"@type":"ListItem","position":1,"name":"Home","item":"https:\/\/www.homeinnovations.ch\/wp\/"},{"@type":"ListItem","position":2,"name":"Shop","item":"https:\/\/www.homeinnovations.ch\/wp\/?page_id=4"},{"@type":"ListItem","position":3,"name":"Badtuchw\u00e4rmer Decoro 42 x 120 cm"}]},{"@type":"WebSite","@id":"https:\/\/www.homeinnovations.ch\/wp\/#website","url":"https:\/\/www.homeinnovations.ch\/wp\/","name":"Homeinnovations.ch","description":"innovative technik f\u00fcr ihr zuhause","publisher":{"@id":"https:\/\/www.homeinnovations.ch\/wp\/#organization"},"potentialAction":[{"@type":"SearchAction","target":{"@type":"EntryPoint","urlTemplate":"https:\/\/www.homeinnovations.ch\/wp\/?s={search_term_string}"},"query-input":"required name=search_term_string"}],"inLanguage":"de-CH"},{"@type":"Organization","@id":"https:\/\/www.homeinnovations.ch\/wp\/#organization","name":"Homeinnovations GmbH","url":"https:\/\/www.homeinnovations.ch\/wp\/","logo":{"@type":"ImageObject","inLanguage":"de-CH","@id":"https:\/\/www.homeinnovations.ch\/wp\/#\/schema\/logo\/image\/","url":"https:\/\/www.homeinnovations.ch\/wp\/wp-content\/uploads\/home-innovations-4f.png","contentUrl":"https:\/\/www.homeinnovations.ch\/wp\/wp-content\/uploads\/home-innovations-4f.png","width":567,"height":227,"caption":"Homeinnovations GmbH"},"image":{"@id":"https:\/\/www.homeinnovations.ch\/wp\/#\/schema\/logo\/image\/"}}]},"product_brand":"Badtuchw\u00e4rmer Decoro","og_availability":"instock","product_availability":"instock","product_condition":"new"},"_links":{"self":[{"href":"https:\/\/www.homeinnovations.ch\/wp\/index.php?rest_route=\/wp\/v2\/product\/284"}],"collection":[{"href":"https:\/\/www.homeinnovations.ch\/wp\/index.php?rest_route=\/wp\/v2\/product"}],"about":[{"href":"https:\/\/www.homeinnovations.ch\/wp\/index.php?rest_route=\/wp\/v2\/types\/product"}],"replies":[{"embeddable":true,"href":"https:\/\/www.homeinnovations.ch\/wp\/index.php?rest_route=%2Fwp%2Fv2%2Fcomments&post=284"}],"wp:featuredmedia":[{"embeddable":true,"href":"https:\/\/www.homeinnovations.ch\/wp\/index.php?rest_route=\/wp\/v2\/media\/584"}],"wp:attachment":[{"href":"https:\/\/www.homeinnovations.ch\/wp\/index.php?rest_route=%2Fwp%2Fv2%2Fmedia&parent=284"}],"wp:term":[{"taxonomy":"product_cat","embeddable":true,"href":"https:\/\/www.homeinnovations.ch\/wp\/index.php?rest_route=%2Fwp%2Fv2%2Fproduct_cat&post=284"},{"taxonomy":"product_tag","embeddable":true,"href":"https:\/\/www.homeinnovations.ch\/wp\/index.php?rest_route=%2Fwp%2Fv2%2Fproduct_tag&post=284"}],"curies":[{"name":"wp","href":"https:\/\/api.w.org\/{rel}","templated":true}]}}