{"id":272,"date":"2017-06-29T10:47:26","date_gmt":"2017-06-29T08:47:26","guid":{"rendered":"http:\/\/test.homeinnovations.ch\/wp\/?post_type=product&#038;p=272"},"modified":"2020-05-02T13:59:21","modified_gmt":"2020-05-02T11:59:21","slug":"aeroplan-eco-o-132","status":"publish","type":"product","link":"https:\/\/www.homeinnovations.ch\/wp\/?product=aeroplan-eco-o-132","title":{"rendered":"Deckenventilator Eco Aeroplan \u00d8 132"},"content":{"rendered":"<ul>\n<li>6 Stufen \u00fcber Fernbedienung mit Vor- R\u00fcckw\u00e4rtslauf<\/li>\n<li>Fl\u00fcgel Massivholz gefr\u00e4st.<\/li>\n<li>Gewuchteter Motor und Fl\u00fcgel.<\/li>\n<li>Fl\u00fcgelanzahl: 3<\/li>\n<li>Leistung Motor: 5-23 W<\/li>\n<li>Spannung: 110-240\/~50\/60 V\/Hz<\/li>\n<li>Gr\u00f6\u00dfe \u00d8: 132 cm<\/li>\n<li>Drehzahl max: 176 U\/Min<\/li>\n<li>Gewicht: 7,9 kg<\/li>\n<\/ul>\n<div><\/div>\n","protected":false},"excerpt":{"rendered":"<h4>Eco Aeroplan mit Fernbedienung<\/h4>\n<p>Jetzt schon ein Klassiker. Der Deckenventilator Aeroplan Eco verbraucht nur noch 30 Watt anstatt 70 Watt bei herk\u00f6mmlichen Deckenventilatoren &#8211; bei gleicher Luftleistung.<\/p>\n<p><a href=\"http:\/\/test.homeinnovations.ch\/wp\/?attachment_id=733\" rel=\"attachment wp-att-733\"><img loading=\"lazy\" decoding=\"async\" class=\"alignnone size-full wp-image-733\" src=\"http:\/\/test.homeinnovations.ch\/wp\/wp-content\/uploads\/25_jahre_garantie.jpg\" alt=\"\" width=\"140\" height=\"90\" \/><\/a><\/p>\n","protected":false},"featured_media":719,"comment_status":"closed","ping_status":"closed","template":"","meta":[],"product_cat":[14],"product_tag":[],"yoast_head":"<!-- This site is optimized with the Yoast SEO Premium plugin v22.1 (Yoast SEO v22.5) - https:\/\/yoast.com\/wordpress\/plugins\/seo\/ -->\n<title>Deckenventilator Eco Aeroplan \u00d8 132 - Homeinnovations<\/title>\n<meta name=\"description\" content=\"Deckenventilator Eco Aeroplan \u00d8 132 Homeinnovations - energiesparend leise effizient fernbedienung luftumw\u00e4lzung k\u00fchlend erfrischend\" \/>\n<meta name=\"robots\" content=\"index, follow, max-video-preview:-1, noimageindex, noarchive, nosnippet\" \/>\n<link rel=\"canonical\" href=\"https:\/\/www.homeinnovations.ch\/wp\/?product=aeroplan-eco-o-132&preview_id=272&preview_nonce=3765029733&_thumbnail_id=719&preview=true\" \/>\n<meta property=\"og:locale\" content=\"de_DE\" \/>\n<meta property=\"og:type\" content=\"article\" \/>\n<meta property=\"og:title\" content=\"Deckenventilator Eco Aeroplan \u00d8 132\" \/>\n<meta property=\"og:description\" content=\"Deckenventilator Eco Aeroplan \u00d8 132 Homeinnovations - energiesparend leise effizient fernbedienung luftumw\u00e4lzung k\u00fchlend erfrischend\" \/>\n<meta property=\"og:url\" content=\"https:\/\/www.homeinnovations.ch\/wp\/?product=aeroplan-eco-o-132&amp;preview_id=272&amp;preview_nonce=3765029733&amp;_thumbnail_id=719&amp;preview=true\" \/>\n<meta property=\"og:site_name\" content=\"Homeinnovations\" \/>\n<meta property=\"article:modified_time\" content=\"2020-05-02T11:59:21+00:00\" \/>\n<meta property=\"og:image\" content=\"https:\/\/www.homeinnovations.ch\/wp\/wp-content\/uploads\/313247_AEROPLANECOBN-NT_200x200.jpg\" \/>\n\t<meta property=\"og:image:width\" content=\"200\" \/>\n\t<meta property=\"og:image:height\" content=\"80\" \/>\n\t<meta property=\"og:image:type\" content=\"image\/jpeg\" \/>\n<meta name=\"twitter:card\" content=\"summary_large_image\" \/>\n<meta name=\"twitter:label1\" content=\"Availability\" \/>\n\t<meta name=\"twitter:data1\" content=\"Out of stock\" \/>\n<script type=\"application\/ld+json\" class=\"yoast-schema-graph\">{\"@context\":\"https:\/\/schema.org\",\"@graph\":[{\"@type\":\"WebPage\",\"@id\":\"https:\/\/www.homeinnovations.ch\/wp\/?product=aeroplan-eco-o-132\",\"url\":\"https:\/\/www.homeinnovations.ch\/wp\/?product=aeroplan-eco-o-132&preview_id=272&preview_nonce=3765029733&_thumbnail_id=719&preview=true\",\"name\":\"Deckenventilator Eco Aeroplan \u00d8 132 - Homeinnovations\",\"isPartOf\":{\"@id\":\"https:\/\/www.homeinnovations.ch\/wp\/#website\"},\"primaryImageOfPage\":{\"@id\":\"https:\/\/www.homeinnovations.ch\/wp\/?product=aeroplan-eco-o-132&preview_id=272&preview_nonce=3765029733&_thumbnail_id=719&preview=true#primaryimage\"},\"image\":{\"@id\":\"https:\/\/www.homeinnovations.ch\/wp\/?product=aeroplan-eco-o-132&preview_id=272&preview_nonce=3765029733&_thumbnail_id=719&preview=true#primaryimage\"},\"thumbnailUrl\":\"https:\/\/www.homeinnovations.ch\/wp\/wp-content\/uploads\/313247_AEROPLANECOBN-NT_200x200.jpg\",\"datePublished\":\"2017-06-29T08:47:26+00:00\",\"dateModified\":\"2020-05-02T11:59:21+00:00\",\"description\":\"Deckenventilator Eco Aeroplan \u00d8 132 Homeinnovations - energiesparend leise effizient fernbedienung luftumw\u00e4lzung k\u00fchlend erfrischend\",\"breadcrumb\":{\"@id\":\"https:\/\/www.homeinnovations.ch\/wp\/?product=aeroplan-eco-o-132&preview_id=272&preview_nonce=3765029733&_thumbnail_id=719&preview=true#breadcrumb\"},\"inLanguage\":\"de-CH\",\"potentialAction\":[{\"@type\":\"ReadAction\",\"target\":[\"https:\/\/www.homeinnovations.ch\/wp\/?product=aeroplan-eco-o-132&preview_id=272&preview_nonce=3765029733&_thumbnail_id=719&preview=true\"]}]},{\"@type\":\"ImageObject\",\"inLanguage\":\"de-CH\",\"@id\":\"https:\/\/www.homeinnovations.ch\/wp\/?product=aeroplan-eco-o-132&preview_id=272&preview_nonce=3765029733&_thumbnail_id=719&preview=true#primaryimage\",\"url\":\"https:\/\/www.homeinnovations.ch\/wp\/wp-content\/uploads\/313247_AEROPLANECOBN-NT_200x200.jpg\",\"contentUrl\":\"https:\/\/www.homeinnovations.ch\/wp\/wp-content\/uploads\/313247_AEROPLANECOBN-NT_200x200.jpg\",\"width\":200,\"height\":80},{\"@type\":\"BreadcrumbList\",\"@id\":\"https:\/\/www.homeinnovations.ch\/wp\/?product=aeroplan-eco-o-132&preview_id=272&preview_nonce=3765029733&_thumbnail_id=719&preview=true#breadcrumb\",\"itemListElement\":[{\"@type\":\"ListItem\",\"position\":1,\"name\":\"Home\",\"item\":\"https:\/\/www.homeinnovations.ch\/wp\/\"},{\"@type\":\"ListItem\",\"position\":2,\"name\":\"Shop\",\"item\":\"https:\/\/www.homeinnovations.ch\/wp\/?page_id=4\"},{\"@type\":\"ListItem\",\"position\":3,\"name\":\"Deckenventilator Eco Aeroplan \u00d8 132\"}]},{\"@type\":\"WebSite\",\"@id\":\"https:\/\/www.homeinnovations.ch\/wp\/#website\",\"url\":\"https:\/\/www.homeinnovations.ch\/wp\/\",\"name\":\"Homeinnovations.ch\",\"description\":\"innovative technik f\u00fcr ihr zuhause\",\"publisher\":{\"@id\":\"https:\/\/www.homeinnovations.ch\/wp\/#organization\"},\"potentialAction\":[{\"@type\":\"SearchAction\",\"target\":{\"@type\":\"EntryPoint\",\"urlTemplate\":\"https:\/\/www.homeinnovations.ch\/wp\/?s={search_term_string}\"},\"query-input\":\"required name=search_term_string\"}],\"inLanguage\":\"de-CH\"},{\"@type\":\"Organization\",\"@id\":\"https:\/\/www.homeinnovations.ch\/wp\/#organization\",\"name\":\"Homeinnovations GmbH\",\"url\":\"https:\/\/www.homeinnovations.ch\/wp\/\",\"logo\":{\"@type\":\"ImageObject\",\"inLanguage\":\"de-CH\",\"@id\":\"https:\/\/www.homeinnovations.ch\/wp\/#\/schema\/logo\/image\/\",\"url\":\"https:\/\/www.homeinnovations.ch\/wp\/wp-content\/uploads\/home-innovations-4f.png\",\"contentUrl\":\"https:\/\/www.homeinnovations.ch\/wp\/wp-content\/uploads\/home-innovations-4f.png\",\"width\":567,\"height\":227,\"caption\":\"Homeinnovations GmbH\"},\"image\":{\"@id\":\"https:\/\/www.homeinnovations.ch\/wp\/#\/schema\/logo\/image\/\"}}]}<\/script>\n<meta property=\"product:brand\" content=\"Deckenventilator\" \/>\n<meta property=\"og:availability\" content=\"out of stock\" \/>\n<meta property=\"product:availability\" content=\"out of stock\" \/>\n<meta property=\"product:condition\" content=\"new\" \/>\n<!-- \/ Yoast SEO Premium plugin. -->","yoast_head_json":{"title":"Deckenventilator Eco Aeroplan \u00d8 132 - Homeinnovations","description":"Deckenventilator Eco Aeroplan \u00d8 132 Homeinnovations - energiesparend leise effizient fernbedienung luftumw\u00e4lzung k\u00fchlend erfrischend","robots":{"index":"index","follow":"follow","max-video-preview":"max-video-preview:-1","imageindex":"noimageindex","archive":"noarchive","snippet":"nosnippet"},"canonical":"https:\/\/www.homeinnovations.ch\/wp\/?product=aeroplan-eco-o-132&preview_id=272&preview_nonce=3765029733&_thumbnail_id=719&preview=true","og_locale":"de_DE","og_type":"article","og_title":"Deckenventilator Eco Aeroplan \u00d8 132","og_description":"Deckenventilator Eco Aeroplan \u00d8 132 Homeinnovations - energiesparend leise effizient fernbedienung luftumw\u00e4lzung k\u00fchlend erfrischend","og_url":"https:\/\/www.homeinnovations.ch\/wp\/?product=aeroplan-eco-o-132&preview_id=272&preview_nonce=3765029733&_thumbnail_id=719&preview=true","og_site_name":"Homeinnovations","article_modified_time":"2020-05-02T11:59:21+00:00","og_image":[{"width":200,"height":80,"url":"https:\/\/www.homeinnovations.ch\/wp\/wp-content\/uploads\/313247_AEROPLANECOBN-NT_200x200.jpg","type":"image\/jpeg"}],"twitter_card":"summary_large_image","twitter_misc":{"Availability":"Out of stock"},"schema":{"@context":"https:\/\/schema.org","@graph":[{"@type":"WebPage","@id":"https:\/\/www.homeinnovations.ch\/wp\/?product=aeroplan-eco-o-132","url":"https:\/\/www.homeinnovations.ch\/wp\/?product=aeroplan-eco-o-132&preview_id=272&preview_nonce=3765029733&_thumbnail_id=719&preview=true","name":"Deckenventilator Eco Aeroplan \u00d8 132 - Homeinnovations","isPartOf":{"@id":"https:\/\/www.homeinnovations.ch\/wp\/#website"},"primaryImageOfPage":{"@id":"https:\/\/www.homeinnovations.ch\/wp\/?product=aeroplan-eco-o-132&preview_id=272&preview_nonce=3765029733&_thumbnail_id=719&preview=true#primaryimage"},"image":{"@id":"https:\/\/www.homeinnovations.ch\/wp\/?product=aeroplan-eco-o-132&preview_id=272&preview_nonce=3765029733&_thumbnail_id=719&preview=true#primaryimage"},"thumbnailUrl":"https:\/\/www.homeinnovations.ch\/wp\/wp-content\/uploads\/313247_AEROPLANECOBN-NT_200x200.jpg","datePublished":"2017-06-29T08:47:26+00:00","dateModified":"2020-05-02T11:59:21+00:00","description":"Deckenventilator Eco Aeroplan \u00d8 132 Homeinnovations - energiesparend leise effizient fernbedienung luftumw\u00e4lzung k\u00fchlend erfrischend","breadcrumb":{"@id":"https:\/\/www.homeinnovations.ch\/wp\/?product=aeroplan-eco-o-132&preview_id=272&preview_nonce=3765029733&_thumbnail_id=719&preview=true#breadcrumb"},"inLanguage":"de-CH","potentialAction":[{"@type":"ReadAction","target":["https:\/\/www.homeinnovations.ch\/wp\/?product=aeroplan-eco-o-132&preview_id=272&preview_nonce=3765029733&_thumbnail_id=719&preview=true"]}]},{"@type":"ImageObject","inLanguage":"de-CH","@id":"https:\/\/www.homeinnovations.ch\/wp\/?product=aeroplan-eco-o-132&preview_id=272&preview_nonce=3765029733&_thumbnail_id=719&preview=true#primaryimage","url":"https:\/\/www.homeinnovations.ch\/wp\/wp-content\/uploads\/313247_AEROPLANECOBN-NT_200x200.jpg","contentUrl":"https:\/\/www.homeinnovations.ch\/wp\/wp-content\/uploads\/313247_AEROPLANECOBN-NT_200x200.jpg","width":200,"height":80},{"@type":"BreadcrumbList","@id":"https:\/\/www.homeinnovations.ch\/wp\/?product=aeroplan-eco-o-132&preview_id=272&preview_nonce=3765029733&_thumbnail_id=719&preview=true#breadcrumb","itemListElement":[{"@type":"ListItem","position":1,"name":"Home","item":"https:\/\/www.homeinnovations.ch\/wp\/"},{"@type":"ListItem","position":2,"name":"Shop","item":"https:\/\/www.homeinnovations.ch\/wp\/?page_id=4"},{"@type":"ListItem","position":3,"name":"Deckenventilator Eco Aeroplan \u00d8 132"}]},{"@type":"WebSite","@id":"https:\/\/www.homeinnovations.ch\/wp\/#website","url":"https:\/\/www.homeinnovations.ch\/wp\/","name":"Homeinnovations.ch","description":"innovative technik f\u00fcr ihr zuhause","publisher":{"@id":"https:\/\/www.homeinnovations.ch\/wp\/#organization"},"potentialAction":[{"@type":"SearchAction","target":{"@type":"EntryPoint","urlTemplate":"https:\/\/www.homeinnovations.ch\/wp\/?s={search_term_string}"},"query-input":"required name=search_term_string"}],"inLanguage":"de-CH"},{"@type":"Organization","@id":"https:\/\/www.homeinnovations.ch\/wp\/#organization","name":"Homeinnovations GmbH","url":"https:\/\/www.homeinnovations.ch\/wp\/","logo":{"@type":"ImageObject","inLanguage":"de-CH","@id":"https:\/\/www.homeinnovations.ch\/wp\/#\/schema\/logo\/image\/","url":"https:\/\/www.homeinnovations.ch\/wp\/wp-content\/uploads\/home-innovations-4f.png","contentUrl":"https:\/\/www.homeinnovations.ch\/wp\/wp-content\/uploads\/home-innovations-4f.png","width":567,"height":227,"caption":"Homeinnovations GmbH"},"image":{"@id":"https:\/\/www.homeinnovations.ch\/wp\/#\/schema\/logo\/image\/"}}]},"product_brand":"Deckenventilator","og_availability":"out of stock","product_availability":"out of stock","product_condition":"new"},"_links":{"self":[{"href":"https:\/\/www.homeinnovations.ch\/wp\/index.php?rest_route=\/wp\/v2\/product\/272"}],"collection":[{"href":"https:\/\/www.homeinnovations.ch\/wp\/index.php?rest_route=\/wp\/v2\/product"}],"about":[{"href":"https:\/\/www.homeinnovations.ch\/wp\/index.php?rest_route=\/wp\/v2\/types\/product"}],"replies":[{"embeddable":true,"href":"https:\/\/www.homeinnovations.ch\/wp\/index.php?rest_route=%2Fwp%2Fv2%2Fcomments&post=272"}],"wp:featuredmedia":[{"embeddable":true,"href":"https:\/\/www.homeinnovations.ch\/wp\/index.php?rest_route=\/wp\/v2\/media\/719"}],"wp:attachment":[{"href":"https:\/\/www.homeinnovations.ch\/wp\/index.php?rest_route=%2Fwp%2Fv2%2Fmedia&parent=272"}],"wp:term":[{"taxonomy":"product_cat","embeddable":true,"href":"https:\/\/www.homeinnovations.ch\/wp\/index.php?rest_route=%2Fwp%2Fv2%2Fproduct_cat&post=272"},{"taxonomy":"product_tag","embeddable":true,"href":"https:\/\/www.homeinnovations.ch\/wp\/index.php?rest_route=%2Fwp%2Fv2%2Fproduct_tag&post=272"}],"curies":[{"name":"wp","href":"https:\/\/api.w.org\/{rel}","templated":true}]}}