{"id":1210,"date":"2018-10-17T16:04:20","date_gmt":"2018-10-17T14:04:20","guid":{"rendered":"https:\/\/www.homeinnovations.ch\/wp\/?post_type=product&#038;p=1210"},"modified":"2020-04-29T09:22:26","modified_gmt":"2020-04-29T07:22:26","slug":"led-pendelleuchte-4000k","status":"publish","type":"product","link":"https:\/\/www.homeinnovations.ch\/wp\/?product=led-pendelleuchte-4000k","title":{"rendered":"LED Pendelleuchte 4000K neutralweiss"},"content":{"rendered":"<p>LED Pendelleuchte 4000K neutralweiss<\/p>\n<p>Die Farbtemperatur von 4000 Kelvin wir als neutralweisses, einladendes Licht wahrgenommen und haupts\u00e4chlich in Badezimmer und B\u00fcros eingesetzt.<\/p>\n<ul>\n<li>Holzk\u00f6rper massiv, 50 x 50 mm ge\u00f6lt<\/li>\n<li>Abdeckung LED Opal 15 mm breit<\/li>\n<li>Netzteil 24 V im Baldachin aus CNS, Deckenmontage<\/li>\n<li>Ein- und Ausschalten \u00fcber eingebauten Nura-Touch am Holzk\u00f6rper<\/li>\n<li>Lichtst\u00e4rke regulieren \u00fcber Nura-Touch am Holzk\u00f6rper<\/li>\n<li>Stahlseilabh\u00e4ngung verzinkt, stufenlos h\u00f6henverstellbar bei der Montage, Seill\u00e4nge 1700 mm<\/li>\n<li>Direkte- und indirekte LED-Beleuchtung<\/li>\n<li>Leuchtenschutzgrad IP67 \/ IP20<\/li>\n<\/ul>\n","protected":false},"excerpt":{"rendered":"<div class=\"ce_text block\">\n<h2>LED Pendelleuchten 4000K neutralweiss<\/h2>\n<p>Die Pendelleuchte mit direkter und indirekter LED-Lichtleiste f\u00fcr das besondere Ambiente mit Stil. Ein-\/Ausschalten und Dimmen durch unsichtbaren Ber\u00fchrungspunkt auf dem Holz oder per Hausinstallation (Dali).<\/p>\n<p><img loading=\"lazy\" decoding=\"async\" class=\"alignright wp-image-1063\" src=\"https:\/\/www.homeinnovations.ch\/wp\/wp\/wp-content\/uploads\/index.png\" alt=\"\" width=\"84\" height=\"58\" \/><\/p>\n<\/div>\n","protected":false},"featured_media":1091,"comment_status":"closed","ping_status":"closed","template":"","meta":[],"product_cat":[34],"product_tag":[],"yoast_head":"<!-- This site is optimized with the Yoast SEO Premium plugin v22.1 (Yoast SEO v22.5) - https:\/\/yoast.com\/wordpress\/plugins\/seo\/ -->\n<title>LED Pendelleuchte 4000K neutralweiss - Homeinnovations<\/title>\n<meta name=\"description\" content=\"LED Pendelleuchte 4000K neutralweiss - Homeinnovations Stromsparend moderne angenehme LED Holzpendelleuchte kaufen mit hoher Energieeffizienz\" \/>\n<meta name=\"robots\" content=\"index, follow, max-snippet:-1, max-image-preview:large, max-video-preview:-1\" \/>\n<link rel=\"canonical\" href=\"https:\/\/www.homeinnovations.ch\/wp\/?product=led-pendelleuchte-4000k\" \/>\n<meta property=\"og:locale\" content=\"de_DE\" \/>\n<meta property=\"og:type\" content=\"article\" \/>\n<meta property=\"og:title\" content=\"LED Pendelleuchte 4000K neutralweiss\" \/>\n<meta property=\"og:description\" content=\"LED Pendelleuchte 4000K neutralweiss - Homeinnovations Stromsparend moderne angenehme LED Holzpendelleuchte kaufen mit hoher Energieeffizienz\" \/>\n<meta property=\"og:url\" content=\"https:\/\/www.homeinnovations.ch\/wp\/?product=led-pendelleuchte-4000k\" \/>\n<meta property=\"og:site_name\" content=\"Homeinnovations\" \/>\n<meta property=\"article:modified_time\" content=\"2020-04-29T07:22:26+00:00\" \/>\n<meta property=\"og:image\" content=\"https:\/\/www.homeinnovations.ch\/wp\/wp-content\/uploads\/P-01-E-Detail-1-67a429b3.jpg\" \/>\n\t<meta property=\"og:image:width\" content=\"309\" \/>\n\t<meta property=\"og:image:height\" content=\"173\" \/>\n\t<meta property=\"og:image:type\" content=\"image\/jpeg\" \/>\n<meta name=\"twitter:card\" content=\"summary_large_image\" \/>\n<meta name=\"twitter:label1\" content=\"Availability\" \/>\n\t<meta name=\"twitter:data1\" content=\"Out of stock\" \/>\n<script type=\"application\/ld+json\" class=\"yoast-schema-graph\">{\"@context\":\"https:\/\/schema.org\",\"@graph\":[{\"@type\":\"WebPage\",\"@id\":\"https:\/\/www.homeinnovations.ch\/wp\/?product=led-pendelleuchte-4000k\",\"url\":\"https:\/\/www.homeinnovations.ch\/wp\/?product=led-pendelleuchte-4000k\",\"name\":\"LED Pendelleuchte 4000K neutralweiss - Homeinnovations\",\"isPartOf\":{\"@id\":\"https:\/\/www.homeinnovations.ch\/wp\/#website\"},\"primaryImageOfPage\":{\"@id\":\"https:\/\/www.homeinnovations.ch\/wp\/?product=led-pendelleuchte-4000k#primaryimage\"},\"image\":{\"@id\":\"https:\/\/www.homeinnovations.ch\/wp\/?product=led-pendelleuchte-4000k#primaryimage\"},\"thumbnailUrl\":\"https:\/\/www.homeinnovations.ch\/wp\/wp-content\/uploads\/P-01-E-Detail-1-67a429b3.jpg\",\"datePublished\":\"2018-10-17T14:04:20+00:00\",\"dateModified\":\"2020-04-29T07:22:26+00:00\",\"description\":\"LED Pendelleuchte 4000K neutralweiss - Homeinnovations Stromsparend moderne angenehme LED Holzpendelleuchte kaufen mit hoher Energieeffizienz\",\"breadcrumb\":{\"@id\":\"https:\/\/www.homeinnovations.ch\/wp\/?product=led-pendelleuchte-4000k#breadcrumb\"},\"inLanguage\":\"de-CH\",\"potentialAction\":[{\"@type\":\"ReadAction\",\"target\":[\"https:\/\/www.homeinnovations.ch\/wp\/?product=led-pendelleuchte-4000k\"]}]},{\"@type\":\"ImageObject\",\"inLanguage\":\"de-CH\",\"@id\":\"https:\/\/www.homeinnovations.ch\/wp\/?product=led-pendelleuchte-4000k#primaryimage\",\"url\":\"https:\/\/www.homeinnovations.ch\/wp\/wp-content\/uploads\/P-01-E-Detail-1-67a429b3.jpg\",\"contentUrl\":\"https:\/\/www.homeinnovations.ch\/wp\/wp-content\/uploads\/P-01-E-Detail-1-67a429b3.jpg\",\"width\":309,\"height\":173},{\"@type\":\"BreadcrumbList\",\"@id\":\"https:\/\/www.homeinnovations.ch\/wp\/?product=led-pendelleuchte-4000k#breadcrumb\",\"itemListElement\":[{\"@type\":\"ListItem\",\"position\":1,\"name\":\"Home\",\"item\":\"https:\/\/www.homeinnovations.ch\/wp\/\"},{\"@type\":\"ListItem\",\"position\":2,\"name\":\"Shop\",\"item\":\"https:\/\/www.homeinnovations.ch\/wp\/?page_id=4\"},{\"@type\":\"ListItem\",\"position\":3,\"name\":\"LED Pendelleuchte 4000K neutralweiss\"}]},{\"@type\":\"WebSite\",\"@id\":\"https:\/\/www.homeinnovations.ch\/wp\/#website\",\"url\":\"https:\/\/www.homeinnovations.ch\/wp\/\",\"name\":\"Homeinnovations.ch\",\"description\":\"innovative technik f\u00fcr ihr zuhause\",\"publisher\":{\"@id\":\"https:\/\/www.homeinnovations.ch\/wp\/#organization\"},\"potentialAction\":[{\"@type\":\"SearchAction\",\"target\":{\"@type\":\"EntryPoint\",\"urlTemplate\":\"https:\/\/www.homeinnovations.ch\/wp\/?s={search_term_string}\"},\"query-input\":\"required name=search_term_string\"}],\"inLanguage\":\"de-CH\"},{\"@type\":\"Organization\",\"@id\":\"https:\/\/www.homeinnovations.ch\/wp\/#organization\",\"name\":\"Homeinnovations GmbH\",\"url\":\"https:\/\/www.homeinnovations.ch\/wp\/\",\"logo\":{\"@type\":\"ImageObject\",\"inLanguage\":\"de-CH\",\"@id\":\"https:\/\/www.homeinnovations.ch\/wp\/#\/schema\/logo\/image\/\",\"url\":\"https:\/\/www.homeinnovations.ch\/wp\/wp-content\/uploads\/home-innovations-4f.png\",\"contentUrl\":\"https:\/\/www.homeinnovations.ch\/wp\/wp-content\/uploads\/home-innovations-4f.png\",\"width\":567,\"height\":227,\"caption\":\"Homeinnovations GmbH\"},\"image\":{\"@id\":\"https:\/\/www.homeinnovations.ch\/wp\/#\/schema\/logo\/image\/\"}}]}<\/script>\n<meta property=\"product:brand\" content=\"LED Leuchten\" \/>\n<meta property=\"og:availability\" content=\"out of stock\" \/>\n<meta property=\"product:availability\" content=\"out of stock\" \/>\n<meta property=\"product:condition\" content=\"new\" \/>\n<!-- \/ Yoast SEO Premium plugin. -->","yoast_head_json":{"title":"LED Pendelleuchte 4000K neutralweiss - Homeinnovations","description":"LED Pendelleuchte 4000K neutralweiss - Homeinnovations Stromsparend moderne angenehme LED Holzpendelleuchte kaufen mit hoher Energieeffizienz","robots":{"index":"index","follow":"follow","max-snippet":"max-snippet:-1","max-image-preview":"max-image-preview:large","max-video-preview":"max-video-preview:-1"},"canonical":"https:\/\/www.homeinnovations.ch\/wp\/?product=led-pendelleuchte-4000k","og_locale":"de_DE","og_type":"article","og_title":"LED Pendelleuchte 4000K neutralweiss","og_description":"LED Pendelleuchte 4000K neutralweiss - Homeinnovations Stromsparend moderne angenehme LED Holzpendelleuchte kaufen mit hoher Energieeffizienz","og_url":"https:\/\/www.homeinnovations.ch\/wp\/?product=led-pendelleuchte-4000k","og_site_name":"Homeinnovations","article_modified_time":"2020-04-29T07:22:26+00:00","og_image":[{"width":309,"height":173,"url":"https:\/\/www.homeinnovations.ch\/wp\/wp-content\/uploads\/P-01-E-Detail-1-67a429b3.jpg","type":"image\/jpeg"}],"twitter_card":"summary_large_image","twitter_misc":{"Availability":"Out of stock"},"schema":{"@context":"https:\/\/schema.org","@graph":[{"@type":"WebPage","@id":"https:\/\/www.homeinnovations.ch\/wp\/?product=led-pendelleuchte-4000k","url":"https:\/\/www.homeinnovations.ch\/wp\/?product=led-pendelleuchte-4000k","name":"LED Pendelleuchte 4000K neutralweiss - Homeinnovations","isPartOf":{"@id":"https:\/\/www.homeinnovations.ch\/wp\/#website"},"primaryImageOfPage":{"@id":"https:\/\/www.homeinnovations.ch\/wp\/?product=led-pendelleuchte-4000k#primaryimage"},"image":{"@id":"https:\/\/www.homeinnovations.ch\/wp\/?product=led-pendelleuchte-4000k#primaryimage"},"thumbnailUrl":"https:\/\/www.homeinnovations.ch\/wp\/wp-content\/uploads\/P-01-E-Detail-1-67a429b3.jpg","datePublished":"2018-10-17T14:04:20+00:00","dateModified":"2020-04-29T07:22:26+00:00","description":"LED Pendelleuchte 4000K neutralweiss - Homeinnovations Stromsparend moderne angenehme LED Holzpendelleuchte kaufen mit hoher Energieeffizienz","breadcrumb":{"@id":"https:\/\/www.homeinnovations.ch\/wp\/?product=led-pendelleuchte-4000k#breadcrumb"},"inLanguage":"de-CH","potentialAction":[{"@type":"ReadAction","target":["https:\/\/www.homeinnovations.ch\/wp\/?product=led-pendelleuchte-4000k"]}]},{"@type":"ImageObject","inLanguage":"de-CH","@id":"https:\/\/www.homeinnovations.ch\/wp\/?product=led-pendelleuchte-4000k#primaryimage","url":"https:\/\/www.homeinnovations.ch\/wp\/wp-content\/uploads\/P-01-E-Detail-1-67a429b3.jpg","contentUrl":"https:\/\/www.homeinnovations.ch\/wp\/wp-content\/uploads\/P-01-E-Detail-1-67a429b3.jpg","width":309,"height":173},{"@type":"BreadcrumbList","@id":"https:\/\/www.homeinnovations.ch\/wp\/?product=led-pendelleuchte-4000k#breadcrumb","itemListElement":[{"@type":"ListItem","position":1,"name":"Home","item":"https:\/\/www.homeinnovations.ch\/wp\/"},{"@type":"ListItem","position":2,"name":"Shop","item":"https:\/\/www.homeinnovations.ch\/wp\/?page_id=4"},{"@type":"ListItem","position":3,"name":"LED Pendelleuchte 4000K neutralweiss"}]},{"@type":"WebSite","@id":"https:\/\/www.homeinnovations.ch\/wp\/#website","url":"https:\/\/www.homeinnovations.ch\/wp\/","name":"Homeinnovations.ch","description":"innovative technik f\u00fcr ihr zuhause","publisher":{"@id":"https:\/\/www.homeinnovations.ch\/wp\/#organization"},"potentialAction":[{"@type":"SearchAction","target":{"@type":"EntryPoint","urlTemplate":"https:\/\/www.homeinnovations.ch\/wp\/?s={search_term_string}"},"query-input":"required name=search_term_string"}],"inLanguage":"de-CH"},{"@type":"Organization","@id":"https:\/\/www.homeinnovations.ch\/wp\/#organization","name":"Homeinnovations GmbH","url":"https:\/\/www.homeinnovations.ch\/wp\/","logo":{"@type":"ImageObject","inLanguage":"de-CH","@id":"https:\/\/www.homeinnovations.ch\/wp\/#\/schema\/logo\/image\/","url":"https:\/\/www.homeinnovations.ch\/wp\/wp-content\/uploads\/home-innovations-4f.png","contentUrl":"https:\/\/www.homeinnovations.ch\/wp\/wp-content\/uploads\/home-innovations-4f.png","width":567,"height":227,"caption":"Homeinnovations GmbH"},"image":{"@id":"https:\/\/www.homeinnovations.ch\/wp\/#\/schema\/logo\/image\/"}}]},"product_brand":"LED Leuchten","og_availability":"out of stock","product_availability":"out of stock","product_condition":"new"},"_links":{"self":[{"href":"https:\/\/www.homeinnovations.ch\/wp\/index.php?rest_route=\/wp\/v2\/product\/1210"}],"collection":[{"href":"https:\/\/www.homeinnovations.ch\/wp\/index.php?rest_route=\/wp\/v2\/product"}],"about":[{"href":"https:\/\/www.homeinnovations.ch\/wp\/index.php?rest_route=\/wp\/v2\/types\/product"}],"replies":[{"embeddable":true,"href":"https:\/\/www.homeinnovations.ch\/wp\/index.php?rest_route=%2Fwp%2Fv2%2Fcomments&post=1210"}],"wp:featuredmedia":[{"embeddable":true,"href":"https:\/\/www.homeinnovations.ch\/wp\/index.php?rest_route=\/wp\/v2\/media\/1091"}],"wp:attachment":[{"href":"https:\/\/www.homeinnovations.ch\/wp\/index.php?rest_route=%2Fwp%2Fv2%2Fmedia&parent=1210"}],"wp:term":[{"taxonomy":"product_cat","embeddable":true,"href":"https:\/\/www.homeinnovations.ch\/wp\/index.php?rest_route=%2Fwp%2Fv2%2Fproduct_cat&post=1210"},{"taxonomy":"product_tag","embeddable":true,"href":"https:\/\/www.homeinnovations.ch\/wp\/index.php?rest_route=%2Fwp%2Fv2%2Fproduct_tag&post=1210"}],"curies":[{"name":"wp","href":"https:\/\/api.w.org\/{rel}","templated":true}]}}