{"id":1087,"date":"2018-10-09T12:26:43","date_gmt":"2018-10-09T10:26:43","guid":{"rendered":"https:\/\/www.homeinnovations.ch\/wp\/?post_type=product&#038;p=1087"},"modified":"2020-04-29T10:01:00","modified_gmt":"2020-04-29T08:01:00","slug":"led-wandleuchte","status":"publish","type":"product","link":"https:\/\/www.homeinnovations.ch\/wp\/?product=led-wandleuchte","title":{"rendered":"LED Wandleuchte 2700K warmweiss"},"content":{"rendered":"<p>LED Wandleuchte 2700K warmweiss<\/p>\n<p>Die Farbtemperatur von 2700 Kelvin wir als warmes, angenehmes, gem\u00fctliches Licht wahrgenommen und haupts\u00e4chlich in Wohn- und Schlafzimmer eingesetzt.<\/p>\n<ul>\n<li>Holzk\u00f6rper massiv, 52 x 100 x 200 mm<\/li>\n<li>Abdeckung LED Opal<\/li>\n<li>230 VAC inkl. Konverter<\/li>\n<li>2 x 6W \/ 2 x 550 lm \/ CRI90<\/li>\n<li>Ausleuchtung gegen oben und unten<\/li>\n<li>Ein- und Ausschalten \u00fcber eingebauten Nura-Touch am Holzk\u00f6rper<\/li>\n<li>Lichtst\u00e4rke regulieren \u00fcber Nura-Touch am Holzk\u00f6rper<\/li>\n<li>Lebensdauer 50`000 Std<\/li>\n<li>Wandhalterung aus Metall \/ Magnetverschluss<\/li>\n<li>Leuchtenschutzgrad IP20<\/li>\n<li>Garantie 2 Jahre<\/li>\n<\/ul>\n","protected":false},"excerpt":{"rendered":"<h2>LED Wandleuchten 2700K warmweiss<\/h2>\n<p>Die Wandleuchte mit direkter und indirekter LED-Lichtleiste f\u00fcr das besondere Ambiente mit Stil. Ein-\/Ausschalten und Dimmen durch unsichtbaren Ber\u00fchrungspunkt auf dem Holz oder per Hausinstallation (Dali).<\/p>\n<p><img loading=\"lazy\" decoding=\"async\" class=\"alignright wp-image-1063\" src=\"https:\/\/www.homeinnovations.ch\/wp\/wp\/wp-content\/uploads\/index.png\" alt=\"\" width=\"84\" height=\"58\" \/><\/p>\n","protected":false},"featured_media":1261,"comment_status":"open","ping_status":"closed","template":"","meta":[],"product_cat":[34],"product_tag":[],"yoast_head":"<!-- This site is optimized with the Yoast SEO Premium plugin v22.1 (Yoast SEO v22.5) - https:\/\/yoast.com\/wordpress\/plugins\/seo\/ -->\n<title>LED Wandleuchte 2700K warmweiss - Homeinnovations<\/title>\n<meta name=\"description\" content=\"LED Wandleuchte 2700K warmweiss - Homeinnovations Stromsparend moderne angenehme LED Holzwandleuchte kaufen mit hoher Energieeffizienz\" \/>\n<meta name=\"robots\" content=\"index, follow, max-snippet:-1, max-image-preview:large, max-video-preview:-1\" \/>\n<link rel=\"canonical\" href=\"https:\/\/www.homeinnovations.ch\/wp\/?product=led-wandleuchte\" \/>\n<meta property=\"og:locale\" content=\"de_DE\" \/>\n<meta property=\"og:type\" content=\"article\" \/>\n<meta property=\"og:title\" content=\"LED Wandleuchte 2700K warmweiss\" \/>\n<meta property=\"og:description\" content=\"LED Wandleuchte 2700K warmweiss - Homeinnovations Stromsparend moderne angenehme LED Holzwandleuchte kaufen mit hoher Energieeffizienz\" \/>\n<meta property=\"og:url\" content=\"https:\/\/www.homeinnovations.ch\/wp\/?product=led-wandleuchte\" \/>\n<meta property=\"og:site_name\" content=\"Homeinnovations\" \/>\n<meta property=\"article:modified_time\" content=\"2020-04-29T08:01:00+00:00\" \/>\n<meta name=\"twitter:card\" content=\"summary_large_image\" \/>\n<meta name=\"twitter:label1\" content=\"Availability\" \/>\n\t<meta name=\"twitter:data1\" content=\"Out of stock\" \/>\n<script type=\"application\/ld+json\" class=\"yoast-schema-graph\">{\"@context\":\"https:\/\/schema.org\",\"@graph\":[{\"@type\":\"WebPage\",\"@id\":\"https:\/\/www.homeinnovations.ch\/wp\/?product=led-wandleuchte\",\"url\":\"https:\/\/www.homeinnovations.ch\/wp\/?product=led-wandleuchte\",\"name\":\"LED Wandleuchte 2700K warmweiss - Homeinnovations\",\"isPartOf\":{\"@id\":\"https:\/\/www.homeinnovations.ch\/wp\/#website\"},\"primaryImageOfPage\":{\"@id\":\"https:\/\/www.homeinnovations.ch\/wp\/?product=led-wandleuchte#primaryimage\"},\"image\":{\"@id\":\"https:\/\/www.homeinnovations.ch\/wp\/?product=led-wandleuchte#primaryimage\"},\"thumbnailUrl\":\"https:\/\/www.homeinnovations.ch\/wp\/wp-content\/uploads\/Wandleuchte-Eiche-1.bmp\",\"datePublished\":\"2018-10-09T10:26:43+00:00\",\"dateModified\":\"2020-04-29T08:01:00+00:00\",\"description\":\"LED Wandleuchte 2700K warmweiss - Homeinnovations Stromsparend moderne angenehme LED Holzwandleuchte kaufen mit hoher Energieeffizienz\",\"breadcrumb\":{\"@id\":\"https:\/\/www.homeinnovations.ch\/wp\/?product=led-wandleuchte#breadcrumb\"},\"inLanguage\":\"de-CH\",\"potentialAction\":[{\"@type\":\"ReadAction\",\"target\":[\"https:\/\/www.homeinnovations.ch\/wp\/?product=led-wandleuchte\"]}]},{\"@type\":\"ImageObject\",\"inLanguage\":\"de-CH\",\"@id\":\"https:\/\/www.homeinnovations.ch\/wp\/?product=led-wandleuchte#primaryimage\",\"url\":\"https:\/\/www.homeinnovations.ch\/wp\/wp-content\/uploads\/Wandleuchte-Eiche-1.bmp\",\"contentUrl\":\"https:\/\/www.homeinnovations.ch\/wp\/wp-content\/uploads\/Wandleuchte-Eiche-1.bmp\",\"width\":293,\"height\":191},{\"@type\":\"BreadcrumbList\",\"@id\":\"https:\/\/www.homeinnovations.ch\/wp\/?product=led-wandleuchte#breadcrumb\",\"itemListElement\":[{\"@type\":\"ListItem\",\"position\":1,\"name\":\"Home\",\"item\":\"https:\/\/www.homeinnovations.ch\/wp\/\"},{\"@type\":\"ListItem\",\"position\":2,\"name\":\"Shop\",\"item\":\"https:\/\/www.homeinnovations.ch\/wp\/?page_id=4\"},{\"@type\":\"ListItem\",\"position\":3,\"name\":\"LED Wandleuchte 2700K warmweiss\"}]},{\"@type\":\"WebSite\",\"@id\":\"https:\/\/www.homeinnovations.ch\/wp\/#website\",\"url\":\"https:\/\/www.homeinnovations.ch\/wp\/\",\"name\":\"Homeinnovations.ch\",\"description\":\"innovative technik f\u00fcr ihr zuhause\",\"publisher\":{\"@id\":\"https:\/\/www.homeinnovations.ch\/wp\/#organization\"},\"potentialAction\":[{\"@type\":\"SearchAction\",\"target\":{\"@type\":\"EntryPoint\",\"urlTemplate\":\"https:\/\/www.homeinnovations.ch\/wp\/?s={search_term_string}\"},\"query-input\":\"required name=search_term_string\"}],\"inLanguage\":\"de-CH\"},{\"@type\":\"Organization\",\"@id\":\"https:\/\/www.homeinnovations.ch\/wp\/#organization\",\"name\":\"Homeinnovations GmbH\",\"url\":\"https:\/\/www.homeinnovations.ch\/wp\/\",\"logo\":{\"@type\":\"ImageObject\",\"inLanguage\":\"de-CH\",\"@id\":\"https:\/\/www.homeinnovations.ch\/wp\/#\/schema\/logo\/image\/\",\"url\":\"https:\/\/www.homeinnovations.ch\/wp\/wp-content\/uploads\/home-innovations-4f.png\",\"contentUrl\":\"https:\/\/www.homeinnovations.ch\/wp\/wp-content\/uploads\/home-innovations-4f.png\",\"width\":567,\"height\":227,\"caption\":\"Homeinnovations GmbH\"},\"image\":{\"@id\":\"https:\/\/www.homeinnovations.ch\/wp\/#\/schema\/logo\/image\/\"}}]}<\/script>\n<meta property=\"product:brand\" content=\"LED Leuchten\" \/>\n<meta property=\"og:availability\" content=\"out of stock\" \/>\n<meta property=\"product:availability\" content=\"out of stock\" \/>\n<meta property=\"product:condition\" content=\"new\" \/>\n<!-- \/ Yoast SEO Premium plugin. -->","yoast_head_json":{"title":"LED Wandleuchte 2700K warmweiss - Homeinnovations","description":"LED Wandleuchte 2700K warmweiss - Homeinnovations Stromsparend moderne angenehme LED Holzwandleuchte kaufen mit hoher Energieeffizienz","robots":{"index":"index","follow":"follow","max-snippet":"max-snippet:-1","max-image-preview":"max-image-preview:large","max-video-preview":"max-video-preview:-1"},"canonical":"https:\/\/www.homeinnovations.ch\/wp\/?product=led-wandleuchte","og_locale":"de_DE","og_type":"article","og_title":"LED Wandleuchte 2700K warmweiss","og_description":"LED Wandleuchte 2700K warmweiss - Homeinnovations Stromsparend moderne angenehme LED Holzwandleuchte kaufen mit hoher Energieeffizienz","og_url":"https:\/\/www.homeinnovations.ch\/wp\/?product=led-wandleuchte","og_site_name":"Homeinnovations","article_modified_time":"2020-04-29T08:01:00+00:00","twitter_card":"summary_large_image","twitter_misc":{"Availability":"Out of stock"},"schema":{"@context":"https:\/\/schema.org","@graph":[{"@type":"WebPage","@id":"https:\/\/www.homeinnovations.ch\/wp\/?product=led-wandleuchte","url":"https:\/\/www.homeinnovations.ch\/wp\/?product=led-wandleuchte","name":"LED Wandleuchte 2700K warmweiss - Homeinnovations","isPartOf":{"@id":"https:\/\/www.homeinnovations.ch\/wp\/#website"},"primaryImageOfPage":{"@id":"https:\/\/www.homeinnovations.ch\/wp\/?product=led-wandleuchte#primaryimage"},"image":{"@id":"https:\/\/www.homeinnovations.ch\/wp\/?product=led-wandleuchte#primaryimage"},"thumbnailUrl":"https:\/\/www.homeinnovations.ch\/wp\/wp-content\/uploads\/Wandleuchte-Eiche-1.bmp","datePublished":"2018-10-09T10:26:43+00:00","dateModified":"2020-04-29T08:01:00+00:00","description":"LED Wandleuchte 2700K warmweiss - Homeinnovations Stromsparend moderne angenehme LED Holzwandleuchte kaufen mit hoher Energieeffizienz","breadcrumb":{"@id":"https:\/\/www.homeinnovations.ch\/wp\/?product=led-wandleuchte#breadcrumb"},"inLanguage":"de-CH","potentialAction":[{"@type":"ReadAction","target":["https:\/\/www.homeinnovations.ch\/wp\/?product=led-wandleuchte"]}]},{"@type":"ImageObject","inLanguage":"de-CH","@id":"https:\/\/www.homeinnovations.ch\/wp\/?product=led-wandleuchte#primaryimage","url":"https:\/\/www.homeinnovations.ch\/wp\/wp-content\/uploads\/Wandleuchte-Eiche-1.bmp","contentUrl":"https:\/\/www.homeinnovations.ch\/wp\/wp-content\/uploads\/Wandleuchte-Eiche-1.bmp","width":293,"height":191},{"@type":"BreadcrumbList","@id":"https:\/\/www.homeinnovations.ch\/wp\/?product=led-wandleuchte#breadcrumb","itemListElement":[{"@type":"ListItem","position":1,"name":"Home","item":"https:\/\/www.homeinnovations.ch\/wp\/"},{"@type":"ListItem","position":2,"name":"Shop","item":"https:\/\/www.homeinnovations.ch\/wp\/?page_id=4"},{"@type":"ListItem","position":3,"name":"LED Wandleuchte 2700K warmweiss"}]},{"@type":"WebSite","@id":"https:\/\/www.homeinnovations.ch\/wp\/#website","url":"https:\/\/www.homeinnovations.ch\/wp\/","name":"Homeinnovations.ch","description":"innovative technik f\u00fcr ihr zuhause","publisher":{"@id":"https:\/\/www.homeinnovations.ch\/wp\/#organization"},"potentialAction":[{"@type":"SearchAction","target":{"@type":"EntryPoint","urlTemplate":"https:\/\/www.homeinnovations.ch\/wp\/?s={search_term_string}"},"query-input":"required name=search_term_string"}],"inLanguage":"de-CH"},{"@type":"Organization","@id":"https:\/\/www.homeinnovations.ch\/wp\/#organization","name":"Homeinnovations GmbH","url":"https:\/\/www.homeinnovations.ch\/wp\/","logo":{"@type":"ImageObject","inLanguage":"de-CH","@id":"https:\/\/www.homeinnovations.ch\/wp\/#\/schema\/logo\/image\/","url":"https:\/\/www.homeinnovations.ch\/wp\/wp-content\/uploads\/home-innovations-4f.png","contentUrl":"https:\/\/www.homeinnovations.ch\/wp\/wp-content\/uploads\/home-innovations-4f.png","width":567,"height":227,"caption":"Homeinnovations GmbH"},"image":{"@id":"https:\/\/www.homeinnovations.ch\/wp\/#\/schema\/logo\/image\/"}}]},"product_brand":"LED Leuchten","og_availability":"out of stock","product_availability":"out of stock","product_condition":"new"},"_links":{"self":[{"href":"https:\/\/www.homeinnovations.ch\/wp\/index.php?rest_route=\/wp\/v2\/product\/1087"}],"collection":[{"href":"https:\/\/www.homeinnovations.ch\/wp\/index.php?rest_route=\/wp\/v2\/product"}],"about":[{"href":"https:\/\/www.homeinnovations.ch\/wp\/index.php?rest_route=\/wp\/v2\/types\/product"}],"replies":[{"embeddable":true,"href":"https:\/\/www.homeinnovations.ch\/wp\/index.php?rest_route=%2Fwp%2Fv2%2Fcomments&post=1087"}],"wp:featuredmedia":[{"embeddable":true,"href":"https:\/\/www.homeinnovations.ch\/wp\/index.php?rest_route=\/wp\/v2\/media\/1261"}],"wp:attachment":[{"href":"https:\/\/www.homeinnovations.ch\/wp\/index.php?rest_route=%2Fwp%2Fv2%2Fmedia&parent=1087"}],"wp:term":[{"taxonomy":"product_cat","embeddable":true,"href":"https:\/\/www.homeinnovations.ch\/wp\/index.php?rest_route=%2Fwp%2Fv2%2Fproduct_cat&post=1087"},{"taxonomy":"product_tag","embeddable":true,"href":"https:\/\/www.homeinnovations.ch\/wp\/index.php?rest_route=%2Fwp%2Fv2%2Fproduct_tag&post=1087"}],"curies":[{"name":"wp","href":"https:\/\/api.w.org\/{rel}","templated":true}]}}