{"id":616,"date":"2018-07-17T09:25:58","date_gmt":"2018-07-17T07:25:58","guid":{"rendered":"http:\/\/test.homeinnovations.ch\/wp\/?page_id=616"},"modified":"2018-10-08T03:42:51","modified_gmt":"2018-10-08T01:42:51","slug":"datenschutz","status":"publish","type":"page","link":"https:\/\/www.homeinnovations.ch\/wp\/?page_id=616","title":{"rendered":"Datenschutz"},"content":{"rendered":"<div class=\"text-container space-top\">\n<div class=\"container clearfix\">\n<div class=\"row\">\n<div class=\"col-sm-10 col-sm-offset-1\">\n<div class=\"cms-compontent-wrapper\">\n<div class=\"content\">\n<h3>Datenschutzerkl\u00e4rung<\/h3>\n<p><strong>Vorwort<\/strong><\/p>\n<p>Homeinnovations GmbH nimmt den Schutz der pers\u00f6nlichen Daten ernst. Die besondere Beachtung der Privatsph\u00e4re bei der Verarbeitung pers\u00f6nlicher Daten ist ein zentrales Anliegen. Pers\u00f6nliche Daten werden gem\u00e4ss den Bestimmungen des Bundesgesetzes \u00fcber den Datenschutz (DSG) bearbeitet. Die Webseiten von Homeinnovations GmbH k\u00f6nnen Links zu Webseiten anderer Anbieter enthalten, auf die sich diese Datenschutzerkl\u00e4rung nicht erstreckt. Durch die Nutzung der Webseite von Homeinnovations GmbH, namentlich durch die eigene Bekanntgabe Ihrer pers\u00f6nlicher Daten via Internet, best\u00e4tigen Sie, dass Sie von der vorliegenden Datenschutzerkl\u00e4rung Kenntnis genommen haben und in eine Bearbeitung Ihrer pers\u00f6nlicher Daten durch Homeinnovations GmbH im Sinne dieser Datenschutzerkl\u00e4rung einwilligen. Ein Widerruf dieser Einwilligung ist jederzeit m\u00f6glich (vgl. dazu Ziff. 5 unten).<\/p>\n<p><strong>1. Personenbezogene Daten<\/strong><\/p>\n<p>Personenbezogene Daten geben Aufschluss \u00fcber die Identit\u00e4t einer Person. Darunter fallen Informationen wie Name, Adresse, Postanschrift, Telefonnummer. Informationen, die nicht mit der Identit\u00e4t in Verbindung gebracht werden k\u00f6nnen (wie zum Beispiel favorisierte Webseiten oder Anzahl der Nutzer einer Seite), fallen nicht darunter. Wenn man sich f\u00fcr eine Registrierung entscheidet, sich also als Mitglied (registrierter Benutzer) anmeldet, muss man im individuellen Benutzerprofil pers\u00f6nlichen Informationen hinterlegen. Es unterliegt der freien Entscheidung, ob diese Daten eingegeben werden. In Verbindung mit dem Zugriff auf unsere Seiten werden serverseitig Daten (zum Beispiel IP-Adresse, Datum, Uhrzeit und betrachtete Seiten) gespeichert. Es findet keine personenbezogene Verwertung statt. Die statistische Auswertung anonymisierter Datens\u00e4tze bleibt vorbehalten. Homeinnovations GmbH nutzt die pers\u00f6nlichen Daten zu Zwecken der technischen Administration der Webseiten und zur Benutzer- bzw. Kundenverwaltung nur im jeweils daf\u00fcr erforderlichen Umfang. Dar\u00fcber hinaus werden pers\u00f6nliche Daten nur dann gespeichert, wenn diese freiwillig angegeben werden.<\/p>\n<p><strong>2. Weitergabe personenbezogener Daten<\/strong><\/p>\n<p>Vorbeh\u00e4ltlich der gesetzlich geregelten Ausnahmen (z.B. Auftragsbearbeitung, Art. 10a DSG) gibt Homeinnovations GmbH die Daten nicht ohne Ihr ausdr\u00fcckliches Einverst\u00e4ndnis an Dritte weiter. Sollten im Rahmen der Auftragsdatenverarbeitung Daten an Dienstleister weitergegeben werden, so sind diese an das Datenschutzgesetz DSG, andere gesetzliche Vorschriften und an diese Privacy Policy gebunden. Erhebungen beziehungsweise \u00dcbermittlungen pers\u00f6nlicher Daten an staatliche Einrichtungen und Beh\u00f6rden erfolgen nur im Rahmen zwingender Rechtsvorschriften.<\/p>\n<p><strong>3. Sicherheit<\/strong><\/p>\n<p>Homeinnovations GmbH bem\u00fcht sich, durch angemessene Massnahmen Ihre pers\u00f6nlichen Daten vor Verlust, Missbrauch, ungenehmigtem Zugang, Offenlegung, \u00c4nderung oder Zerst\u00f6rung zu sch\u00fctzen. Ihre Daten sind zur Wahrung der Vertraulichkeit und Sicherheit u.a. durch ein von Ihnen gew\u00e4hltes Passwort gesch\u00fctzt; es ist von Ihnen sicherzustellen, dass nur Berechtigte Zugang zu Ihrem Passwort haben.<\/p>\n<p><strong>4. Einsatz von Cookies<\/strong><\/p>\n<p>Diese Website benutzt Google Analytics und Google Remarketing. Dies sind Dienstleistungen der Google Inc. (\u00abGoogle\u00bb). Google verwendet sog. \u00abCookies\u00bb, Textdateien, die auf Ihrem Computer gespeichert werden und die eine Analyse der Benutzung der Website durch Sie erm\u00f6glicht.<br \/>\nDie durch den Cookie erzeugten Informationen \u00fcber Ihre Benutzung diese Website (einschliesslich Ihrer IP-Adresse) wird an einen Server von Google in den USA \u00fcbertragen und dort gespeichert. Die IP Adresse wird anschliessend von Google um die letzten drei Stellen gek\u00fcrzt, eine eindeutige Zuordnung der IP Adresse ist somit nicht mehr m\u00f6glich. Google beachtet die Datenschutzbestimmungen des \u00abUS-Safe-Harbor\u00bb-Abkommens und ist beim \u00abSafe Harbor\u00bb-Programm des US-Handelsministeriums registriert. Google wird diese Informationen benutzen, um Ihre Nutzung der Website auszuwerten, um Reports \u00fcber die Websiteaktivit\u00e4ten f\u00fcr die Websitebetreiber zusammenzustellen und um weitere mit der Websitenutzung und der Internetnutzung verbundene Dienstleistungen zu erbringen. Auch wird Google diese Informationen gegebenenfalls an Dritte \u00fcbertragen, sofern dies gesetzlich vorgeschrieben oder soweit Dritte diese Daten im Auftrag von Google verarbeiten. Drittanbieter, einschliesslich Google, schalten Anzeigen auf Websites im Internet. Drittanbieter, einschliesslich Google, verwenden gespeicherte Cookies zum Schalten von Anzeigen auf Grundlage vorheriger Besuche eines Nutzers auf dieser Website. Google wird in keinem Fall Ihre IP-Adresse mit anderen Daten der Google in Verbindung bringen. Der Datenerhebung und Speicherung kann jederzeit mit Wirkung f\u00fcr die Zukunft widersprochen werden. Sie k\u00f6nnen die Verwendung von Cookies durch Google durch eine entsprechende Einstellung Ihrer Browser Software deaktivieren, indem sie die Seite google.de\/privacy\/ads aufrufen und den \u00abopt-out\u00bb Button bet\u00e4tigen. Alternativ k\u00f6nnen Sie die Verwendung von Cookies durch Drittanbieter deaktivieren, indem sie die Deaktivierungsseite der Netzwerkwerbeinitiative unter networkadvertising.org\/managing\/opt_out.asp aufrufen. Weitere Hinweise zu den Bestimmungen von Google finden Sie unter google.com\/intl\/de\/privacy. Wir weisen Sie jedoch darauf hin, dass Sie in diesem Fall gegebenenfalls nicht s\u00e4mtliche Funktionen dieser Website voll umf\u00e4nglich nutzen k\u00f6nnen. Durch die Nutzung dieser Website erkl\u00e4ren Sie sich mit der Bearbeitung der \u00fcber Sie erhobenen Daten durch Google in der zuvor beschriebenen Art und Weise und zu dem zuvor benannten Zweck einverstanden.<\/p>\n<p><strong>5. Recht auf Widerruf<\/strong><\/p>\n<p>Wenn Sie uns personenbezogene Daten \u00fcberlassen haben, k\u00f6nnen Sie diese jederzeit im Benutzerprofil \u00e4ndern und l\u00f6schen. Sie sind berechtigt, die Einwilligung in die Verwendung personenbezogener Daten jederzeit mit Wirkung f\u00fcr die Zukunft durch entsprechende Meldung an den Webmaster zu widerrufen. F\u00fcr eine vollst\u00e4ndige L\u00f6schung des Accounts wenden Sie sich bitte ebenfalls an den Webmaster. Bis zu diesem Zeitpunkt get\u00e4tigte Beitr\u00e4ge in Foren, Kommentaren, Terminank\u00fcndigungen und Artikeln k\u00f6nnen allerdings erhalten bleiben.<\/p>\n<p><strong>6. Links zu anderen Webseiten<\/strong><\/p>\n<p>Das Online-Angebot von Homeinnovations GmbH enth\u00e4lt Links zu anderen Webseiten. Homeinnovations GmbH hat keinen Einfluss darauf, ob deren Betreiber die Datenschutzbestimmungen einhalten. Homeinnovations GmbH schliesst jegliche Verantwortung oder Haftung f\u00fcr Links zu anderen Webseiten aus.<\/p>\n<p><strong>7. Beitr\u00e4ge<\/strong><\/p>\n<p>Die Beitr\u00e4ge auf unserer Seite sind f\u00fcr jeden zug\u00e4nglich. Beitr\u00e4ge sollten vor der Ver\u00f6ffentlichung sorgf\u00e4ltig darauf \u00fcberpr\u00fcft werden, ob sie Angaben enthalten, die nicht f\u00fcr die \u00d6ffentlichkeit bestimmt sind. Die Beitr\u00e4ge werden m\u00f6glicherweise in Suchmaschinen erfasst und auch ohne gezielten Aufruf dieser Webseite weltweit zugreifbar.<\/p>\n<p><strong>8. Fragen und Kommentare<\/strong><\/p>\n<p>Bei Fragen und f\u00fcr Anregungen und Kommentare zum Thema Datenschutz wenden Sie sich bitte per E-Mail an den Webmaster der Homeinnovations GmbH.<\/p>\n<p>\u00a0<\/p>\n<\/div>\n<\/div>\n<\/div>\n<\/div>\n<\/div>\n<\/div>\n","protected":false},"excerpt":{"rendered":"<p>Datenschutzerkl\u00e4rung Vorwort Homeinnovations GmbH nimmt den Schutz der pers\u00f6nlichen Daten ernst. Die besondere Beachtung der Privatsph\u00e4re bei der Verarbeitung pers\u00f6nlicher Daten ist ein zentrales Anliegen. Pers\u00f6nliche Daten werden gem\u00e4ss den Bestimmungen des Bundesgesetzes \u00fcber den Datenschutz (DSG) bearbeitet. Die Webseiten von Homeinnovations GmbH k\u00f6nnen Links zu Webseiten anderer Anbieter enthalten, auf die sich diese Datenschutzerkl\u00e4rung [&hellip;]<\/p>\n","protected":false},"author":1,"featured_media":0,"parent":0,"menu_order":0,"comment_status":"closed","ping_status":"closed","template":"","meta":{"footnotes":""},"yoast_head":"<!-- This site is optimized with the Yoast SEO Premium plugin v22.1 (Yoast SEO v22.5) - https:\/\/yoast.com\/wordpress\/plugins\/seo\/ -->\n<title>Datenschutz - Homeinnovations<\/title>\n<meta name=\"robots\" content=\"index, follow, max-snippet:-1, max-image-preview:large, max-video-preview:-1\" \/>\n<link rel=\"canonical\" href=\"https:\/\/www.homeinnovations.ch\/wp\/?page_id=616\" \/>\n<meta property=\"og:locale\" content=\"de_DE\" \/>\n<meta property=\"og:type\" content=\"article\" \/>\n<meta property=\"og:title\" content=\"Datenschutz\" \/>\n<meta property=\"og:description\" content=\"Datenschutzerkl\u00e4rung Vorwort Homeinnovations GmbH nimmt den Schutz der pers\u00f6nlichen Daten ernst. Die besondere Beachtung der Privatsph\u00e4re bei der Verarbeitung pers\u00f6nlicher Daten ist ein zentrales Anliegen. Pers\u00f6nliche Daten werden gem\u00e4ss den Bestimmungen des Bundesgesetzes \u00fcber den Datenschutz (DSG) bearbeitet. Die Webseiten von Homeinnovations GmbH k\u00f6nnen Links zu Webseiten anderer Anbieter enthalten, auf die sich diese Datenschutzerkl\u00e4rung [&hellip;]\" \/>\n<meta property=\"og:url\" content=\"https:\/\/www.homeinnovations.ch\/wp\/?page_id=616\" \/>\n<meta property=\"og:site_name\" content=\"Homeinnovations\" \/>\n<meta property=\"article:modified_time\" content=\"2018-10-08T01:42:51+00:00\" \/>\n<meta name=\"twitter:card\" content=\"summary_large_image\" \/>\n<meta name=\"twitter:label1\" content=\"Gesch\u00e4tzte Lesezeit\" \/>\n\t<meta name=\"twitter:data1\" content=\"5 Minuten\" \/>\n<script type=\"application\/ld+json\" class=\"yoast-schema-graph\">{\"@context\":\"https:\/\/schema.org\",\"@graph\":[{\"@type\":\"WebPage\",\"@id\":\"https:\/\/www.homeinnovations.ch\/wp\/?page_id=616\",\"url\":\"https:\/\/www.homeinnovations.ch\/wp\/?page_id=616\",\"name\":\"Datenschutz - Homeinnovations\",\"isPartOf\":{\"@id\":\"https:\/\/www.homeinnovations.ch\/wp\/#website\"},\"datePublished\":\"2018-07-17T07:25:58+00:00\",\"dateModified\":\"2018-10-08T01:42:51+00:00\",\"breadcrumb\":{\"@id\":\"https:\/\/www.homeinnovations.ch\/wp\/?page_id=616#breadcrumb\"},\"inLanguage\":\"de-CH\",\"potentialAction\":[{\"@type\":\"ReadAction\",\"target\":[\"https:\/\/www.homeinnovations.ch\/wp\/?page_id=616\"]}]},{\"@type\":\"BreadcrumbList\",\"@id\":\"https:\/\/www.homeinnovations.ch\/wp\/?page_id=616#breadcrumb\",\"itemListElement\":[{\"@type\":\"ListItem\",\"position\":1,\"name\":\"Home\",\"item\":\"https:\/\/www.homeinnovations.ch\/wp\/\"},{\"@type\":\"ListItem\",\"position\":2,\"name\":\"Datenschutz\"}]},{\"@type\":\"WebSite\",\"@id\":\"https:\/\/www.homeinnovations.ch\/wp\/#website\",\"url\":\"https:\/\/www.homeinnovations.ch\/wp\/\",\"name\":\"Homeinnovations.ch\",\"description\":\"innovative technik f\u00fcr ihr zuhause\",\"publisher\":{\"@id\":\"https:\/\/www.homeinnovations.ch\/wp\/#organization\"},\"potentialAction\":[{\"@type\":\"SearchAction\",\"target\":{\"@type\":\"EntryPoint\",\"urlTemplate\":\"https:\/\/www.homeinnovations.ch\/wp\/?s={search_term_string}\"},\"query-input\":\"required name=search_term_string\"}],\"inLanguage\":\"de-CH\"},{\"@type\":\"Organization\",\"@id\":\"https:\/\/www.homeinnovations.ch\/wp\/#organization\",\"name\":\"Homeinnovations GmbH\",\"url\":\"https:\/\/www.homeinnovations.ch\/wp\/\",\"logo\":{\"@type\":\"ImageObject\",\"inLanguage\":\"de-CH\",\"@id\":\"https:\/\/www.homeinnovations.ch\/wp\/#\/schema\/logo\/image\/\",\"url\":\"https:\/\/www.homeinnovations.ch\/wp\/wp-content\/uploads\/home-innovations-4f.png\",\"contentUrl\":\"https:\/\/www.homeinnovations.ch\/wp\/wp-content\/uploads\/home-innovations-4f.png\",\"width\":567,\"height\":227,\"caption\":\"Homeinnovations GmbH\"},\"image\":{\"@id\":\"https:\/\/www.homeinnovations.ch\/wp\/#\/schema\/logo\/image\/\"}}]}<\/script>\n<!-- \/ Yoast SEO Premium plugin. -->","yoast_head_json":{"title":"Datenschutz - Homeinnovations","robots":{"index":"index","follow":"follow","max-snippet":"max-snippet:-1","max-image-preview":"max-image-preview:large","max-video-preview":"max-video-preview:-1"},"canonical":"https:\/\/www.homeinnovations.ch\/wp\/?page_id=616","og_locale":"de_DE","og_type":"article","og_title":"Datenschutz","og_description":"Datenschutzerkl\u00e4rung Vorwort Homeinnovations GmbH nimmt den Schutz der pers\u00f6nlichen Daten ernst. Die besondere Beachtung der Privatsph\u00e4re bei der Verarbeitung pers\u00f6nlicher Daten ist ein zentrales Anliegen. Pers\u00f6nliche Daten werden gem\u00e4ss den Bestimmungen des Bundesgesetzes \u00fcber den Datenschutz (DSG) bearbeitet. Die Webseiten von Homeinnovations GmbH k\u00f6nnen Links zu Webseiten anderer Anbieter enthalten, auf die sich diese Datenschutzerkl\u00e4rung [&hellip;]","og_url":"https:\/\/www.homeinnovations.ch\/wp\/?page_id=616","og_site_name":"Homeinnovations","article_modified_time":"2018-10-08T01:42:51+00:00","twitter_card":"summary_large_image","twitter_misc":{"Gesch\u00e4tzte Lesezeit":"5 Minuten"},"schema":{"@context":"https:\/\/schema.org","@graph":[{"@type":"WebPage","@id":"https:\/\/www.homeinnovations.ch\/wp\/?page_id=616","url":"https:\/\/www.homeinnovations.ch\/wp\/?page_id=616","name":"Datenschutz - Homeinnovations","isPartOf":{"@id":"https:\/\/www.homeinnovations.ch\/wp\/#website"},"datePublished":"2018-07-17T07:25:58+00:00","dateModified":"2018-10-08T01:42:51+00:00","breadcrumb":{"@id":"https:\/\/www.homeinnovations.ch\/wp\/?page_id=616#breadcrumb"},"inLanguage":"de-CH","potentialAction":[{"@type":"ReadAction","target":["https:\/\/www.homeinnovations.ch\/wp\/?page_id=616"]}]},{"@type":"BreadcrumbList","@id":"https:\/\/www.homeinnovations.ch\/wp\/?page_id=616#breadcrumb","itemListElement":[{"@type":"ListItem","position":1,"name":"Home","item":"https:\/\/www.homeinnovations.ch\/wp\/"},{"@type":"ListItem","position":2,"name":"Datenschutz"}]},{"@type":"WebSite","@id":"https:\/\/www.homeinnovations.ch\/wp\/#website","url":"https:\/\/www.homeinnovations.ch\/wp\/","name":"Homeinnovations.ch","description":"innovative technik f\u00fcr ihr zuhause","publisher":{"@id":"https:\/\/www.homeinnovations.ch\/wp\/#organization"},"potentialAction":[{"@type":"SearchAction","target":{"@type":"EntryPoint","urlTemplate":"https:\/\/www.homeinnovations.ch\/wp\/?s={search_term_string}"},"query-input":"required name=search_term_string"}],"inLanguage":"de-CH"},{"@type":"Organization","@id":"https:\/\/www.homeinnovations.ch\/wp\/#organization","name":"Homeinnovations GmbH","url":"https:\/\/www.homeinnovations.ch\/wp\/","logo":{"@type":"ImageObject","inLanguage":"de-CH","@id":"https:\/\/www.homeinnovations.ch\/wp\/#\/schema\/logo\/image\/","url":"https:\/\/www.homeinnovations.ch\/wp\/wp-content\/uploads\/home-innovations-4f.png","contentUrl":"https:\/\/www.homeinnovations.ch\/wp\/wp-content\/uploads\/home-innovations-4f.png","width":567,"height":227,"caption":"Homeinnovations GmbH"},"image":{"@id":"https:\/\/www.homeinnovations.ch\/wp\/#\/schema\/logo\/image\/"}}]}},"_links":{"self":[{"href":"https:\/\/www.homeinnovations.ch\/wp\/index.php?rest_route=\/wp\/v2\/pages\/616"}],"collection":[{"href":"https:\/\/www.homeinnovations.ch\/wp\/index.php?rest_route=\/wp\/v2\/pages"}],"about":[{"href":"https:\/\/www.homeinnovations.ch\/wp\/index.php?rest_route=\/wp\/v2\/types\/page"}],"author":[{"embeddable":true,"href":"https:\/\/www.homeinnovations.ch\/wp\/index.php?rest_route=\/wp\/v2\/users\/1"}],"replies":[{"embeddable":true,"href":"https:\/\/www.homeinnovations.ch\/wp\/index.php?rest_route=%2Fwp%2Fv2%2Fcomments&post=616"}],"version-history":[{"count":11,"href":"https:\/\/www.homeinnovations.ch\/wp\/index.php?rest_route=\/wp\/v2\/pages\/616\/revisions"}],"predecessor-version":[{"id":657,"href":"https:\/\/www.homeinnovations.ch\/wp\/index.php?rest_route=\/wp\/v2\/pages\/616\/revisions\/657"}],"wp:attachment":[{"href":"https:\/\/www.homeinnovations.ch\/wp\/index.php?rest_route=%2Fwp%2Fv2%2Fmedia&parent=616"}],"curies":[{"name":"wp","href":"https:\/\/api.w.org\/{rel}","templated":true}]}}