{"id":609,"date":"2018-07-17T09:04:16","date_gmt":"2018-07-17T07:04:16","guid":{"rendered":"http:\/\/test.homeinnovations.ch\/wp\/?page_id=609"},"modified":"2018-10-08T03:42:04","modified_gmt":"2018-10-08T01:42:04","slug":"agb","status":"publish","type":"page","link":"https:\/\/www.homeinnovations.ch\/wp\/?page_id=609","title":{"rendered":"AGB"},"content":{"rendered":"<h3>AGB<\/h3>\n<p><strong>Allgemeines<\/strong><\/p>\n<p>Diese Verkaufs- und Lieferbedingungen sind auf s\u00e4mtliche Angeboten, Lieferungen und Leistungen der Homeinnovations GmbH anwendbar. Abweichungen bed\u00fcrfen der schriftlichen Vereinbarung zwischen den Vertragsparteien.<\/p>\n<p><strong>Offerten<\/strong><\/p>\n<p>Unbefristete Angebote bleiben bis zur Auftragsbest\u00e4tigung durch Homeinnovations GmbH unverbindlich.<\/p>\n<p><strong>Preise<\/strong><\/p>\n<p>Alle Preise verstehen sich \u2013 mangels anderweitiger Vereinbarung \u2013 brutto, in Schweizer Franken. Die Mehrwertsteuer und die gesetzlich vorgeschriebenen vorgezogenen Entsorgungsgeb\u00fchren (VEG\/vRG) sind den entsprechenden Angeboten zu entnehmen. Wir behalten uns vor, die Verkaufspreise ohne vorherige Anzeige entsprechend anzupassen. Eine Preisanpassung gilt als neues Angebot. In Katalogen, Brosch\u00fcren und im E-Shop abgebildete Preise sind unverbindlich.<\/p>\n<p><strong>Verpackung<\/strong><\/p>\n<p>Die Verpackung wird zu Selbstkosten berechnet und kann nicht zur\u00fcckgenommen werden.<\/p>\n<p><strong>Versand<\/strong><\/p>\n<p>Der Versand erfolgt auf Rechnung und Gefahr des Bestellers. Allf\u00e4llige Sch\u00e4den sind sofort bei Empfang der zust\u00e4ndigen Transportanstalt zu melden.<\/p>\n<p><strong>Pr\u00fcfung und Abnahme<\/strong><\/p>\n<p>Die Lieferung ist durch den Besteller sofort nach Empfang zu pr\u00fcfen. Beanstandungen k\u00f6nnen nur innerhalb von acht Tagen nach Empfang der Ware unter Beilage des Lieferscheins oder Angabe der Lieferschein-Nummer ber\u00fccksichtigt werden. Die Lieferungen gelten als angenommen, wenn keine fristgerechte schriftliche Beanstandung erfolgt. Bei nachweisbar fehlerhafter Lieferung wird \u2013 schriftliche und fristgerechte Beanstandung vorausgesetzt \u2013 kostenloser Ersatz geleistet. Weitergehende Ersatzanspr\u00fcche werden ausgeschlossen.<\/p>\n<p><strong>Garantie<\/strong><\/p>\n<p>Auf alle Produkte gew\u00e4hrt Homeinnovations GmbH die \u00fcbliche Fabrikgarantie, soweit eine solche vom Produktehersteller und\/oder Zulieferanten gegen\u00fcber Homeinnovations GmbH zugestanden wird. Auf Anfrage gibt Homeinnovations GmbH Auskunft \u00fcber die entsprechende Fabrikgarantie des Produkteherstellers.<\/p>\n<p><strong>Haftung<\/strong><\/p>\n<p>Jegliche Haftung von Homeinnovations GmbH f\u00fcr unmittelbare und mittelbare Sch\u00e4den u. a. infolge Versp\u00e4tung der Lieferungen und Leistungen, schlechten Materials, fehlerhafter Konstruktion oder mangelhafter Ausf\u00fchrung inklusive entgangenem Gewinn wird im Rahmen des rechtlich Zul\u00e4ssigen ausgeschlossen. Homeinnovations GmbH haftet auch nicht, wenn die Vertragserf\u00fcllung infolge h\u00f6herer Gewalt beschr\u00e4nkt oder unm\u00f6glich ist. Insbesondere wird auch die Haftung f\u00fcr Hilfspersonen ausgeschlossen (Art. 101 Abs. 2 OR).<\/p>\n<p><strong>R\u00fccksendungen<\/strong><\/p>\n<p>R\u00fccksendungen werden nur unter Abzug eines Unkostenanteils aufgrund einer vorausgehenden Vereinbarung angenommen. Von einem Hersteller der keine R\u00fccknahmen akzeptiert, stammende, nicht katalogisierte (inkl. extra zugekaufte und bestellte), nicht mehr aktuelle, unvollst\u00e4ndige, nicht original verpackte oder sich nicht mehr in einwandfreiem (neuwertigem) Zustand befindende Produkte und Waren k\u00f6nnen nicht zur\u00fcckgenommen resp. gutgeschrieben werden.<\/p>\n<p><strong>Rechnungsstellung<\/strong><\/p>\n<p>Rechnungen sind nach Eingang umgehend zu pr\u00fcfen. Der Rechnungsbetrag gilt als anerkannt, wenn nicht innert 10 Tagen ab Zugang der Rechnung eine schriftliche Beanstandung erfolgt.<\/p>\n<p><strong>Zahlungsbedingungen<\/strong><\/p>\n<p>3% Erm\u00e4ssigung erstattet Homeinnovations GmbH dem Besteller f\u00fcr die Vorauszahlung.<\/p>\n<p><strong>Technische Angaben<\/strong><\/p>\n<p>Abbildungen, Mass- und Gewichtsangaben sowie technische Angaben und Verpackungseinheiten unserer Kataloge und Brosch\u00fcren sind nicht bindend.<\/p>\n<p><strong>Eigentumsvorbehalt<\/strong><\/p>\n<p>Das Eigentum an der gelieferten Ware bleibt bis zur vollst\u00e4ndigen Bezahlung bei Homeinnovations GmbH.<\/p>\n<p><strong>Leihmaterial<\/strong><\/p>\n<p>F\u00fcr allf\u00e4llige Sch\u00e4den oder Verlust des Leihmaterials, welches Homeinnovations GmbH gratis oder gegen Bezahlung als Verleiher zur Verf\u00fcgung stellt, haftet der Besteller w\u00e4hrend der ganzen Leihdauer.<\/p>\n<p><strong>Copyright<\/strong><\/p>\n<p>Das Kopieren unserer Druckerzeugnisse oder unserer Internetseiten sowie ganze oder auszugsweise Wiedergabe jeglicher Art ist nur mit schriftlicher Erlaubnis der Homeinnovations GmbH-Gesch\u00e4ftsleitung erlaubt.<\/p>\n<p><strong>Erf\u00fcllungsort, Gerichtsstand und anwendbares Recht<\/strong><\/p>\n<p>Erf\u00fcllungsort und Gerichtsstand ist Luzern. Es gilt schweizerisches Recht unter Ausschluss des Internationalen Privatrechts und des Wiener Kaufrechts.<\/p>\n","protected":false},"excerpt":{"rendered":"<p>AGB Allgemeines Diese Verkaufs- und Lieferbedingungen sind auf s\u00e4mtliche Angeboten, Lieferungen und Leistungen der Homeinnovations GmbH anwendbar. Abweichungen bed\u00fcrfen der schriftlichen Vereinbarung zwischen den Vertragsparteien. Offerten Unbefristete Angebote bleiben bis zur Auftragsbest\u00e4tigung durch Homeinnovations GmbH unverbindlich. Preise Alle Preise verstehen sich \u2013 mangels anderweitiger Vereinbarung \u2013 brutto, in Schweizer Franken. Die Mehrwertsteuer und die gesetzlich [&hellip;]<\/p>\n","protected":false},"author":1,"featured_media":0,"parent":0,"menu_order":0,"comment_status":"closed","ping_status":"closed","template":"","meta":{"footnotes":""},"yoast_head":"<!-- This site is optimized with the Yoast SEO Premium plugin v22.1 (Yoast SEO v22.5) - https:\/\/yoast.com\/wordpress\/plugins\/seo\/ -->\n<title>AGB - Homeinnovations<\/title>\n<meta name=\"robots\" content=\"index, follow, max-snippet:-1, max-image-preview:large, max-video-preview:-1\" \/>\n<link rel=\"canonical\" href=\"https:\/\/www.homeinnovations.ch\/wp\/?page_id=609\" \/>\n<meta property=\"og:locale\" content=\"de_DE\" \/>\n<meta property=\"og:type\" content=\"article\" \/>\n<meta property=\"og:title\" content=\"AGB\" \/>\n<meta property=\"og:description\" content=\"AGB Allgemeines Diese Verkaufs- und Lieferbedingungen sind auf s\u00e4mtliche Angeboten, Lieferungen und Leistungen der Homeinnovations GmbH anwendbar. Abweichungen bed\u00fcrfen der schriftlichen Vereinbarung zwischen den Vertragsparteien. Offerten Unbefristete Angebote bleiben bis zur Auftragsbest\u00e4tigung durch Homeinnovations GmbH unverbindlich. Preise Alle Preise verstehen sich \u2013 mangels anderweitiger Vereinbarung \u2013 brutto, in Schweizer Franken. Die Mehrwertsteuer und die gesetzlich [&hellip;]\" \/>\n<meta property=\"og:url\" content=\"https:\/\/www.homeinnovations.ch\/wp\/?page_id=609\" \/>\n<meta property=\"og:site_name\" content=\"Homeinnovations\" \/>\n<meta property=\"article:modified_time\" content=\"2018-10-08T01:42:04+00:00\" \/>\n<meta name=\"twitter:card\" content=\"summary_large_image\" \/>\n<meta name=\"twitter:label1\" content=\"Gesch\u00e4tzte Lesezeit\" \/>\n\t<meta name=\"twitter:data1\" content=\"3 Minuten\" \/>\n<script type=\"application\/ld+json\" class=\"yoast-schema-graph\">{\"@context\":\"https:\/\/schema.org\",\"@graph\":[{\"@type\":\"WebPage\",\"@id\":\"https:\/\/www.homeinnovations.ch\/wp\/?page_id=609\",\"url\":\"https:\/\/www.homeinnovations.ch\/wp\/?page_id=609\",\"name\":\"AGB - Homeinnovations\",\"isPartOf\":{\"@id\":\"https:\/\/www.homeinnovations.ch\/wp\/#website\"},\"datePublished\":\"2018-07-17T07:04:16+00:00\",\"dateModified\":\"2018-10-08T01:42:04+00:00\",\"breadcrumb\":{\"@id\":\"https:\/\/www.homeinnovations.ch\/wp\/?page_id=609#breadcrumb\"},\"inLanguage\":\"de-CH\",\"potentialAction\":[{\"@type\":\"ReadAction\",\"target\":[\"https:\/\/www.homeinnovations.ch\/wp\/?page_id=609\"]}]},{\"@type\":\"BreadcrumbList\",\"@id\":\"https:\/\/www.homeinnovations.ch\/wp\/?page_id=609#breadcrumb\",\"itemListElement\":[{\"@type\":\"ListItem\",\"position\":1,\"name\":\"Home\",\"item\":\"https:\/\/www.homeinnovations.ch\/wp\/\"},{\"@type\":\"ListItem\",\"position\":2,\"name\":\"AGB\"}]},{\"@type\":\"WebSite\",\"@id\":\"https:\/\/www.homeinnovations.ch\/wp\/#website\",\"url\":\"https:\/\/www.homeinnovations.ch\/wp\/\",\"name\":\"Homeinnovations.ch\",\"description\":\"innovative technik f\u00fcr ihr zuhause\",\"publisher\":{\"@id\":\"https:\/\/www.homeinnovations.ch\/wp\/#organization\"},\"potentialAction\":[{\"@type\":\"SearchAction\",\"target\":{\"@type\":\"EntryPoint\",\"urlTemplate\":\"https:\/\/www.homeinnovations.ch\/wp\/?s={search_term_string}\"},\"query-input\":\"required name=search_term_string\"}],\"inLanguage\":\"de-CH\"},{\"@type\":\"Organization\",\"@id\":\"https:\/\/www.homeinnovations.ch\/wp\/#organization\",\"name\":\"Homeinnovations GmbH\",\"url\":\"https:\/\/www.homeinnovations.ch\/wp\/\",\"logo\":{\"@type\":\"ImageObject\",\"inLanguage\":\"de-CH\",\"@id\":\"https:\/\/www.homeinnovations.ch\/wp\/#\/schema\/logo\/image\/\",\"url\":\"https:\/\/www.homeinnovations.ch\/wp\/wp-content\/uploads\/home-innovations-4f.png\",\"contentUrl\":\"https:\/\/www.homeinnovations.ch\/wp\/wp-content\/uploads\/home-innovations-4f.png\",\"width\":567,\"height\":227,\"caption\":\"Homeinnovations GmbH\"},\"image\":{\"@id\":\"https:\/\/www.homeinnovations.ch\/wp\/#\/schema\/logo\/image\/\"}}]}<\/script>\n<!-- \/ Yoast SEO Premium plugin. -->","yoast_head_json":{"title":"AGB - Homeinnovations","robots":{"index":"index","follow":"follow","max-snippet":"max-snippet:-1","max-image-preview":"max-image-preview:large","max-video-preview":"max-video-preview:-1"},"canonical":"https:\/\/www.homeinnovations.ch\/wp\/?page_id=609","og_locale":"de_DE","og_type":"article","og_title":"AGB","og_description":"AGB Allgemeines Diese Verkaufs- und Lieferbedingungen sind auf s\u00e4mtliche Angeboten, Lieferungen und Leistungen der Homeinnovations GmbH anwendbar. Abweichungen bed\u00fcrfen der schriftlichen Vereinbarung zwischen den Vertragsparteien. Offerten Unbefristete Angebote bleiben bis zur Auftragsbest\u00e4tigung durch Homeinnovations GmbH unverbindlich. Preise Alle Preise verstehen sich \u2013 mangels anderweitiger Vereinbarung \u2013 brutto, in Schweizer Franken. Die Mehrwertsteuer und die gesetzlich [&hellip;]","og_url":"https:\/\/www.homeinnovations.ch\/wp\/?page_id=609","og_site_name":"Homeinnovations","article_modified_time":"2018-10-08T01:42:04+00:00","twitter_card":"summary_large_image","twitter_misc":{"Gesch\u00e4tzte Lesezeit":"3 Minuten"},"schema":{"@context":"https:\/\/schema.org","@graph":[{"@type":"WebPage","@id":"https:\/\/www.homeinnovations.ch\/wp\/?page_id=609","url":"https:\/\/www.homeinnovations.ch\/wp\/?page_id=609","name":"AGB - Homeinnovations","isPartOf":{"@id":"https:\/\/www.homeinnovations.ch\/wp\/#website"},"datePublished":"2018-07-17T07:04:16+00:00","dateModified":"2018-10-08T01:42:04+00:00","breadcrumb":{"@id":"https:\/\/www.homeinnovations.ch\/wp\/?page_id=609#breadcrumb"},"inLanguage":"de-CH","potentialAction":[{"@type":"ReadAction","target":["https:\/\/www.homeinnovations.ch\/wp\/?page_id=609"]}]},{"@type":"BreadcrumbList","@id":"https:\/\/www.homeinnovations.ch\/wp\/?page_id=609#breadcrumb","itemListElement":[{"@type":"ListItem","position":1,"name":"Home","item":"https:\/\/www.homeinnovations.ch\/wp\/"},{"@type":"ListItem","position":2,"name":"AGB"}]},{"@type":"WebSite","@id":"https:\/\/www.homeinnovations.ch\/wp\/#website","url":"https:\/\/www.homeinnovations.ch\/wp\/","name":"Homeinnovations.ch","description":"innovative technik f\u00fcr ihr zuhause","publisher":{"@id":"https:\/\/www.homeinnovations.ch\/wp\/#organization"},"potentialAction":[{"@type":"SearchAction","target":{"@type":"EntryPoint","urlTemplate":"https:\/\/www.homeinnovations.ch\/wp\/?s={search_term_string}"},"query-input":"required name=search_term_string"}],"inLanguage":"de-CH"},{"@type":"Organization","@id":"https:\/\/www.homeinnovations.ch\/wp\/#organization","name":"Homeinnovations GmbH","url":"https:\/\/www.homeinnovations.ch\/wp\/","logo":{"@type":"ImageObject","inLanguage":"de-CH","@id":"https:\/\/www.homeinnovations.ch\/wp\/#\/schema\/logo\/image\/","url":"https:\/\/www.homeinnovations.ch\/wp\/wp-content\/uploads\/home-innovations-4f.png","contentUrl":"https:\/\/www.homeinnovations.ch\/wp\/wp-content\/uploads\/home-innovations-4f.png","width":567,"height":227,"caption":"Homeinnovations GmbH"},"image":{"@id":"https:\/\/www.homeinnovations.ch\/wp\/#\/schema\/logo\/image\/"}}]}},"_links":{"self":[{"href":"https:\/\/www.homeinnovations.ch\/wp\/index.php?rest_route=\/wp\/v2\/pages\/609"}],"collection":[{"href":"https:\/\/www.homeinnovations.ch\/wp\/index.php?rest_route=\/wp\/v2\/pages"}],"about":[{"href":"https:\/\/www.homeinnovations.ch\/wp\/index.php?rest_route=\/wp\/v2\/types\/page"}],"author":[{"embeddable":true,"href":"https:\/\/www.homeinnovations.ch\/wp\/index.php?rest_route=\/wp\/v2\/users\/1"}],"replies":[{"embeddable":true,"href":"https:\/\/www.homeinnovations.ch\/wp\/index.php?rest_route=%2Fwp%2Fv2%2Fcomments&post=609"}],"version-history":[{"count":8,"href":"https:\/\/www.homeinnovations.ch\/wp\/index.php?rest_route=\/wp\/v2\/pages\/609\/revisions"}],"predecessor-version":[{"id":656,"href":"https:\/\/www.homeinnovations.ch\/wp\/index.php?rest_route=\/wp\/v2\/pages\/609\/revisions\/656"}],"wp:attachment":[{"href":"https:\/\/www.homeinnovations.ch\/wp\/index.php?rest_route=%2Fwp%2Fv2%2Fmedia&parent=609"}],"curies":[{"name":"wp","href":"https:\/\/api.w.org\/{rel}","templated":true}]}}