{"id":103,"date":"2017-03-27T02:28:23","date_gmt":"2017-03-27T00:28:23","guid":{"rendered":"http:\/\/test.homeinnovations.ch\/wp\/?page_id=103"},"modified":"2023-09-16T11:52:41","modified_gmt":"2023-09-16T09:52:41","slug":"startseite","status":"publish","type":"page","link":"https:\/\/www.homeinnovations.ch\/wp\/","title":{"rendered":"Startseite"},"content":{"rendered":"<h3><strong>Innovative Technik mit Homeinnovations GmbH<\/strong><\/h3>\n<p>Unser Land\u00a0erf\u00e4hrt Ver\u00e4nderungen, die uns zu einem neuartigen Denken zwingen. Das Bed\u00fcrfniss in puncto Wohlf\u00fchlen, Design, Energieeffizienz und Sicherheit wird immer gr\u00f6\u00dfer. F\u00fcr unsere Kunden ist Erfolg dadurch definiert, wie gut\u00a0wir diese Herausforderungen meistern.<\/p>\n<p><strong>\u201eWir sind der bevorzugte Partner f\u00fcr innovative Produkte in Ihrem Zuhause.\u201c<\/strong><\/p>\n<p>\u00a0<\/p>\n<p>\u00a0<\/p>\n<div class=\"woocommerce columns-4\"><ul class=\"products columns-4\">\n<li class=\"product-category product first\">\n\t<a aria-label=\"Produktkategorie Badtuchw\u00e4rmer Decoro besuchen\" href=\"https:\/\/www.homeinnovations.ch\/wp\/?product_cat=badtuchwaermer-decoro\"><img decoding=\"async\" src=\"https:\/\/www.homeinnovations.ch\/wp\/wp-content\/uploads\/Decoro_Detail-mit-Badtuch-Kopie-324x182.jpg\" alt=\"Badtuchw\u00e4rmer Decoro\" width=\"324\" height=\"\" srcset=\"https:\/\/www.homeinnovations.ch\/wp\/wp-content\/uploads\/Decoro_Detail-mit-Badtuch-Kopie-324x182.jpg 324w, https:\/\/www.homeinnovations.ch\/wp\/wp-content\/uploads\/Decoro_Detail-mit-Badtuch-Kopie-150x84.jpg 150w, https:\/\/www.homeinnovations.ch\/wp\/wp-content\/uploads\/Decoro_Detail-mit-Badtuch-Kopie-300x169.jpg 300w, https:\/\/www.homeinnovations.ch\/wp\/wp-content\/uploads\/Decoro_Detail-mit-Badtuch-Kopie-768x432.jpg 768w, https:\/\/www.homeinnovations.ch\/wp\/wp-content\/uploads\/Decoro_Detail-mit-Badtuch-Kopie-1024x577.jpg 1024w, https:\/\/www.homeinnovations.ch\/wp\/wp-content\/uploads\/Decoro_Detail-mit-Badtuch-Kopie-416x234.jpg 416w, https:\/\/www.homeinnovations.ch\/wp\/wp-content\/uploads\/Decoro_Detail-mit-Badtuch-Kopie.jpg 1600w\" sizes=\"(max-width: 324px) 100vw, 324px\" \/>\t\t<h2 class=\"woocommerce-loop-category__title\">\n\t\t\tBadtuchw\u00e4rmer Decoro <mark class=\"count\">(4)<\/mark>\t\t<\/h2>\n\t\t<\/a><\/li>\n<li class=\"product-category product\">\n\t<a aria-label=\"Produktkategorie Badtuchw\u00e4rmer Elemento besuchen\" href=\"https:\/\/www.homeinnovations.ch\/wp\/?product_cat=badtuchwaermer-elemento\"><img decoding=\"async\" src=\"https:\/\/www.homeinnovations.ch\/wp\/wp-content\/uploads\/elemento_schwarz_mit-324x182.jpg\" alt=\"Badtuchw\u00e4rmer Elemento\" width=\"324\" height=\"\" srcset=\"https:\/\/www.homeinnovations.ch\/wp\/wp-content\/uploads\/elemento_schwarz_mit-324x182.jpg 324w, https:\/\/www.homeinnovations.ch\/wp\/wp-content\/uploads\/elemento_schwarz_mit-150x84.jpg 150w, https:\/\/www.homeinnovations.ch\/wp\/wp-content\/uploads\/elemento_schwarz_mit-300x169.jpg 300w, https:\/\/www.homeinnovations.ch\/wp\/wp-content\/uploads\/elemento_schwarz_mit-768x432.jpg 768w, https:\/\/www.homeinnovations.ch\/wp\/wp-content\/uploads\/elemento_schwarz_mit-1024x576.jpg 1024w, https:\/\/www.homeinnovations.ch\/wp\/wp-content\/uploads\/elemento_schwarz_mit-416x234.jpg 416w\" sizes=\"(max-width: 324px) 100vw, 324px\" \/>\t\t<h2 class=\"woocommerce-loop-category__title\">\n\t\t\tBadtuchw\u00e4rmer Elemento <mark class=\"count\">(2)<\/mark>\t\t<\/h2>\n\t\t<\/a><\/li>\n<li class=\"product-category product\">\n\t<a aria-label=\"Produktkategorie Corian Aufsatzbecken besuchen\" href=\"https:\/\/www.homeinnovations.ch\/wp\/?product_cat=corian-aufsatzbecken-2\"><img decoding=\"async\" src=\"https:\/\/www.homeinnovations.ch\/wp\/wp-content\/uploads\/wing-01.jpg\" alt=\"Corian Aufsatzbecken\" width=\"324\" height=\"\" srcset=\"https:\/\/www.homeinnovations.ch\/wp\/wp-content\/uploads\/wing-01.jpg 824w, https:\/\/www.homeinnovations.ch\/wp\/wp-content\/uploads\/wing-01-150x76.jpg 150w, https:\/\/www.homeinnovations.ch\/wp\/wp-content\/uploads\/wing-01-300x151.jpg 300w, https:\/\/www.homeinnovations.ch\/wp\/wp-content\/uploads\/wing-01-768x388.jpg 768w, https:\/\/www.homeinnovations.ch\/wp\/wp-content\/uploads\/wing-01-78x39.jpg 78w, https:\/\/www.homeinnovations.ch\/wp\/wp-content\/uploads\/wing-01-348x176.jpg 348w, https:\/\/www.homeinnovations.ch\/wp\/wp-content\/uploads\/wing-01-568x287.jpg 568w\" sizes=\"(max-width: 324px) 100vw, 324px\" \/>\t\t<h2 class=\"woocommerce-loop-category__title\">\n\t\t\tCorian Aufsatzbecken <mark class=\"count\">(28)<\/mark>\t\t<\/h2>\n\t\t<\/a><\/li>\n<li class=\"product-category product last\">\n\t<a aria-label=\"Produktkategorie Corian M\u00f6bel besuchen\" href=\"https:\/\/www.homeinnovations.ch\/wp\/?product_cat=corian-moebel\"><img decoding=\"async\" src=\"https:\/\/www.homeinnovations.ch\/wp\/wp-content\/uploads\/infinity-2-01-324x164.jpg\" alt=\"Corian M\u00f6bel\" width=\"324\" height=\"\" srcset=\"https:\/\/www.homeinnovations.ch\/wp\/wp-content\/uploads\/infinity-2-01-324x164.jpg 324w, https:\/\/www.homeinnovations.ch\/wp\/wp-content\/uploads\/infinity-2-01-150x76.jpg 150w, https:\/\/www.homeinnovations.ch\/wp\/wp-content\/uploads\/infinity-2-01-300x151.jpg 300w, https:\/\/www.homeinnovations.ch\/wp\/wp-content\/uploads\/infinity-2-01-768x388.jpg 768w, https:\/\/www.homeinnovations.ch\/wp\/wp-content\/uploads\/infinity-2-01-416x210.jpg 416w, https:\/\/www.homeinnovations.ch\/wp\/wp-content\/uploads\/infinity-2-01.jpg 824w\" sizes=\"(max-width: 324px) 100vw, 324px\" \/>\t\t<h2 class=\"woocommerce-loop-category__title\">\n\t\t\tCorian M\u00f6bel <mark class=\"count\">(6)<\/mark>\t\t<\/h2>\n\t\t<\/a><\/li>\n<li class=\"product-category product first\">\n\t<a aria-label=\"Produktkategorie Corian Waschtische besuchen\" href=\"https:\/\/www.homeinnovations.ch\/wp\/?product_cat=corian-waschtische\"><img decoding=\"async\" src=\"https:\/\/www.homeinnovations.ch\/wp\/wp-content\/uploads\/zone-01.jpg\" alt=\"Corian Waschtische\" width=\"324\" height=\"\" srcset=\"https:\/\/www.homeinnovations.ch\/wp\/wp-content\/uploads\/zone-01.jpg 824w, https:\/\/www.homeinnovations.ch\/wp\/wp-content\/uploads\/zone-01-150x76.jpg 150w, https:\/\/www.homeinnovations.ch\/wp\/wp-content\/uploads\/zone-01-300x151.jpg 300w, https:\/\/www.homeinnovations.ch\/wp\/wp-content\/uploads\/zone-01-768x388.jpg 768w, https:\/\/www.homeinnovations.ch\/wp\/wp-content\/uploads\/zone-01-78x39.jpg 78w, https:\/\/www.homeinnovations.ch\/wp\/wp-content\/uploads\/zone-01-348x176.jpg 348w, https:\/\/www.homeinnovations.ch\/wp\/wp-content\/uploads\/zone-01-568x287.jpg 568w\" sizes=\"(max-width: 324px) 100vw, 324px\" \/>\t\t<h2 class=\"woocommerce-loop-category__title\">\n\t\t\tCorian Waschtische <mark class=\"count\">(8)<\/mark>\t\t<\/h2>\n\t\t<\/a><\/li>\n<li class=\"product-category product\">\n\t<a aria-label=\"Produktkategorie Deckenventilator besuchen\" href=\"https:\/\/www.homeinnovations.ch\/wp\/?product_cat=deckenventilator\"><img decoding=\"async\" src=\"https:\/\/www.homeinnovations.ch\/wp\/wp-content\/uploads\/318015_CASAFAN_ECO_GENUINO_BN_180_NB_FLUEGEL_NUSSBAUM_200x200.jpg\" alt=\"Deckenventilator\" width=\"324\" height=\"\" srcset=\"https:\/\/www.homeinnovations.ch\/wp\/wp-content\/uploads\/318015_CASAFAN_ECO_GENUINO_BN_180_NB_FLUEGEL_NUSSBAUM_200x200.jpg 200w, https:\/\/www.homeinnovations.ch\/wp\/wp-content\/uploads\/318015_CASAFAN_ECO_GENUINO_BN_180_NB_FLUEGEL_NUSSBAUM_200x200-150x67.jpg 150w\" sizes=\"(max-width: 200px) 100vw, 200px\" \/>\t\t<h2 class=\"woocommerce-loop-category__title\">\n\t\t\tDeckenventilator <mark class=\"count\">(4)<\/mark>\t\t<\/h2>\n\t\t<\/a><\/li>\n<li class=\"product-category product\">\n\t<a aria-label=\"Produktkategorie Funk-Alarmanlage besuchen\" href=\"https:\/\/www.homeinnovations.ch\/wp\/?product_cat=alarmanlagen\"><img decoding=\"async\" src=\"https:\/\/www.homeinnovations.ch\/wp\/wp-content\/uploads\/vanderbilt_uebersicht-e1526321816913-324x373-Kopie-1.png\" alt=\"Funk-Alarmanlage\" width=\"324\" height=\"\" srcset=\"https:\/\/www.homeinnovations.ch\/wp\/wp-content\/uploads\/vanderbilt_uebersicht-e1526321816913-324x373-Kopie-1.png 323w, https:\/\/www.homeinnovations.ch\/wp\/wp-content\/uploads\/vanderbilt_uebersicht-e1526321816913-324x373-Kopie-1-150x85.png 150w, https:\/\/www.homeinnovations.ch\/wp\/wp-content\/uploads\/vanderbilt_uebersicht-e1526321816913-324x373-Kopie-1-300x169.png 300w\" sizes=\"(max-width: 323px) 100vw, 323px\" \/>\t\t<h2 class=\"woocommerce-loop-category__title\">\n\t\t\tFunk-Alarmanlage <mark class=\"count\">(9)<\/mark>\t\t<\/h2>\n\t\t<\/a><\/li>\n<li class=\"product-category product last\">\n\t<a aria-label=\"Produktkategorie LED Leuchten besuchen\" href=\"https:\/\/www.homeinnovations.ch\/wp\/?product_cat=led-leuchten\"><img decoding=\"async\" src=\"https:\/\/www.homeinnovations.ch\/wp\/wp-content\/uploads\/P-01-E-Detail-1-67a429b3.jpg\" alt=\"LED Leuchten\" width=\"324\" height=\"\" srcset=\"https:\/\/www.homeinnovations.ch\/wp\/wp-content\/uploads\/P-01-E-Detail-1-67a429b3.jpg 309w, https:\/\/www.homeinnovations.ch\/wp\/wp-content\/uploads\/P-01-E-Detail-1-67a429b3-150x84.jpg 150w, https:\/\/www.homeinnovations.ch\/wp\/wp-content\/uploads\/P-01-E-Detail-1-67a429b3-300x168.jpg 300w\" sizes=\"(max-width: 309px) 100vw, 309px\" \/>\t\t<h2 class=\"woocommerce-loop-category__title\">\n\t\t\tLED Leuchten <mark class=\"count\">(5)<\/mark>\t\t<\/h2>\n\t\t<\/a><\/li>\n<li class=\"product-category product first\">\n\t<a aria-label=\"Produktkategorie LED Spot Lampen besuchen\" href=\"https:\/\/www.homeinnovations.ch\/wp\/?product_cat=led-spot-lampen\"><img decoding=\"async\" src=\"https:\/\/www.homeinnovations.ch\/wp\/wp-content\/uploads\/6W-MR16-LED-Spot-dimmbar-30-Abstrahlwinkel-Lichtfarbe-warmweiss-2700K_b2-1.jpg\" alt=\"LED Spot Lampen\" width=\"324\" height=\"\" srcset=\"https:\/\/www.homeinnovations.ch\/wp\/wp-content\/uploads\/6W-MR16-LED-Spot-dimmbar-30-Abstrahlwinkel-Lichtfarbe-warmweiss-2700K_b2-1.jpg 320w, https:\/\/www.homeinnovations.ch\/wp\/wp-content\/uploads\/6W-MR16-LED-Spot-dimmbar-30-Abstrahlwinkel-Lichtfarbe-warmweiss-2700K_b2-1-150x84.jpg 150w, https:\/\/www.homeinnovations.ch\/wp\/wp-content\/uploads\/6W-MR16-LED-Spot-dimmbar-30-Abstrahlwinkel-Lichtfarbe-warmweiss-2700K_b2-1-300x169.jpg 300w\" sizes=\"(max-width: 320px) 100vw, 320px\" \/>\t\t<h2 class=\"woocommerce-loop-category__title\">\n\t\t\tLED Spot Lampen <mark class=\"count\">(8)<\/mark>\t\t<\/h2>\n\t\t<\/a><\/li>\n<li class=\"product-category product\">\n\t<a aria-label=\"Produktkategorie Luftreinigung durch Ionisation besuchen\" href=\"https:\/\/www.homeinnovations.ch\/wp\/?product_cat=luftreinigung-durch-ionisation\"><img decoding=\"async\" src=\"https:\/\/www.homeinnovations.ch\/wp\/wp-content\/uploads\/Pyramiden-324x152.jpg\" alt=\"Luftreinigung durch Ionisation\" width=\"324\" height=\"\" srcset=\"https:\/\/www.homeinnovations.ch\/wp\/wp-content\/uploads\/Pyramiden-324x152.jpg 324w, https:\/\/www.homeinnovations.ch\/wp\/wp-content\/uploads\/Pyramiden-150x70.jpg 150w, https:\/\/www.homeinnovations.ch\/wp\/wp-content\/uploads\/Pyramiden-300x141.jpg 300w, https:\/\/www.homeinnovations.ch\/wp\/wp-content\/uploads\/Pyramiden-768x360.jpg 768w, https:\/\/www.homeinnovations.ch\/wp\/wp-content\/uploads\/Pyramiden-1024x480.jpg 1024w, https:\/\/www.homeinnovations.ch\/wp\/wp-content\/uploads\/Pyramiden-416x195.jpg 416w, https:\/\/www.homeinnovations.ch\/wp\/wp-content\/uploads\/Pyramiden.jpg 1200w\" sizes=\"(max-width: 324px) 100vw, 324px\" \/>\t\t<h2 class=\"woocommerce-loop-category__title\">\n\t\t\tLuftreinigung durch Ionisation <mark class=\"count\">(4)<\/mark>\t\t<\/h2>\n\t\t<\/a><\/li>\n<\/ul>\n<\/div>\n","protected":false},"excerpt":{"rendered":"<p>Innovative Technik mit Homeinnovations GmbH Unser Land\u00a0erf\u00e4hrt Ver\u00e4nderungen, die uns zu einem neuartigen Denken zwingen. Das Bed\u00fcrfniss in puncto Wohlf\u00fchlen, Design, Energieeffizienz und Sicherheit wird immer gr\u00f6\u00dfer. F\u00fcr unsere Kunden ist Erfolg dadurch definiert, wie gut\u00a0wir diese Herausforderungen meistern. \u201eWir sind der bevorzugte Partner f\u00fcr innovative Produkte in Ihrem Zuhause.\u201c \u00a0 \u00a0<\/p>\n","protected":false},"author":1,"featured_media":0,"parent":0,"menu_order":0,"comment_status":"closed","ping_status":"closed","template":"","meta":{"footnotes":""},"yoast_head":"<!-- This site is optimized with the Yoast SEO Premium plugin v22.1 (Yoast SEO v22.5) - https:\/\/yoast.com\/wordpress\/plugins\/seo\/ -->\n<title>Startseite - Homeinnovations<\/title>\n<meta name=\"robots\" content=\"index, follow, max-snippet:-1, max-image-preview:large, max-video-preview:-1\" \/>\n<link rel=\"canonical\" href=\"https:\/\/www.homeinnovations.ch\/wp\/\" \/>\n<meta property=\"og:locale\" content=\"de_DE\" \/>\n<meta property=\"og:type\" content=\"article\" \/>\n<meta property=\"og:title\" content=\"Startseite\" \/>\n<meta property=\"og:description\" content=\"Innovative Technik mit Homeinnovations GmbH Unser Land\u00a0erf\u00e4hrt Ver\u00e4nderungen, die uns zu einem neuartigen Denken zwingen. Das Bed\u00fcrfniss in puncto Wohlf\u00fchlen, Design, Energieeffizienz und Sicherheit wird immer gr\u00f6\u00dfer. F\u00fcr unsere Kunden ist Erfolg dadurch definiert, wie gut\u00a0wir diese Herausforderungen meistern. \u201eWir sind der bevorzugte Partner f\u00fcr innovative Produkte in Ihrem Zuhause.\u201c \u00a0 \u00a0\" \/>\n<meta property=\"og:url\" content=\"https:\/\/www.homeinnovations.ch\/wp\/\" \/>\n<meta property=\"og:site_name\" content=\"Homeinnovations\" \/>\n<meta property=\"article:modified_time\" content=\"2023-09-16T09:52:41+00:00\" \/>\n<meta name=\"twitter:card\" content=\"summary_large_image\" \/>\n<meta name=\"twitter:label1\" content=\"Gesch\u00e4tzte Lesezeit\" \/>\n\t<meta name=\"twitter:data1\" content=\"1 Minute\" \/>\n<script type=\"application\/ld+json\" class=\"yoast-schema-graph\">{\"@context\":\"https:\/\/schema.org\",\"@graph\":[{\"@type\":\"WebPage\",\"@id\":\"https:\/\/www.homeinnovations.ch\/wp\/\",\"url\":\"https:\/\/www.homeinnovations.ch\/wp\/\",\"name\":\"Startseite - Homeinnovations\",\"isPartOf\":{\"@id\":\"https:\/\/www.homeinnovations.ch\/wp\/#website\"},\"datePublished\":\"2017-03-27T00:28:23+00:00\",\"dateModified\":\"2023-09-16T09:52:41+00:00\",\"breadcrumb\":{\"@id\":\"https:\/\/www.homeinnovations.ch\/wp\/#breadcrumb\"},\"inLanguage\":\"de-CH\",\"potentialAction\":[{\"@type\":\"ReadAction\",\"target\":[\"https:\/\/www.homeinnovations.ch\/wp\/\"]}]},{\"@type\":\"BreadcrumbList\",\"@id\":\"https:\/\/www.homeinnovations.ch\/wp\/#breadcrumb\",\"itemListElement\":[{\"@type\":\"ListItem\",\"position\":1,\"name\":\"Home\",\"item\":\"https:\/\/www.homeinnovations.ch\/wp\/\"},{\"@type\":\"ListItem\",\"position\":2,\"name\":\"Startseite\"}]},{\"@type\":\"WebSite\",\"@id\":\"https:\/\/www.homeinnovations.ch\/wp\/#website\",\"url\":\"https:\/\/www.homeinnovations.ch\/wp\/\",\"name\":\"Homeinnovations.ch\",\"description\":\"innovative technik f\u00fcr ihr zuhause\",\"publisher\":{\"@id\":\"https:\/\/www.homeinnovations.ch\/wp\/#organization\"},\"potentialAction\":[{\"@type\":\"SearchAction\",\"target\":{\"@type\":\"EntryPoint\",\"urlTemplate\":\"https:\/\/www.homeinnovations.ch\/wp\/?s={search_term_string}\"},\"query-input\":\"required name=search_term_string\"}],\"inLanguage\":\"de-CH\"},{\"@type\":\"Organization\",\"@id\":\"https:\/\/www.homeinnovations.ch\/wp\/#organization\",\"name\":\"Homeinnovations GmbH\",\"url\":\"https:\/\/www.homeinnovations.ch\/wp\/\",\"logo\":{\"@type\":\"ImageObject\",\"inLanguage\":\"de-CH\",\"@id\":\"https:\/\/www.homeinnovations.ch\/wp\/#\/schema\/logo\/image\/\",\"url\":\"https:\/\/www.homeinnovations.ch\/wp\/wp-content\/uploads\/home-innovations-4f.png\",\"contentUrl\":\"https:\/\/www.homeinnovations.ch\/wp\/wp-content\/uploads\/home-innovations-4f.png\",\"width\":567,\"height\":227,\"caption\":\"Homeinnovations GmbH\"},\"image\":{\"@id\":\"https:\/\/www.homeinnovations.ch\/wp\/#\/schema\/logo\/image\/\"}}]}<\/script>\n<!-- \/ Yoast SEO Premium plugin. -->","yoast_head_json":{"title":"Startseite - Homeinnovations","robots":{"index":"index","follow":"follow","max-snippet":"max-snippet:-1","max-image-preview":"max-image-preview:large","max-video-preview":"max-video-preview:-1"},"canonical":"https:\/\/www.homeinnovations.ch\/wp\/","og_locale":"de_DE","og_type":"article","og_title":"Startseite","og_description":"Innovative Technik mit Homeinnovations GmbH Unser Land\u00a0erf\u00e4hrt Ver\u00e4nderungen, die uns zu einem neuartigen Denken zwingen. Das Bed\u00fcrfniss in puncto Wohlf\u00fchlen, Design, Energieeffizienz und Sicherheit wird immer gr\u00f6\u00dfer. F\u00fcr unsere Kunden ist Erfolg dadurch definiert, wie gut\u00a0wir diese Herausforderungen meistern. \u201eWir sind der bevorzugte Partner f\u00fcr innovative Produkte in Ihrem Zuhause.\u201c \u00a0 \u00a0","og_url":"https:\/\/www.homeinnovations.ch\/wp\/","og_site_name":"Homeinnovations","article_modified_time":"2023-09-16T09:52:41+00:00","twitter_card":"summary_large_image","twitter_misc":{"Gesch\u00e4tzte Lesezeit":"1 Minute"},"schema":{"@context":"https:\/\/schema.org","@graph":[{"@type":"WebPage","@id":"https:\/\/www.homeinnovations.ch\/wp\/","url":"https:\/\/www.homeinnovations.ch\/wp\/","name":"Startseite - Homeinnovations","isPartOf":{"@id":"https:\/\/www.homeinnovations.ch\/wp\/#website"},"datePublished":"2017-03-27T00:28:23+00:00","dateModified":"2023-09-16T09:52:41+00:00","breadcrumb":{"@id":"https:\/\/www.homeinnovations.ch\/wp\/#breadcrumb"},"inLanguage":"de-CH","potentialAction":[{"@type":"ReadAction","target":["https:\/\/www.homeinnovations.ch\/wp\/"]}]},{"@type":"BreadcrumbList","@id":"https:\/\/www.homeinnovations.ch\/wp\/#breadcrumb","itemListElement":[{"@type":"ListItem","position":1,"name":"Home","item":"https:\/\/www.homeinnovations.ch\/wp\/"},{"@type":"ListItem","position":2,"name":"Startseite"}]},{"@type":"WebSite","@id":"https:\/\/www.homeinnovations.ch\/wp\/#website","url":"https:\/\/www.homeinnovations.ch\/wp\/","name":"Homeinnovations.ch","description":"innovative technik f\u00fcr ihr zuhause","publisher":{"@id":"https:\/\/www.homeinnovations.ch\/wp\/#organization"},"potentialAction":[{"@type":"SearchAction","target":{"@type":"EntryPoint","urlTemplate":"https:\/\/www.homeinnovations.ch\/wp\/?s={search_term_string}"},"query-input":"required name=search_term_string"}],"inLanguage":"de-CH"},{"@type":"Organization","@id":"https:\/\/www.homeinnovations.ch\/wp\/#organization","name":"Homeinnovations GmbH","url":"https:\/\/www.homeinnovations.ch\/wp\/","logo":{"@type":"ImageObject","inLanguage":"de-CH","@id":"https:\/\/www.homeinnovations.ch\/wp\/#\/schema\/logo\/image\/","url":"https:\/\/www.homeinnovations.ch\/wp\/wp-content\/uploads\/home-innovations-4f.png","contentUrl":"https:\/\/www.homeinnovations.ch\/wp\/wp-content\/uploads\/home-innovations-4f.png","width":567,"height":227,"caption":"Homeinnovations GmbH"},"image":{"@id":"https:\/\/www.homeinnovations.ch\/wp\/#\/schema\/logo\/image\/"}}]}},"_links":{"self":[{"href":"https:\/\/www.homeinnovations.ch\/wp\/index.php?rest_route=\/wp\/v2\/pages\/103"}],"collection":[{"href":"https:\/\/www.homeinnovations.ch\/wp\/index.php?rest_route=\/wp\/v2\/pages"}],"about":[{"href":"https:\/\/www.homeinnovations.ch\/wp\/index.php?rest_route=\/wp\/v2\/types\/page"}],"author":[{"embeddable":true,"href":"https:\/\/www.homeinnovations.ch\/wp\/index.php?rest_route=\/wp\/v2\/users\/1"}],"replies":[{"embeddable":true,"href":"https:\/\/www.homeinnovations.ch\/wp\/index.php?rest_route=%2Fwp%2Fv2%2Fcomments&post=103"}],"version-history":[{"count":16,"href":"https:\/\/www.homeinnovations.ch\/wp\/index.php?rest_route=\/wp\/v2\/pages\/103\/revisions"}],"predecessor-version":[{"id":1447,"href":"https:\/\/www.homeinnovations.ch\/wp\/index.php?rest_route=\/wp\/v2\/pages\/103\/revisions\/1447"}],"wp:attachment":[{"href":"https:\/\/www.homeinnovations.ch\/wp\/index.php?rest_route=%2Fwp%2Fv2%2Fmedia&parent=103"}],"curies":[{"name":"wp","href":"https:\/\/api.w.org\/{rel}","templated":true}]}}